{"id":20682,"date":"2024-09-19T07:21:14","date_gmt":"2024-09-19T11:21:14","guid":{"rendered":"https:\/\/www.cupssupplier.com\/product\/500ml-water-thermos-for-outdoor\/"},"modified":"2025-05-29T02:01:12","modified_gmt":"2025-05-29T06:01:12","slug":"500ml-water-thermos-for-outdoor","status":"publish","type":"product","link":"https:\/\/www.cupssupplier.com\/es\/500ml-water-thermos-for-outdoor\/","title":{"rendered":"Termo de Agua de 500ml para Exterior"},"content":{"rendered":"<div class=\"flex-1 overflow-hidden @container\/thread\">\n<div class=\"h-full\">\n<div class=\"react-scroll-to-bottom--css-datha-79elbk h-full\">\n<div class=\"react-scroll-to-bottom--css-datha-1n7m0yu\">\n<div class=\"flex flex-col text-sm md:pb-9\">\n<article class=\"w-full scroll-mb-[var(--thread-trailing-height,150px)] text-token-text-primary focus-visible:outline-2 focus-visible:outline-offset-[-4px]\" dir=\"auto\" data-testid=\"conversation-turn-29\" data-scroll-anchor=\"true\">\n<div class=\"m-auto text-base py-[18px] px-3 md:px-4 w-full md:px-5 lg:px-4 xl:px-5\">\n<div class=\"mx-auto flex flex-1 gap-4 text-base md:gap-5 lg:gap-6 md:max-w-3xl lg:max-w-[40rem] xl:max-w-[48rem]\">\n<div class=\"group\/conversation-turn relative flex w-full min-w-0 flex-col agent-turn\">\n<div class=\"flex-col gap-1 md:gap-3\">\n<div class=\"flex max-w-full flex-col flex-grow\">\n<div class=\"min-h-8 text-message flex w-full flex-col items-end gap-2 whitespace-normal break-words text-start [.text-message+&amp;]:mt-5\" dir=\"auto\" data-message-author-role=\"assistant\" data-message-id=\"8c01a3e2-6bac-4eae-ab3a-c8296d634b63\" data-message-model-slug=\"gpt-4o\">\n<div class=\"flex w-full flex-col gap-1 empty:hidden first:pt-[3px]\">\n<div class=\"markdown prose w-full break-words dark:prose-invert light\">\n<p class=\"\" data-start=\"7998\" data-end=\"8069\"><strong data-start=\"7998\" data-end=\"8069\">Termo de Agua de 500ml para Exterior \u2013 Botella Aislada y Resistente<\/strong><\/p>\n<p class=\"\" data-start=\"8071\" data-end=\"8206\">Prep\u00e1rate para tu pr\u00f3xima aventura con el Termo de Agua de 500ml para actividades al aire libre. Este termo de alto rendimiento ofrece:<\/p>\n<ul data-start=\"8208\" data-end=\"8722\">\n<li class=\"\" data-start=\"8208\" data-end=\"8311\">\n<p class=\"\" data-start=\"8210\" data-end=\"8311\"><strong data-start=\"8210\" data-end=\"8238\">Retenci\u00f3n de temperatura<\/strong>: Mantiene las bebidas calientes hasta 12 horas o fr\u00edas hasta 24 horas.<\/p>\n<\/li>\n<li class=\"\" data-start=\"8312\" data-end=\"8434\">\n<p class=\"\" data-start=\"8314\" data-end=\"8434\"><strong data-start=\"8314\" data-end=\"8353\">Dise\u00f1o duradero de acero inoxidable<\/strong>: Fabricado con materiales de primera calidad, sin BPA, para un uso prolongado.<\/p>\n<\/li>\n<li class=\"\" data-start=\"8435\" data-end=\"8543\">\n<p class=\"\" data-start=\"8437\" data-end=\"8543\"><strong data-start=\"8437\" data-end=\"8458\">Compacto y ligero<\/strong>: Su capacidad de 500ml es perfecta para viajes, camping, senderismo o el gimnasio.<\/p>\n<\/li>\n<li class=\"\" data-start=\"8544\" data-end=\"8633\">\n<p class=\"\" data-start=\"8546\" data-end=\"8633\"><strong data-start=\"8546\" data-end=\"8572\">Tapa a prueba de fugas<\/strong>: Garantiza un almacenamiento seguro incluso en movimiento.<\/p>\n<\/li>\n<li class=\"\" data-start=\"8634\" data-end=\"8722\">\n<p class=\"\" data-start=\"8636\" data-end=\"8722\"><strong data-start=\"8636\" data-end=\"8664\">Ecol\u00f3gico y reutilizable<\/strong>: Una alternativa sostenible a las botellas desechables.<\/p>\n<\/li>\n<\/ul>\n<p class=\"\" data-start=\"8724\" data-end=\"8868\">Ya sea que vayas a la monta\u00f1a o a la oficina, el Termo de Agua de 500ml es una soluci\u00f3n fiable, con estilo y pr\u00e1ctica para mantenerte hidratado.<\/p>\n<\/div>\n<p><img loading=\"lazy\" decoding=\"async\" class=\"aligncenter wp-image-1505 size-full\" src=\"https:\/\/www.cupssupplier.com\/wp-content\/uploads\/2024\/09\/11.webp\" alt=\"500ml water thermos for outdoor\" width=\"750\" height=\"602\" srcset=\"https:\/\/www.cupssupplier.com\/wp-content\/uploads\/2024\/09\/11.webp 750w, https:\/\/www.cupssupplier.com\/wp-content\/uploads\/2024\/09\/11-300x241.webp 300w, https:\/\/www.cupssupplier.com\/wp-content\/uploads\/2024\/09\/11-600x482.webp 600w, https:\/\/www.cupssupplier.com\/wp-content\/uploads\/2024\/09\/11-15x12.webp 15w\" sizes=\"auto, (max-width: 750px) 100vw, 750px\" title=\"\"> <img loading=\"lazy\" decoding=\"async\" class=\"aligncenter wp-image-1504 size-full\" src=\"https:\/\/www.cupssupplier.com\/wp-content\/uploads\/2024\/09\/10.webp\" alt=\"500ml water thermos for outdoor\" width=\"750\" height=\"602\" srcset=\"https:\/\/www.cupssupplier.com\/wp-content\/uploads\/2024\/09\/10.webp 750w, https:\/\/www.cupssupplier.com\/wp-content\/uploads\/2024\/09\/10-300x241.webp 300w, https:\/\/www.cupssupplier.com\/wp-content\/uploads\/2024\/09\/10-600x482.webp 600w, https:\/\/www.cupssupplier.com\/wp-content\/uploads\/2024\/09\/10-15x12.webp 15w\" sizes=\"auto, (max-width: 750px) 100vw, 750px\" title=\"\"> <img loading=\"lazy\" decoding=\"async\" class=\"aligncenter wp-image-1503 size-full\" src=\"https:\/\/www.cupssupplier.com\/wp-content\/uploads\/2024\/09\/9.webp\" alt=\"500ml water thermos for outdoor\" width=\"750\" height=\"602\" srcset=\"https:\/\/www.cupssupplier.com\/wp-content\/uploads\/2024\/09\/9.webp 750w, https:\/\/www.cupssupplier.com\/wp-content\/uploads\/2024\/09\/9-300x241.png 300w, https:\/\/www.cupssupplier.com\/wp-content\/uploads\/2024\/09\/9-600x482.png 600w, https:\/\/www.cupssupplier.com\/wp-content\/uploads\/2024\/09\/9-15x12.png 15w\" sizes=\"auto, (max-width: 750px) 100vw, 750px\" title=\"\"> <img loading=\"lazy\" decoding=\"async\" class=\"aligncenter wp-image-1502 size-full\" src=\"https:\/\/www.cupssupplier.com\/wp-content\/uploads\/2024\/09\/8.webp\" alt=\"500ml water thermos for outdoor\" width=\"750\" height=\"602\" srcset=\"https:\/\/www.cupssupplier.com\/wp-content\/uploads\/2024\/09\/8.webp 750w, https:\/\/www.cupssupplier.com\/wp-content\/uploads\/2024\/09\/8-300x241.webp 300w, https:\/\/www.cupssupplier.com\/wp-content\/uploads\/2024\/09\/8-600x482.webp 600w, https:\/\/www.cupssupplier.com\/wp-content\/uploads\/2024\/09\/8-15x12.webp 15w\" sizes=\"auto, (max-width: 750px) 100vw, 750px\" title=\"\"> <img loading=\"lazy\" decoding=\"async\" class=\"aligncenter wp-image-1501 size-full\" src=\"https:\/\/www.cupssupplier.com\/wp-content\/uploads\/2024\/09\/7-1.webp\" alt=\"500ml water thermos for outdoor\" width=\"750\" height=\"602\" srcset=\"https:\/\/www.cupssupplier.com\/wp-content\/uploads\/2024\/09\/7-1.webp 750w, https:\/\/www.cupssupplier.com\/wp-content\/uploads\/2024\/09\/7-1-300x241.webp 300w, https:\/\/www.cupssupplier.com\/wp-content\/uploads\/2024\/09\/7-1-600x482.webp 600w, https:\/\/www.cupssupplier.com\/wp-content\/uploads\/2024\/09\/7-1-15x12.webp 15w\" sizes=\"auto, (max-width: 750px) 100vw, 750px\" title=\"\"> <img loading=\"lazy\" decoding=\"async\" class=\"aligncenter wp-image-1499 size-full\" src=\"https:\/\/www.cupssupplier.com\/wp-content\/uploads\/2024\/09\/5-3-e1735783276524.webp\" alt=\"500ml water thermos for outdoor\" width=\"740\" height=\"602\" srcset=\"https:\/\/www.cupssupplier.com\/wp-content\/uploads\/2024\/09\/5-3-e1735783276524.webp 740w, https:\/\/www.cupssupplier.com\/wp-content\/uploads\/2024\/09\/5-3-e1735783276524-300x244.webp 300w, https:\/\/www.cupssupplier.com\/wp-content\/uploads\/2024\/09\/5-3-e1735783276524-600x488.webp 600w\" sizes=\"auto, (max-width: 740px) 100vw, 740px\" title=\"\"><\/p>\n<\/div>\n<\/div>\n<\/div>\n<\/div>\n<\/div>\n<\/div>\n<\/div>\n<\/article>\n<\/div>\n<\/div>\n<\/div>\n<\/div>\n<\/div>\n","protected":false},"excerpt":{"rendered":"<p class=\"\" data-start=\"8870\" data-end=\"9152\"><strong data-start=\"8870\" data-end=\"9152\">Mantente hidratado en tus aventuras con nuestro Termo de Agua de 500ml para uso exterior. Dise\u00f1ado para ser duradero y port\u00e1til, mantiene tus bebidas calientes o fr\u00edas durante horas. Perfecto para camping, senderismo o desplazamientos diarios \u2013 tu compa\u00f1ero ideal al aire libre.<\/strong><\/p>\n<p class=\"\" data-start=\"9154\" data-end=\"9424\">\n","protected":false},"featured_media":3397,"template":"","meta":{"om_disable_all_campaigns":false},"product_brand":[],"product_cat":[324],"product_tag":[],"class_list":{"0":"post-20682","1":"product","2":"type-product","3":"status-publish","4":"has-post-thumbnail","6":"product_cat-botella-de-agua-de-acero-inoxidable","8":"first","9":"instock","10":"shipping-taxable","11":"product-type-simple"},"_links":{"self":[{"href":"https:\/\/www.cupssupplier.com\/es\/wp-json\/wp\/v2\/product\/20682","targetHints":{"allow":["GET"]}}],"collection":[{"href":"https:\/\/www.cupssupplier.com\/es\/wp-json\/wp\/v2\/product"}],"about":[{"href":"https:\/\/www.cupssupplier.com\/es\/wp-json\/wp\/v2\/types\/product"}],"wp:featuredmedia":[{"embeddable":true,"href":"https:\/\/www.cupssupplier.com\/es\/wp-json\/wp\/v2\/media\/3397"}],"wp:attachment":[{"href":"https:\/\/www.cupssupplier.com\/es\/wp-json\/wp\/v2\/media?parent=20682"}],"wp:term":[{"taxonomy":"product_brand","embeddable":true,"href":"https:\/\/www.cupssupplier.com\/es\/wp-json\/wp\/v2\/product_brand?post=20682"},{"taxonomy":"product_cat","embeddable":true,"href":"https:\/\/www.cupssupplier.com\/es\/wp-json\/wp\/v2\/product_cat?post=20682"},{"taxonomy":"product_tag","embeddable":true,"href":"https:\/\/www.cupssupplier.com\/es\/wp-json\/wp\/v2\/product_tag?post=20682"}],"curies":[{"name":"wp","href":"https:\/\/api.w.org\/{rel}","templated":true}]}}