{"id":20668,"date":"2024-12-30T02:29:40","date_gmt":"2024-12-30T07:29:40","guid":{"rendered":"https:\/\/www.cupssupplier.com\/product\/personalised-tumbler-with-straw\/"},"modified":"2025-05-29T01:41:15","modified_gmt":"2025-05-29T05:41:15","slug":"personalised-tumbler-with-straw","status":"publish","type":"product","link":"https:\/\/www.cupssupplier.com\/es\/personalised-tumbler-with-straw\/","title":{"rendered":"Vaso Personalizado con Pajita"},"content":{"rendered":"<h3 class=\"\" data-start=\"7587\" data-end=\"7654\"><strong data-start=\"7596\" data-end=\"7654\">Vaso Personalizado con Pajita \u2013 Ecol\u00f3gico y con Estilo<\/strong><\/h3>\n<p class=\"\" data-start=\"7656\" data-end=\"7814\">Eleva tu experiencia al beber con nuestro <strong data-start=\"7698\" data-end=\"7731\">Vaso Personalizado con Pajita<\/strong>, una fusi\u00f3n perfecta de estilo y funcionalidad. Este vaso de alta calidad incluye:<\/p>\n<ul data-start=\"7816\" data-end=\"8261\">\n<li class=\"\" data-start=\"7816\" data-end=\"7896\">\n<p class=\"\" data-start=\"7818\" data-end=\"7896\"><strong data-start=\"7818\" data-end=\"7843\">Dise\u00f1o personalizable<\/strong>: A\u00f1ade tu nombre, iniciales o un mensaje especial.<\/p>\n<\/li>\n<li class=\"\" data-start=\"7897\" data-end=\"7981\">\n<p class=\"\" data-start=\"7899\" data-end=\"7981\"><strong data-start=\"7899\" data-end=\"7924\">Materiales ecol\u00f3gicos<\/strong>: Fabricado con materiales sostenibles y libres de BPA.<\/p>\n<\/li>\n<li class=\"\" data-start=\"7982\" data-end=\"8081\">\n<p class=\"\" data-start=\"7984\" data-end=\"8081\"><strong data-start=\"7984\" data-end=\"8019\">Perfecto para cualquier ocasi\u00f3n<\/strong>: Ideal para viajes, gimnasio o momentos tranquilos en casa.<\/p>\n<\/li>\n<li class=\"\" data-start=\"8082\" data-end=\"8175\">\n<p class=\"\" data-start=\"8084\" data-end=\"8175\"><strong data-start=\"8084\" data-end=\"8121\">Tapa a prueba de fugas con pajita<\/strong>: Disfruta tus bebidas sin preocuparte por derrames.<\/p>\n<\/li>\n<li class=\"\" data-start=\"8176\" data-end=\"8261\">\n<p class=\"\" data-start=\"8178\" data-end=\"8261\"><strong data-start=\"8178\" data-end=\"8204\">Control de temperatura<\/strong>: Mantiene tus bebidas fr\u00edas o calientes durante horas.<\/p>\n<\/li>\n<\/ul>\n<p class=\"\" data-start=\"8263\" data-end=\"8436\">Ya sea para un cumplea\u00f1os, festividad o autorregalo, este vaso es \u00fanico, \u00fatil y con mucho estilo. \u00a1Explora las opciones de personalizaci\u00f3n y haz que cada sorbo sea especial!<\/p>\n<p class=\"\" data-start=\"8438\" data-end=\"8672\">Luce genial y mantente hidratado en todo momento con nuestro <strong data-start=\"8499\" data-end=\"8532\">Vaso Personalizado con Pajita<\/strong>. Ideal para caf\u00e9 helado, batidos o tu bebida favorita. Ligero, duradero y libre de BPA, perfecto para el hogar, el trabajo o en movimiento.<\/p>\n<p>&nbsp;<\/p>\n<p><img loading=\"lazy\" decoding=\"async\" class=\"aligncenter wp-image-1713 size-full\" src=\"https:\/\/www.cupssupplier.com\/wp-content\/uploads\/2024\/12\/1.webp\" alt=\"personalised tumbler with straw\" width=\"900\" height=\"900\" srcset=\"https:\/\/www.cupssupplier.com\/wp-content\/uploads\/2024\/12\/1.webp 900w, https:\/\/www.cupssupplier.com\/wp-content\/uploads\/2024\/12\/1-300x300.png 300w, https:\/\/www.cupssupplier.com\/wp-content\/uploads\/2024\/12\/1-100x100.png 100w, https:\/\/www.cupssupplier.com\/wp-content\/uploads\/2024\/12\/1-600x600.png 600w, https:\/\/www.cupssupplier.com\/wp-content\/uploads\/2024\/12\/1-150x150.png 150w, https:\/\/www.cupssupplier.com\/wp-content\/uploads\/2024\/12\/1-768x768.png 768w\" sizes=\"auto, (max-width: 900px) 100vw, 900px\" title=\"\"><\/p>\n<p><img loading=\"lazy\" decoding=\"async\" class=\"aligncenter wp-image-1716 size-full\" src=\"https:\/\/www.cupssupplier.com\/wp-content\/uploads\/2024\/12\/4.webp\" alt=\"personalised tumbler with straw\" width=\"874\" height=\"900\" srcset=\"https:\/\/www.cupssupplier.com\/wp-content\/uploads\/2024\/12\/4.webp 874w, https:\/\/www.cupssupplier.com\/wp-content\/uploads\/2024\/12\/4-300x309.png 300w, https:\/\/www.cupssupplier.com\/wp-content\/uploads\/2024\/12\/4-600x618.png 600w, https:\/\/www.cupssupplier.com\/wp-content\/uploads\/2024\/12\/4-291x300.png 291w, https:\/\/www.cupssupplier.com\/wp-content\/uploads\/2024\/12\/4-768x791.png 768w\" sizes=\"auto, (max-width: 874px) 100vw, 874px\" title=\"\"> <img loading=\"lazy\" decoding=\"async\" class=\"aligncenter wp-image-1717 size-full\" src=\"https:\/\/www.cupssupplier.com\/wp-content\/uploads\/2024\/12\/6.webp\" alt=\"personalised tumbler with straw\" width=\"800\" height=\"800\" srcset=\"https:\/\/www.cupssupplier.com\/wp-content\/uploads\/2024\/12\/6.webp 800w, https:\/\/www.cupssupplier.com\/wp-content\/uploads\/2024\/12\/6-300x300.webp 300w, https:\/\/www.cupssupplier.com\/wp-content\/uploads\/2024\/12\/6-100x100.webp 100w, https:\/\/www.cupssupplier.com\/wp-content\/uploads\/2024\/12\/6-600x600.webp 600w, https:\/\/www.cupssupplier.com\/wp-content\/uploads\/2024\/12\/6-150x150.webp 150w, https:\/\/www.cupssupplier.com\/wp-content\/uploads\/2024\/12\/6-768x768.webp 768w\" sizes=\"auto, (max-width: 800px) 100vw, 800px\" title=\"\"> <img loading=\"lazy\" decoding=\"async\" class=\"aligncenter wp-image-1714 size-full\" src=\"https:\/\/www.cupssupplier.com\/wp-content\/uploads\/2024\/12\/2.webp\" alt=\"personalised tumbler with straw\" width=\"889\" height=\"900\" srcset=\"https:\/\/www.cupssupplier.com\/wp-content\/uploads\/2024\/12\/2.webp 889w, https:\/\/www.cupssupplier.com\/wp-content\/uploads\/2024\/12\/2-300x304.png 300w, https:\/\/www.cupssupplier.com\/wp-content\/uploads\/2024\/12\/2-100x100.png 100w, https:\/\/www.cupssupplier.com\/wp-content\/uploads\/2024\/12\/2-600x607.png 600w, https:\/\/www.cupssupplier.com\/wp-content\/uploads\/2024\/12\/2-296x300.png 296w, https:\/\/www.cupssupplier.com\/wp-content\/uploads\/2024\/12\/2-768x778.png 768w\" sizes=\"auto, (max-width: 889px) 100vw, 889px\" title=\"\"><\/p>\n","protected":false},"excerpt":{"rendered":"<p><strong data-start=\"4633\" data-end=\"4733\">Mantente con estilo e hidratado mientras te desplazas con nuestro Vaso Personalizado con Pajita.<\/strong> Dise\u00f1ado para mantener tus bebidas frescas, este vaso ecol\u00f3gico es perfecto para caf\u00e9 helado, batidos o tus bebidas favoritas. Personal\u00edzalo con tu nombre o un mensaje especial; es un regalo considerado o una forma \u00fanica de expresar tu personalidad. Duradero, ligero y libre de BPA, es ideal para el uso diario en casa, el trabajo o de viaje.<\/p>\n","protected":false},"featured_media":3683,"template":"","meta":{"om_disable_all_campaigns":false},"product_brand":[],"product_cat":[325],"product_tag":[],"class_list":{"0":"post-20668","1":"product","2":"type-product","3":"status-publish","4":"has-post-thumbnail","6":"product_cat-vaso","8":"first","9":"instock","10":"shipping-taxable","11":"product-type-simple"},"_links":{"self":[{"href":"https:\/\/www.cupssupplier.com\/es\/wp-json\/wp\/v2\/product\/20668","targetHints":{"allow":["GET"]}}],"collection":[{"href":"https:\/\/www.cupssupplier.com\/es\/wp-json\/wp\/v2\/product"}],"about":[{"href":"https:\/\/www.cupssupplier.com\/es\/wp-json\/wp\/v2\/types\/product"}],"wp:featuredmedia":[{"embeddable":true,"href":"https:\/\/www.cupssupplier.com\/es\/wp-json\/wp\/v2\/media\/3683"}],"wp:attachment":[{"href":"https:\/\/www.cupssupplier.com\/es\/wp-json\/wp\/v2\/media?parent=20668"}],"wp:term":[{"taxonomy":"product_brand","embeddable":true,"href":"https:\/\/www.cupssupplier.com\/es\/wp-json\/wp\/v2\/product_brand?post=20668"},{"taxonomy":"product_cat","embeddable":true,"href":"https:\/\/www.cupssupplier.com\/es\/wp-json\/wp\/v2\/product_cat?post=20668"},{"taxonomy":"product_tag","embeddable":true,"href":"https:\/\/www.cupssupplier.com\/es\/wp-json\/wp\/v2\/product_tag?post=20668"}],"curies":[{"name":"wp","href":"https:\/\/api.w.org\/{rel}","templated":true}]}}