{"id":20626,"date":"2024-12-30T10:55:45","date_gmt":"2024-12-30T15:55:45","guid":{"rendered":"https:\/\/www.cupssupplier.com\/product\/steel-tumbler-with-lid\/"},"modified":"2025-05-28T23:58:48","modified_gmt":"2025-05-29T03:58:48","slug":"steel-tumbler-with-lid","status":"publish","type":"product","link":"https:\/\/www.cupssupplier.com\/es\/steel-tumbler-with-lid\/","title":{"rendered":"Vaso de Acero Inoxidable con Tapa al Por Mayor"},"content":{"rendered":"<p class=\"\" data-start=\"6699\" data-end=\"6749\"><strong data-start=\"6699\" data-end=\"6749\">Vaso de Acero Inoxidable con Tapa al Por Mayor<\/strong><\/p>\n<p class=\"\" data-start=\"6751\" data-end=\"6857\">Eleva tu colecci\u00f3n de bebidas con el vers\u00e1til vaso de acero inoxidable con tapa. Este vaso premium ofrece:<\/p>\n<ul data-start=\"6859\" data-end=\"7314\">\n<li class=\"\" data-start=\"6859\" data-end=\"6959\">\n<p class=\"\" data-start=\"6861\" data-end=\"6959\"><strong data-start=\"6861\" data-end=\"6897\">Construcci\u00f3n en Acero Inoxidable<\/strong>: Hecho con acero inoxidable de alta calidad y libre de BPA.<\/p>\n<\/li>\n<li class=\"\" data-start=\"6960\" data-end=\"7061\">\n<p class=\"\" data-start=\"6962\" data-end=\"7061\"><strong data-start=\"6962\" data-end=\"6980\">Dise\u00f1o Aislado<\/strong>: Mantiene las bebidas calientes hasta por 12 horas o fr\u00edas hasta por 24 horas.<\/p>\n<\/li>\n<li class=\"\" data-start=\"7062\" data-end=\"7144\">\n<p class=\"\" data-start=\"7064\" data-end=\"7144\"><strong data-start=\"7064\" data-end=\"7085\">Tapa Antiderrames<\/strong>: Tapa segura y f\u00e1cil de usar que evita fugas y derrames.<\/p>\n<\/li>\n<li class=\"\" data-start=\"7145\" data-end=\"7226\">\n<p class=\"\" data-start=\"7147\" data-end=\"7226\"><strong data-start=\"7147\" data-end=\"7175\">Ecol\u00f3gico y Reutilizable<\/strong>: Alternativa sostenible a los vasos desechables.<\/p>\n<\/li>\n<li class=\"\" data-start=\"7227\" data-end=\"7314\">\n<p class=\"\" data-start=\"7229\" data-end=\"7314\"><strong data-start=\"7229\" data-end=\"7253\">Elegante y Funcional<\/strong>: Ideal para portavasos, perfecto para llevar a todas partes.<\/p>\n<\/li>\n<\/ul>\n<p class=\"\" data-start=\"7316\" data-end=\"7427\">Ideal para el trabajo, viajes o en casa, este vaso combina estilo, comodidad y sostenibilidad en el uso diario.<\/p>\n<p class=\"\" data-start=\"7429\" data-end=\"7595\">Mantente hidratado con nuestro resistente y elegante vaso con tapa. Dise\u00f1ado para mantener tus bebidas a la temperatura ideal durante horas. Perfecto para uso diario.<\/p>\n<p><img loading=\"lazy\" decoding=\"async\" class=\"aligncenter wp-image-1776 size-full\" src=\"https:\/\/www.cupssupplier.com\/wp-content\/uploads\/2024\/12\/6-5.webp\" alt=\"steel tumbler with lid\" width=\"800\" height=\"800\" srcset=\"https:\/\/www.cupssupplier.com\/wp-content\/uploads\/2024\/12\/6-5.webp 800w, https:\/\/www.cupssupplier.com\/wp-content\/uploads\/2024\/12\/6-5-300x300.webp 300w, https:\/\/www.cupssupplier.com\/wp-content\/uploads\/2024\/12\/6-5-150x150.webp 150w, https:\/\/www.cupssupplier.com\/wp-content\/uploads\/2024\/12\/6-5-768x768.webp 768w, https:\/\/www.cupssupplier.com\/wp-content\/uploads\/2024\/12\/6-5-600x600.webp 600w, https:\/\/www.cupssupplier.com\/wp-content\/uploads\/2024\/12\/6-5-100x100.webp 100w\" sizes=\"auto, (max-width: 800px) 100vw, 800px\" title=\"\"> <img loading=\"lazy\" decoding=\"async\" class=\"aligncenter wp-image-1771 size-full\" src=\"https:\/\/www.cupssupplier.com\/wp-content\/uploads\/2024\/12\/6-4.webp\" alt=\"steel tumbler with lid\" width=\"960\" height=\"960\" srcset=\"https:\/\/www.cupssupplier.com\/wp-content\/uploads\/2024\/12\/6-4.webp 960w, https:\/\/www.cupssupplier.com\/wp-content\/uploads\/2024\/12\/6-4-300x300.webp 300w, https:\/\/www.cupssupplier.com\/wp-content\/uploads\/2024\/12\/6-4-150x150.webp 150w, https:\/\/www.cupssupplier.com\/wp-content\/uploads\/2024\/12\/6-4-768x768.webp 768w, https:\/\/www.cupssupplier.com\/wp-content\/uploads\/2024\/12\/6-4-600x600.webp 600w, https:\/\/www.cupssupplier.com\/wp-content\/uploads\/2024\/12\/6-4-100x100.webp 100w\" sizes=\"auto, (max-width: 960px) 100vw, 960px\" title=\"\"> <img loading=\"lazy\" decoding=\"async\" class=\"aligncenter wp-image-1773 size-full\" src=\"https:\/\/www.cupssupplier.com\/wp-content\/uploads\/2024\/12\/3-5.webp\" alt=\"steel tumbler with lid\" width=\"797\" height=\"800\" srcset=\"https:\/\/www.cupssupplier.com\/wp-content\/uploads\/2024\/12\/3-5.webp 797w, https:\/\/www.cupssupplier.com\/wp-content\/uploads\/2024\/12\/3-5-300x301.webp 300w, https:\/\/www.cupssupplier.com\/wp-content\/uploads\/2024\/12\/3-5-150x150.webp 150w, https:\/\/www.cupssupplier.com\/wp-content\/uploads\/2024\/12\/3-5-768x771.webp 768w, https:\/\/www.cupssupplier.com\/wp-content\/uploads\/2024\/12\/3-5-600x602.webp 600w, https:\/\/www.cupssupplier.com\/wp-content\/uploads\/2024\/12\/3-5-100x100.webp 100w\" sizes=\"auto, (max-width: 797px) 100vw, 797px\" title=\"\"> <img loading=\"lazy\" decoding=\"async\" class=\"aligncenter wp-image-1774 size-full\" src=\"https:\/\/www.cupssupplier.com\/wp-content\/uploads\/2024\/12\/4-4.webp\" alt=\"steel tumbler with lid\" width=\"799\" height=\"800\" srcset=\"https:\/\/www.cupssupplier.com\/wp-content\/uploads\/2024\/12\/4-4.webp 799w, https:\/\/www.cupssupplier.com\/wp-content\/uploads\/2024\/12\/4-4-300x300.webp 300w, https:\/\/www.cupssupplier.com\/wp-content\/uploads\/2024\/12\/4-4-150x150.webp 150w, https:\/\/www.cupssupplier.com\/wp-content\/uploads\/2024\/12\/4-4-768x769.webp 768w, https:\/\/www.cupssupplier.com\/wp-content\/uploads\/2024\/12\/4-4-600x601.webp 600w, https:\/\/www.cupssupplier.com\/wp-content\/uploads\/2024\/12\/4-4-100x100.webp 100w\" sizes=\"auto, (max-width: 799px) 100vw, 799px\" title=\"\"><\/p>\n","protected":false},"excerpt":{"rendered":"<p><strong data-start=\"3684\" data-end=\"3788\">Mantente hidratado con nuestro elegante y resistente Vaso de Acero Inoxidable con Tapa al por Mayor.<\/strong><br data-start=\"3788\" data-end=\"3791\" \/>Dise\u00f1ado para brindar practicidad y estilo, este vaso t\u00e9rmico mantiene tus bebidas calientes o fr\u00edas durante horas. Perfecto para el trabajo, los viajes o el uso diario, es ecol\u00f3gico y duradero.<\/p>\n","protected":false},"featured_media":3881,"template":"","meta":{"om_disable_all_campaigns":false},"product_brand":[],"product_cat":[325],"product_tag":[],"class_list":{"0":"post-20626","1":"product","2":"type-product","3":"status-publish","4":"has-post-thumbnail","6":"product_cat-vaso","8":"first","9":"instock","10":"shipping-taxable","11":"product-type-simple"},"_links":{"self":[{"href":"https:\/\/www.cupssupplier.com\/es\/wp-json\/wp\/v2\/product\/20626","targetHints":{"allow":["GET"]}}],"collection":[{"href":"https:\/\/www.cupssupplier.com\/es\/wp-json\/wp\/v2\/product"}],"about":[{"href":"https:\/\/www.cupssupplier.com\/es\/wp-json\/wp\/v2\/types\/product"}],"wp:featuredmedia":[{"embeddable":true,"href":"https:\/\/www.cupssupplier.com\/es\/wp-json\/wp\/v2\/media\/3881"}],"wp:attachment":[{"href":"https:\/\/www.cupssupplier.com\/es\/wp-json\/wp\/v2\/media?parent=20626"}],"wp:term":[{"taxonomy":"product_brand","embeddable":true,"href":"https:\/\/www.cupssupplier.com\/es\/wp-json\/wp\/v2\/product_brand?post=20626"},{"taxonomy":"product_cat","embeddable":true,"href":"https:\/\/www.cupssupplier.com\/es\/wp-json\/wp\/v2\/product_cat?post=20626"},{"taxonomy":"product_tag","embeddable":true,"href":"https:\/\/www.cupssupplier.com\/es\/wp-json\/wp\/v2\/product_tag?post=20626"}],"curies":[{"name":"wp","href":"https:\/\/api.w.org\/{rel}","templated":true}]}}