{"id":20584,"date":"2024-12-31T21:31:07","date_gmt":"2025-01-01T02:31:07","guid":{"rendered":"https:\/\/www.cupssupplier.com\/product\/custom-metal-tumblers\/"},"modified":"2025-05-21T04:05:52","modified_gmt":"2025-05-21T08:05:52","slug":"custom-metal-tumblers","status":"publish","type":"product","link":"https:\/\/www.cupssupplier.com\/es\/custom-metal-tumblers\/","title":{"rendered":"Vasos Met\u00e1licos Personalizados al por Mayor"},"content":{"rendered":"<p class=\"\" data-start=\"6948\" data-end=\"7031\"><strong data-start=\"6948\" data-end=\"7031\">Vasos Met\u00e1licos Personalizados al por Mayor \u2013 Aislados, Ecol\u00f3gicos y con Estilo<\/strong><\/p>\n<p class=\"\" data-start=\"7033\" data-end=\"7191\">Mantente hidratado y con estilo gracias a nuestros Vasos Met\u00e1licos Personalizados al por Mayor, que combinan funcionalidad y personalizaci\u00f3n. Caracter\u00edsticas:<\/p>\n<ul data-start=\"7193\" data-end=\"7689\">\n<li class=\"\" data-start=\"7193\" data-end=\"7309\">\n<p class=\"\" data-start=\"7195\" data-end=\"7309\"><strong data-start=\"7195\" data-end=\"7236\">Construcci\u00f3n Met\u00e1lica de Alta Calidad<\/strong>: Fabricados en acero inoxidable libre de BPA, duraderos y resistentes.<\/p>\n<\/li>\n<li class=\"\" data-start=\"7310\" data-end=\"7414\">\n<p class=\"\" data-start=\"7312\" data-end=\"7414\"><strong data-start=\"7312\" data-end=\"7339\">Opciones Personalizadas<\/strong>: A\u00f1ade nombres, logotipos o mensajes para adaptarse a tu estilo o marca.<\/p>\n<\/li>\n<li class=\"\" data-start=\"7415\" data-end=\"7509\">\n<p class=\"\" data-start=\"7417\" data-end=\"7509\"><strong data-start=\"7417\" data-end=\"7436\">Dise\u00f1o Aislante<\/strong>: Mantiene las bebidas calientes hasta 12 horas y fr\u00edas hasta 24 horas.<\/p>\n<\/li>\n<li class=\"\" data-start=\"7510\" data-end=\"7600\">\n<p class=\"\" data-start=\"7512\" data-end=\"7600\"><strong data-start=\"7512\" data-end=\"7542\">Ecol\u00f3gicos y Reutilizables<\/strong>: Una alternativa sostenible al pl\u00e1stico de un solo uso.<\/p>\n<\/li>\n<li class=\"\" data-start=\"7601\" data-end=\"7689\">\n<p class=\"\" data-start=\"7603\" data-end=\"7689\"><strong data-start=\"7603\" data-end=\"7630\">Vers\u00e1tiles y Port\u00e1tiles<\/strong>: Perfectos para el trabajo, viajes, eventos o como regalo.<\/p>\n<\/li>\n<\/ul>\n<p class=\"\" data-start=\"7691\" data-end=\"7827\">Ya sea para uso personal o como regalo personalizado, nuestros vasos met\u00e1licos son la combinaci\u00f3n ideal entre elegancia y funcionalidad.<\/p>\n<p><img loading=\"lazy\" decoding=\"async\" class=\"aligncenter wp-image-1810 size-full\" src=\"https:\/\/www.cupssupplier.com\/wp-content\/uploads\/2024\/12\/3-10.webp\" alt=\"custom metal tumblers\" width=\"1563\" height=\"1836\" srcset=\"https:\/\/www.cupssupplier.com\/wp-content\/uploads\/2024\/12\/3-10.webp 1563w, https:\/\/www.cupssupplier.com\/wp-content\/uploads\/2024\/12\/3-10-255x300.webp 255w, https:\/\/www.cupssupplier.com\/wp-content\/uploads\/2024\/12\/3-10-872x1024.webp 872w, https:\/\/www.cupssupplier.com\/wp-content\/uploads\/2024\/12\/3-10-768x902.webp 768w, https:\/\/www.cupssupplier.com\/wp-content\/uploads\/2024\/12\/3-10-1308x1536.webp 1308w, https:\/\/www.cupssupplier.com\/wp-content\/uploads\/2024\/12\/3-10-300x352.webp 300w, https:\/\/www.cupssupplier.com\/wp-content\/uploads\/2024\/12\/3-10-600x705.webp 600w\" sizes=\"auto, (max-width: 1563px) 100vw, 1563px\" title=\"\"> <img loading=\"lazy\" decoding=\"async\" class=\"aligncenter wp-image-1811 size-full\" src=\"https:\/\/www.cupssupplier.com\/wp-content\/uploads\/2024\/12\/4-8.webp\" alt=\"custom metal tumblers\" width=\"1563\" height=\"2156\" srcset=\"https:\/\/www.cupssupplier.com\/wp-content\/uploads\/2024\/12\/4-8.webp 1563w, https:\/\/www.cupssupplier.com\/wp-content\/uploads\/2024\/12\/4-8-217x300.webp 217w, https:\/\/www.cupssupplier.com\/wp-content\/uploads\/2024\/12\/4-8-742x1024.webp 742w, https:\/\/www.cupssupplier.com\/wp-content\/uploads\/2024\/12\/4-8-768x1059.webp 768w, https:\/\/www.cupssupplier.com\/wp-content\/uploads\/2024\/12\/4-8-1114x1536.webp 1114w, https:\/\/www.cupssupplier.com\/wp-content\/uploads\/2024\/12\/4-8-1485x2048.webp 1485w, https:\/\/www.cupssupplier.com\/wp-content\/uploads\/2024\/12\/4-8-300x414.webp 300w, https:\/\/www.cupssupplier.com\/wp-content\/uploads\/2024\/12\/4-8-600x828.webp 600w\" sizes=\"auto, (max-width: 1563px) 100vw, 1563px\" title=\"\"> <img loading=\"lazy\" decoding=\"async\" class=\"aligncenter wp-image-1812 size-full\" src=\"https:\/\/www.cupssupplier.com\/wp-content\/uploads\/2024\/12\/5-10.webp\" alt=\"custom metal tumblers\" width=\"1563\" height=\"1771\" srcset=\"https:\/\/www.cupssupplier.com\/wp-content\/uploads\/2024\/12\/5-10.webp 1563w, https:\/\/www.cupssupplier.com\/wp-content\/uploads\/2024\/12\/5-10-265x300.webp 265w, https:\/\/www.cupssupplier.com\/wp-content\/uploads\/2024\/12\/5-10-904x1024.webp 904w, https:\/\/www.cupssupplier.com\/wp-content\/uploads\/2024\/12\/5-10-768x870.webp 768w, https:\/\/www.cupssupplier.com\/wp-content\/uploads\/2024\/12\/5-10-1356x1536.webp 1356w, https:\/\/www.cupssupplier.com\/wp-content\/uploads\/2024\/12\/5-10-300x340.webp 300w, https:\/\/www.cupssupplier.com\/wp-content\/uploads\/2024\/12\/5-10-600x680.webp 600w\" sizes=\"auto, (max-width: 1563px) 100vw, 1563px\" title=\"\"> <img loading=\"lazy\" decoding=\"async\" class=\"aligncenter wp-image-1808 size-full\" src=\"https:\/\/www.cupssupplier.com\/wp-content\/uploads\/2024\/12\/5-9.webp\" alt=\"custom metal tumblers\" width=\"1200\" height=\"1200\" srcset=\"https:\/\/www.cupssupplier.com\/wp-content\/uploads\/2024\/12\/5-9.webp 1200w, https:\/\/www.cupssupplier.com\/wp-content\/uploads\/2024\/12\/5-9-300x300.webp 300w, https:\/\/www.cupssupplier.com\/wp-content\/uploads\/2024\/12\/5-9-1024x1024.webp 1024w, https:\/\/www.cupssupplier.com\/wp-content\/uploads\/2024\/12\/5-9-150x150.webp 150w, https:\/\/www.cupssupplier.com\/wp-content\/uploads\/2024\/12\/5-9-768x768.webp 768w, https:\/\/www.cupssupplier.com\/wp-content\/uploads\/2024\/12\/5-9-600x600.webp 600w, https:\/\/www.cupssupplier.com\/wp-content\/uploads\/2024\/12\/5-9-100x100.webp 100w\" sizes=\"auto, (max-width: 1200px) 100vw, 1200px\" title=\"\"><\/p>\n","protected":false},"excerpt":{"rendered":"<p class=\"\" data-start=\"4200\" data-end=\"4513\">Descubre nuestros vasos met\u00e1licos personalizados, fabricados en acero inoxidable resistente y completamente personalizables. Con aislamiento t\u00e9rmico, son reutilizables y perfectos para cualquier ocasi\u00f3n. \u00a1Haz tu pedido hoy!<\/p>\n","protected":false},"featured_media":4266,"template":"","meta":{"om_disable_all_campaigns":false},"product_brand":[],"product_cat":[325],"product_tag":[],"class_list":{"0":"post-20584","1":"product","2":"type-product","3":"status-publish","4":"has-post-thumbnail","6":"product_cat-vaso","8":"first","9":"instock","10":"shipping-taxable","11":"product-type-simple"},"_links":{"self":[{"href":"https:\/\/www.cupssupplier.com\/es\/wp-json\/wp\/v2\/product\/20584","targetHints":{"allow":["GET"]}}],"collection":[{"href":"https:\/\/www.cupssupplier.com\/es\/wp-json\/wp\/v2\/product"}],"about":[{"href":"https:\/\/www.cupssupplier.com\/es\/wp-json\/wp\/v2\/types\/product"}],"wp:featuredmedia":[{"embeddable":true,"href":"https:\/\/www.cupssupplier.com\/es\/wp-json\/wp\/v2\/media\/4266"}],"wp:attachment":[{"href":"https:\/\/www.cupssupplier.com\/es\/wp-json\/wp\/v2\/media?parent=20584"}],"wp:term":[{"taxonomy":"product_brand","embeddable":true,"href":"https:\/\/www.cupssupplier.com\/es\/wp-json\/wp\/v2\/product_brand?post=20584"},{"taxonomy":"product_cat","embeddable":true,"href":"https:\/\/www.cupssupplier.com\/es\/wp-json\/wp\/v2\/product_cat?post=20584"},{"taxonomy":"product_tag","embeddable":true,"href":"https:\/\/www.cupssupplier.com\/es\/wp-json\/wp\/v2\/product_tag?post=20584"}],"curies":[{"name":"wp","href":"https:\/\/api.w.org\/{rel}","templated":true}]}}