{"id":20546,"date":"2025-01-01T21:29:59","date_gmt":"2025-01-02T02:29:59","guid":{"rendered":"https:\/\/www.cupssupplier.com\/product\/bulk-stainless-steel-water-bottles\/"},"modified":"2025-05-21T00:31:56","modified_gmt":"2025-05-21T04:31:56","slug":"bulk-stainless-steel-water-bottles","status":"publish","type":"product","link":"https:\/\/www.cupssupplier.com\/es\/bulk-stainless-steel-water-bottles\/","title":{"rendered":"Botellas de Agua de Acero Inoxidable al Por Mayor"},"content":{"rendered":"<h3 class=\"\" data-start=\"5904\" data-end=\"6000\"><strong data-start=\"5913\" data-end=\"6000\">Botellas de Agua de Acero Inoxidable al Por Mayor \u2013 Hidrataci\u00f3n Ecol\u00f3gica y Aislada<\/strong><\/h3>\n<p class=\"\" data-start=\"6002\" data-end=\"6176\">Mejora tu pedido al por mayor con nuestras <strong data-start=\"6045\" data-end=\"6101\">botellas de agua de acero inoxidable de alta calidad<\/strong>. Perfectas para promocionar tu marca o fomentar la hidrataci\u00f3n sostenible.<\/p>\n<p class=\"\" data-start=\"6178\" data-end=\"6212\"><strong data-start=\"6178\" data-end=\"6210\">Caracter\u00edsticas principales:<\/strong><\/p>\n<ul data-start=\"6213\" data-end=\"6685\">\n<li class=\"\" data-start=\"6213\" data-end=\"6310\">\n<p class=\"\" data-start=\"6215\" data-end=\"6310\"><strong data-start=\"6215\" data-end=\"6254\">Acero inoxidable de primera calidad<\/strong>: Duradero, sin BPA y dise\u00f1ado para un uso prolongado.<\/p>\n<\/li>\n<li class=\"\" data-start=\"6311\" data-end=\"6409\">\n<p class=\"\" data-start=\"6313\" data-end=\"6409\"><strong data-start=\"6313\" data-end=\"6336\">Rendimiento t\u00e9rmico<\/strong>: Mantiene las bebidas calientes hasta 12 horas o fr\u00edas hasta 24 horas.<\/p>\n<\/li>\n<li class=\"\" data-start=\"6410\" data-end=\"6494\">\n<p class=\"\" data-start=\"6412\" data-end=\"6494\"><strong data-start=\"6412\" data-end=\"6440\">Opciones personalizables<\/strong>: Ideal para logotipos, dise\u00f1os o campa\u00f1as de marca.<\/p>\n<\/li>\n<li class=\"\" data-start=\"6495\" data-end=\"6595\">\n<p class=\"\" data-start=\"6497\" data-end=\"6595\"><strong data-start=\"6497\" data-end=\"6527\">Ecol\u00f3gicas y reutilizables<\/strong>: Una alternativa sostenible a las botellas pl\u00e1sticas desechables.<\/p>\n<\/li>\n<li class=\"\" data-start=\"6596\" data-end=\"6685\">\n<p class=\"\" data-start=\"6598\" data-end=\"6685\"><strong data-start=\"6598\" data-end=\"6634\">Perfectas para cualquier ocasi\u00f3n<\/strong>: Eventos, regalos corporativos, equipos o reventa.<\/p>\n<\/li>\n<\/ul>\n<p class=\"\" data-start=\"6687\" data-end=\"6840\">Ya sea para un evento o para reducir residuos, nuestras botellas de agua al por mayor son una soluci\u00f3n vers\u00e1til y econ\u00f3mica para hidrataci\u00f3n y promoci\u00f3n.<\/p>\n<p class=\"\" data-start=\"6842\" data-end=\"6957\"><strong data-start=\"6842\" data-end=\"6865\">\u00a1Haz tu pedido hoy!<\/strong> Botellas duraderas, ecol\u00f3gicas y reutilizables que combinan practicidad con sostenibilidad.<\/p>\n<figure id=\"attachment_1865\" aria-describedby=\"caption-attachment-1865\" style=\"width: 750px\" class=\"wp-caption aligncenter\"><img loading=\"lazy\" decoding=\"async\" class=\"wp-image-1865 size-full\" src=\"https:\/\/www.cupssupplier.com\/wp-content\/uploads\/2025\/01\/1-4.webp\" alt=\"bulk stainless steel water bottles\" width=\"750\" height=\"602\" srcset=\"https:\/\/www.cupssupplier.com\/wp-content\/uploads\/2025\/01\/1-4.webp 750w, https:\/\/www.cupssupplier.com\/wp-content\/uploads\/2025\/01\/1-4-300x241.webp 300w, https:\/\/www.cupssupplier.com\/wp-content\/uploads\/2025\/01\/1-4-600x482.webp 600w\" sizes=\"auto, (max-width: 750px) 100vw, 750px\" title=\"\"><figcaption id=\"caption-attachment-1865\" class=\"wp-caption-text\">bulk stainless steel water bottles<\/figcaption><\/figure>\n<figure id=\"attachment_1866\" aria-describedby=\"caption-attachment-1866\" style=\"width: 750px\" class=\"wp-caption aligncenter\"><img loading=\"lazy\" decoding=\"async\" class=\"wp-image-1866 size-full\" src=\"https:\/\/www.cupssupplier.com\/wp-content\/uploads\/2025\/01\/2-4.webp\" alt=\"bulk stainless steel water bottles\" width=\"750\" height=\"380\" srcset=\"https:\/\/www.cupssupplier.com\/wp-content\/uploads\/2025\/01\/2-4.webp 750w, https:\/\/www.cupssupplier.com\/wp-content\/uploads\/2025\/01\/2-4-300x152.webp 300w, https:\/\/www.cupssupplier.com\/wp-content\/uploads\/2025\/01\/2-4-600x304.webp 600w\" sizes=\"auto, (max-width: 750px) 100vw, 750px\" title=\"\"><figcaption id=\"caption-attachment-1866\" class=\"wp-caption-text\">bulk stainless steel water bottles<\/figcaption><\/figure>\n<figure id=\"attachment_1863\" aria-describedby=\"caption-attachment-1863\" style=\"width: 750px\" class=\"wp-caption aligncenter\"><img loading=\"lazy\" decoding=\"async\" class=\"wp-image-1863 size-full\" src=\"https:\/\/www.cupssupplier.com\/wp-content\/uploads\/2025\/01\/3-3.webp\" alt=\"bulk stainless steel water bottles\" width=\"750\" height=\"602\" srcset=\"https:\/\/www.cupssupplier.com\/wp-content\/uploads\/2025\/01\/3-3.webp 750w, https:\/\/www.cupssupplier.com\/wp-content\/uploads\/2025\/01\/3-3-300x241.webp 300w, https:\/\/www.cupssupplier.com\/wp-content\/uploads\/2025\/01\/3-3-600x482.webp 600w\" sizes=\"auto, (max-width: 750px) 100vw, 750px\" title=\"\"><figcaption id=\"caption-attachment-1863\" class=\"wp-caption-text\">bulk stainless steel water bottles<\/figcaption><\/figure>\n<figure id=\"attachment_1864\" aria-describedby=\"caption-attachment-1864\" style=\"width: 750px\" class=\"wp-caption aligncenter\"><img loading=\"lazy\" decoding=\"async\" class=\"wp-image-1864 size-full\" src=\"https:\/\/www.cupssupplier.com\/wp-content\/uploads\/2025\/01\/10.webp\" alt=\"bulk stainless steel water bottles\" width=\"750\" height=\"602\" srcset=\"https:\/\/www.cupssupplier.com\/wp-content\/uploads\/2025\/01\/10.webp 750w, https:\/\/www.cupssupplier.com\/wp-content\/uploads\/2025\/01\/10-300x241.webp 300w, https:\/\/www.cupssupplier.com\/wp-content\/uploads\/2025\/01\/10-600x482.webp 600w\" sizes=\"auto, (max-width: 750px) 100vw, 750px\" title=\"\"><figcaption id=\"caption-attachment-1864\" class=\"wp-caption-text\">bulk stainless steel water bottles<\/figcaption><\/figure>\n","protected":false},"excerpt":{"rendered":"<p><strong data-start=\"3786\" data-end=\"3888\">Asegura una hidrataci\u00f3n de calidad con nuestras botellas de agua de acero inoxidable al por mayor.<\/strong><br data-start=\"3888\" data-end=\"3891\" \/>Duraderas, ecol\u00f3gicas y reutilizables, estas botellas son perfectas para eventos, regalos corporativos o equipamiento de equipo. Dise\u00f1adas para mantener las bebidas calientes o fr\u00edas, combinan funcionalidad con sostenibilidad.<\/p>\n","protected":false},"featured_media":4563,"template":"","meta":{"om_disable_all_campaigns":false},"product_brand":[],"product_cat":[324],"product_tag":[],"class_list":{"0":"post-20546","1":"product","2":"type-product","3":"status-publish","4":"has-post-thumbnail","6":"product_cat-botella-de-agua-de-acero-inoxidable","8":"first","9":"instock","10":"shipping-taxable","11":"product-type-simple"},"_links":{"self":[{"href":"https:\/\/www.cupssupplier.com\/es\/wp-json\/wp\/v2\/product\/20546","targetHints":{"allow":["GET"]}}],"collection":[{"href":"https:\/\/www.cupssupplier.com\/es\/wp-json\/wp\/v2\/product"}],"about":[{"href":"https:\/\/www.cupssupplier.com\/es\/wp-json\/wp\/v2\/types\/product"}],"wp:featuredmedia":[{"embeddable":true,"href":"https:\/\/www.cupssupplier.com\/es\/wp-json\/wp\/v2\/media\/4563"}],"wp:attachment":[{"href":"https:\/\/www.cupssupplier.com\/es\/wp-json\/wp\/v2\/media?parent=20546"}],"wp:term":[{"taxonomy":"product_brand","embeddable":true,"href":"https:\/\/www.cupssupplier.com\/es\/wp-json\/wp\/v2\/product_brand?post=20546"},{"taxonomy":"product_cat","embeddable":true,"href":"https:\/\/www.cupssupplier.com\/es\/wp-json\/wp\/v2\/product_cat?post=20546"},{"taxonomy":"product_tag","embeddable":true,"href":"https:\/\/www.cupssupplier.com\/es\/wp-json\/wp\/v2\/product_tag?post=20546"}],"curies":[{"name":"wp","href":"https:\/\/api.w.org\/{rel}","templated":true}]}}