{"id":20533,"date":"2025-01-02T02:04:19","date_gmt":"2025-01-02T07:04:19","guid":{"rendered":"https:\/\/www.cupssupplier.com\/product\/personalized-insulated-stainless-steel-water-bottles\/"},"modified":"2025-05-21T00:02:39","modified_gmt":"2025-05-21T04:02:39","slug":"personalized-insulated-stainless-steel-water-bottles","status":"publish","type":"product","link":"https:\/\/www.cupssupplier.com\/es\/personalized-insulated-stainless-steel-water-bottles\/","title":{"rendered":"Botellas de Agua T\u00e9rmicas Personalizadas de Acero Inoxidable al por Mayor"},"content":{"rendered":"<p class=\"\" data-start=\"6350\" data-end=\"6458\"><strong data-start=\"6350\" data-end=\"6458\">Botellas de Agua T\u00e9rmicas Personalizadas de Acero Inoxidable al por Mayor \u2013 Personalizables y Ecol\u00f3gicas<\/strong><\/p>\n<p class=\"\" data-start=\"6460\" data-end=\"6583\">Mejora tu colecci\u00f3n de botellas con nuestras Botellas de Agua T\u00e9rmicas Personalizadas al por Mayor. Estas botellas ofrecen:<\/p>\n<ul data-start=\"6585\" data-end=\"7054\">\n<li class=\"\" data-start=\"6585\" data-end=\"6660\">\n<p class=\"\" data-start=\"6587\" data-end=\"6660\"><strong data-start=\"6587\" data-end=\"6612\">Dise\u00f1o personalizable<\/strong>: Agrega tu nombre, logotipo o un mensaje \u00fanico.<\/p>\n<\/li>\n<li class=\"\" data-start=\"6661\" data-end=\"6766\">\n<p class=\"\" data-start=\"6663\" data-end=\"6766\"><strong data-start=\"6663\" data-end=\"6687\">Aislamiento superior<\/strong>: Mantiene las bebidas calientes hasta por 12 horas o fr\u00edas hasta por 24 horas.<\/p>\n<\/li>\n<li class=\"\" data-start=\"6767\" data-end=\"6856\">\n<p class=\"\" data-start=\"6769\" data-end=\"6856\"><strong data-start=\"6769\" data-end=\"6798\">Acero inoxidable duradero<\/strong>: Fabricadas con acero inoxidable de alta calidad sin BPA.<\/p>\n<\/li>\n<li class=\"\" data-start=\"6857\" data-end=\"6944\">\n<p class=\"\" data-start=\"6859\" data-end=\"6944\"><strong data-start=\"6859\" data-end=\"6889\">Ecol\u00f3gicas y reutilizables<\/strong>: Reduce el uso de pl\u00e1sticos con una opci\u00f3n sostenible.<\/p>\n<\/li>\n<li class=\"\" data-start=\"6945\" data-end=\"7054\">\n<p class=\"\" data-start=\"6947\" data-end=\"7054\"><strong data-start=\"6947\" data-end=\"6983\">Perfectas para cualquier ocasi\u00f3n<\/strong>: Ideales para regalos, eventos corporativos, promociones o uso diario.<\/p>\n<\/li>\n<\/ul>\n<p class=\"\" data-start=\"7056\" data-end=\"7190\">Combina practicidad y personalizaci\u00f3n con nuestras botellas, una opci\u00f3n ideal para regalar o promocionar tu marca de forma sostenible.<\/p>\n<p class=\"\" data-start=\"7192\" data-end=\"7350\">Mantente hidratado y con estilo con nuestras botellas personalizadas. Funcionales, ecol\u00f3gicas y dise\u00f1adas para mantener tus bebidas a la temperatura perfecta.<\/p>\n<p><img loading=\"lazy\" decoding=\"async\" class=\"aligncenter wp-image-1872 size-full\" src=\"https:\/\/www.cupssupplier.com\/wp-content\/uploads\/2025\/01\/3-4.webp\" alt=\"personalized insulated stainless steel water bottles\" width=\"800\" height=\"800\" srcset=\"https:\/\/www.cupssupplier.com\/wp-content\/uploads\/2025\/01\/3-4.webp 800w, https:\/\/www.cupssupplier.com\/wp-content\/uploads\/2025\/01\/3-4-300x300.webp 300w, https:\/\/www.cupssupplier.com\/wp-content\/uploads\/2025\/01\/3-4-150x150.webp 150w, https:\/\/www.cupssupplier.com\/wp-content\/uploads\/2025\/01\/3-4-768x768.webp 768w, https:\/\/www.cupssupplier.com\/wp-content\/uploads\/2025\/01\/3-4-600x600.webp 600w, https:\/\/www.cupssupplier.com\/wp-content\/uploads\/2025\/01\/3-4-100x100.webp 100w\" sizes=\"auto, (max-width: 800px) 100vw, 800px\" title=\"\"><\/p>\n<p><img loading=\"lazy\" decoding=\"async\" class=\"aligncenter wp-image-1876 \" src=\"https:\/\/www.cupssupplier.com\/wp-content\/uploads\/2025\/01\/1-6.webp\" alt=\"personalized insulated stainless steel water bottles\" width=\"811\" height=\"651\" srcset=\"https:\/\/www.cupssupplier.com\/wp-content\/uploads\/2025\/01\/1-6.webp 750w, https:\/\/www.cupssupplier.com\/wp-content\/uploads\/2025\/01\/1-6-300x241.webp 300w, https:\/\/www.cupssupplier.com\/wp-content\/uploads\/2025\/01\/1-6-600x482.webp 600w\" sizes=\"auto, (max-width: 811px) 100vw, 811px\" title=\"\"><\/p>\n<p><img loading=\"lazy\" decoding=\"async\" class=\"aligncenter wp-image-1877 \" src=\"https:\/\/www.cupssupplier.com\/wp-content\/uploads\/2025\/01\/2-6.webp\" alt=\"personalized insulated stainless steel water bottles\" width=\"817\" height=\"477\" srcset=\"https:\/\/www.cupssupplier.com\/wp-content\/uploads\/2025\/01\/2-6.webp 750w, https:\/\/www.cupssupplier.com\/wp-content\/uploads\/2025\/01\/2-6-300x175.webp 300w, https:\/\/www.cupssupplier.com\/wp-content\/uploads\/2025\/01\/2-6-600x350.webp 600w\" sizes=\"auto, (max-width: 817px) 100vw, 817px\" title=\"\"><\/p>\n<p><img loading=\"lazy\" decoding=\"async\" class=\"aligncenter wp-image-1878 \" src=\"https:\/\/www.cupssupplier.com\/wp-content\/uploads\/2025\/01\/4-4.webp\" alt=\"personalized insulated stainless steel water bottles\" width=\"809\" height=\"650\" srcset=\"https:\/\/www.cupssupplier.com\/wp-content\/uploads\/2025\/01\/4-4.webp 750w, https:\/\/www.cupssupplier.com\/wp-content\/uploads\/2025\/01\/4-4-300x241.webp 300w, https:\/\/www.cupssupplier.com\/wp-content\/uploads\/2025\/01\/4-4-600x482.webp 600w\" sizes=\"auto, (max-width: 809px) 100vw, 809px\" title=\"\"><\/p>\n<p><img loading=\"lazy\" decoding=\"async\" class=\"wp-image-1879 size-full aligncenter\" src=\"https:\/\/www.cupssupplier.com\/wp-content\/uploads\/2025\/01\/5-4.webp\" alt=\"personalized insulated stainless steel water bottles\" width=\"750\" height=\"602\" srcset=\"https:\/\/www.cupssupplier.com\/wp-content\/uploads\/2025\/01\/5-4.webp 750w, https:\/\/www.cupssupplier.com\/wp-content\/uploads\/2025\/01\/5-4-300x241.webp 300w, https:\/\/www.cupssupplier.com\/wp-content\/uploads\/2025\/01\/5-4-600x482.webp 600w\" sizes=\"auto, (max-width: 750px) 100vw, 750px\" title=\"\"><\/p>\n<p><img loading=\"lazy\" decoding=\"async\" class=\"aligncenter wp-image-1880 size-full\" src=\"https:\/\/www.cupssupplier.com\/wp-content\/uploads\/2025\/01\/6-5.webp\" alt=\"personalized insulated stainless steel water bottles\" width=\"750\" height=\"602\" srcset=\"https:\/\/www.cupssupplier.com\/wp-content\/uploads\/2025\/01\/6-5.webp 750w, https:\/\/www.cupssupplier.com\/wp-content\/uploads\/2025\/01\/6-5-300x241.webp 300w, https:\/\/www.cupssupplier.com\/wp-content\/uploads\/2025\/01\/6-5-600x482.webp 600w\" sizes=\"auto, (max-width: 750px) 100vw, 750px\" title=\"\"><\/p>\n","protected":false},"excerpt":{"rendered":"<p><strong data-start=\"4073\" data-end=\"4188\">Mantente con estilo e hidratado con nuestras Botellas T\u00e9rmicas de Acero Inoxidable Personalizadas al por Mayor.<\/strong><br data-start=\"4188\" data-end=\"4191\" \/>Personalizables con nombres, logotipos o dise\u00f1os, estas botellas ecol\u00f3gicas son perfectas para regalos, eventos o uso personal. Dise\u00f1adas para mantener las bebidas calientes o fr\u00edas durante horas, combinan funcionalidad con un toque personal.<\/p>\n","protected":false},"featured_media":4673,"template":"","meta":{"om_disable_all_campaigns":false},"product_brand":[],"product_cat":[324],"product_tag":[],"class_list":{"0":"post-20533","1":"product","2":"type-product","3":"status-publish","4":"has-post-thumbnail","6":"product_cat-botella-de-agua-de-acero-inoxidable","8":"first","9":"instock","10":"shipping-taxable","11":"product-type-simple"},"_links":{"self":[{"href":"https:\/\/www.cupssupplier.com\/es\/wp-json\/wp\/v2\/product\/20533","targetHints":{"allow":["GET"]}}],"collection":[{"href":"https:\/\/www.cupssupplier.com\/es\/wp-json\/wp\/v2\/product"}],"about":[{"href":"https:\/\/www.cupssupplier.com\/es\/wp-json\/wp\/v2\/types\/product"}],"wp:featuredmedia":[{"embeddable":true,"href":"https:\/\/www.cupssupplier.com\/es\/wp-json\/wp\/v2\/media\/4673"}],"wp:attachment":[{"href":"https:\/\/www.cupssupplier.com\/es\/wp-json\/wp\/v2\/media?parent=20533"}],"wp:term":[{"taxonomy":"product_brand","embeddable":true,"href":"https:\/\/www.cupssupplier.com\/es\/wp-json\/wp\/v2\/product_brand?post=20533"},{"taxonomy":"product_cat","embeddable":true,"href":"https:\/\/www.cupssupplier.com\/es\/wp-json\/wp\/v2\/product_cat?post=20533"},{"taxonomy":"product_tag","embeddable":true,"href":"https:\/\/www.cupssupplier.com\/es\/wp-json\/wp\/v2\/product_tag?post=20533"}],"curies":[{"name":"wp","href":"https:\/\/api.w.org\/{rel}","templated":true}]}}