{"id":20480,"date":"2025-01-04T22:12:33","date_gmt":"2025-01-05T03:12:33","guid":{"rendered":"https:\/\/www.cupssupplier.com\/product\/stainless-steel-water-bottle-for-bike\/"},"modified":"2025-05-20T11:31:11","modified_gmt":"2025-05-20T15:31:11","slug":"stainless-steel-water-bottle-for-bike","status":"publish","type":"product","link":"https:\/\/www.cupssupplier.com\/es\/stainless-steel-water-bottle-for-bike\/","title":{"rendered":"Botella de Agua de Acero Inoxidable para Bicicleta"},"content":{"rendered":"<p class=\"\" data-start=\"6688\" data-end=\"6765\"><strong data-start=\"6688\" data-end=\"6765\">Botella de Agua de Acero Inoxidable para Bicicleta \u2013 Aislada y Resistente<\/strong><\/p>\n<p class=\"\" data-start=\"6767\" data-end=\"6920\">Mejora tu experiencia en bicicleta con nuestra botella de agua de acero inoxidable, dise\u00f1ada para ofrecer comodidad y rendimiento. Caracter\u00edsticas clave:<\/p>\n<ul data-start=\"6922\" data-end=\"7345\">\n<li class=\"\" data-start=\"6922\" data-end=\"7014\">\n<p class=\"\" data-start=\"6924\" data-end=\"7014\"><strong data-start=\"6924\" data-end=\"6954\">Dise\u00f1o apto para bicicleta<\/strong>: Perfil delgado que se adapta a los portabotellas est\u00e1ndar.<\/p>\n<\/li>\n<li class=\"\" data-start=\"7015\" data-end=\"7119\">\n<p class=\"\" data-start=\"7017\" data-end=\"7119\"><strong data-start=\"7017\" data-end=\"7040\">Aislamiento t\u00e9rmico<\/strong>: Mantiene las bebidas calientes por hasta 12 horas o fr\u00edas por hasta 24 horas.<\/p>\n<\/li>\n<li class=\"\" data-start=\"7120\" data-end=\"7188\">\n<p class=\"\" data-start=\"7122\" data-end=\"7188\"><strong data-start=\"7122\" data-end=\"7151\">Acero inoxidable duradero<\/strong>: Libre de BPA y resistente al \u00f3xido.<\/p>\n<\/li>\n<li class=\"\" data-start=\"7189\" data-end=\"7263\">\n<p class=\"\" data-start=\"7191\" data-end=\"7263\"><strong data-start=\"7191\" data-end=\"7217\">Tapa a prueba de fugas<\/strong>: Sin derrames, incluso en caminos con baches.<\/p>\n<\/li>\n<li class=\"\" data-start=\"7264\" data-end=\"7345\">\n<p class=\"\" data-start=\"7266\" data-end=\"7345\"><strong data-start=\"7266\" data-end=\"7287\">Ligera y port\u00e1til<\/strong>: F\u00e1cil de transportar sin a\u00f1adir peso extra al recorrido.<\/p>\n<\/li>\n<\/ul>\n<p class=\"\" data-start=\"7347\" data-end=\"7467\">Perfecta para ciclistas y amantes del aire libre, esta botella es ideal para mantenerse hidratado mientras te desplazas.<\/p>\n<p class=\"\" data-start=\"7469\" data-end=\"7694\"><strong data-start=\"7469\" data-end=\"7512\">Pedalea con estilo y mantente hidratado<\/strong> con nuestra botella de acero inoxidable para bicicleta. Con aislamiento superior, se adapta a la mayor\u00eda de portabotellas y es perfecta para viajes largos y aventuras al aire libre.<\/p>\n<p><img loading=\"lazy\" decoding=\"async\" class=\"aligncenter wp-image-1961 size-full\" src=\"https:\/\/www.cupssupplier.com\/wp-content\/uploads\/2025\/01\/3-12-e1736047493387.webp\" alt=\"stainless steel water bottle for bike\" width=\"750\" height=\"620\" srcset=\"https:\/\/www.cupssupplier.com\/wp-content\/uploads\/2025\/01\/3-12-e1736047493387.webp 750w, https:\/\/www.cupssupplier.com\/wp-content\/uploads\/2025\/01\/3-12-e1736047493387-300x248.webp 300w, https:\/\/www.cupssupplier.com\/wp-content\/uploads\/2025\/01\/3-12-e1736047493387-600x496.webp 600w\" sizes=\"auto, (max-width: 750px) 100vw, 750px\" title=\"\"><\/p>\n<p><img loading=\"lazy\" decoding=\"async\" class=\"wp-image-1962 size-full aligncenter\" src=\"https:\/\/www.cupssupplier.com\/wp-content\/uploads\/2025\/01\/4-11-e1736047545758.webp\" alt=\"stainless steel water bottle for bike\" width=\"750\" height=\"884\" srcset=\"https:\/\/www.cupssupplier.com\/wp-content\/uploads\/2025\/01\/4-11-e1736047545758.webp 750w, https:\/\/www.cupssupplier.com\/wp-content\/uploads\/2025\/01\/4-11-e1736047545758-255x300.webp 255w, https:\/\/www.cupssupplier.com\/wp-content\/uploads\/2025\/01\/4-11-e1736047545758-300x354.webp 300w, https:\/\/www.cupssupplier.com\/wp-content\/uploads\/2025\/01\/4-11-e1736047545758-600x707.webp 600w\" sizes=\"auto, (max-width: 750px) 100vw, 750px\" title=\"\"><\/p>\n<p><img loading=\"lazy\" decoding=\"async\" class=\"wp-image-1964 size-full aligncenter\" src=\"https:\/\/www.cupssupplier.com\/wp-content\/uploads\/2025\/01\/7-1-e1736047683188.webp\" alt=\"stainless steel water bottle for bike\" width=\"750\" height=\"1465\" srcset=\"https:\/\/www.cupssupplier.com\/wp-content\/uploads\/2025\/01\/7-1-e1736047683188.webp 750w, https:\/\/www.cupssupplier.com\/wp-content\/uploads\/2025\/01\/7-1-e1736047683188-154x300.webp 154w, https:\/\/www.cupssupplier.com\/wp-content\/uploads\/2025\/01\/7-1-e1736047683188-524x1024.webp 524w, https:\/\/www.cupssupplier.com\/wp-content\/uploads\/2025\/01\/7-1-e1736047683188-300x586.webp 300w, https:\/\/www.cupssupplier.com\/wp-content\/uploads\/2025\/01\/7-1-e1736047683188-600x1172.webp 600w\" sizes=\"auto, (max-width: 750px) 100vw, 750px\" title=\"\"><\/p>\n<p><img loading=\"lazy\" decoding=\"async\" class=\"wp-image-1965 size-full aligncenter\" src=\"https:\/\/www.cupssupplier.com\/wp-content\/uploads\/2025\/01\/8.webp\" alt=\"stainless steel water bottle for bike\" width=\"750\" height=\"1808\" srcset=\"https:\/\/www.cupssupplier.com\/wp-content\/uploads\/2025\/01\/8.webp 750w, https:\/\/www.cupssupplier.com\/wp-content\/uploads\/2025\/01\/8-124x300.webp 124w, https:\/\/www.cupssupplier.com\/wp-content\/uploads\/2025\/01\/8-425x1024.webp 425w, https:\/\/www.cupssupplier.com\/wp-content\/uploads\/2025\/01\/8-637x1536.webp 637w, https:\/\/www.cupssupplier.com\/wp-content\/uploads\/2025\/01\/8-300x723.webp 300w, https:\/\/www.cupssupplier.com\/wp-content\/uploads\/2025\/01\/8-600x1446.webp 600w\" sizes=\"auto, (max-width: 750px) 100vw, 750px\" title=\"\"><\/p>\n<p><img loading=\"lazy\" decoding=\"async\" class=\"aligncenter wp-image-1966 size-full\" src=\"https:\/\/www.cupssupplier.com\/wp-content\/uploads\/2025\/01\/9.webp\" alt=\"stainless steel water bottle for bike\" width=\"750\" height=\"1454\" srcset=\"https:\/\/www.cupssupplier.com\/wp-content\/uploads\/2025\/01\/9.webp 750w, https:\/\/www.cupssupplier.com\/wp-content\/uploads\/2025\/01\/9-155x300.webp 155w, https:\/\/www.cupssupplier.com\/wp-content\/uploads\/2025\/01\/9-528x1024.webp 528w, https:\/\/www.cupssupplier.com\/wp-content\/uploads\/2025\/01\/9-300x582.webp 300w, https:\/\/www.cupssupplier.com\/wp-content\/uploads\/2025\/01\/9-600x1163.webp 600w\" sizes=\"auto, (max-width: 750px) 100vw, 750px\" title=\"\"><\/p>\n","protected":false},"excerpt":{"rendered":"<p class=\"\" data-start=\"4044\" data-end=\"4404\">Pedalea con estilo y mantente hidratado con nuestra botella de agua de acero inoxidable para bicicleta. Dise\u00f1ada para ciclistas, esta botella resistente y liviana encaja perfectamente en la mayor\u00eda de los portabotellas. Gracias a su excelente aislamiento, mantiene tus bebidas calientes o fr\u00edas durante horas, ideal para rutas largas y aventuras al aire libre.<\/p>\n<p class=\"\" data-start=\"4406\" data-end=\"4623\">\n","protected":false},"featured_media":5135,"template":"","meta":{"om_disable_all_campaigns":false},"product_brand":[],"product_cat":[324],"product_tag":[],"class_list":{"0":"post-20480","1":"product","2":"type-product","3":"status-publish","4":"has-post-thumbnail","6":"product_cat-botella-de-agua-de-acero-inoxidable","8":"first","9":"instock","10":"shipping-taxable","11":"product-type-simple"},"_links":{"self":[{"href":"https:\/\/www.cupssupplier.com\/es\/wp-json\/wp\/v2\/product\/20480","targetHints":{"allow":["GET"]}}],"collection":[{"href":"https:\/\/www.cupssupplier.com\/es\/wp-json\/wp\/v2\/product"}],"about":[{"href":"https:\/\/www.cupssupplier.com\/es\/wp-json\/wp\/v2\/types\/product"}],"wp:featuredmedia":[{"embeddable":true,"href":"https:\/\/www.cupssupplier.com\/es\/wp-json\/wp\/v2\/media\/5135"}],"wp:attachment":[{"href":"https:\/\/www.cupssupplier.com\/es\/wp-json\/wp\/v2\/media?parent=20480"}],"wp:term":[{"taxonomy":"product_brand","embeddable":true,"href":"https:\/\/www.cupssupplier.com\/es\/wp-json\/wp\/v2\/product_brand?post=20480"},{"taxonomy":"product_cat","embeddable":true,"href":"https:\/\/www.cupssupplier.com\/es\/wp-json\/wp\/v2\/product_cat?post=20480"},{"taxonomy":"product_tag","embeddable":true,"href":"https:\/\/www.cupssupplier.com\/es\/wp-json\/wp\/v2\/product_tag?post=20480"}],"curies":[{"name":"wp","href":"https:\/\/api.w.org\/{rel}","templated":true}]}}