{"id":20454,"date":"2025-01-06T05:59:31","date_gmt":"2025-01-06T10:59:31","guid":{"rendered":"https:\/\/www.cupssupplier.com\/product\/custom-coffee-tumblers-with-logo\/"},"modified":"2025-05-20T05:04:08","modified_gmt":"2025-05-20T09:04:08","slug":"custom-coffee-tumblers-with-logo","status":"publish","type":"product","link":"https:\/\/www.cupssupplier.com\/es\/custom-coffee-tumblers-with-logo\/","title":{"rendered":"Tazas de Caf\u00e9 Personalizadas al por Mayor con Logotipo"},"content":{"rendered":"<p class=\"\" data-start=\"6379\" data-end=\"6464\"><strong data-start=\"6379\" data-end=\"6464\">Tazas de Caf\u00e9 Personalizadas al por Mayor con Logotipo \u2013 Vasos Aislados con Marca<\/strong><\/p>\n<p class=\"\" data-start=\"6466\" data-end=\"6629\">Impulsa tu marca con nuestras tazas de caf\u00e9 personalizadas al por mayor con logotipo, dise\u00f1adas para ofrecer estilo y funcionalidad.<br data-start=\"6598\" data-end=\"6601\" \/><strong data-start=\"6601\" data-end=\"6627\">Caracter\u00edsticas clave:<\/strong><\/p>\n<ul data-start=\"6630\" data-end=\"7091\">\n<li class=\"\" data-start=\"6630\" data-end=\"6712\">\n<p class=\"\" data-start=\"6632\" data-end=\"6712\"><strong data-start=\"6632\" data-end=\"6656\">Marca personalizable<\/strong>: A\u00f1ade tu logotipo o dise\u00f1o para destacar tu empresa.<\/p>\n<\/li>\n<li class=\"\" data-start=\"6713\" data-end=\"6812\">\n<p class=\"\" data-start=\"6715\" data-end=\"6812\"><strong data-start=\"6715\" data-end=\"6733\">Dise\u00f1o aislado<\/strong>: Mantiene el caf\u00e9 caliente hasta 8 horas y las bebidas fr\u00edas hasta 12 horas.<\/p>\n<\/li>\n<li class=\"\" data-start=\"6813\" data-end=\"6909\">\n<p class=\"\" data-start=\"6815\" data-end=\"6909\"><strong data-start=\"6815\" data-end=\"6840\">Construcci\u00f3n duradera<\/strong>: Fabricadas con materiales de alta calidad para un uso prolongado.<\/p>\n<\/li>\n<li class=\"\" data-start=\"6910\" data-end=\"6993\">\n<p class=\"\" data-start=\"6912\" data-end=\"6993\"><strong data-start=\"6912\" data-end=\"6942\">Ecol\u00f3gicas y reutilizables<\/strong>: Alternativa sostenible a los vasos desechables.<\/p>\n<\/li>\n<li class=\"\" data-start=\"6994\" data-end=\"7091\">\n<p class=\"\" data-start=\"6996\" data-end=\"7091\"><strong data-start=\"6996\" data-end=\"7032\">Perfectas para cualquier ocasi\u00f3n<\/strong>: Ideales como regalos corporativos, promociones o reventa.<\/p>\n<\/li>\n<\/ul>\n<p class=\"\" data-start=\"7093\" data-end=\"7214\">Nuestras tazas personalizadas son herramientas promocionales efectivas que mantienen tu marca en la mente del consumidor.<\/p>\n<p class=\"\" data-start=\"7216\" data-end=\"7403\"><strong data-start=\"7216\" data-end=\"7277\">Promociona tu marca con elegantes tazas de caf\u00e9 aisladas.<\/strong> Perfectas para eventos, regalos corporativos o ventas minoristas. Personal\u00edzalas con tu logotipo para una impresi\u00f3n duradera.<\/p>\n<p><img loading=\"lazy\" decoding=\"async\" class=\"aligncenter wp-image-1997 size-full\" src=\"https:\/\/www.cupssupplier.com\/wp-content\/uploads\/2025\/01\/3-15-e1736239229454.webp\" alt=\"custom coffee tumblers with logo\" width=\"1560\" height=\"2820\" srcset=\"https:\/\/www.cupssupplier.com\/wp-content\/uploads\/2025\/01\/3-15-e1736239229454.webp 1560w, https:\/\/www.cupssupplier.com\/wp-content\/uploads\/2025\/01\/3-15-e1736239229454-166x300.webp 166w, https:\/\/www.cupssupplier.com\/wp-content\/uploads\/2025\/01\/3-15-e1736239229454-566x1024.webp 566w, https:\/\/www.cupssupplier.com\/wp-content\/uploads\/2025\/01\/3-15-e1736239229454-768x1388.webp 768w, https:\/\/www.cupssupplier.com\/wp-content\/uploads\/2025\/01\/3-15-e1736239229454-850x1536.webp 850w, https:\/\/www.cupssupplier.com\/wp-content\/uploads\/2025\/01\/3-15-e1736239229454-1133x2048.webp 1133w, https:\/\/www.cupssupplier.com\/wp-content\/uploads\/2025\/01\/3-15-e1736239229454-300x542.webp 300w, https:\/\/www.cupssupplier.com\/wp-content\/uploads\/2025\/01\/3-15-e1736239229454-600x1085.webp 600w\" sizes=\"auto, (max-width: 1560px) 100vw, 1560px\" title=\"\"><img loading=\"lazy\" decoding=\"async\" class=\"aligncenter wp-image-1998 size-full\" src=\"https:\/\/www.cupssupplier.com\/wp-content\/uploads\/2025\/01\/4-14.webp\" alt=\"custom coffee tumblers with logo\" width=\"1563\" height=\"2188\" srcset=\"https:\/\/www.cupssupplier.com\/wp-content\/uploads\/2025\/01\/4-14.webp 1563w, https:\/\/www.cupssupplier.com\/wp-content\/uploads\/2025\/01\/4-14-214x300.webp 214w, https:\/\/www.cupssupplier.com\/wp-content\/uploads\/2025\/01\/4-14-731x1024.webp 731w, https:\/\/www.cupssupplier.com\/wp-content\/uploads\/2025\/01\/4-14-768x1075.webp 768w, https:\/\/www.cupssupplier.com\/wp-content\/uploads\/2025\/01\/4-14-1097x1536.webp 1097w, https:\/\/www.cupssupplier.com\/wp-content\/uploads\/2025\/01\/4-14-1463x2048.webp 1463w, https:\/\/www.cupssupplier.com\/wp-content\/uploads\/2025\/01\/4-14-300x420.webp 300w, https:\/\/www.cupssupplier.com\/wp-content\/uploads\/2025\/01\/4-14-600x840.webp 600w\" sizes=\"auto, (max-width: 1563px) 100vw, 1563px\" title=\"\"><img loading=\"lazy\" decoding=\"async\" class=\"aligncenter wp-image-1996 size-full\" src=\"https:\/\/www.cupssupplier.com\/wp-content\/uploads\/2025\/01\/6-10-e1736239482587.webp\" alt=\"custom coffee tumblers with logo\" width=\"1560\" height=\"843\" srcset=\"https:\/\/www.cupssupplier.com\/wp-content\/uploads\/2025\/01\/6-10-e1736239482587.webp 1560w, https:\/\/www.cupssupplier.com\/wp-content\/uploads\/2025\/01\/6-10-e1736239482587-300x162.webp 300w, https:\/\/www.cupssupplier.com\/wp-content\/uploads\/2025\/01\/6-10-e1736239482587-1024x553.webp 1024w, https:\/\/www.cupssupplier.com\/wp-content\/uploads\/2025\/01\/6-10-e1736239482587-768x415.webp 768w, https:\/\/www.cupssupplier.com\/wp-content\/uploads\/2025\/01\/6-10-e1736239482587-1536x830.webp 1536w, https:\/\/www.cupssupplier.com\/wp-content\/uploads\/2025\/01\/6-10-e1736239482587-600x324.webp 600w\" sizes=\"auto, (max-width: 1560px) 100vw, 1560px\" title=\"\"><\/p>\n","protected":false},"excerpt":{"rendered":"<p class=\"\" data-start=\"3520\" data-end=\"3845\">Promociona tu marca con elegantes <strong data-start=\"3554\" data-end=\"3617\">vasos t\u00e9rmicos de caf\u00e9 personalizados con logo al por mayor<\/strong>. Estos vasos aislados mantienen las bebidas calientes o fr\u00edas durante horas, siendo ideales para eventos corporativos, obsequios promocionales o venta minorista. Personal\u00edzalos con tu logotipo para dejar una impresi\u00f3n duradera.<\/p>\n<p class=\"\" data-start=\"3847\" data-end=\"3930\">\n","protected":false},"featured_media":5322,"template":"","meta":{"om_disable_all_campaigns":false},"product_brand":[],"product_cat":[325],"product_tag":[],"class_list":{"0":"post-20454","1":"product","2":"type-product","3":"status-publish","4":"has-post-thumbnail","6":"product_cat-vaso","8":"first","9":"instock","10":"shipping-taxable","11":"product-type-simple"},"_links":{"self":[{"href":"https:\/\/www.cupssupplier.com\/es\/wp-json\/wp\/v2\/product\/20454","targetHints":{"allow":["GET"]}}],"collection":[{"href":"https:\/\/www.cupssupplier.com\/es\/wp-json\/wp\/v2\/product"}],"about":[{"href":"https:\/\/www.cupssupplier.com\/es\/wp-json\/wp\/v2\/types\/product"}],"wp:featuredmedia":[{"embeddable":true,"href":"https:\/\/www.cupssupplier.com\/es\/wp-json\/wp\/v2\/media\/5322"}],"wp:attachment":[{"href":"https:\/\/www.cupssupplier.com\/es\/wp-json\/wp\/v2\/media?parent=20454"}],"wp:term":[{"taxonomy":"product_brand","embeddable":true,"href":"https:\/\/www.cupssupplier.com\/es\/wp-json\/wp\/v2\/product_brand?post=20454"},{"taxonomy":"product_cat","embeddable":true,"href":"https:\/\/www.cupssupplier.com\/es\/wp-json\/wp\/v2\/product_cat?post=20454"},{"taxonomy":"product_tag","embeddable":true,"href":"https:\/\/www.cupssupplier.com\/es\/wp-json\/wp\/v2\/product_tag?post=20454"}],"curies":[{"name":"wp","href":"https:\/\/api.w.org\/{rel}","templated":true}]}}