{"id":20443,"date":"2025-01-07T03:59:01","date_gmt":"2025-01-07T08:59:01","guid":{"rendered":"https:\/\/www.cupssupplier.com\/product\/custom-coffee-tumbler-bulk\/"},"modified":"2025-05-19T03:52:55","modified_gmt":"2025-05-19T07:52:55","slug":"custom-coffee-tumbler-bulk","status":"publish","type":"product","link":"https:\/\/www.cupssupplier.com\/es\/custom-coffee-tumbler-bulk\/","title":{"rendered":"Tazas de Caf\u00e9 Personalizadas al por Mayor"},"content":{"rendered":"<p class=\"\" data-start=\"7789\" data-end=\"7871\"><strong data-start=\"7789\" data-end=\"7871\">Tazas de Caf\u00e9 Personalizadas al por Mayor \u2013 Recipientes Ecol\u00f3gicos y con Marca<\/strong><\/p>\n<p class=\"\" data-start=\"7873\" data-end=\"8076\">Potencia tu marca al m\u00e1ximo con nuestras opciones de <strong data-start=\"7926\" data-end=\"7971\">tazas de caf\u00e9 personalizadas al por mayor<\/strong>. Ideales para empresas, eventos o ventas minoristas, estas tazas combinan <strong data-start=\"8046\" data-end=\"8075\">funcionalidad y promoci\u00f3n<\/strong>.<\/p>\n<p class=\"\" data-start=\"8078\" data-end=\"8106\"><strong data-start=\"8078\" data-end=\"8104\">Caracter\u00edsticas clave:<\/strong><\/p>\n<ul data-start=\"8107\" data-end=\"8583\">\n<li class=\"\" data-start=\"8107\" data-end=\"8203\">\n<p class=\"\" data-start=\"8109\" data-end=\"8203\"><strong data-start=\"8109\" data-end=\"8134\">Dise\u00f1o personalizable<\/strong>: Agrega logotipos, textos o ilustraciones para crear tazas \u00fanicas.<\/p>\n<\/li>\n<li class=\"\" data-start=\"8204\" data-end=\"8304\">\n<p class=\"\" data-start=\"8206\" data-end=\"8304\"><strong data-start=\"8206\" data-end=\"8229\">Rendimiento t\u00e9rmico<\/strong>: Mantiene el caf\u00e9 caliente hasta 8 horas o bebidas fr\u00edas hasta 12 horas.<\/p>\n<\/li>\n<li class=\"\" data-start=\"8305\" data-end=\"8395\">\n<p class=\"\" data-start=\"8307\" data-end=\"8395\"><strong data-start=\"8307\" data-end=\"8336\">Duraderas y reutilizables<\/strong>: Fabricadas con materiales de alta calidad y ecol\u00f3gicos.<\/p>\n<\/li>\n<li class=\"\" data-start=\"8396\" data-end=\"8471\">\n<p class=\"\" data-start=\"8398\" data-end=\"8471\"><strong data-start=\"8398\" data-end=\"8421\">Soluci\u00f3n sostenible<\/strong>: Reduce residuos con recipientes reutilizables.<\/p>\n<\/li>\n<li class=\"\" data-start=\"8472\" data-end=\"8583\">\n<p class=\"\" data-start=\"8474\" data-end=\"8583\"><strong data-start=\"8474\" data-end=\"8513\">Perfectas para pedidos al por mayor<\/strong>: Ideales para eventos corporativos, campa\u00f1as promocionales o reventa.<\/p>\n<\/li>\n<\/ul>\n<p class=\"\" data-start=\"8585\" data-end=\"8741\">Ya sea como regalo o para promocionar tu marca, nuestras <strong data-start=\"8642\" data-end=\"8687\">tazas de caf\u00e9 personalizadas al por mayor<\/strong> ofrecen una soluci\u00f3n pr\u00e1ctica, elegante y sostenible.<\/p>\n<p><img loading=\"lazy\" decoding=\"async\" class=\"aligncenter wp-image-2009 size-full\" src=\"https:\/\/www.cupssupplier.com\/wp-content\/uploads\/2025\/01\/1-16.webp\" alt=\"custom coffee tumbler bulk\" width=\"900\" height=\"1540\" srcset=\"https:\/\/www.cupssupplier.com\/wp-content\/uploads\/2025\/01\/1-16.webp 900w, https:\/\/www.cupssupplier.com\/wp-content\/uploads\/2025\/01\/1-16-175x300.webp 175w, https:\/\/www.cupssupplier.com\/wp-content\/uploads\/2025\/01\/1-16-598x1024.webp 598w, https:\/\/www.cupssupplier.com\/wp-content\/uploads\/2025\/01\/1-16-768x1314.webp 768w, https:\/\/www.cupssupplier.com\/wp-content\/uploads\/2025\/01\/1-16-898x1536.webp 898w, https:\/\/www.cupssupplier.com\/wp-content\/uploads\/2025\/01\/1-16-300x513.webp 300w, https:\/\/www.cupssupplier.com\/wp-content\/uploads\/2025\/01\/1-16-600x1027.webp 600w\" sizes=\"auto, (max-width: 900px) 100vw, 900px\" title=\"\"><\/p>\n<p><img loading=\"lazy\" decoding=\"async\" class=\"aligncenter wp-image-2010 size-full\" src=\"https:\/\/www.cupssupplier.com\/wp-content\/uploads\/2025\/01\/2-18.webp\" alt=\"custom coffee tumbler bulk\" width=\"900\" height=\"1636\" srcset=\"https:\/\/www.cupssupplier.com\/wp-content\/uploads\/2025\/01\/2-18.webp 900w, https:\/\/www.cupssupplier.com\/wp-content\/uploads\/2025\/01\/2-18-165x300.webp 165w, https:\/\/www.cupssupplier.com\/wp-content\/uploads\/2025\/01\/2-18-563x1024.webp 563w, https:\/\/www.cupssupplier.com\/wp-content\/uploads\/2025\/01\/2-18-768x1396.webp 768w, https:\/\/www.cupssupplier.com\/wp-content\/uploads\/2025\/01\/2-18-845x1536.webp 845w, https:\/\/www.cupssupplier.com\/wp-content\/uploads\/2025\/01\/2-18-300x545.webp 300w, https:\/\/www.cupssupplier.com\/wp-content\/uploads\/2025\/01\/2-18-600x1091.webp 600w\" sizes=\"auto, (max-width: 900px) 100vw, 900px\" title=\"\"><\/p>\n<p><img loading=\"lazy\" decoding=\"async\" class=\"aligncenter wp-image-2011 size-full\" src=\"https:\/\/www.cupssupplier.com\/wp-content\/uploads\/2025\/01\/3-17.webp\" alt=\"custom coffee tumbler bulk\" width=\"900\" height=\"2009\" srcset=\"https:\/\/www.cupssupplier.com\/wp-content\/uploads\/2025\/01\/3-17.webp 900w, https:\/\/www.cupssupplier.com\/wp-content\/uploads\/2025\/01\/3-17-134x300.webp 134w, https:\/\/www.cupssupplier.com\/wp-content\/uploads\/2025\/01\/3-17-459x1024.webp 459w, https:\/\/www.cupssupplier.com\/wp-content\/uploads\/2025\/01\/3-17-768x1714.webp 768w, https:\/\/www.cupssupplier.com\/wp-content\/uploads\/2025\/01\/3-17-688x1536.webp 688w, https:\/\/www.cupssupplier.com\/wp-content\/uploads\/2025\/01\/3-17-300x670.webp 300w, https:\/\/www.cupssupplier.com\/wp-content\/uploads\/2025\/01\/3-17-600x1339.webp 600w\" sizes=\"auto, (max-width: 900px) 100vw, 900px\" title=\"\"><\/p>\n","protected":false},"excerpt":{"rendered":"<p class=\"\" data-start=\"3933\" data-end=\"4311\">Abastece tu empresa o evento con vasos de caf\u00e9 personalizados al por mayor. Estos vasos t\u00e9rmicos y reutilizables se pueden personalizar con logotipos o dise\u00f1os, ideales para regalos corporativos, promociones o reventa. Mant\u00e9n las bebidas calientes o fr\u00edas con estilo mientras promocionas tu marca.<\/p>\n<p class=\"\" data-start=\"4313\" data-end=\"4563\">\n","protected":false},"featured_media":5410,"template":"","meta":{"om_disable_all_campaigns":false},"product_brand":[],"product_cat":[325],"product_tag":[],"class_list":{"0":"post-20443","1":"product","2":"type-product","3":"status-publish","4":"has-post-thumbnail","6":"product_cat-vaso","8":"first","9":"instock","10":"shipping-taxable","11":"product-type-simple"},"_links":{"self":[{"href":"https:\/\/www.cupssupplier.com\/es\/wp-json\/wp\/v2\/product\/20443","targetHints":{"allow":["GET"]}}],"collection":[{"href":"https:\/\/www.cupssupplier.com\/es\/wp-json\/wp\/v2\/product"}],"about":[{"href":"https:\/\/www.cupssupplier.com\/es\/wp-json\/wp\/v2\/types\/product"}],"wp:featuredmedia":[{"embeddable":true,"href":"https:\/\/www.cupssupplier.com\/es\/wp-json\/wp\/v2\/media\/5410"}],"wp:attachment":[{"href":"https:\/\/www.cupssupplier.com\/es\/wp-json\/wp\/v2\/media?parent=20443"}],"wp:term":[{"taxonomy":"product_brand","embeddable":true,"href":"https:\/\/www.cupssupplier.com\/es\/wp-json\/wp\/v2\/product_brand?post=20443"},{"taxonomy":"product_cat","embeddable":true,"href":"https:\/\/www.cupssupplier.com\/es\/wp-json\/wp\/v2\/product_cat?post=20443"},{"taxonomy":"product_tag","embeddable":true,"href":"https:\/\/www.cupssupplier.com\/es\/wp-json\/wp\/v2\/product_tag?post=20443"}],"curies":[{"name":"wp","href":"https:\/\/api.w.org\/{rel}","templated":true}]}}