{"id":20402,"date":"2025-01-08T03:56:13","date_gmt":"2025-01-08T08:56:13","guid":{"rendered":"https:\/\/www.cupssupplier.com\/product\/custom-logo-coffee-tumbler\/"},"modified":"2025-05-19T01:41:15","modified_gmt":"2025-05-19T05:41:15","slug":"custom-logo-coffee-tumbler","status":"publish","type":"product","link":"https:\/\/www.cupssupplier.com\/es\/custom-logo-coffee-tumbler\/","title":{"rendered":"Vaso de Caf\u00e9 Personalizado con Logotipo"},"content":{"rendered":"<p class=\"\" data-start=\"7192\" data-end=\"7256\"><strong data-start=\"7192\" data-end=\"7256\">Vaso de Caf\u00e9 Personalizado con Logotipo \u2013 Venta al por Mayor<\/strong><\/p>\n<p class=\"\" data-start=\"7258\" data-end=\"7364\">Impulsa tu marca con el vers\u00e1til vaso de caf\u00e9 personalizado, dise\u00f1ado para ofrecer funcionalidad y estilo.<\/p>\n<p class=\"\" data-start=\"7366\" data-end=\"7399\"><strong data-start=\"7366\" data-end=\"7397\">Caracter\u00edsticas destacadas:<\/strong><\/p>\n<ul data-start=\"7400\" data-end=\"7942\">\n<li class=\"\" data-start=\"7400\" data-end=\"7498\">\n<p class=\"\" data-start=\"7402\" data-end=\"7498\"><strong data-start=\"7402\" data-end=\"7442\">Impresi\u00f3n de logotipo personalizada:<\/strong> Agrega tu logotipo para dejar una impresi\u00f3n duradera.<\/p>\n<\/li>\n<li class=\"\" data-start=\"7499\" data-end=\"7612\">\n<p class=\"\" data-start=\"7501\" data-end=\"7612\"><strong data-start=\"7501\" data-end=\"7526\">Aislamiento superior:<\/strong> Mantiene el caf\u00e9 caliente hasta por 8 horas y las bebidas fr\u00edas por hasta 12 horas.<\/p>\n<\/li>\n<li class=\"\" data-start=\"7613\" data-end=\"7731\">\n<p class=\"\" data-start=\"7615\" data-end=\"7731\"><strong data-start=\"7615\" data-end=\"7644\">Material de alta calidad:<\/strong> Fabricado en acero inoxidable duradero y libre de BPA, ideal para un uso prolongado.<\/p>\n<\/li>\n<li class=\"\" data-start=\"7732\" data-end=\"7828\">\n<p class=\"\" data-start=\"7734\" data-end=\"7828\"><strong data-start=\"7734\" data-end=\"7763\">Ecol\u00f3gico y reutilizable:<\/strong> Una alternativa elegante y sostenible a los vasos desechables.<\/p>\n<\/li>\n<li class=\"\" data-start=\"7829\" data-end=\"7942\">\n<p class=\"\" data-start=\"7831\" data-end=\"7942\"><strong data-start=\"7831\" data-end=\"7867\">Perfecto para cualquier ocasi\u00f3n:<\/strong> Ideal para regalos corporativos, ferias, campa\u00f1as promocionales o reventa.<\/p>\n<\/li>\n<\/ul>\n<p class=\"\" data-start=\"7944\" data-end=\"8082\">El vaso de caf\u00e9 personalizado con logotipo es una forma elegante y pr\u00e1ctica de promocionar tu marca y mantener satisfechos a tus clientes.<\/p>\n<p><img loading=\"lazy\" decoding=\"async\" class=\"aligncenter wp-image-2067 size-full\" src=\"https:\/\/www.cupssupplier.com\/wp-content\/uploads\/2025\/01\/1-22.webp\" alt=\"custom logo coffee tumbler\" width=\"900\" height=\"3504\" srcset=\"https:\/\/www.cupssupplier.com\/wp-content\/uploads\/2025\/01\/1-22.webp 900w, https:\/\/www.cupssupplier.com\/wp-content\/uploads\/2025\/01\/1-22-77x300.webp 77w, https:\/\/www.cupssupplier.com\/wp-content\/uploads\/2025\/01\/1-22-263x1024.webp 263w, https:\/\/www.cupssupplier.com\/wp-content\/uploads\/2025\/01\/1-22-768x2990.webp 768w, https:\/\/www.cupssupplier.com\/wp-content\/uploads\/2025\/01\/1-22-526x2048.webp 526w, https:\/\/www.cupssupplier.com\/wp-content\/uploads\/2025\/01\/1-22-300x1168.webp 300w, https:\/\/www.cupssupplier.com\/wp-content\/uploads\/2025\/01\/1-22-600x2336.webp 600w\" sizes=\"auto, (max-width: 900px) 100vw, 900px\" title=\"\"><img loading=\"lazy\" decoding=\"async\" class=\"aligncenter wp-image-2068 size-full\" src=\"https:\/\/www.cupssupplier.com\/wp-content\/uploads\/2025\/01\/2-27.webp\" alt=\"custom logo coffee tumbler\" width=\"900\" height=\"2343\" srcset=\"https:\/\/www.cupssupplier.com\/wp-content\/uploads\/2025\/01\/2-27.webp 900w, https:\/\/www.cupssupplier.com\/wp-content\/uploads\/2025\/01\/2-27-115x300.webp 115w, https:\/\/www.cupssupplier.com\/wp-content\/uploads\/2025\/01\/2-27-393x1024.webp 393w, https:\/\/www.cupssupplier.com\/wp-content\/uploads\/2025\/01\/2-27-768x1999.webp 768w, https:\/\/www.cupssupplier.com\/wp-content\/uploads\/2025\/01\/2-27-590x1536.webp 590w, https:\/\/www.cupssupplier.com\/wp-content\/uploads\/2025\/01\/2-27-787x2048.webp 787w, https:\/\/www.cupssupplier.com\/wp-content\/uploads\/2025\/01\/2-27-300x781.webp 300w, https:\/\/www.cupssupplier.com\/wp-content\/uploads\/2025\/01\/2-27-600x1562.webp 600w\" sizes=\"auto, (max-width: 900px) 100vw, 900px\" title=\"\"><img loading=\"lazy\" decoding=\"async\" class=\"aligncenter wp-image-2066 size-full\" src=\"https:\/\/www.cupssupplier.com\/wp-content\/uploads\/2025\/01\/3-25-e1736326501667.webp\" alt=\"custom logo coffee tumbler\" width=\"900\" height=\"1448\" srcset=\"https:\/\/www.cupssupplier.com\/wp-content\/uploads\/2025\/01\/3-25-e1736326501667.webp 900w, https:\/\/www.cupssupplier.com\/wp-content\/uploads\/2025\/01\/3-25-e1736326501667-186x300.webp 186w, https:\/\/www.cupssupplier.com\/wp-content\/uploads\/2025\/01\/3-25-e1736326501667-636x1024.webp 636w, https:\/\/www.cupssupplier.com\/wp-content\/uploads\/2025\/01\/3-25-e1736326501667-768x1236.webp 768w, https:\/\/www.cupssupplier.com\/wp-content\/uploads\/2025\/01\/3-25-e1736326501667-300x483.webp 300w, https:\/\/www.cupssupplier.com\/wp-content\/uploads\/2025\/01\/3-25-e1736326501667-600x965.webp 600w\" sizes=\"auto, (max-width: 900px) 100vw, 900px\" title=\"\"><\/p>\n<p>&nbsp;<\/p>\n<p>&nbsp;<\/p>\n","protected":false},"excerpt":{"rendered":"<p class=\"\" data-start=\"4095\" data-end=\"4433\">Impulsa tu marca con nuestro <strong data-start=\"4124\" data-end=\"4163\">vaso de caf\u00e9 personalizado con logo<\/strong>. Con aislamiento t\u00e9rmico para mantener las bebidas calientes o fr\u00edas durante horas, este vaso duradero y ecol\u00f3gico destaca tu logo con estilo. Perfecto para eventos corporativos, regalos promocionales o venta minorista: la combinaci\u00f3n ideal de funcionalidad y branding.<\/p>\n<p class=\"\" data-start=\"4435\" data-end=\"4493\">\n","protected":false},"featured_media":5839,"template":"","meta":{"om_disable_all_campaigns":false},"product_brand":[],"product_cat":[325],"product_tag":[],"class_list":{"0":"post-20402","1":"product","2":"type-product","3":"status-publish","4":"has-post-thumbnail","6":"product_cat-vaso","8":"first","9":"instock","10":"shipping-taxable","11":"product-type-simple"},"_links":{"self":[{"href":"https:\/\/www.cupssupplier.com\/es\/wp-json\/wp\/v2\/product\/20402","targetHints":{"allow":["GET"]}}],"collection":[{"href":"https:\/\/www.cupssupplier.com\/es\/wp-json\/wp\/v2\/product"}],"about":[{"href":"https:\/\/www.cupssupplier.com\/es\/wp-json\/wp\/v2\/types\/product"}],"wp:featuredmedia":[{"embeddable":true,"href":"https:\/\/www.cupssupplier.com\/es\/wp-json\/wp\/v2\/media\/5839"}],"wp:attachment":[{"href":"https:\/\/www.cupssupplier.com\/es\/wp-json\/wp\/v2\/media?parent=20402"}],"wp:term":[{"taxonomy":"product_brand","embeddable":true,"href":"https:\/\/www.cupssupplier.com\/es\/wp-json\/wp\/v2\/product_brand?post=20402"},{"taxonomy":"product_cat","embeddable":true,"href":"https:\/\/www.cupssupplier.com\/es\/wp-json\/wp\/v2\/product_cat?post=20402"},{"taxonomy":"product_tag","embeddable":true,"href":"https:\/\/www.cupssupplier.com\/es\/wp-json\/wp\/v2\/product_tag?post=20402"}],"curies":[{"name":"wp","href":"https:\/\/api.w.org\/{rel}","templated":true}]}}