{"id":20388,"date":"2025-01-08T04:08:52","date_gmt":"2025-01-08T09:08:52","guid":{"rendered":"https:\/\/www.cupssupplier.com\/product\/custom-coffee-tumbler\/"},"modified":"2025-05-17T23:46:34","modified_gmt":"2025-05-18T03:46:34","slug":"custom-coffee-tumbler","status":"publish","type":"product","link":"https:\/\/www.cupssupplier.com\/es\/custom-coffee-tumbler\/","title":{"rendered":"Vaso de Caf\u00e9 Personalizado al por Mayor"},"content":{"rendered":"<p class=\"\" data-start=\"7631\" data-end=\"7695\"><strong data-start=\"7631\" data-end=\"7695\">Vaso de Caf\u00e9 Personalizado al por Mayor \u2013 Aislado y Elegante<\/strong><\/p>\n<p class=\"\" data-start=\"7697\" data-end=\"7827\">Impresiona con el Vaso de Caf\u00e9 Personalizado, dise\u00f1ado para ofrecer funcionalidad y oportunidades de marca. Caracter\u00edsticas clave:<\/p>\n<ul data-start=\"7829\" data-end=\"8284\">\n<li class=\"\" data-start=\"7829\" data-end=\"7918\">\n<p class=\"\" data-start=\"7831\" data-end=\"7918\"><strong data-start=\"7831\" data-end=\"7856\">Dise\u00f1o Personalizable<\/strong>: Agrega tu logotipo o dise\u00f1o para una apariencia profesional.<\/p>\n<\/li>\n<li class=\"\" data-start=\"7919\" data-end=\"8021\">\n<p class=\"\" data-start=\"7921\" data-end=\"8021\"><strong data-start=\"7921\" data-end=\"7944\">Rendimiento T\u00e9rmico<\/strong>: Mantiene el caf\u00e9 caliente hasta 8 horas y las bebidas fr\u00edas hasta 12 horas.<\/p>\n<\/li>\n<li class=\"\" data-start=\"8022\" data-end=\"8109\">\n<p class=\"\" data-start=\"8024\" data-end=\"8109\"><strong data-start=\"8024\" data-end=\"8054\">Materiales de Alta Calidad<\/strong>: Acero inoxidable libre de BPA, resistente y duradero.<\/p>\n<\/li>\n<li class=\"\" data-start=\"8110\" data-end=\"8186\">\n<p class=\"\" data-start=\"8112\" data-end=\"8186\"><strong data-start=\"8112\" data-end=\"8140\">Ecol\u00f3gico y Reutilizable<\/strong>: Una opci\u00f3n sostenible para reducir residuos.<\/p>\n<\/li>\n<li class=\"\" data-start=\"8187\" data-end=\"8284\">\n<p class=\"\" data-start=\"8189\" data-end=\"8284\"><strong data-start=\"8189\" data-end=\"8205\">Uso Vers\u00e1til<\/strong>: Ideal para regalos corporativos, campa\u00f1as promocionales o regalos personales.<\/p>\n<\/li>\n<\/ul>\n<p class=\"\" data-start=\"8286\" data-end=\"8434\">El Vaso de Caf\u00e9 Personalizado combina estilo y funcionalidad, convirti\u00e9ndose en el art\u00edculo promocional o regalo perfecto para representar tu marca.<\/p>\n<p><img loading=\"lazy\" decoding=\"async\" class=\"aligncenter wp-image-2079 \" src=\"https:\/\/www.cupssupplier.com\/wp-content\/uploads\/2025\/01\/4-25.webp\" alt=\"custom coffee tumbler\" width=\"956\" height=\"1353\" srcset=\"https:\/\/www.cupssupplier.com\/wp-content\/uploads\/2025\/01\/4-25.webp 678w, https:\/\/www.cupssupplier.com\/wp-content\/uploads\/2025\/01\/4-25-212x300.webp 212w, https:\/\/www.cupssupplier.com\/wp-content\/uploads\/2025\/01\/4-25-300x425.webp 300w, https:\/\/www.cupssupplier.com\/wp-content\/uploads\/2025\/01\/4-25-600x850.webp 600w\" sizes=\"auto, (max-width: 956px) 100vw, 956px\" title=\"\"><img loading=\"lazy\" decoding=\"async\" class=\"aligncenter wp-image-2080 size-full\" src=\"https:\/\/www.cupssupplier.com\/wp-content\/uploads\/2025\/01\/5-22.webp\" alt=\"custom coffee tumbler\" width=\"960\" height=\"960\" srcset=\"https:\/\/www.cupssupplier.com\/wp-content\/uploads\/2025\/01\/5-22.webp 960w, https:\/\/www.cupssupplier.com\/wp-content\/uploads\/2025\/01\/5-22-300x300.webp 300w, https:\/\/www.cupssupplier.com\/wp-content\/uploads\/2025\/01\/5-22-150x150.webp 150w, https:\/\/www.cupssupplier.com\/wp-content\/uploads\/2025\/01\/5-22-768x768.webp 768w, https:\/\/www.cupssupplier.com\/wp-content\/uploads\/2025\/01\/5-22-600x600.webp 600w, https:\/\/www.cupssupplier.com\/wp-content\/uploads\/2025\/01\/5-22-100x100.webp 100w\" sizes=\"auto, (max-width: 960px) 100vw, 960px\" title=\"\"><img loading=\"lazy\" decoding=\"async\" class=\"aligncenter wp-image-2081\" src=\"https:\/\/www.cupssupplier.com\/wp-content\/uploads\/2025\/01\/6-17.webp\" alt=\"custom coffee tumbler\" width=\"960\" height=\"1120\" srcset=\"https:\/\/www.cupssupplier.com\/wp-content\/uploads\/2025\/01\/6-17.webp 823w, https:\/\/www.cupssupplier.com\/wp-content\/uploads\/2025\/01\/6-17-257x300.webp 257w, https:\/\/www.cupssupplier.com\/wp-content\/uploads\/2025\/01\/6-17-768x896.webp 768w, https:\/\/www.cupssupplier.com\/wp-content\/uploads\/2025\/01\/6-17-300x350.webp 300w, https:\/\/www.cupssupplier.com\/wp-content\/uploads\/2025\/01\/6-17-600x700.webp 600w\" sizes=\"auto, (max-width: 960px) 100vw, 960px\" title=\"\"><img loading=\"lazy\" decoding=\"async\" class=\"wp-image-2082 aligncenter\" src=\"https:\/\/www.cupssupplier.com\/wp-content\/uploads\/2025\/01\/7-2.webp\" alt=\"custom coffee tumbler\" width=\"960\" height=\"1489\" srcset=\"https:\/\/www.cupssupplier.com\/wp-content\/uploads\/2025\/01\/7-2.webp 619w, https:\/\/www.cupssupplier.com\/wp-content\/uploads\/2025\/01\/7-2-193x300.webp 193w, https:\/\/www.cupssupplier.com\/wp-content\/uploads\/2025\/01\/7-2-300x465.webp 300w, https:\/\/www.cupssupplier.com\/wp-content\/uploads\/2025\/01\/7-2-600x931.webp 600w\" sizes=\"auto, (max-width: 960px) 100vw, 960px\" title=\"\"><\/p>\n","protected":false},"excerpt":{"rendered":"<p class=\"\" data-start=\"8436\" data-end=\"8671\">Haz que tu marca destaque con nuestro Vaso de Caf\u00e9 Personalizado. Aislado para mantener la temperatura perfecta, este vaso duradero y ecol\u00f3gico est\u00e1 dise\u00f1ado para personalizarse. Ideal para promociones, regalos de empresa o uso diario.<\/p>\n<p class=\"\" data-start=\"8673\" data-end=\"8728\">\n","protected":false},"featured_media":5960,"template":"","meta":{"om_disable_all_campaigns":false},"product_brand":[],"product_cat":[325],"product_tag":[],"class_list":{"0":"post-20388","1":"product","2":"type-product","3":"status-publish","4":"has-post-thumbnail","6":"product_cat-vaso","8":"first","9":"instock","10":"shipping-taxable","11":"product-type-simple"},"_links":{"self":[{"href":"https:\/\/www.cupssupplier.com\/es\/wp-json\/wp\/v2\/product\/20388","targetHints":{"allow":["GET"]}}],"collection":[{"href":"https:\/\/www.cupssupplier.com\/es\/wp-json\/wp\/v2\/product"}],"about":[{"href":"https:\/\/www.cupssupplier.com\/es\/wp-json\/wp\/v2\/types\/product"}],"wp:featuredmedia":[{"embeddable":true,"href":"https:\/\/www.cupssupplier.com\/es\/wp-json\/wp\/v2\/media\/5960"}],"wp:attachment":[{"href":"https:\/\/www.cupssupplier.com\/es\/wp-json\/wp\/v2\/media?parent=20388"}],"wp:term":[{"taxonomy":"product_brand","embeddable":true,"href":"https:\/\/www.cupssupplier.com\/es\/wp-json\/wp\/v2\/product_brand?post=20388"},{"taxonomy":"product_cat","embeddable":true,"href":"https:\/\/www.cupssupplier.com\/es\/wp-json\/wp\/v2\/product_cat?post=20388"},{"taxonomy":"product_tag","embeddable":true,"href":"https:\/\/www.cupssupplier.com\/es\/wp-json\/wp\/v2\/product_tag?post=20388"}],"curies":[{"name":"wp","href":"https:\/\/api.w.org\/{rel}","templated":true}]}}