{"id":20373,"date":"2025-01-09T03:39:31","date_gmt":"2025-01-09T08:39:31","guid":{"rendered":"https:\/\/www.cupssupplier.com\/product\/custom-insulated-coffee-tumbler\/"},"modified":"2025-05-17T23:21:10","modified_gmt":"2025-05-18T03:21:10","slug":"custom-insulated-coffee-tumbler","status":"publish","type":"product","link":"https:\/\/www.cupssupplier.com\/es\/custom-insulated-coffee-tumbler\/","title":{"rendered":"Vaso T\u00e9rmico de Caf\u00e9 Personalizado"},"content":{"rendered":"<h3 class=\"\" data-start=\"7563\" data-end=\"7637\"><strong data-start=\"7572\" data-end=\"7637\">Vaso T\u00e9rmico de Caf\u00e9 Personalizado \u2013 Ecol\u00f3gico &amp; Reutilizable<\/strong><\/h3>\n<p class=\"\" data-start=\"7639\" data-end=\"7762\">Impulsa tu marca con el Vaso T\u00e9rmico de Caf\u00e9 Personalizado, que combina funcionalidad y estilo. Caracter\u00edsticas destacadas:<\/p>\n<ul data-start=\"7764\" data-end=\"8235\">\n<li class=\"\" data-start=\"7764\" data-end=\"7855\">\n<p class=\"\" data-start=\"7766\" data-end=\"7855\"><strong data-start=\"7766\" data-end=\"7791\">Dise\u00f1o Personalizable<\/strong>: Agrega tu logo o dise\u00f1o exclusivo para un toque profesional.<\/p>\n<\/li>\n<li class=\"\" data-start=\"7856\" data-end=\"7967\">\n<p class=\"\" data-start=\"7858\" data-end=\"7967\"><strong data-start=\"7858\" data-end=\"7888\">Aislamiento de Doble Pared<\/strong>: Mantiene el caf\u00e9 caliente hasta 8 horas y las bebidas fr\u00edas hasta 12 horas.<\/p>\n<\/li>\n<li class=\"\" data-start=\"7968\" data-end=\"8059\">\n<p class=\"\" data-start=\"7970\" data-end=\"8059\"><strong data-start=\"7970\" data-end=\"7995\">Construcci\u00f3n Duradera<\/strong>: Fabricado con acero inoxidable libre de BPA de alta calidad.<\/p>\n<\/li>\n<li class=\"\" data-start=\"8060\" data-end=\"8145\">\n<p class=\"\" data-start=\"8062\" data-end=\"8145\"><strong data-start=\"8062\" data-end=\"8090\">Ecol\u00f3gico y Reutilizable<\/strong>: Una alternativa sostenible a los vasos desechables.<\/p>\n<\/li>\n<li class=\"\" data-start=\"8146\" data-end=\"8235\">\n<p class=\"\" data-start=\"8148\" data-end=\"8235\"><strong data-start=\"8148\" data-end=\"8170\">Vers\u00e1til y Moderno<\/strong>: Perfecto para oficina, viajes, actividades al aire libre y m\u00e1s.<\/p>\n<\/li>\n<\/ul>\n<p class=\"\" data-start=\"8237\" data-end=\"8366\">El Vaso T\u00e9rmico de Caf\u00e9 Personalizado es el art\u00edculo promocional ideal para representar tu marca mientras aporta utilidad diaria.<\/p>\n<table>\n<tbody>\n<tr data-start=\"6260\" data-end=\"6350\">\n<td data-start=\"6260\" data-end=\"6282\" data-col-size=\"sm\"><strong data-start=\"6262\" data-end=\"6271\">Color<\/strong><\/td>\n<td data-start=\"6282\" data-end=\"6350\" data-col-size=\"md\">Colores personalizados aceptados<\/td>\n<\/tr>\n<\/tbody>\n<\/table>\n<table>\n<tbody>\n<tr data-start=\"6351\" data-end=\"6441\">\n<td data-start=\"6351\" data-end=\"6373\" data-col-size=\"sm\"><strong data-start=\"6353\" data-end=\"6366\">Capacidad<\/strong><\/td>\n<td data-start=\"6373\" data-end=\"6441\" data-col-size=\"md\">16 oz<\/td>\n<\/tr>\n<\/tbody>\n<\/table>\n<table>\n<tbody>\n<tr data-start=\"6442\" data-end=\"6532\">\n<td data-start=\"6442\" data-end=\"6464\" data-col-size=\"sm\"><strong data-start=\"6444\" data-end=\"6456\">Logotipo<\/strong><\/td>\n<td data-start=\"6464\" data-end=\"6532\" data-col-size=\"md\">Logotipo personalizado (serigraf\u00eda \/ l\u00e1ser \/ transfer)<\/td>\n<\/tr>\n<\/tbody>\n<\/table>\n<table>\n<tbody>\n<tr data-start=\"6533\" data-end=\"6623\">\n<td data-start=\"6533\" data-end=\"6555\" data-col-size=\"sm\"><strong data-start=\"6535\" data-end=\"6547\">Embalaje<\/strong><\/td>\n<td data-start=\"6555\" data-end=\"6623\" data-col-size=\"md\">Caja de color \/ Caja blanca \/ Bolsa de burbujas<\/td>\n<\/tr>\n<\/tbody>\n<\/table>\n<table>\n<tbody>\n<tr data-start=\"6624\" data-end=\"6714\">\n<td data-start=\"6624\" data-end=\"6646\" data-col-size=\"sm\"><strong data-start=\"6626\" data-end=\"6637\">Funci\u00f3n<\/strong><\/td>\n<td data-col-size=\"md\" data-start=\"6646\" data-end=\"6714\">Beber agua, leche, caf\u00e9 o t\u00e9<\/td>\n<\/tr>\n<\/tbody>\n<\/table>\n<table>\n<tbody>\n<tr data-start=\"6715\" data-end=\"6805\">\n<td data-start=\"6715\" data-end=\"6737\" data-col-size=\"sm\"><strong data-start=\"6717\" data-end=\"6729\">Material<\/strong><\/td>\n<td data-col-size=\"md\" data-start=\"6737\" data-end=\"6805\">Acero inoxidable 304<\/td>\n<\/tr>\n<\/tbody>\n<\/table>\n<table>\n<tbody>\n<tr data-start=\"6806\" data-end=\"6896\">\n<td data-start=\"6806\" data-end=\"6828\" data-col-size=\"sm\"><strong data-start=\"6808\" data-end=\"6816\">Tapa<\/strong><\/td>\n<td data-col-size=\"md\" data-start=\"6828\" data-end=\"6896\">Tapa de PP 100 % libre de BPA<\/td>\n<\/tr>\n<\/tbody>\n<\/table>\n<table>\n<tbody>\n<tr data-start=\"6897\" data-end=\"6987\">\n<td data-start=\"6897\" data-end=\"6919\" data-col-size=\"sm\"><strong data-start=\"6899\" data-end=\"6906\">Uso<\/strong><\/td>\n<td data-col-size=\"md\" data-start=\"6919\" data-end=\"6987\">Mantener bebidas calientes o fr\u00edas<\/td>\n<\/tr>\n<\/tbody>\n<\/table>\n<table>\n<tbody>\n<tr data-start=\"6988\" data-end=\"7078\">\n<td data-start=\"6988\" data-end=\"7010\" data-col-size=\"sm\"><strong data-start=\"6990\" data-end=\"7004\">Tecnolog\u00eda<\/strong><\/td>\n<td data-col-size=\"md\" data-start=\"7010\" data-end=\"7078\">Revestimiento en polvo \/ Pintura en spray \/ Galvanizado<\/td>\n<\/tr>\n<\/tbody>\n<\/table>\n<p><!--more--><\/p>\n<p><img loading=\"lazy\" decoding=\"async\" class=\"aligncenter wp-image-2098 size-full\" src=\"https:\/\/www.cupssupplier.com\/wp-content\/uploads\/2025\/01\/2-31.webp\" alt=\"\u5b9a\u5236\u9694\u70ed\u5496\u5561\u676f\" width=\"900\" height=\"3003\" srcset=\"https:\/\/www.cupssupplier.com\/wp-content\/uploads\/2025\/01\/2-31.webp 900w, https:\/\/www.cupssupplier.com\/wp-content\/uploads\/2025\/01\/2-31-90x300.webp 90w, https:\/\/www.cupssupplier.com\/wp-content\/uploads\/2025\/01\/2-31-307x1024.webp 307w, https:\/\/www.cupssupplier.com\/wp-content\/uploads\/2025\/01\/2-31-768x2563.webp 768w, https:\/\/www.cupssupplier.com\/wp-content\/uploads\/2025\/01\/2-31-460x1536.webp 460w, https:\/\/www.cupssupplier.com\/wp-content\/uploads\/2025\/01\/2-31-614x2048.webp 614w, https:\/\/www.cupssupplier.com\/wp-content\/uploads\/2025\/01\/2-31-300x1001.webp 300w, https:\/\/www.cupssupplier.com\/wp-content\/uploads\/2025\/01\/2-31-600x2002.webp 600w\" sizes=\"auto, (max-width: 900px) 100vw, 900px\" title=\"\"> <img loading=\"lazy\" decoding=\"async\" class=\"aligncenter wp-image-2099 size-full\" src=\"https:\/\/www.cupssupplier.com\/wp-content\/uploads\/2025\/01\/3-30.webp\" alt=\"\u5b9a\u5236\u9694\u70ed\u5496\u5561\u676f\" width=\"900\" height=\"1814\" srcset=\"https:\/\/www.cupssupplier.com\/wp-content\/uploads\/2025\/01\/3-30.webp 900w, https:\/\/www.cupssupplier.com\/wp-content\/uploads\/2025\/01\/3-30-149x300.webp 149w, https:\/\/www.cupssupplier.com\/wp-content\/uploads\/2025\/01\/3-30-508x1024.webp 508w, https:\/\/www.cupssupplier.com\/wp-content\/uploads\/2025\/01\/3-30-768x1548.webp 768w, https:\/\/www.cupssupplier.com\/wp-content\/uploads\/2025\/01\/3-30-762x1536.webp 762w, https:\/\/www.cupssupplier.com\/wp-content\/uploads\/2025\/01\/3-30-300x605.webp 300w, https:\/\/www.cupssupplier.com\/wp-content\/uploads\/2025\/01\/3-30-600x1209.webp 600w\" sizes=\"auto, (max-width: 900px) 100vw, 900px\" title=\"\"> <img loading=\"lazy\" decoding=\"async\" class=\"aligncenter wp-image-2100 size-full\" src=\"https:\/\/www.cupssupplier.com\/wp-content\/uploads\/2025\/01\/5-24-e1736411684827.webp\" alt=\"\u5b9a\u5236\u9694\u70ed\u5496\u5561\u676f\" width=\"900\" height=\"2810\" srcset=\"https:\/\/www.cupssupplier.com\/wp-content\/uploads\/2025\/01\/5-24-e1736411684827.webp 900w, https:\/\/www.cupssupplier.com\/wp-content\/uploads\/2025\/01\/5-24-e1736411684827-96x300.webp 96w, https:\/\/www.cupssupplier.com\/wp-content\/uploads\/2025\/01\/5-24-e1736411684827-328x1024.webp 328w, https:\/\/www.cupssupplier.com\/wp-content\/uploads\/2025\/01\/5-24-e1736411684827-768x2398.webp 768w, https:\/\/www.cupssupplier.com\/wp-content\/uploads\/2025\/01\/5-24-e1736411684827-492x1536.webp 492w, https:\/\/www.cupssupplier.com\/wp-content\/uploads\/2025\/01\/5-24-e1736411684827-656x2048.webp 656w, https:\/\/www.cupssupplier.com\/wp-content\/uploads\/2025\/01\/5-24-e1736411684827-300x937.webp 300w, https:\/\/www.cupssupplier.com\/wp-content\/uploads\/2025\/01\/5-24-e1736411684827-600x1873.webp 600w\" sizes=\"auto, (max-width: 900px) 100vw, 900px\" title=\"\"><\/p>\n","protected":false},"excerpt":{"rendered":"<p class=\"\" data-start=\"8368\" data-end=\"8623\">Mantente hidratado y muestra tu marca con nuestro vaso t\u00e9rmico personalizado. Dise\u00f1ado para conservar bebidas calientes o fr\u00edas por horas, es duradero, ecol\u00f3gico y se puede personalizar. Ideal para regalos corporativos, eventos promocionales o uso diario.<\/p>\n<p class=\"\" data-start=\"8625\" data-end=\"8778\">\n","protected":false},"featured_media":6103,"template":"","meta":{"om_disable_all_campaigns":false},"product_brand":[],"product_cat":[325],"product_tag":[],"class_list":{"0":"post-20373","1":"product","2":"type-product","3":"status-publish","4":"has-post-thumbnail","6":"product_cat-vaso","8":"first","9":"instock","10":"shipping-taxable","11":"product-type-simple"},"_links":{"self":[{"href":"https:\/\/www.cupssupplier.com\/es\/wp-json\/wp\/v2\/product\/20373","targetHints":{"allow":["GET"]}}],"collection":[{"href":"https:\/\/www.cupssupplier.com\/es\/wp-json\/wp\/v2\/product"}],"about":[{"href":"https:\/\/www.cupssupplier.com\/es\/wp-json\/wp\/v2\/types\/product"}],"wp:featuredmedia":[{"embeddable":true,"href":"https:\/\/www.cupssupplier.com\/es\/wp-json\/wp\/v2\/media\/6103"}],"wp:attachment":[{"href":"https:\/\/www.cupssupplier.com\/es\/wp-json\/wp\/v2\/media?parent=20373"}],"wp:term":[{"taxonomy":"product_brand","embeddable":true,"href":"https:\/\/www.cupssupplier.com\/es\/wp-json\/wp\/v2\/product_brand?post=20373"},{"taxonomy":"product_cat","embeddable":true,"href":"https:\/\/www.cupssupplier.com\/es\/wp-json\/wp\/v2\/product_cat?post=20373"},{"taxonomy":"product_tag","embeddable":true,"href":"https:\/\/www.cupssupplier.com\/es\/wp-json\/wp\/v2\/product_tag?post=20373"}],"curies":[{"name":"wp","href":"https:\/\/api.w.org\/{rel}","templated":true}]}}