{"id":20359,"date":"2025-01-09T03:52:15","date_gmt":"2025-01-09T08:52:15","guid":{"rendered":"https:\/\/www.cupssupplier.com\/product\/custom-coffee-thermos\/"},"modified":"2025-05-17T03:04:41","modified_gmt":"2025-05-17T07:04:41","slug":"custom-coffee-thermos","status":"publish","type":"product","link":"https:\/\/www.cupssupplier.com\/es\/custom-coffee-thermos\/","title":{"rendered":"Termo de Caf\u00e9 Personalizado"},"content":{"rendered":"<p class=\"\" data-start=\"8680\" data-end=\"8744\"><strong data-start=\"8680\" data-end=\"8744\">Termo de Caf\u00e9 Personalizado \u2013 Botella Aislada y Reutilizable<\/strong><\/p>\n<p class=\"\" data-start=\"8746\" data-end=\"8898\">Potencia tu marca con el Termo de Caf\u00e9 Personalizado, que ofrece un rendimiento superior y m\u00faltiples opciones de personalizaci\u00f3n. Caracter\u00edsticas clave:<\/p>\n<ul data-start=\"8900\" data-end=\"9423\">\n<li class=\"\" data-start=\"8900\" data-end=\"8997\">\n<p class=\"\" data-start=\"8902\" data-end=\"8997\"><strong data-start=\"8902\" data-end=\"8927\">Dise\u00f1o Personalizable<\/strong>: Agrega tu logotipo o dise\u00f1o para crear un termo \u00fanico y profesional.<\/p>\n<\/li>\n<li class=\"\" data-start=\"8998\" data-end=\"9109\">\n<p class=\"\" data-start=\"9000\" data-end=\"9109\"><strong data-start=\"9000\" data-end=\"9031\">Aislamiento de Alta Calidad<\/strong>: Mantiene el caf\u00e9 caliente hasta 12 horas y las bebidas fr\u00edas hasta 24 horas.<\/p>\n<\/li>\n<li class=\"\" data-start=\"9110\" data-end=\"9223\">\n<p class=\"\" data-start=\"9112\" data-end=\"9223\"><strong data-start=\"9112\" data-end=\"9142\">Materiales de Alta Calidad<\/strong>: Fabricado en acero inoxidable duradero, libre de BPA, para una larga vida \u00fatil.<\/p>\n<\/li>\n<li class=\"\" data-start=\"9224\" data-end=\"9324\">\n<p class=\"\" data-start=\"9226\" data-end=\"9324\"><strong data-start=\"9226\" data-end=\"9254\">Ecol\u00f3gico y Reutilizable<\/strong>: Alternativa sostenible a los vasos desechables, reduciendo residuos.<\/p>\n<\/li>\n<li class=\"\" data-start=\"9325\" data-end=\"9423\">\n<p class=\"\" data-start=\"9327\" data-end=\"9423\"><strong data-start=\"9327\" data-end=\"9350\">Vers\u00e1til y Port\u00e1til<\/strong>: Ideal para el trabajo, viajes, actividades al aire libre o como regalo.<\/p>\n<\/li>\n<\/ul>\n<p class=\"\" data-start=\"9425\" data-end=\"9595\">El Termo de Caf\u00e9 Personalizado combina funcionalidad, estilo e imagen de marca, siendo perfecto para eventos corporativos, campa\u00f1as promocionales y regalos para clientes.<\/p>\n<p><!--more--><br \/>\n<img loading=\"lazy\" decoding=\"async\" class=\"wp-image-2111 size-full aligncenter\" src=\"https:\/\/www.cupssupplier.com\/wp-content\/uploads\/2025\/01\/2-33.webp\" alt=\"custom coffee thermos\" width=\"1000\" height=\"3841\" srcset=\"https:\/\/www.cupssupplier.com\/wp-content\/uploads\/2025\/01\/2-33.webp 1000w, https:\/\/www.cupssupplier.com\/wp-content\/uploads\/2025\/01\/2-33-78x300.webp 78w, https:\/\/www.cupssupplier.com\/wp-content\/uploads\/2025\/01\/2-33-768x2950.webp 768w, https:\/\/www.cupssupplier.com\/wp-content\/uploads\/2025\/01\/2-33-400x1536.webp 400w, https:\/\/www.cupssupplier.com\/wp-content\/uploads\/2025\/01\/2-33-533x2048.webp 533w, https:\/\/www.cupssupplier.com\/wp-content\/uploads\/2025\/01\/2-33-300x1152.webp 300w, https:\/\/www.cupssupplier.com\/wp-content\/uploads\/2025\/01\/2-33-600x2305.webp 600w\" sizes=\"auto, (max-width: 1000px) 100vw, 1000px\" title=\"\"><img loading=\"lazy\" decoding=\"async\" class=\"wp-image-2112 size-full aligncenter\" src=\"https:\/\/www.cupssupplier.com\/wp-content\/uploads\/2025\/01\/3-32.webp\" alt=\"custom coffee thermos\" width=\"1000\" height=\"4244\" srcset=\"https:\/\/www.cupssupplier.com\/wp-content\/uploads\/2025\/01\/3-32.webp 1000w, https:\/\/www.cupssupplier.com\/wp-content\/uploads\/2025\/01\/3-32-71x300.webp 71w, https:\/\/www.cupssupplier.com\/wp-content\/uploads\/2025\/01\/3-32-241x1024.webp 241w, https:\/\/www.cupssupplier.com\/wp-content\/uploads\/2025\/01\/3-32-768x3259.webp 768w, https:\/\/www.cupssupplier.com\/wp-content\/uploads\/2025\/01\/3-32-362x1536.webp 362w, https:\/\/www.cupssupplier.com\/wp-content\/uploads\/2025\/01\/3-32-300x1273.webp 300w, https:\/\/www.cupssupplier.com\/wp-content\/uploads\/2025\/01\/3-32-600x2546.webp 600w\" sizes=\"auto, (max-width: 1000px) 100vw, 1000px\" title=\"\"><br \/>\n<img loading=\"lazy\" decoding=\"async\" class=\"aligncenter wp-image-2110 size-full\" src=\"https:\/\/www.cupssupplier.com\/wp-content\/uploads\/2025\/01\/4-29-e1736412706328.webp\" alt=\"custom coffee thermos\" width=\"1000\" height=\"3140\" srcset=\"https:\/\/www.cupssupplier.com\/wp-content\/uploads\/2025\/01\/4-29-e1736412706328.webp 1000w, https:\/\/www.cupssupplier.com\/wp-content\/uploads\/2025\/01\/4-29-e1736412706328-96x300.webp 96w, https:\/\/www.cupssupplier.com\/wp-content\/uploads\/2025\/01\/4-29-e1736412706328-326x1024.webp 326w, https:\/\/www.cupssupplier.com\/wp-content\/uploads\/2025\/01\/4-29-e1736412706328-768x2412.webp 768w, https:\/\/www.cupssupplier.com\/wp-content\/uploads\/2025\/01\/4-29-e1736412706328-489x1536.webp 489w, https:\/\/www.cupssupplier.com\/wp-content\/uploads\/2025\/01\/4-29-e1736412706328-652x2048.webp 652w, https:\/\/www.cupssupplier.com\/wp-content\/uploads\/2025\/01\/4-29-e1736412706328-300x942.webp 300w, https:\/\/www.cupssupplier.com\/wp-content\/uploads\/2025\/01\/4-29-e1736412706328-600x1884.webp 600w\" sizes=\"auto, (max-width: 1000px) 100vw, 1000px\" title=\"\"><\/p>\n","protected":false},"excerpt":{"rendered":"<p class=\"\" data-start=\"9597\" data-end=\"9931\">Mant\u00e9n tus bebidas a la temperatura ideal con nuestro Termo de Caf\u00e9 Personalizado. Elegante y resistente, puede personalizarse con tu logotipo \u2013 ideal para regalos corporativos, eventos promocionales o el uso diario. Dise\u00f1ado con un excelente aislamiento y funcionalidad ecol\u00f3gica, es perfecto para los amantes del caf\u00e9 en movimiento.<\/p>\n<p class=\"\" data-start=\"9933\" data-end=\"9997\">\n","protected":false},"featured_media":6246,"template":"","meta":{"om_disable_all_campaigns":false},"product_brand":[],"product_cat":[325],"product_tag":[],"class_list":{"0":"post-20359","1":"product","2":"type-product","3":"status-publish","4":"has-post-thumbnail","6":"product_cat-vaso","8":"first","9":"instock","10":"shipping-taxable","11":"product-type-simple"},"_links":{"self":[{"href":"https:\/\/www.cupssupplier.com\/es\/wp-json\/wp\/v2\/product\/20359","targetHints":{"allow":["GET"]}}],"collection":[{"href":"https:\/\/www.cupssupplier.com\/es\/wp-json\/wp\/v2\/product"}],"about":[{"href":"https:\/\/www.cupssupplier.com\/es\/wp-json\/wp\/v2\/types\/product"}],"wp:featuredmedia":[{"embeddable":true,"href":"https:\/\/www.cupssupplier.com\/es\/wp-json\/wp\/v2\/media\/6246"}],"wp:attachment":[{"href":"https:\/\/www.cupssupplier.com\/es\/wp-json\/wp\/v2\/media?parent=20359"}],"wp:term":[{"taxonomy":"product_brand","embeddable":true,"href":"https:\/\/www.cupssupplier.com\/es\/wp-json\/wp\/v2\/product_brand?post=20359"},{"taxonomy":"product_cat","embeddable":true,"href":"https:\/\/www.cupssupplier.com\/es\/wp-json\/wp\/v2\/product_cat?post=20359"},{"taxonomy":"product_tag","embeddable":true,"href":"https:\/\/www.cupssupplier.com\/es\/wp-json\/wp\/v2\/product_tag?post=20359"}],"curies":[{"name":"wp","href":"https:\/\/api.w.org\/{rel}","templated":true}]}}