{"id":20333,"date":"2025-01-10T02:30:55","date_gmt":"2025-01-10T07:30:55","guid":{"rendered":"https:\/\/www.cupssupplier.com\/product\/personalised-childrens-bottles\/"},"modified":"2025-05-17T02:08:00","modified_gmt":"2025-05-17T06:08:00","slug":"personalised-childrens-bottles","status":"publish","type":"product","link":"https:\/\/www.cupssupplier.com\/es\/personalised-childrens-bottles\/","title":{"rendered":"Botellas Personalizadas para Ni\u00f1os"},"content":{"rendered":"<p class=\"\" data-start=\"8163\" data-end=\"8228\"><strong data-start=\"8163\" data-end=\"8228\">Botellas Personalizadas para Ni\u00f1os \u2013 Resistentes y Divertidas<\/strong><\/p>\n<p class=\"\" data-start=\"8230\" data-end=\"8442\">Las botellas personalizadas para ni\u00f1os son perfectas para motivar a los peque\u00f1os a mantenerse hidratados. Dise\u00f1adas para ser duraderas y pr\u00e1cticas, son ideales para la escuela, el deporte y las aventuras diarias.<\/p>\n<p class=\"\" data-start=\"8444\" data-end=\"8977\"><strong data-start=\"8444\" data-end=\"8471\">Dise\u00f1os Personalizables<\/strong>: A\u00f1ade nombres, personajes o dibujos para un toque \u00fanico.<br data-start=\"8529\" data-end=\"8532\" \/><strong data-start=\"8532\" data-end=\"8568\">Materiales Seguros y Resistentes<\/strong>: Fabricadas con materiales de grado alimenticio sin BPA, seguras para el uso diario.<br data-start=\"8653\" data-end=\"8656\" \/><strong data-start=\"8656\" data-end=\"8691\">Antiderrames y Aptas para Ni\u00f1os<\/strong>: Tapas f\u00e1ciles de usar que evitan derrames, perfectas para ni\u00f1os activos.<br data-start=\"8765\" data-end=\"8768\" \/><strong data-start=\"8768\" data-end=\"8792\">Ligeras y Port\u00e1tiles<\/strong>: F\u00e1ciles de llevar en mochilas escolares, bolsos deportivos o mochilas de paseo.<br data-start=\"8873\" data-end=\"8876\" \/><strong data-start=\"8876\" data-end=\"8898\">Soluci\u00f3n Ecol\u00f3gica<\/strong>: Opci\u00f3n reutilizable que ayuda a reducir residuos y fomenta la sostenibilidad.<\/p>\n<p class=\"\" data-start=\"8979\" data-end=\"9171\">Las botellas personalizadas para ni\u00f1os son regalos ideales, \u00fatiles escolares o accesorios de equipo. Combinan funcionalidad con un dise\u00f1o divertido y personalizado que a los ni\u00f1os les encanta.<\/p>\n<p>&nbsp;<\/p>\n<p><img loading=\"lazy\" decoding=\"async\" class=\"wp-image-2142 size-full aligncenter\" src=\"https:\/\/www.cupssupplier.com\/wp-content\/uploads\/2025\/01\/2-37.webp\" alt=\"personalised childrens bottles\" width=\"750\" height=\"4141\" srcset=\"https:\/\/www.cupssupplier.com\/wp-content\/uploads\/2025\/01\/2-37.webp 750w, https:\/\/www.cupssupplier.com\/wp-content\/uploads\/2025\/01\/2-37-278x1536.webp 278w, https:\/\/www.cupssupplier.com\/wp-content\/uploads\/2025\/01\/2-37-371x2048.webp 371w, https:\/\/www.cupssupplier.com\/wp-content\/uploads\/2025\/01\/2-37-300x1656.webp 300w, https:\/\/www.cupssupplier.com\/wp-content\/uploads\/2025\/01\/2-37-600x3313.webp 600w\" sizes=\"auto, (max-width: 750px) 100vw, 750px\" title=\"\"><\/p>\n<p><img loading=\"lazy\" decoding=\"async\" class=\"wp-image-2143 size-full aligncenter\" src=\"https:\/\/www.cupssupplier.com\/wp-content\/uploads\/2025\/01\/3-36.webp\" alt=\"personalised childrens bottles\" width=\"750\" height=\"2904\" srcset=\"https:\/\/www.cupssupplier.com\/wp-content\/uploads\/2025\/01\/3-36.webp 750w, https:\/\/www.cupssupplier.com\/wp-content\/uploads\/2025\/01\/3-36-397x1536.webp 397w, https:\/\/www.cupssupplier.com\/wp-content\/uploads\/2025\/01\/3-36-529x2048.webp 529w, https:\/\/www.cupssupplier.com\/wp-content\/uploads\/2025\/01\/3-36-300x1162.webp 300w, https:\/\/www.cupssupplier.com\/wp-content\/uploads\/2025\/01\/3-36-600x2323.webp 600w\" sizes=\"auto, (max-width: 750px) 100vw, 750px\" title=\"\"><\/p>\n<p><img loading=\"lazy\" decoding=\"async\" class=\"wp-image-2144 size-full aligncenter\" src=\"https:\/\/www.cupssupplier.com\/wp-content\/uploads\/2025\/01\/4-32-e1736494184514.webp\" alt=\"personalised childrens bottles\" width=\"748\" height=\"3570\" srcset=\"https:\/\/www.cupssupplier.com\/wp-content\/uploads\/2025\/01\/4-32-e1736494184514.webp 748w, https:\/\/www.cupssupplier.com\/wp-content\/uploads\/2025\/01\/4-32-e1736494184514-63x300.webp 63w, https:\/\/www.cupssupplier.com\/wp-content\/uploads\/2025\/01\/4-32-e1736494184514-322x1536.webp 322w, https:\/\/www.cupssupplier.com\/wp-content\/uploads\/2025\/01\/4-32-e1736494184514-429x2048.webp 429w, https:\/\/www.cupssupplier.com\/wp-content\/uploads\/2025\/01\/4-32-e1736494184514-300x1432.webp 300w, https:\/\/www.cupssupplier.com\/wp-content\/uploads\/2025\/01\/4-32-e1736494184514-600x2864.webp 600w\" sizes=\"auto, (max-width: 748px) 100vw, 748px\" title=\"\"><\/p>\n","protected":false},"excerpt":{"rendered":"<p><strong data-start=\"3752\" data-end=\"3844\">Haz que la hidrataci\u00f3n sea divertida y \u00fanica con las botellas personalizadas para ni\u00f1os.<\/strong><br data-start=\"3844\" data-end=\"3847\" \/>Estas botellas personalizables y aptas para ni\u00f1os est\u00e1n dise\u00f1adas para el uso diario, fabricadas con materiales duraderos y sin BPA, y ofrecen opciones creativas de personalizaci\u00f3n. Perfectas para la escuela, deportes o salidas familiares, animan a los ni\u00f1os a mantenerse hidratados con estilo.<\/p>\n","protected":false},"featured_media":6488,"template":"","meta":{"om_disable_all_campaigns":false},"product_brand":[],"product_cat":[323],"product_tag":[],"class_list":{"0":"post-20333","1":"product","2":"type-product","3":"status-publish","4":"has-post-thumbnail","6":"product_cat-botella-de-agua-para-ninos","8":"first","9":"instock","10":"shipping-taxable","11":"product-type-simple"},"_links":{"self":[{"href":"https:\/\/www.cupssupplier.com\/es\/wp-json\/wp\/v2\/product\/20333","targetHints":{"allow":["GET"]}}],"collection":[{"href":"https:\/\/www.cupssupplier.com\/es\/wp-json\/wp\/v2\/product"}],"about":[{"href":"https:\/\/www.cupssupplier.com\/es\/wp-json\/wp\/v2\/types\/product"}],"wp:featuredmedia":[{"embeddable":true,"href":"https:\/\/www.cupssupplier.com\/es\/wp-json\/wp\/v2\/media\/6488"}],"wp:attachment":[{"href":"https:\/\/www.cupssupplier.com\/es\/wp-json\/wp\/v2\/media?parent=20333"}],"wp:term":[{"taxonomy":"product_brand","embeddable":true,"href":"https:\/\/www.cupssupplier.com\/es\/wp-json\/wp\/v2\/product_brand?post=20333"},{"taxonomy":"product_cat","embeddable":true,"href":"https:\/\/www.cupssupplier.com\/es\/wp-json\/wp\/v2\/product_cat?post=20333"},{"taxonomy":"product_tag","embeddable":true,"href":"https:\/\/www.cupssupplier.com\/es\/wp-json\/wp\/v2\/product_tag?post=20333"}],"curies":[{"name":"wp","href":"https:\/\/api.w.org\/{rel}","templated":true}]}}