{"id":20318,"date":"2025-01-10T02:57:00","date_gmt":"2025-01-10T07:57:00","guid":{"rendered":"https:\/\/www.cupssupplier.com\/product\/wholesale-kids-water-bottles\/"},"modified":"2025-05-17T01:30:47","modified_gmt":"2025-05-17T05:30:47","slug":"wholesale-kids-water-bottles","status":"publish","type":"product","link":"https:\/\/www.cupssupplier.com\/es\/wholesale-kids-water-bottles\/","title":{"rendered":"Botellas de Agua para Ni\u00f1os al Por Mayor"},"content":{"rendered":"<p class=\"\" data-start=\"7906\" data-end=\"7984\"><strong data-start=\"7906\" data-end=\"7984\">Botellas de Agua para Ni\u00f1os al Por Mayor\u00a0<\/strong><\/p>\n<p class=\"\" data-start=\"7986\" data-end=\"8180\">Las botellas de agua para ni\u00f1os al por mayor ofrecen la combinaci\u00f3n perfecta de calidad, precio y funcionalidad. Dise\u00f1adas para escuelas, equipos deportivos y minoristas, brindan valor y estilo:<\/p>\n<ul data-start=\"8182\" data-end=\"8735\">\n<li class=\"\" data-start=\"8182\" data-end=\"8301\">\n<p class=\"\" data-start=\"8184\" data-end=\"8301\"><strong data-start=\"8184\" data-end=\"8218\">Materiales Duraderos y Seguros<\/strong>: Fabricadas con materiales alimentarios sin BPA para un uso seguro y prolongado.<\/p>\n<\/li>\n<li class=\"\" data-start=\"8302\" data-end=\"8417\">\n<p class=\"\" data-start=\"8304\" data-end=\"8417\"><strong data-start=\"8304\" data-end=\"8344\">Caracter\u00edsticas Amigables para Ni\u00f1os<\/strong>: Ligeras, a prueba de derrames y con tapas y pajillas f\u00e1ciles de usar.<\/p>\n<\/li>\n<li class=\"\" data-start=\"8418\" data-end=\"8508\">\n<p class=\"\" data-start=\"8420\" data-end=\"8508\"><strong data-start=\"8420\" data-end=\"8448\">Opciones Personalizables<\/strong>: Agrega logotipos o dise\u00f1os para marca o personalizaci\u00f3n.<\/p>\n<\/li>\n<li class=\"\" data-start=\"8509\" data-end=\"8629\">\n<p class=\"\" data-start=\"8511\" data-end=\"8629\"><strong data-start=\"8511\" data-end=\"8533\">Soluci\u00f3n Ecol\u00f3gica<\/strong>: Fomenta el uso de botellas reutilizables para reducir residuos y promover la sostenibilidad.<\/p>\n<\/li>\n<li class=\"\" data-start=\"8630\" data-end=\"8735\">\n<p class=\"\" data-start=\"8632\" data-end=\"8735\"><strong data-start=\"8632\" data-end=\"8663\">Dise\u00f1os y Colores Vibrantes<\/strong>: Opciones atractivas que hacen divertida la hidrataci\u00f3n para los ni\u00f1os.<\/p>\n<\/li>\n<\/ul>\n<p class=\"\" data-start=\"8737\" data-end=\"8888\">Ideales para pedidos al por mayor, las botellas para ni\u00f1os son la opci\u00f3n preferida para organizaciones que buscan productos reutilizables y de calidad.<\/p>\n<p><img loading=\"lazy\" decoding=\"async\" class=\"wp-image-2154 size-full aligncenter\" src=\"https:\/\/www.cupssupplier.com\/wp-content\/uploads\/2025\/01\/1-30.webp\" alt=\"wholesale kids water bottles\" width=\"900\" height=\"3095\" srcset=\"https:\/\/www.cupssupplier.com\/wp-content\/uploads\/2025\/01\/1-30.webp 900w, https:\/\/www.cupssupplier.com\/wp-content\/uploads\/2025\/01\/1-30-87x300.webp 87w, https:\/\/www.cupssupplier.com\/wp-content\/uploads\/2025\/01\/1-30-298x1024.webp 298w, https:\/\/www.cupssupplier.com\/wp-content\/uploads\/2025\/01\/1-30-768x2641.webp 768w, https:\/\/www.cupssupplier.com\/wp-content\/uploads\/2025\/01\/1-30-447x1536.webp 447w, https:\/\/www.cupssupplier.com\/wp-content\/uploads\/2025\/01\/1-30-300x1032.webp 300w, https:\/\/www.cupssupplier.com\/wp-content\/uploads\/2025\/01\/1-30-600x2063.webp 600w\" sizes=\"auto, (max-width: 900px) 100vw, 900px\" title=\"\"><img loading=\"lazy\" decoding=\"async\" class=\"wp-image-2155 size-full aligncenter\" src=\"https:\/\/www.cupssupplier.com\/wp-content\/uploads\/2025\/01\/2-39.webp\" alt=\"wholesale kids water bottles\" width=\"900\" height=\"3337\" srcset=\"https:\/\/www.cupssupplier.com\/wp-content\/uploads\/2025\/01\/2-39.webp 900w, https:\/\/www.cupssupplier.com\/wp-content\/uploads\/2025\/01\/2-39-81x300.webp 81w, https:\/\/www.cupssupplier.com\/wp-content\/uploads\/2025\/01\/2-39-276x1024.webp 276w, https:\/\/www.cupssupplier.com\/wp-content\/uploads\/2025\/01\/2-39-768x2848.webp 768w, https:\/\/www.cupssupplier.com\/wp-content\/uploads\/2025\/01\/2-39-414x1536.webp 414w, https:\/\/www.cupssupplier.com\/wp-content\/uploads\/2025\/01\/2-39-552x2048.webp 552w, https:\/\/www.cupssupplier.com\/wp-content\/uploads\/2025\/01\/2-39-300x1112.webp 300w, https:\/\/www.cupssupplier.com\/wp-content\/uploads\/2025\/01\/2-39-600x2225.webp 600w\" sizes=\"auto, (max-width: 900px) 100vw, 900px\" title=\"\"><img loading=\"lazy\" decoding=\"async\" class=\"wp-image-2156 size-full aligncenter\" src=\"https:\/\/www.cupssupplier.com\/wp-content\/uploads\/2025\/01\/3-38.webp\" alt=\"wholesale kids water bottles\" width=\"900\" height=\"1714\" srcset=\"https:\/\/www.cupssupplier.com\/wp-content\/uploads\/2025\/01\/3-38.webp 900w, https:\/\/www.cupssupplier.com\/wp-content\/uploads\/2025\/01\/3-38-158x300.webp 158w, https:\/\/www.cupssupplier.com\/wp-content\/uploads\/2025\/01\/3-38-538x1024.webp 538w, https:\/\/www.cupssupplier.com\/wp-content\/uploads\/2025\/01\/3-38-768x1463.webp 768w, https:\/\/www.cupssupplier.com\/wp-content\/uploads\/2025\/01\/3-38-807x1536.webp 807w, https:\/\/www.cupssupplier.com\/wp-content\/uploads\/2025\/01\/3-38-300x571.webp 300w, https:\/\/www.cupssupplier.com\/wp-content\/uploads\/2025\/01\/3-38-600x1143.webp 600w\" sizes=\"auto, (max-width: 900px) 100vw, 900px\" title=\"\"><img loading=\"lazy\" decoding=\"async\" class=\"wp-image-2157 size-full aligncenter\" src=\"https:\/\/www.cupssupplier.com\/wp-content\/uploads\/2025\/01\/4-34-e1736495338889.webp\" alt=\"wholesale kids water bottles\" width=\"900\" height=\"3185\" srcset=\"https:\/\/www.cupssupplier.com\/wp-content\/uploads\/2025\/01\/4-34-e1736495338889.webp 900w, https:\/\/www.cupssupplier.com\/wp-content\/uploads\/2025\/01\/4-34-e1736495338889-85x300.webp 85w, https:\/\/www.cupssupplier.com\/wp-content\/uploads\/2025\/01\/4-34-e1736495338889-289x1024.webp 289w, https:\/\/www.cupssupplier.com\/wp-content\/uploads\/2025\/01\/4-34-e1736495338889-768x2718.webp 768w, https:\/\/www.cupssupplier.com\/wp-content\/uploads\/2025\/01\/4-34-e1736495338889-434x1536.webp 434w, https:\/\/www.cupssupplier.com\/wp-content\/uploads\/2025\/01\/4-34-e1736495338889-579x2048.webp 579w, https:\/\/www.cupssupplier.com\/wp-content\/uploads\/2025\/01\/4-34-e1736495338889-300x1062.webp 300w, https:\/\/www.cupssupplier.com\/wp-content\/uploads\/2025\/01\/4-34-e1736495338889-600x2123.webp 600w\" sizes=\"auto, (max-width: 900px) 100vw, 900px\" title=\"\"><\/p>\n","protected":false},"excerpt":{"rendered":"<p class=\"\" data-start=\"8890\" data-end=\"9110\">Abastece tu inventario con botellas duraderas y pensadas para los ni\u00f1os. Disponibles en grandes cantidades, sin BPA, reutilizables y personalizables. Con dise\u00f1os vibrantes, hacen que hidratarse sea divertido y ecol\u00f3gico.<\/p>\n<p class=\"\" data-start=\"9112\" data-end=\"9273\">\n","protected":false},"featured_media":6587,"template":"","meta":{"om_disable_all_campaigns":false},"product_brand":[],"product_cat":[323],"product_tag":[],"class_list":{"0":"post-20318","1":"product","2":"type-product","3":"status-publish","4":"has-post-thumbnail","6":"product_cat-botella-de-agua-para-ninos","8":"first","9":"instock","10":"shipping-taxable","11":"product-type-simple"},"_links":{"self":[{"href":"https:\/\/www.cupssupplier.com\/es\/wp-json\/wp\/v2\/product\/20318","targetHints":{"allow":["GET"]}}],"collection":[{"href":"https:\/\/www.cupssupplier.com\/es\/wp-json\/wp\/v2\/product"}],"about":[{"href":"https:\/\/www.cupssupplier.com\/es\/wp-json\/wp\/v2\/types\/product"}],"wp:featuredmedia":[{"embeddable":true,"href":"https:\/\/www.cupssupplier.com\/es\/wp-json\/wp\/v2\/media\/6587"}],"wp:attachment":[{"href":"https:\/\/www.cupssupplier.com\/es\/wp-json\/wp\/v2\/media?parent=20318"}],"wp:term":[{"taxonomy":"product_brand","embeddable":true,"href":"https:\/\/www.cupssupplier.com\/es\/wp-json\/wp\/v2\/product_brand?post=20318"},{"taxonomy":"product_cat","embeddable":true,"href":"https:\/\/www.cupssupplier.com\/es\/wp-json\/wp\/v2\/product_cat?post=20318"},{"taxonomy":"product_tag","embeddable":true,"href":"https:\/\/www.cupssupplier.com\/es\/wp-json\/wp\/v2\/product_tag?post=20318"}],"curies":[{"name":"wp","href":"https:\/\/api.w.org\/{rel}","templated":true}]}}