{"id":20251,"date":"2025-01-11T03:49:16","date_gmt":"2025-01-11T08:49:16","guid":{"rendered":"https:\/\/www.cupssupplier.com\/product\/double-wall-stainless-steel-water-bottle\/"},"modified":"2025-05-15T11:07:53","modified_gmt":"2025-05-15T15:07:53","slug":"double-wall-stainless-steel-water-bottle","status":"publish","type":"product","link":"https:\/\/www.cupssupplier.com\/es\/double-wall-stainless-steel-water-bottle\/","title":{"rendered":"Botella de Agua de Acero Inoxidable de Doble Pared"},"content":{"rendered":"<p class=\"\" data-start=\"6251\" data-end=\"6335\"><strong data-start=\"6251\" data-end=\"6335\">Botella de Agua de Acero Inoxidable de Doble Pared \u2013 Aislada y a Prueba de Fugas<\/strong><\/p>\n<p class=\"\" data-start=\"6337\" data-end=\"6548\">La botella de agua de acero inoxidable de doble pared est\u00e1 dise\u00f1ada para mantener la temperatura de tus bebidas por m\u00e1s tiempo y ofrecer una durabilidad excepcional. \u00a1Tu aliada perfecta para cualquier actividad!<\/p>\n<ul data-start=\"6550\" data-end=\"7053\">\n<li class=\"\" data-start=\"6550\" data-end=\"6655\">\n<p class=\"\" data-start=\"6552\" data-end=\"6655\"><strong data-start=\"6552\" data-end=\"6582\">Aislamiento de doble pared<\/strong>: Mantiene las bebidas fr\u00edas hasta 24 horas o calientes hasta 12 horas.<\/p>\n<\/li>\n<li class=\"\" data-start=\"6656\" data-end=\"6763\">\n<p class=\"\" data-start=\"6658\" data-end=\"6763\"><strong data-start=\"6658\" data-end=\"6701\">Acero inoxidable de calidad alimentaria<\/strong>: Fabricada sin BPA, resistente y segura para el uso diario.<\/p>\n<\/li>\n<li class=\"\" data-start=\"6764\" data-end=\"6863\">\n<p class=\"\" data-start=\"6766\" data-end=\"6863\"><strong data-start=\"6766\" data-end=\"6804\">A prueba de fugas y sin sudoraci\u00f3n<\/strong>: Tapa segura y cuerpo aislado que evita la condensaci\u00f3n.<\/p>\n<\/li>\n<li class=\"\" data-start=\"6864\" data-end=\"6952\">\n<p class=\"\" data-start=\"6866\" data-end=\"6952\"><strong data-start=\"6866\" data-end=\"6894\">Ecol\u00f3gica y reutilizable<\/strong>: Una alternativa sostenible al pl\u00e1stico de un solo uso.<\/p>\n<\/li>\n<li class=\"\" data-start=\"6953\" data-end=\"7053\">\n<p class=\"\" data-start=\"6955\" data-end=\"7053\"><strong data-start=\"6955\" data-end=\"6985\">Dise\u00f1o elegante y vers\u00e1til<\/strong>: Disponible en varios tama\u00f1os y colores para adaptarse a tu estilo.<\/p>\n<\/li>\n<\/ul>\n<p class=\"\" data-start=\"7055\" data-end=\"7158\">Perfecta para el trabajo, el gimnasio o actividades al aire libre. Tu bebida siempre fresca o caliente.<\/p>\n<p class=\"\" data-start=\"7160\" data-end=\"7286\"><strong data-start=\"7160\" data-end=\"7286\">\u00a1Compra hoy tu botella de acero inoxidable de doble pared! Aislada, resistente y ecol\u00f3gica \u2013 ideal para cualquier momento.<\/strong><\/p>\n<p><img loading=\"lazy\" decoding=\"async\" class=\"wp-image-2243 size-full aligncenter\" src=\"https:\/\/www.cupssupplier.com\/wp-content\/uploads\/2025\/01\/1-39.webp\" alt=\"double wall stainless steel water bottle\" width=\"900\" height=\"1862\" srcset=\"https:\/\/www.cupssupplier.com\/wp-content\/uploads\/2025\/01\/1-39.webp 900w, https:\/\/www.cupssupplier.com\/wp-content\/uploads\/2025\/01\/1-39-145x300.webp 145w, https:\/\/www.cupssupplier.com\/wp-content\/uploads\/2025\/01\/1-39-495x1024.webp 495w, https:\/\/www.cupssupplier.com\/wp-content\/uploads\/2025\/01\/1-39-768x1589.webp 768w, https:\/\/www.cupssupplier.com\/wp-content\/uploads\/2025\/01\/1-39-742x1536.webp 742w, https:\/\/www.cupssupplier.com\/wp-content\/uploads\/2025\/01\/1-39-300x621.webp 300w, https:\/\/www.cupssupplier.com\/wp-content\/uploads\/2025\/01\/1-39-600x1241.webp 600w\" sizes=\"auto, (max-width: 900px) 100vw, 900px\" title=\"\"><img loading=\"lazy\" decoding=\"async\" class=\"aligncenter wp-image-2244 size-full\" src=\"https:\/\/www.cupssupplier.com\/wp-content\/uploads\/2025\/01\/2-52-e1736585500204.webp\" alt=\"double wall stainless steel water bottle\" width=\"900\" height=\"1340\" srcset=\"https:\/\/www.cupssupplier.com\/wp-content\/uploads\/2025\/01\/2-52-e1736585500204.webp 900w, https:\/\/www.cupssupplier.com\/wp-content\/uploads\/2025\/01\/2-52-e1736585500204-201x300.webp 201w, https:\/\/www.cupssupplier.com\/wp-content\/uploads\/2025\/01\/2-52-e1736585500204-688x1024.webp 688w, https:\/\/www.cupssupplier.com\/wp-content\/uploads\/2025\/01\/2-52-e1736585500204-768x1143.webp 768w, https:\/\/www.cupssupplier.com\/wp-content\/uploads\/2025\/01\/2-52-e1736585500204-300x447.webp 300w, https:\/\/www.cupssupplier.com\/wp-content\/uploads\/2025\/01\/2-52-e1736585500204-600x893.webp 600w\" sizes=\"auto, (max-width: 900px) 100vw, 900px\" title=\"\"><img loading=\"lazy\" decoding=\"async\" class=\"wp-image-2239 size-full aligncenter\" src=\"https:\/\/www.cupssupplier.com\/wp-content\/uploads\/2025\/01\/3-50.webp\" alt=\"double wall stainless steel water bottle\" width=\"900\" height=\"920\" srcset=\"https:\/\/www.cupssupplier.com\/wp-content\/uploads\/2025\/01\/3-50.webp 900w, https:\/\/www.cupssupplier.com\/wp-content\/uploads\/2025\/01\/3-50-293x300.webp 293w, https:\/\/www.cupssupplier.com\/wp-content\/uploads\/2025\/01\/3-50-768x785.webp 768w, https:\/\/www.cupssupplier.com\/wp-content\/uploads\/2025\/01\/3-50-300x307.webp 300w, https:\/\/www.cupssupplier.com\/wp-content\/uploads\/2025\/01\/3-50-600x613.webp 600w\" sizes=\"auto, (max-width: 900px) 100vw, 900px\" title=\"\"><img loading=\"lazy\" decoding=\"async\" class=\"wp-image-2241 size-full aligncenter\" src=\"https:\/\/www.cupssupplier.com\/wp-content\/uploads\/2025\/01\/5-38.webp\" alt=\"double wall stainless steel water bottle\" width=\"900\" height=\"1280\" srcset=\"https:\/\/www.cupssupplier.com\/wp-content\/uploads\/2025\/01\/5-38.webp 900w, https:\/\/www.cupssupplier.com\/wp-content\/uploads\/2025\/01\/5-38-211x300.webp 211w, https:\/\/www.cupssupplier.com\/wp-content\/uploads\/2025\/01\/5-38-720x1024.webp 720w, https:\/\/www.cupssupplier.com\/wp-content\/uploads\/2025\/01\/5-38-768x1092.webp 768w, https:\/\/www.cupssupplier.com\/wp-content\/uploads\/2025\/01\/5-38-300x427.webp 300w, https:\/\/www.cupssupplier.com\/wp-content\/uploads\/2025\/01\/5-38-600x853.webp 600w\" sizes=\"auto, (max-width: 900px) 100vw, 900px\" title=\"\"><\/p>\n","protected":false},"excerpt":{"rendered":"<p class=\"\" data-start=\"3852\" data-end=\"4276\">La botella de agua de acero inoxidable de doble pared ofrece una excelente capacidad de aislamiento, manteniendo tus bebidas fr\u00edas hasta 24 horas y calientes hasta 12 horas. Fabricada con acero inoxidable de primera calidad, es duradera, a prueba de fugas y perfecta para el trabajo, el gimnasio o actividades al aire libre. Mantente hidratado y ayuda a reducir el uso de pl\u00e1sticos con esta botella reutilizable y ecol\u00f3gica.<\/p>\n<p class=\"\" data-start=\"4278\" data-end=\"4466\">\n","protected":false},"featured_media":10278,"template":"","meta":{"om_disable_all_campaigns":false},"product_brand":[],"product_cat":[324],"product_tag":[],"class_list":{"0":"post-20251","1":"product","2":"type-product","3":"status-publish","4":"has-post-thumbnail","6":"product_cat-botella-de-agua-de-acero-inoxidable","8":"first","9":"instock","10":"shipping-taxable","11":"product-type-simple"},"_links":{"self":[{"href":"https:\/\/www.cupssupplier.com\/es\/wp-json\/wp\/v2\/product\/20251","targetHints":{"allow":["GET"]}}],"collection":[{"href":"https:\/\/www.cupssupplier.com\/es\/wp-json\/wp\/v2\/product"}],"about":[{"href":"https:\/\/www.cupssupplier.com\/es\/wp-json\/wp\/v2\/types\/product"}],"wp:featuredmedia":[{"embeddable":true,"href":"https:\/\/www.cupssupplier.com\/es\/wp-json\/wp\/v2\/media\/10278"}],"wp:attachment":[{"href":"https:\/\/www.cupssupplier.com\/es\/wp-json\/wp\/v2\/media?parent=20251"}],"wp:term":[{"taxonomy":"product_brand","embeddable":true,"href":"https:\/\/www.cupssupplier.com\/es\/wp-json\/wp\/v2\/product_brand?post=20251"},{"taxonomy":"product_cat","embeddable":true,"href":"https:\/\/www.cupssupplier.com\/es\/wp-json\/wp\/v2\/product_cat?post=20251"},{"taxonomy":"product_tag","embeddable":true,"href":"https:\/\/www.cupssupplier.com\/es\/wp-json\/wp\/v2\/product_tag?post=20251"}],"curies":[{"name":"wp","href":"https:\/\/api.w.org\/{rel}","templated":true}]}}