{"id":20171,"date":"2025-01-14T02:36:23","date_gmt":"2025-01-14T07:36:23","guid":{"rendered":"https:\/\/www.cupssupplier.com\/product\/bulk-personalized-coffee-tumblers\/"},"modified":"2025-05-13T03:27:44","modified_gmt":"2025-05-13T07:27:44","slug":"bulk-personalized-coffee-tumblers","status":"publish","type":"product","link":"https:\/\/www.cupssupplier.com\/es\/bulk-personalized-coffee-tumblers\/","title":{"rendered":"Tazas de Caf\u00e9 Personalizadas al por Mayor"},"content":{"rendered":"<h3 class=\"\" data-start=\"7993\" data-end=\"8084\"><strong data-start=\"8002\" data-end=\"8084\">Tazas de Caf\u00e9 Personalizadas al por Mayor \u2013 Con Logotipo y Aislamiento T\u00e9rmico<\/strong><\/h3>\n<p class=\"\" data-start=\"8086\" data-end=\"8245\">Las tazas de caf\u00e9 personalizadas al por mayor est\u00e1n dise\u00f1adas para cubrir necesidades funcionales y est\u00e9ticas, perfectas para empresas, eventos o uso personal:<\/p>\n<ul data-start=\"8247\" data-end=\"8922\">\n<li class=\"\" data-start=\"8247\" data-end=\"8357\">\n<p class=\"\" data-start=\"8249\" data-end=\"8357\"><strong data-start=\"8249\" data-end=\"8274\">Dise\u00f1o Personalizable<\/strong>: Agrega logotipos, nombres o dise\u00f1os para regalos \u00fanicos o promociones de marca.<\/p>\n<\/li>\n<li class=\"\" data-start=\"8358\" data-end=\"8494\">\n<p class=\"\" data-start=\"8360\" data-end=\"8494\"><strong data-start=\"8360\" data-end=\"8389\">Acero Inoxidable Duradero<\/strong>: Hechas de acero inoxidable de calidad alimentaria sin BPA, seguro, resistente y con acabado elegante.<\/p>\n<\/li>\n<li class=\"\" data-start=\"8495\" data-end=\"8602\">\n<p class=\"\" data-start=\"8497\" data-end=\"8602\"><strong data-start=\"8497\" data-end=\"8527\">Aislamiento de Doble Pared<\/strong>: Mantiene el caf\u00e9 caliente hasta 8 horas o bebidas fr\u00edas hasta 12 horas.<\/p>\n<\/li>\n<li class=\"\" data-start=\"8603\" data-end=\"8711\">\n<p class=\"\" data-start=\"8605\" data-end=\"8711\"><strong data-start=\"8605\" data-end=\"8635\">Ecol\u00f3gicas y Reutilizables<\/strong>: Reduce residuos con esta alternativa sostenible a los vasos desechables.<\/p>\n<\/li>\n<li class=\"\" data-start=\"8712\" data-end=\"8824\">\n<p class=\"\" data-start=\"8714\" data-end=\"8824\"><strong data-start=\"8714\" data-end=\"8738\">Pedidos al por Mayor<\/strong>: Perfectas para eventos grandes, branding corporativo o personalizaci\u00f3n para venta.<\/p>\n<\/li>\n<li class=\"\" data-start=\"8825\" data-end=\"8922\">\n<p class=\"\" data-start=\"8827\" data-end=\"8922\"><strong data-start=\"8827\" data-end=\"8856\">Antiderrames y Port\u00e1tiles<\/strong>: Tapa segura, ideal para el trabajo, el trayecto o en movimiento.<\/p>\n<\/li>\n<\/ul>\n<p class=\"\" data-start=\"8924\" data-end=\"9058\">Ya sea para promocionar tu marca, crear un regalo inolvidable o equipar a tu equipo, estas tazas son una opci\u00f3n pr\u00e1ctica y con estilo.<\/p>\n<p><img loading=\"lazy\" decoding=\"async\" class=\"wp-image-2351 size-full aligncenter\" src=\"https:\/\/www.cupssupplier.com\/wp-content\/uploads\/2025\/01\/1-51.webp\" alt=\"bulk personalized coffee tumblers\" width=\"1000\" height=\"3951\" srcset=\"https:\/\/www.cupssupplier.com\/wp-content\/uploads\/2025\/01\/1-51.webp 1000w, https:\/\/www.cupssupplier.com\/wp-content\/uploads\/2025\/01\/1-51-76x300.webp 76w, https:\/\/www.cupssupplier.com\/wp-content\/uploads\/2025\/01\/1-51-259x1024.webp 259w, https:\/\/www.cupssupplier.com\/wp-content\/uploads\/2025\/01\/1-51-768x3034.webp 768w, https:\/\/www.cupssupplier.com\/wp-content\/uploads\/2025\/01\/1-51-389x1536.webp 389w, https:\/\/www.cupssupplier.com\/wp-content\/uploads\/2025\/01\/1-51-518x2048.webp 518w, https:\/\/www.cupssupplier.com\/wp-content\/uploads\/2025\/01\/1-51-300x1185.webp 300w, https:\/\/www.cupssupplier.com\/wp-content\/uploads\/2025\/01\/1-51-600x2371.webp 600w\" sizes=\"auto, (max-width: 1000px) 100vw, 1000px\" title=\"\"><img loading=\"lazy\" decoding=\"async\" class=\"wp-image-2352 size-full aligncenter\" src=\"https:\/\/www.cupssupplier.com\/wp-content\/uploads\/2025\/01\/2-67.webp\" alt=\"bulk personalized coffee tumblers\" width=\"1000\" height=\"4430\" srcset=\"https:\/\/www.cupssupplier.com\/wp-content\/uploads\/2025\/01\/2-67.webp 1000w, https:\/\/www.cupssupplier.com\/wp-content\/uploads\/2025\/01\/2-67-68x300.webp 68w, https:\/\/www.cupssupplier.com\/wp-content\/uploads\/2025\/01\/2-67-231x1024.webp 231w, https:\/\/www.cupssupplier.com\/wp-content\/uploads\/2025\/01\/2-67-768x3402.webp 768w, https:\/\/www.cupssupplier.com\/wp-content\/uploads\/2025\/01\/2-67-347x1536.webp 347w, https:\/\/www.cupssupplier.com\/wp-content\/uploads\/2025\/01\/2-67-462x2048.webp 462w, https:\/\/www.cupssupplier.com\/wp-content\/uploads\/2025\/01\/2-67-300x1329.webp 300w, https:\/\/www.cupssupplier.com\/wp-content\/uploads\/2025\/01\/2-67-600x2658.webp 600w\" sizes=\"auto, (max-width: 1000px) 100vw, 1000px\" title=\"\"><img loading=\"lazy\" decoding=\"async\" class=\"wp-image-2350 size-full aligncenter\" src=\"https:\/\/www.cupssupplier.com\/wp-content\/uploads\/2025\/01\/3-67.webp\" alt=\"bulk personalized coffee tumblers\" width=\"1000\" height=\"4430\" srcset=\"https:\/\/www.cupssupplier.com\/wp-content\/uploads\/2025\/01\/3-67.webp 1000w, https:\/\/www.cupssupplier.com\/wp-content\/uploads\/2025\/01\/3-67-68x300.webp 68w, https:\/\/www.cupssupplier.com\/wp-content\/uploads\/2025\/01\/3-67-231x1024.webp 231w, https:\/\/www.cupssupplier.com\/wp-content\/uploads\/2025\/01\/3-67-768x3402.webp 768w, https:\/\/www.cupssupplier.com\/wp-content\/uploads\/2025\/01\/3-67-347x1536.webp 347w, https:\/\/www.cupssupplier.com\/wp-content\/uploads\/2025\/01\/3-67-462x2048.webp 462w, https:\/\/www.cupssupplier.com\/wp-content\/uploads\/2025\/01\/3-67-300x1329.webp 300w, https:\/\/www.cupssupplier.com\/wp-content\/uploads\/2025\/01\/3-67-600x2658.webp 600w\" sizes=\"auto, (max-width: 1000px) 100vw, 1000px\" title=\"\"><\/p>\n","protected":false},"excerpt":{"rendered":"<p class=\"\" data-start=\"4037\" data-end=\"4403\">Perfectos para eventos corporativos, promociones o celebraciones especiales, estos vasos se pueden personalizar con tu logotipo o dise\u00f1o. Fabricados en acero inoxidable aislado y duradero, mantienen las bebidas calientes o fr\u00edas durante horas, ofreciendo una soluci\u00f3n elegante y ecol\u00f3gica.<\/p>\n<p class=\"\" data-start=\"4405\" data-end=\"4688\">\n","protected":false},"featured_media":11682,"template":"","meta":{"om_disable_all_campaigns":false},"product_brand":[],"product_cat":[325],"product_tag":[],"class_list":{"0":"post-20171","1":"product","2":"type-product","3":"status-publish","4":"has-post-thumbnail","6":"product_cat-vaso","8":"first","9":"instock","10":"shipping-taxable","11":"product-type-simple"},"_links":{"self":[{"href":"https:\/\/www.cupssupplier.com\/es\/wp-json\/wp\/v2\/product\/20171","targetHints":{"allow":["GET"]}}],"collection":[{"href":"https:\/\/www.cupssupplier.com\/es\/wp-json\/wp\/v2\/product"}],"about":[{"href":"https:\/\/www.cupssupplier.com\/es\/wp-json\/wp\/v2\/types\/product"}],"wp:featuredmedia":[{"embeddable":true,"href":"https:\/\/www.cupssupplier.com\/es\/wp-json\/wp\/v2\/media\/11682"}],"wp:attachment":[{"href":"https:\/\/www.cupssupplier.com\/es\/wp-json\/wp\/v2\/media?parent=20171"}],"wp:term":[{"taxonomy":"product_brand","embeddable":true,"href":"https:\/\/www.cupssupplier.com\/es\/wp-json\/wp\/v2\/product_brand?post=20171"},{"taxonomy":"product_cat","embeddable":true,"href":"https:\/\/www.cupssupplier.com\/es\/wp-json\/wp\/v2\/product_cat?post=20171"},{"taxonomy":"product_tag","embeddable":true,"href":"https:\/\/www.cupssupplier.com\/es\/wp-json\/wp\/v2\/product_tag?post=20171"}],"curies":[{"name":"wp","href":"https:\/\/api.w.org\/{rel}","templated":true}]}}