{"id":20094,"date":"2025-01-17T10:16:53","date_gmt":"2025-01-17T15:16:53","guid":{"rendered":"https:\/\/www.cupssupplier.com\/product\/matte-black-stainless-steel-water-bottle\/"},"modified":"2025-05-13T01:04:51","modified_gmt":"2025-05-13T05:04:51","slug":"matte-black-stainless-steel-water-bottle","status":"publish","type":"product","link":"https:\/\/www.cupssupplier.com\/es\/matte-black-stainless-steel-water-bottle\/","title":{"rendered":"Botella de Agua de Acero Inoxidable Negra Mate"},"content":{"rendered":"<p class=\"\" data-start=\"6486\" data-end=\"6558\"><strong data-start=\"6486\" data-end=\"6558\">Botella de Agua de Acero Inoxidable Negra Mate \u2013 Aislada y Ecol\u00f3gica<\/strong><\/p>\n<p class=\"\" data-start=\"6560\" data-end=\"6749\">La Botella de Agua de Acero Inoxidable Negra Mate est\u00e1 dise\u00f1ada para quienes buscan funcionalidad y estilo en un solo producto. Ideal para el gimnasio, el trabajo o aventuras al aire libre:<\/p>\n<ul data-start=\"6751\" data-end=\"7383\">\n<li class=\"\" data-start=\"6751\" data-end=\"6840\">\n<p class=\"\" data-start=\"6753\" data-end=\"6840\"><strong data-start=\"6753\" data-end=\"6783\">Acabado negro mate premium<\/strong>: Un toque moderno y sofisticado para tu rutina diaria.<\/p>\n<\/li>\n<li class=\"\" data-start=\"6841\" data-end=\"6976\">\n<p class=\"\" data-start=\"6843\" data-end=\"6976\"><strong data-start=\"6843\" data-end=\"6878\">Aislamiento de alto rendimiento<\/strong>: Doble pared al vac\u00edo que mantiene las bebidas fr\u00edas hasta 24 horas o calientes hasta 12 horas.<\/p>\n<\/li>\n<li class=\"\" data-start=\"6977\" data-end=\"7108\">\n<p class=\"\" data-start=\"6979\" data-end=\"7108\"><strong data-start=\"6979\" data-end=\"7008\">Acero inoxidable duradero<\/strong>: Fabricada con acero de grado alimenticio, libre de BPA, resistente a olores y de larga duraci\u00f3n.<\/p>\n<\/li>\n<li class=\"\" data-start=\"7109\" data-end=\"7201\">\n<p class=\"\" data-start=\"7111\" data-end=\"7201\"><strong data-start=\"7111\" data-end=\"7139\">Reutilizable y ecol\u00f3gica<\/strong>: Una opci\u00f3n sostenible para reducir el consumo de pl\u00e1stico.<\/p>\n<\/li>\n<li class=\"\" data-start=\"7202\" data-end=\"7295\">\n<p class=\"\" data-start=\"7204\" data-end=\"7295\"><strong data-start=\"7204\" data-end=\"7232\">Dise\u00f1o a prueba de fugas<\/strong>: Tapa herm\u00e9tica perfecta para llevar en tus desplazamientos.<\/p>\n<\/li>\n<li class=\"\" data-start=\"7296\" data-end=\"7383\">\n<p class=\"\" data-start=\"7298\" data-end=\"7383\"><strong data-start=\"7298\" data-end=\"7322\">F\u00e1cil de transportar<\/strong>: Ligera y port\u00e1til, cabe en mochilas y portavasos del coche.<\/p>\n<\/li>\n<\/ul>\n<p class=\"\" data-start=\"7385\" data-end=\"7450\">Una combinaci\u00f3n perfecta de estilo, rendimiento y sostenibilidad.<\/p>\n<p>&nbsp;<\/p>\n<p><img loading=\"lazy\" decoding=\"async\" class=\"wp-image-2435 size-full aligncenter\" src=\"https:\/\/www.cupssupplier.com\/wp-content\/uploads\/2025\/01\/1-61.webp\" alt=\"matte black stainless steel water bottle\" width=\"960\" height=\"960\" srcset=\"https:\/\/www.cupssupplier.com\/wp-content\/uploads\/2025\/01\/1-61.webp 960w, https:\/\/www.cupssupplier.com\/wp-content\/uploads\/2025\/01\/1-61-300x300.webp 300w, https:\/\/www.cupssupplier.com\/wp-content\/uploads\/2025\/01\/1-61-150x150.webp 150w, https:\/\/www.cupssupplier.com\/wp-content\/uploads\/2025\/01\/1-61-768x768.webp 768w, https:\/\/www.cupssupplier.com\/wp-content\/uploads\/2025\/01\/1-61-600x600.webp 600w, https:\/\/www.cupssupplier.com\/wp-content\/uploads\/2025\/01\/1-61-100x100.webp 100w\" sizes=\"auto, (max-width: 960px) 100vw, 960px\" title=\"\"><\/p>\n<p><img loading=\"lazy\" decoding=\"async\" class=\"aligncenter wp-image-2438 size-full\" src=\"https:\/\/www.cupssupplier.com\/wp-content\/uploads\/2025\/01\/4-71.webp\" alt=\"matte black stainless steel water bottle\" width=\"960\" height=\"960\" srcset=\"https:\/\/www.cupssupplier.com\/wp-content\/uploads\/2025\/01\/4-71.webp 960w, https:\/\/www.cupssupplier.com\/wp-content\/uploads\/2025\/01\/4-71-300x300.webp 300w, https:\/\/www.cupssupplier.com\/wp-content\/uploads\/2025\/01\/4-71-150x150.webp 150w, https:\/\/www.cupssupplier.com\/wp-content\/uploads\/2025\/01\/4-71-768x768.webp 768w, https:\/\/www.cupssupplier.com\/wp-content\/uploads\/2025\/01\/4-71-600x600.webp 600w, https:\/\/www.cupssupplier.com\/wp-content\/uploads\/2025\/01\/4-71-100x100.webp 100w\" sizes=\"auto, (max-width: 960px) 100vw, 960px\" title=\"\"><\/p>\n<p><img loading=\"lazy\" decoding=\"async\" class=\"wp-image-2437 size-full aligncenter\" src=\"https:\/\/www.cupssupplier.com\/wp-content\/uploads\/2025\/01\/3-81.webp\" alt=\"matte black stainless steel water bottle\" width=\"960\" height=\"960\" srcset=\"https:\/\/www.cupssupplier.com\/wp-content\/uploads\/2025\/01\/3-81.webp 960w, https:\/\/www.cupssupplier.com\/wp-content\/uploads\/2025\/01\/3-81-300x300.webp 300w, https:\/\/www.cupssupplier.com\/wp-content\/uploads\/2025\/01\/3-81-150x150.webp 150w, https:\/\/www.cupssupplier.com\/wp-content\/uploads\/2025\/01\/3-81-768x768.webp 768w, https:\/\/www.cupssupplier.com\/wp-content\/uploads\/2025\/01\/3-81-600x600.webp 600w, https:\/\/www.cupssupplier.com\/wp-content\/uploads\/2025\/01\/3-81-100x100.webp 100w\" sizes=\"auto, (max-width: 960px) 100vw, 960px\" title=\"\"><\/p>\n<p><img loading=\"lazy\" decoding=\"async\" class=\"aligncenter wp-image-2436 size-large\" src=\"https:\/\/www.cupssupplier.com\/wp-content\/uploads\/2025\/01\/2-79-1024x1024.webp\" alt=\"matte black stainless steel water bottle\" width=\"1024\" height=\"1024\" srcset=\"https:\/\/www.cupssupplier.com\/wp-content\/uploads\/2025\/01\/2-79-1024x1024.webp 1024w, https:\/\/www.cupssupplier.com\/wp-content\/uploads\/2025\/01\/2-79-300x300.webp 300w, https:\/\/www.cupssupplier.com\/wp-content\/uploads\/2025\/01\/2-79-150x150.webp 150w, https:\/\/www.cupssupplier.com\/wp-content\/uploads\/2025\/01\/2-79-768x768.webp 768w, https:\/\/www.cupssupplier.com\/wp-content\/uploads\/2025\/01\/2-79-600x600.webp 600w, https:\/\/www.cupssupplier.com\/wp-content\/uploads\/2025\/01\/2-79-100x100.webp 100w, https:\/\/www.cupssupplier.com\/wp-content\/uploads\/2025\/01\/2-79.webp 1200w\" sizes=\"auto, (max-width: 1024px) 100vw, 1024px\" title=\"\"><\/p>\n<p><img loading=\"lazy\" decoding=\"async\" class=\"aligncenter wp-image-2439 size-full\" src=\"https:\/\/www.cupssupplier.com\/wp-content\/uploads\/2025\/01\/5-58.webp\" alt=\"matte black stainless steel water bottle\" width=\"960\" height=\"960\" srcset=\"https:\/\/www.cupssupplier.com\/wp-content\/uploads\/2025\/01\/5-58.webp 960w, https:\/\/www.cupssupplier.com\/wp-content\/uploads\/2025\/01\/5-58-300x300.webp 300w, https:\/\/www.cupssupplier.com\/wp-content\/uploads\/2025\/01\/5-58-150x150.webp 150w, https:\/\/www.cupssupplier.com\/wp-content\/uploads\/2025\/01\/5-58-768x768.webp 768w, https:\/\/www.cupssupplier.com\/wp-content\/uploads\/2025\/01\/5-58-600x600.webp 600w, https:\/\/www.cupssupplier.com\/wp-content\/uploads\/2025\/01\/5-58-100x100.webp 100w\" sizes=\"auto, (max-width: 960px) 100vw, 960px\" title=\"\"><\/p>\n<p><img loading=\"lazy\" decoding=\"async\" class=\"aligncenter wp-image-2440 size-large\" src=\"https:\/\/www.cupssupplier.com\/wp-content\/uploads\/2025\/01\/6-47-1024x895.webp\" alt=\"matte black stainless steel water bottle\" width=\"1024\" height=\"895\" srcset=\"https:\/\/www.cupssupplier.com\/wp-content\/uploads\/2025\/01\/6-47-1024x895.webp 1024w, https:\/\/www.cupssupplier.com\/wp-content\/uploads\/2025\/01\/6-47-300x262.webp 300w, https:\/\/www.cupssupplier.com\/wp-content\/uploads\/2025\/01\/6-47-768x671.webp 768w, https:\/\/www.cupssupplier.com\/wp-content\/uploads\/2025\/01\/6-47-600x525.webp 600w, https:\/\/www.cupssupplier.com\/wp-content\/uploads\/2025\/01\/6-47.webp 1200w\" sizes=\"auto, (max-width: 1024px) 100vw, 1024px\" title=\"\"><\/p>\n","protected":false},"excerpt":{"rendered":"<p class=\"\" data-start=\"3842\" data-end=\"4310\">La botella de agua de acero inoxidable negro mate ofrece un dise\u00f1o moderno y elegante con una funcionalidad excepcional. Fabricada con acero inoxidable de alta calidad, esta botella t\u00e9rmica mantiene las bebidas fr\u00edas hasta 24 horas o calientes hasta 12 horas. Su acabado negro mate no solo es duradero y ecol\u00f3gico, sino tambi\u00e9n una forma estilosa de mantenerse hidratado durante todo el d\u00eda.<\/p>\n<p class=\"\" data-start=\"4314\" data-end=\"4487\">\n","protected":false},"featured_media":12960,"template":"","meta":{"om_disable_all_campaigns":false},"product_brand":[],"product_cat":[324],"product_tag":[],"class_list":{"0":"post-20094","1":"product","2":"type-product","3":"status-publish","4":"has-post-thumbnail","6":"product_cat-botella-de-agua-de-acero-inoxidable","8":"first","9":"instock","10":"shipping-taxable","11":"product-type-simple"},"_links":{"self":[{"href":"https:\/\/www.cupssupplier.com\/es\/wp-json\/wp\/v2\/product\/20094","targetHints":{"allow":["GET"]}}],"collection":[{"href":"https:\/\/www.cupssupplier.com\/es\/wp-json\/wp\/v2\/product"}],"about":[{"href":"https:\/\/www.cupssupplier.com\/es\/wp-json\/wp\/v2\/types\/product"}],"wp:featuredmedia":[{"embeddable":true,"href":"https:\/\/www.cupssupplier.com\/es\/wp-json\/wp\/v2\/media\/12960"}],"wp:attachment":[{"href":"https:\/\/www.cupssupplier.com\/es\/wp-json\/wp\/v2\/media?parent=20094"}],"wp:term":[{"taxonomy":"product_brand","embeddable":true,"href":"https:\/\/www.cupssupplier.com\/es\/wp-json\/wp\/v2\/product_brand?post=20094"},{"taxonomy":"product_cat","embeddable":true,"href":"https:\/\/www.cupssupplier.com\/es\/wp-json\/wp\/v2\/product_cat?post=20094"},{"taxonomy":"product_tag","embeddable":true,"href":"https:\/\/www.cupssupplier.com\/es\/wp-json\/wp\/v2\/product_tag?post=20094"}],"curies":[{"name":"wp","href":"https:\/\/api.w.org\/{rel}","templated":true}]}}