{"id":20002,"date":"2025-02-10T03:47:45","date_gmt":"2025-02-10T08:47:45","guid":{"rendered":"https:\/\/www.cupssupplier.com\/product\/magsafe-water-bottle\/"},"modified":"2025-05-09T02:40:53","modified_gmt":"2025-05-09T06:40:53","slug":"magsafe-water-bottle","status":"publish","type":"product","link":"https:\/\/www.cupssupplier.com\/es\/magsafe-water-bottle\/","title":{"rendered":"Botella de Agua MagSafe"},"content":{"rendered":"<p class=\"\" data-start=\"3210\" data-end=\"3277\"><strong data-start=\"3210\" data-end=\"3277\">Botella de Agua MagSafe \u2013 Acero Inoxidable, Aislada &amp; Antigoteo<\/strong><\/p>\n<p class=\"\" data-start=\"3279\" data-end=\"3390\">Mejora tu hidrataci\u00f3n con la Botella MagSafe, donde la innovaci\u00f3n inteligente se une al dise\u00f1o de alta calidad:<\/p>\n<p class=\"\" data-start=\"3392\" data-end=\"4096\"><strong data-start=\"3392\" data-end=\"3419\">Compatibilidad MagSafe:<\/strong> Dise\u00f1ada para conectarse de forma segura con accesorios MagSafe, para mayor comodidad.<br data-start=\"3506\" data-end=\"3509\" \/><strong data-start=\"3509\" data-end=\"3534\">Aislamiento Avanzado:<\/strong> Doble pared al vac\u00edo que mantiene las bebidas fr\u00edas hasta 24 horas y calientes hasta 12 horas.<br data-start=\"3629\" data-end=\"3632\" \/><strong data-start=\"3632\" data-end=\"3669\">Acero Inoxidable de Alta Calidad:<\/strong> Fabricada sin BPA, segura, resistente y reutilizable.<br data-start=\"3723\" data-end=\"3726\" \/><strong data-start=\"3726\" data-end=\"3759\">Antigoteo y Sin Condensaci\u00f3n:<\/strong> Tapa a prueba de fugas y exterior que no se condensa.<br data-start=\"3813\" data-end=\"3816\" \/><strong data-start=\"3816\" data-end=\"3848\">Dise\u00f1o Ergon\u00f3mico y Moderno:<\/strong> Elegante y c\u00f3modo de sostener, disponible en m\u00faltiples colores vibrantes.<br data-start=\"3922\" data-end=\"3925\" \/><strong data-start=\"3925\" data-end=\"3954\">Ecol\u00f3gica &amp; Reutilizable:<\/strong> Alternativa sostenible a las botellas de pl\u00e1stico desechables.<br data-start=\"4017\" data-end=\"4020\" \/><strong data-start=\"4020\" data-end=\"4045\">Perfecta para Llevar:<\/strong> Ideal para viajes, oficina, gimnasio o uso diario.<\/p>\n<p class=\"\" data-start=\"4098\" data-end=\"4206\">La Botella MagSafe es la compa\u00f1era perfecta para una hidrataci\u00f3n sin complicaciones con estilo y tecnolog\u00eda.<\/p>\n<p class=\"\" data-start=\"4208\" data-end=\"4408\"><strong data-start=\"4208\" data-end=\"4246\">Opciones de impresi\u00f3n de logotipo:<\/strong><br data-start=\"4246\" data-end=\"4249\" \/>a. Serigraf\u00eda b. Grabado l\u00e1ser c. Impresi\u00f3n 3D\/4D\/5D d. Transferencia t\u00e9rmica e. Impresi\u00f3n UV f. Relieve g. Impresi\u00f3n con pintura transferida h. Hidroimpresi\u00f3n<\/p>\n<p class=\"\" data-start=\"4410\" data-end=\"4493\"><strong data-start=\"4410\" data-end=\"4435\">Acabados disponibles:<\/strong><br data-start=\"4435\" data-end=\"4438\" \/>a. Pulverizaci\u00f3n b. Revestimiento en polvo c. Gradiente<\/p>\n<p class=\"\" data-start=\"4495\" data-end=\"4689\"><strong data-start=\"4495\" data-end=\"4508\">Ventajas:<\/strong><br data-start=\"4508\" data-end=\"4511\" \/>a. Sin BPA ni ftalatos, respetuosa con el medio ambiente<br data-start=\"4567\" data-end=\"4570\" \/>b. Bajo pedido m\u00ednimo, opciones personalizadas disponibles<br data-start=\"4628\" data-end=\"4631\" \/>c. Gran capacidad de dise\u00f1o con actualizaciones frecuentes<\/p>\n<p class=\"\" data-start=\"4691\" data-end=\"4776\">Descubre la Botella MagSafe: tecnolog\u00eda moderna al servicio de tu hidrataci\u00f3n diaria.<\/p>\n<p><img loading=\"lazy\" decoding=\"async\" class=\"aligncenter wp-image-2568 size-full\" src=\"https:\/\/www.cupssupplier.com\/wp-content\/uploads\/2025\/02\/2-7.webp\" alt=\"magsafe water bottle\" width=\"750\" height=\"2327\" srcset=\"https:\/\/www.cupssupplier.com\/wp-content\/uploads\/2025\/02\/2-7.webp 750w, https:\/\/www.cupssupplier.com\/wp-content\/uploads\/2025\/02\/2-7-97x300.webp 97w, https:\/\/www.cupssupplier.com\/wp-content\/uploads\/2025\/02\/2-7-330x1024.webp 330w, https:\/\/www.cupssupplier.com\/wp-content\/uploads\/2025\/02\/2-7-495x1536.webp 495w, https:\/\/www.cupssupplier.com\/wp-content\/uploads\/2025\/02\/2-7-660x2048.webp 660w, https:\/\/www.cupssupplier.com\/wp-content\/uploads\/2025\/02\/2-7-300x931.webp 300w, https:\/\/www.cupssupplier.com\/wp-content\/uploads\/2025\/02\/2-7-600x1862.webp 600w\" sizes=\"auto, (max-width: 750px) 100vw, 750px\" title=\"\"><\/p>\n<p><img loading=\"lazy\" decoding=\"async\" class=\"wp-image-2569 size-full aligncenter\" src=\"https:\/\/www.cupssupplier.com\/wp-content\/uploads\/2025\/02\/3-8-e1739176775495.webp\" alt=\"magsafe water bottle\" width=\"750\" height=\"2166\" srcset=\"https:\/\/www.cupssupplier.com\/wp-content\/uploads\/2025\/02\/3-8-e1739176775495.webp 750w, https:\/\/www.cupssupplier.com\/wp-content\/uploads\/2025\/02\/3-8-e1739176775495-104x300.webp 104w, https:\/\/www.cupssupplier.com\/wp-content\/uploads\/2025\/02\/3-8-e1739176775495-355x1024.webp 355w, https:\/\/www.cupssupplier.com\/wp-content\/uploads\/2025\/02\/3-8-e1739176775495-532x1536.webp 532w, https:\/\/www.cupssupplier.com\/wp-content\/uploads\/2025\/02\/3-8-e1739176775495-709x2048.webp 709w, https:\/\/www.cupssupplier.com\/wp-content\/uploads\/2025\/02\/3-8-e1739176775495-300x866.webp 300w, https:\/\/www.cupssupplier.com\/wp-content\/uploads\/2025\/02\/3-8-e1739176775495-600x1733.webp 600w\" sizes=\"auto, (max-width: 750px) 100vw, 750px\" title=\"\"><\/p>\n<p><img loading=\"lazy\" decoding=\"async\" class=\"wp-image-2570 size-full aligncenter\" src=\"https:\/\/www.cupssupplier.com\/wp-content\/uploads\/2025\/02\/4-6-e1739176871836.webp\" alt=\"magsafe water bottle\" width=\"750\" height=\"787\" srcset=\"https:\/\/www.cupssupplier.com\/wp-content\/uploads\/2025\/02\/4-6-e1739176871836.webp 750w, https:\/\/www.cupssupplier.com\/wp-content\/uploads\/2025\/02\/4-6-e1739176871836-286x300.webp 286w, https:\/\/www.cupssupplier.com\/wp-content\/uploads\/2025\/02\/4-6-e1739176871836-300x315.webp 300w, https:\/\/www.cupssupplier.com\/wp-content\/uploads\/2025\/02\/4-6-e1739176871836-600x630.webp 600w\" sizes=\"auto, (max-width: 750px) 100vw, 750px\" title=\"\"><\/p>\n<p><img loading=\"lazy\" decoding=\"async\" class=\"wp-image-2571 size-full aligncenter\" src=\"https:\/\/www.cupssupplier.com\/wp-content\/uploads\/2025\/02\/5-5-e1739177026513.webp\" alt=\"magsafe water bottle\" width=\"750\" height=\"1760\" srcset=\"https:\/\/www.cupssupplier.com\/wp-content\/uploads\/2025\/02\/5-5-e1739177026513.webp 750w, https:\/\/www.cupssupplier.com\/wp-content\/uploads\/2025\/02\/5-5-e1739177026513-128x300.webp 128w, https:\/\/www.cupssupplier.com\/wp-content\/uploads\/2025\/02\/5-5-e1739177026513-436x1024.webp 436w, https:\/\/www.cupssupplier.com\/wp-content\/uploads\/2025\/02\/5-5-e1739177026513-655x1536.webp 655w, https:\/\/www.cupssupplier.com\/wp-content\/uploads\/2025\/02\/5-5-e1739177026513-300x704.webp 300w, https:\/\/www.cupssupplier.com\/wp-content\/uploads\/2025\/02\/5-5-e1739177026513-600x1408.webp 600w\" sizes=\"auto, (max-width: 750px) 100vw, 750px\" title=\"\"><\/p>\n","protected":false},"excerpt":{"rendered":"<p class=\"\" data-start=\"4254\" data-end=\"4707\">La Botella MagSafe combina la comodidad de la tecnolog\u00eda moderna con una hidrataci\u00f3n de alta calidad. Compatible con accesorios MagSafe, esta innovadora botella de acero inoxidable se adhiere de forma segura y mantiene las bebidas calientes o fr\u00edas durante horas. Ideal para personas tecnol\u00f3gicas que buscan una soluci\u00f3n de hidrataci\u00f3n elegante, a prueba de fugas y f\u00e1cil de transportar.<\/p>\n<p class=\"\" data-start=\"4709\" data-end=\"4957\">\n","protected":false},"featured_media":14436,"template":"","meta":{"om_disable_all_campaigns":false},"product_brand":[],"product_cat":[324],"product_tag":[],"class_list":{"0":"post-20002","1":"product","2":"type-product","3":"status-publish","4":"has-post-thumbnail","6":"product_cat-botella-de-agua-de-acero-inoxidable","8":"first","9":"instock","10":"shipping-taxable","11":"product-type-simple"},"_links":{"self":[{"href":"https:\/\/www.cupssupplier.com\/es\/wp-json\/wp\/v2\/product\/20002","targetHints":{"allow":["GET"]}}],"collection":[{"href":"https:\/\/www.cupssupplier.com\/es\/wp-json\/wp\/v2\/product"}],"about":[{"href":"https:\/\/www.cupssupplier.com\/es\/wp-json\/wp\/v2\/types\/product"}],"wp:featuredmedia":[{"embeddable":true,"href":"https:\/\/www.cupssupplier.com\/es\/wp-json\/wp\/v2\/media\/14436"}],"wp:attachment":[{"href":"https:\/\/www.cupssupplier.com\/es\/wp-json\/wp\/v2\/media?parent=20002"}],"wp:term":[{"taxonomy":"product_brand","embeddable":true,"href":"https:\/\/www.cupssupplier.com\/es\/wp-json\/wp\/v2\/product_brand?post=20002"},{"taxonomy":"product_cat","embeddable":true,"href":"https:\/\/www.cupssupplier.com\/es\/wp-json\/wp\/v2\/product_cat?post=20002"},{"taxonomy":"product_tag","embeddable":true,"href":"https:\/\/www.cupssupplier.com\/es\/wp-json\/wp\/v2\/product_tag?post=20002"}],"curies":[{"name":"wp","href":"https:\/\/api.w.org\/{rel}","templated":true}]}}