{"id":19973,"date":"2025-02-11T02:51:56","date_gmt":"2025-02-11T07:51:56","guid":{"rendered":"https:\/\/www.cupssupplier.com\/product\/insulated-sports-water-bottle\/"},"modified":"2025-05-07T22:35:25","modified_gmt":"2025-05-08T02:35:25","slug":"insulated-sports-water-bottle","status":"publish","type":"product","link":"https:\/\/www.cupssupplier.com\/es\/insulated-sports-water-bottle\/","title":{"rendered":"Botella Deportiva Aislada"},"content":{"rendered":"<p class=\"\" data-start=\"6655\" data-end=\"6963\"><strong data-start=\"6655\" data-end=\"6726\">Botella Deportiva Aislada \u2013 A Prueba de Fugas y de Acero Inoxidable<\/strong><br data-start=\"6726\" data-end=\"6729\" \/>\u00a1Mantente hidratado con la botella deportiva aislada! Hecha de acero inoxidable, a prueba de fugas y mantiene las bebidas fr\u00edas durante 24 horas. Perfecta para entrenamientos, viajes y aventuras al aire libre. \u00a1Consigue la tuya ahora!<\/p>\n<p class=\"\" data-start=\"6965\" data-end=\"7079\"><strong data-start=\"6965\" data-end=\"7079\">Mejora tu rutina de hidrataci\u00f3n con la Botella Deportiva Aislada, dise\u00f1ada para el rendimiento y la comodidad:<\/strong><\/p>\n<ul data-start=\"7081\" data-end=\"7606\">\n<li class=\"\" data-start=\"7081\" data-end=\"7195\">\n<p class=\"\" data-start=\"7083\" data-end=\"7195\"><strong data-start=\"7083\" data-end=\"7122\">Aislamiento de doble pared avanzado<\/strong>: Mantiene las bebidas fr\u00edas hasta 24 horas y calientes hasta 12 horas.<\/p>\n<\/li>\n<li class=\"\" data-start=\"7196\" data-end=\"7278\">\n<p class=\"\" data-start=\"7198\" data-end=\"7278\"><strong data-start=\"7198\" data-end=\"7234\">Acero inoxidable de alta calidad<\/strong>: Libre de BPA, duradero y con sabor puro.<\/p>\n<\/li>\n<li class=\"\" data-start=\"7279\" data-end=\"7399\">\n<p class=\"\" data-start=\"7281\" data-end=\"7399\"><strong data-start=\"7281\" data-end=\"7314\">A prueba de fugas y sin sudor<\/strong>: Tapa segura que evita derrames y exterior sin condensaci\u00f3n para un agarre c\u00f3modo.<\/p>\n<\/li>\n<li class=\"\" data-start=\"7400\" data-end=\"7511\">\n<p class=\"\" data-start=\"7402\" data-end=\"7511\"><strong data-start=\"7402\" data-end=\"7427\">Ergon\u00f3mica y port\u00e1til<\/strong>: Ligera y f\u00e1cil de llevar, ideal para el gimnasio, senderismo, ciclismo o viajes.<\/p>\n<\/li>\n<li class=\"\" data-start=\"7512\" data-end=\"7606\">\n<p class=\"\" data-start=\"7514\" data-end=\"7606\"><strong data-start=\"7514\" data-end=\"7542\">Ecol\u00f3gica y reutilizable<\/strong>: Alternativa sostenible a las botellas de pl\u00e1stico desechables.<\/p>\n<\/li>\n<\/ul>\n<p><img loading=\"lazy\" decoding=\"async\" class=\"wp-image-2602 size-full aligncenter\" src=\"https:\/\/www.cupssupplier.com\/wp-content\/uploads\/2025\/02\/2-11-e1739260136221.webp\" alt=\"insulated sports water bottle\" width=\"900\" height=\"3103\" srcset=\"https:\/\/www.cupssupplier.com\/wp-content\/uploads\/2025\/02\/2-11-e1739260136221.webp 900w, https:\/\/www.cupssupplier.com\/wp-content\/uploads\/2025\/02\/2-11-e1739260136221-87x300.webp 87w, https:\/\/www.cupssupplier.com\/wp-content\/uploads\/2025\/02\/2-11-e1739260136221-297x1024.webp 297w, https:\/\/www.cupssupplier.com\/wp-content\/uploads\/2025\/02\/2-11-e1739260136221-768x2648.webp 768w, https:\/\/www.cupssupplier.com\/wp-content\/uploads\/2025\/02\/2-11-e1739260136221-594x2048.webp 594w, https:\/\/www.cupssupplier.com\/wp-content\/uploads\/2025\/02\/2-11-e1739260136221-300x1034.webp 300w, https:\/\/www.cupssupplier.com\/wp-content\/uploads\/2025\/02\/2-11-e1739260136221-600x2069.webp 600w\" sizes=\"auto, (max-width: 900px) 100vw, 900px\" title=\"\"><\/p>\n<p><img loading=\"lazy\" decoding=\"async\" class=\"wp-image-2603 size-full aligncenter\" src=\"https:\/\/www.cupssupplier.com\/wp-content\/uploads\/2025\/02\/3-12-e1739260226651.webp\" alt=\"insulated sports water bottle\" width=\"900\" height=\"1552\" srcset=\"https:\/\/www.cupssupplier.com\/wp-content\/uploads\/2025\/02\/3-12-e1739260226651.webp 900w, https:\/\/www.cupssupplier.com\/wp-content\/uploads\/2025\/02\/3-12-e1739260226651-174x300.webp 174w, https:\/\/www.cupssupplier.com\/wp-content\/uploads\/2025\/02\/3-12-e1739260226651-594x1024.webp 594w, https:\/\/www.cupssupplier.com\/wp-content\/uploads\/2025\/02\/3-12-e1739260226651-768x1324.webp 768w, https:\/\/www.cupssupplier.com\/wp-content\/uploads\/2025\/02\/3-12-e1739260226651-891x1536.webp 891w, https:\/\/www.cupssupplier.com\/wp-content\/uploads\/2025\/02\/3-12-e1739260226651-300x517.webp 300w, https:\/\/www.cupssupplier.com\/wp-content\/uploads\/2025\/02\/3-12-e1739260226651-600x1035.webp 600w\" sizes=\"auto, (max-width: 900px) 100vw, 900px\" title=\"\"><\/p>\n<p><img loading=\"lazy\" decoding=\"async\" class=\"wp-image-2604 size-full aligncenter\" src=\"https:\/\/www.cupssupplier.com\/wp-content\/uploads\/2025\/02\/4-10-e1739260282569.webp\" alt=\"insulated sports water bottle\" width=\"900\" height=\"1670\" srcset=\"https:\/\/www.cupssupplier.com\/wp-content\/uploads\/2025\/02\/4-10-e1739260282569.webp 900w, https:\/\/www.cupssupplier.com\/wp-content\/uploads\/2025\/02\/4-10-e1739260282569-162x300.webp 162w, https:\/\/www.cupssupplier.com\/wp-content\/uploads\/2025\/02\/4-10-e1739260282569-552x1024.webp 552w, https:\/\/www.cupssupplier.com\/wp-content\/uploads\/2025\/02\/4-10-e1739260282569-768x1425.webp 768w, https:\/\/www.cupssupplier.com\/wp-content\/uploads\/2025\/02\/4-10-e1739260282569-828x1536.webp 828w, https:\/\/www.cupssupplier.com\/wp-content\/uploads\/2025\/02\/4-10-e1739260282569-300x557.webp 300w, https:\/\/www.cupssupplier.com\/wp-content\/uploads\/2025\/02\/4-10-e1739260282569-600x1113.webp 600w\" sizes=\"auto, (max-width: 900px) 100vw, 900px\" title=\"\"><\/p>\n<p class=\"\" data-start=\"7608\" data-end=\"7802\">Ya sea en el gimnasio, en la monta\u00f1a o durante tus desplazamientos, la Botella Deportiva Aislada te mantiene hidratado y listo para todo. \u00a1Compra ahora y lleva tu hidrataci\u00f3n al siguiente nivel!<\/p>\n","protected":false},"excerpt":{"rendered":"<p class=\"\" data-start=\"4434\" data-end=\"4915\">Dise\u00f1ada para atletas y personas activas, esta botella de acero inoxidable de alta calidad cuenta con aislamiento al vac\u00edo de doble pared que mantiene tus bebidas fr\u00edas hasta 24 horas o calientes hasta 12 horas. Resistente, a prueba de fugas y f\u00e1cil de transportar, es perfecta para entrenamientos, aventuras al aire libre y uso diario. \u00a1Haz tu pedido hoy y mantente fresco dondequiera que vayas!<\/p>\n<p class=\"\" data-start=\"4917\" data-end=\"5212\">\n","protected":false},"featured_media":14832,"template":"","meta":{"om_disable_all_campaigns":false},"product_brand":[],"product_cat":[324],"product_tag":[],"class_list":{"0":"post-19973","1":"product","2":"type-product","3":"status-publish","4":"has-post-thumbnail","6":"product_cat-botella-de-agua-de-acero-inoxidable","8":"first","9":"instock","10":"shipping-taxable","11":"product-type-simple"},"_links":{"self":[{"href":"https:\/\/www.cupssupplier.com\/es\/wp-json\/wp\/v2\/product\/19973","targetHints":{"allow":["GET"]}}],"collection":[{"href":"https:\/\/www.cupssupplier.com\/es\/wp-json\/wp\/v2\/product"}],"about":[{"href":"https:\/\/www.cupssupplier.com\/es\/wp-json\/wp\/v2\/types\/product"}],"wp:featuredmedia":[{"embeddable":true,"href":"https:\/\/www.cupssupplier.com\/es\/wp-json\/wp\/v2\/media\/14832"}],"wp:attachment":[{"href":"https:\/\/www.cupssupplier.com\/es\/wp-json\/wp\/v2\/media?parent=19973"}],"wp:term":[{"taxonomy":"product_brand","embeddable":true,"href":"https:\/\/www.cupssupplier.com\/es\/wp-json\/wp\/v2\/product_brand?post=19973"},{"taxonomy":"product_cat","embeddable":true,"href":"https:\/\/www.cupssupplier.com\/es\/wp-json\/wp\/v2\/product_cat?post=19973"},{"taxonomy":"product_tag","embeddable":true,"href":"https:\/\/www.cupssupplier.com\/es\/wp-json\/wp\/v2\/product_tag?post=19973"}],"curies":[{"name":"wp","href":"https:\/\/api.w.org\/{rel}","templated":true}]}}