{"id":19959,"date":"2025-02-11T03:19:59","date_gmt":"2025-02-11T08:19:59","guid":{"rendered":"https:\/\/www.cupssupplier.com\/product\/stainless-steel-vacuum-coffee-mug\/"},"modified":"2025-05-07T00:06:16","modified_gmt":"2025-05-07T04:06:16","slug":"stainless-steel-vacuum-coffee-mug","status":"publish","type":"product","link":"https:\/\/www.cupssupplier.com\/es\/stainless-steel-vacuum-coffee-mug\/","title":{"rendered":"Taza de Caf\u00e9 T\u00e9rmica de Acero Inoxidable"},"content":{"rendered":"<p class=\"\" data-start=\"6851\" data-end=\"6925\"><strong data-start=\"6851\" data-end=\"6925\">Taza de Caf\u00e9 T\u00e9rmica de Acero Inoxidable \u2013 Aislada y a Prueba de Fugas<\/strong><\/p>\n<p class=\"\" data-start=\"6927\" data-end=\"7059\">La Taza de Caf\u00e9 T\u00e9rmica de Acero Inoxidable es perfecta para los amantes del caf\u00e9 que buscan practicidad y retenci\u00f3n de temperatura:<\/p>\n<ul data-start=\"7061\" data-end=\"7706\">\n<li class=\"\" data-start=\"7061\" data-end=\"7179\">\n<p class=\"\" data-start=\"7063\" data-end=\"7179\"><strong data-start=\"7063\" data-end=\"7102\">Aislamiento al Vac\u00edo de Doble Pared<\/strong>: Mantiene tu caf\u00e9 caliente hasta 6 horas y las bebidas fr\u00edas hasta 12 horas.<\/p>\n<\/li>\n<li class=\"\" data-start=\"7180\" data-end=\"7286\">\n<p class=\"\" data-start=\"7182\" data-end=\"7286\"><strong data-start=\"7182\" data-end=\"7218\">Acero Inoxidable de Alta Calidad<\/strong>: Fabricada con acero inoxidable sin BPA, duradera y con sabor puro.<\/p>\n<\/li>\n<li class=\"\" data-start=\"7287\" data-end=\"7402\">\n<p class=\"\" data-start=\"7289\" data-end=\"7402\"><strong data-start=\"7289\" data-end=\"7321\">A Prueba de Fugas y Derrames<\/strong>: Tapa segura y f\u00e1cil de usar para evitar derrames y fugas mientras te desplazas.<\/p>\n<\/li>\n<li class=\"\" data-start=\"7403\" data-end=\"7564\">\n<p class=\"\" data-start=\"7405\" data-end=\"7564\"><strong data-start=\"7405\" data-end=\"7430\">Ergon\u00f3mica y Port\u00e1til<\/strong>: Dise\u00f1o compacto y ligero que cabe en la mayor\u00eda de los portavasos de coche \u2013 ideal para viajes, oficina y actividades al aire libre.<\/p>\n<\/li>\n<li class=\"\" data-start=\"7565\" data-end=\"7706\">\n<p class=\"\" data-start=\"7567\" data-end=\"7706\"><strong data-start=\"7567\" data-end=\"7595\">Ecol\u00f3gica y Reutilizable<\/strong>: Alternativa sostenible a los vasos desechables que ayuda a reducir los residuos y proteger el medio ambiente.<\/p>\n<\/li>\n<\/ul>\n<p><img loading=\"lazy\" decoding=\"async\" class=\"wp-image-2615 size-full aligncenter\" src=\"https:\/\/www.cupssupplier.com\/wp-content\/uploads\/2025\/02\/6-7.webp\" alt=\"stainless steel vacuum coffee mug\" width=\"1000\" height=\"1001\" srcset=\"https:\/\/www.cupssupplier.com\/wp-content\/uploads\/2025\/02\/6-7.webp 1000w, https:\/\/www.cupssupplier.com\/wp-content\/uploads\/2025\/02\/6-7-300x300.webp 300w, https:\/\/www.cupssupplier.com\/wp-content\/uploads\/2025\/02\/6-7-150x150.webp 150w, https:\/\/www.cupssupplier.com\/wp-content\/uploads\/2025\/02\/6-7-768x769.webp 768w, https:\/\/www.cupssupplier.com\/wp-content\/uploads\/2025\/02\/6-7-600x601.webp 600w, https:\/\/www.cupssupplier.com\/wp-content\/uploads\/2025\/02\/6-7-100x100.webp 100w\" sizes=\"auto, (max-width: 1000px) 100vw, 1000px\" title=\"\"><img loading=\"lazy\" decoding=\"async\" class=\"wp-image-2614 size-full aligncenter\" src=\"https:\/\/www.cupssupplier.com\/wp-content\/uploads\/2025\/02\/5-9.webp\" alt=\"stainless steel vacuum coffee mug\" width=\"1001\" height=\"1001\" srcset=\"https:\/\/www.cupssupplier.com\/wp-content\/uploads\/2025\/02\/5-9.webp 1001w, https:\/\/www.cupssupplier.com\/wp-content\/uploads\/2025\/02\/5-9-300x300.webp 300w, https:\/\/www.cupssupplier.com\/wp-content\/uploads\/2025\/02\/5-9-150x150.webp 150w, https:\/\/www.cupssupplier.com\/wp-content\/uploads\/2025\/02\/5-9-768x768.webp 768w, https:\/\/www.cupssupplier.com\/wp-content\/uploads\/2025\/02\/5-9-600x600.webp 600w, https:\/\/www.cupssupplier.com\/wp-content\/uploads\/2025\/02\/5-9-100x100.webp 100w\" sizes=\"auto, (max-width: 1001px) 100vw, 1001px\" title=\"\"><img loading=\"lazy\" decoding=\"async\" class=\"wp-image-2613 size-full aligncenter\" src=\"https:\/\/www.cupssupplier.com\/wp-content\/uploads\/2025\/02\/4-11.webp\" alt=\"stainless steel vacuum coffee mug\" width=\"1000\" height=\"1001\" srcset=\"https:\/\/www.cupssupplier.com\/wp-content\/uploads\/2025\/02\/4-11.webp 1000w, https:\/\/www.cupssupplier.com\/wp-content\/uploads\/2025\/02\/4-11-300x300.webp 300w, https:\/\/www.cupssupplier.com\/wp-content\/uploads\/2025\/02\/4-11-150x150.webp 150w, https:\/\/www.cupssupplier.com\/wp-content\/uploads\/2025\/02\/4-11-768x769.webp 768w, https:\/\/www.cupssupplier.com\/wp-content\/uploads\/2025\/02\/4-11-600x601.webp 600w, https:\/\/www.cupssupplier.com\/wp-content\/uploads\/2025\/02\/4-11-100x100.webp 100w\" sizes=\"auto, (max-width: 1000px) 100vw, 1000px\" title=\"\"><img loading=\"lazy\" decoding=\"async\" class=\"wp-image-2612 size-full aligncenter\" src=\"https:\/\/www.cupssupplier.com\/wp-content\/uploads\/2025\/02\/3-13.webp\" alt=\"stainless steel vacuum coffee mug\" width=\"1001\" height=\"1001\" srcset=\"https:\/\/www.cupssupplier.com\/wp-content\/uploads\/2025\/02\/3-13.webp 1001w, https:\/\/www.cupssupplier.com\/wp-content\/uploads\/2025\/02\/3-13-300x300.webp 300w, https:\/\/www.cupssupplier.com\/wp-content\/uploads\/2025\/02\/3-13-150x150.webp 150w, https:\/\/www.cupssupplier.com\/wp-content\/uploads\/2025\/02\/3-13-768x768.webp 768w, https:\/\/www.cupssupplier.com\/wp-content\/uploads\/2025\/02\/3-13-600x600.webp 600w, https:\/\/www.cupssupplier.com\/wp-content\/uploads\/2025\/02\/3-13-100x100.webp 100w\" sizes=\"auto, (max-width: 1001px) 100vw, 1001px\" title=\"\"><\/p>\n<p class=\"\" data-start=\"7708\" data-end=\"7891\">Comienza tu d\u00eda con estilo gracias a la Taza de Caf\u00e9 T\u00e9rmica de Acero Inoxidable \u2013 una mezcla perfecta de funcionalidad y dise\u00f1o. \u00a1Compra ahora y mant\u00e9n tu caf\u00e9 fresco por m\u00e1s tiempo!<\/p>\n<p class=\"\" data-start=\"7893\" data-end=\"8035\">\n","protected":false},"excerpt":{"rendered":"<p class=\"\" data-start=\"3927\" data-end=\"4364\">Disfruta de tu caf\u00e9 favorito a la temperatura perfecta con la taza de caf\u00e9 t\u00e9rmica de acero inoxidable. Dise\u00f1ada con aislamiento de doble pared, esta taza resistente y con estilo mantiene las bebidas calientes hasta 6 horas y fr\u00edas hasta 12 horas. Su tapa a prueba de derrames y el dise\u00f1o ergon\u00f3mico la hacen ideal para el hogar, la oficina, los viajes y las actividades al aire libre. \u00a1Pide la tuya hoy y mejora tu experiencia cafetera!<\/p>\n<p class=\"\" data-start=\"4366\" data-end=\"4546\">\n","protected":false},"featured_media":15012,"template":"","meta":{"om_disable_all_campaigns":false},"product_brand":[],"product_cat":[325],"product_tag":[],"class_list":{"0":"post-19959","1":"product","2":"type-product","3":"status-publish","4":"has-post-thumbnail","6":"product_cat-vaso","8":"first","9":"instock","10":"shipping-taxable","11":"product-type-simple"},"_links":{"self":[{"href":"https:\/\/www.cupssupplier.com\/es\/wp-json\/wp\/v2\/product\/19959","targetHints":{"allow":["GET"]}}],"collection":[{"href":"https:\/\/www.cupssupplier.com\/es\/wp-json\/wp\/v2\/product"}],"about":[{"href":"https:\/\/www.cupssupplier.com\/es\/wp-json\/wp\/v2\/types\/product"}],"wp:featuredmedia":[{"embeddable":true,"href":"https:\/\/www.cupssupplier.com\/es\/wp-json\/wp\/v2\/media\/15012"}],"wp:attachment":[{"href":"https:\/\/www.cupssupplier.com\/es\/wp-json\/wp\/v2\/media?parent=19959"}],"wp:term":[{"taxonomy":"product_brand","embeddable":true,"href":"https:\/\/www.cupssupplier.com\/es\/wp-json\/wp\/v2\/product_brand?post=19959"},{"taxonomy":"product_cat","embeddable":true,"href":"https:\/\/www.cupssupplier.com\/es\/wp-json\/wp\/v2\/product_cat?post=19959"},{"taxonomy":"product_tag","embeddable":true,"href":"https:\/\/www.cupssupplier.com\/es\/wp-json\/wp\/v2\/product_tag?post=19959"}],"curies":[{"name":"wp","href":"https:\/\/api.w.org\/{rel}","templated":true}]}}