{"id":19704,"date":"2025-02-16T03:18:02","date_gmt":"2025-02-16T08:18:02","guid":{"rendered":"https:\/\/www.cupssupplier.com\/product\/custom-30-oz-tumbler\/"},"modified":"2025-05-05T01:29:37","modified_gmt":"2025-05-05T05:29:37","slug":"custom-30-oz-tumbler","status":"publish","type":"product","link":"https:\/\/www.cupssupplier.com\/es\/custom-30-oz-tumbler\/","title":{"rendered":"Vaso Personalizado de 30 Oz"},"content":{"rendered":"<p class=\"\" data-start=\"8444\" data-end=\"8502\"><strong data-start=\"8444\" data-end=\"8502\">Vaso Personalizado de 30 Oz \u2013 Aislado y Personalizable<\/strong><\/p>\n<p class=\"\" data-start=\"8504\" data-end=\"8611\">El vaso personalizado de 30 oz ofrece el equilibrio perfecto entre estilo, funcionalidad y personalizaci\u00f3n:<\/p>\n<ul data-start=\"8613\" data-end=\"9341\">\n<li class=\"\" data-start=\"8613\" data-end=\"8755\">\n<p class=\"\" data-start=\"8615\" data-end=\"8755\"><strong data-start=\"8615\" data-end=\"8645\">Aislamiento de Doble Pared<\/strong>: Mantiene las bebidas fr\u00edas durante 24 horas o calientes hasta 6 horas \u2013 ideal para hidratarte todo el d\u00eda.<\/p>\n<\/li>\n<li class=\"\" data-start=\"8756\" data-end=\"8854\">\n<p class=\"\" data-start=\"8758\" data-end=\"8854\"><strong data-start=\"8758\" data-end=\"8794\">Acero Inoxidable de Alta Calidad<\/strong>: Libre de BPA, resistente al \u00f3xido y dise\u00f1ado para durar.<\/p>\n<\/li>\n<li class=\"\" data-start=\"8855\" data-end=\"8977\">\n<p class=\"\" data-start=\"8857\" data-end=\"8977\"><strong data-start=\"8857\" data-end=\"8882\">Dise\u00f1o Personalizable<\/strong>: A\u00f1ade tu logotipo, eslogan o dise\u00f1o \u00fanico para eventos, promociones o regalos corporativos.<\/p>\n<\/li>\n<li class=\"\" data-start=\"8978\" data-end=\"9105\">\n<p class=\"\" data-start=\"8980\" data-end=\"9105\"><strong data-start=\"8980\" data-end=\"9015\">Antiderrames y Antisalpicaduras<\/strong>: La tapa segura evita fugas, y el dise\u00f1o con pajilla facilita el consumo sin desastres.<\/p>\n<\/li>\n<li class=\"\" data-start=\"9106\" data-end=\"9231\">\n<p class=\"\" data-start=\"9108\" data-end=\"9231\"><strong data-start=\"9108\" data-end=\"9136\">Ecol\u00f3gico y Reutilizable<\/strong>: Alternativa sostenible a los vasos desechables, ideal para marcas con conciencia ambiental.<\/p>\n<\/li>\n<li class=\"\" data-start=\"9232\" data-end=\"9341\">\n<p class=\"\" data-start=\"9234\" data-end=\"9341\"><strong data-start=\"9234\" data-end=\"9261\">Gran Capacidad de 30 Oz<\/strong>: Perfecto para mantenerte hidratado en la oficina, el gimnasio o al aire libre.<\/p>\n<\/li>\n<\/ul>\n<p><img loading=\"lazy\" decoding=\"async\" class=\"aligncenter wp-image-19690 size-full\" src=\"https:\/\/www.cupssupplier.com\/wp-content\/uploads\/2025\/02\/6-36.webp\" alt=\"custom 30 oz tumbler\" width=\"800\" height=\"800\" srcset=\"https:\/\/www.cupssupplier.com\/wp-content\/uploads\/2025\/02\/6-36.webp 800w, https:\/\/www.cupssupplier.com\/wp-content\/uploads\/2025\/02\/6-36-300x300.webp 300w, https:\/\/www.cupssupplier.com\/wp-content\/uploads\/2025\/02\/6-36-150x150.webp 150w, https:\/\/www.cupssupplier.com\/wp-content\/uploads\/2025\/02\/6-36-768x768.webp 768w, https:\/\/www.cupssupplier.com\/wp-content\/uploads\/2025\/02\/6-36-600x600.webp 600w, https:\/\/www.cupssupplier.com\/wp-content\/uploads\/2025\/02\/6-36-100x100.webp 100w\" sizes=\"auto, (max-width: 800px) 100vw, 800px\" title=\"\"><img loading=\"lazy\" decoding=\"async\" class=\"aligncenter wp-image-19682 size-full\" src=\"https:\/\/www.cupssupplier.com\/wp-content\/uploads\/2025\/02\/5-39.webp\" alt=\"custom 30 oz tumbler\" width=\"800\" height=\"800\" srcset=\"https:\/\/www.cupssupplier.com\/wp-content\/uploads\/2025\/02\/5-39.webp 800w, https:\/\/www.cupssupplier.com\/wp-content\/uploads\/2025\/02\/5-39-300x300.webp 300w, https:\/\/www.cupssupplier.com\/wp-content\/uploads\/2025\/02\/5-39-150x150.webp 150w, https:\/\/www.cupssupplier.com\/wp-content\/uploads\/2025\/02\/5-39-768x768.webp 768w, https:\/\/www.cupssupplier.com\/wp-content\/uploads\/2025\/02\/5-39-600x600.webp 600w, https:\/\/www.cupssupplier.com\/wp-content\/uploads\/2025\/02\/5-39-100x100.webp 100w\" sizes=\"auto, (max-width: 800px) 100vw, 800px\" title=\"\"><img loading=\"lazy\" decoding=\"async\" class=\"wp-image-19634 size-full aligncenter\" src=\"https:\/\/www.cupssupplier.com\/wp-content\/uploads\/2025\/02\/2-43.webp\" alt=\"custom 30 oz tumbler\" width=\"800\" height=\"800\" srcset=\"https:\/\/www.cupssupplier.com\/wp-content\/uploads\/2025\/02\/2-43.webp 800w, https:\/\/www.cupssupplier.com\/wp-content\/uploads\/2025\/02\/2-43-300x300.webp 300w, https:\/\/www.cupssupplier.com\/wp-content\/uploads\/2025\/02\/2-43-150x150.webp 150w, https:\/\/www.cupssupplier.com\/wp-content\/uploads\/2025\/02\/2-43-768x768.webp 768w, https:\/\/www.cupssupplier.com\/wp-content\/uploads\/2025\/02\/2-43-600x600.webp 600w, https:\/\/www.cupssupplier.com\/wp-content\/uploads\/2025\/02\/2-43-100x100.webp 100w\" sizes=\"auto, (max-width: 800px) 100vw, 800px\" title=\"\"><img loading=\"lazy\" decoding=\"async\" class=\"wp-image-19626 size-full aligncenter\" src=\"https:\/\/www.cupssupplier.com\/wp-content\/uploads\/2025\/02\/1-19.webp\" alt=\"custom 30 oz tumbler\" width=\"800\" height=\"800\" srcset=\"https:\/\/www.cupssupplier.com\/wp-content\/uploads\/2025\/02\/1-19.webp 800w, https:\/\/www.cupssupplier.com\/wp-content\/uploads\/2025\/02\/1-19-300x300.webp 300w, https:\/\/www.cupssupplier.com\/wp-content\/uploads\/2025\/02\/1-19-150x150.webp 150w, https:\/\/www.cupssupplier.com\/wp-content\/uploads\/2025\/02\/1-19-768x768.webp 768w, https:\/\/www.cupssupplier.com\/wp-content\/uploads\/2025\/02\/1-19-600x600.webp 600w, https:\/\/www.cupssupplier.com\/wp-content\/uploads\/2025\/02\/1-19-100x100.webp 100w\" sizes=\"auto, (max-width: 800px) 100vw, 800px\" title=\"\"><\/p>\n<p data-start=\"1378\" data-end=\"1589\">Mantente hidratado sobre la marcha con nuestro vaso personalizado de 30 oz. Con aislamiento de doble pared, mantiene tus bebidas fr\u00edas o calientes por horas. Ideal para regalar en eventos corporativos o campa\u00f1as promocionales.<br data-start=\"9745\" data-end=\"9748\" \/><strong data-start=\"9748\" data-end=\"9843\">\u00a1Encarga en grandes cantidades hoy mismo y personaliza tus vasos para tu pr\u00f3xima promoci\u00f3n!<\/strong><\/p>\n<p>&nbsp;<\/p>\n","protected":false},"excerpt":{"rendered":"<p class=\"\" data-start=\"4806\" data-end=\"5303\">\u00a1Mantente fresco mientras te mueves con nuestro vaso t\u00e9rmico personalizado de 30 Oz! Con aislamiento de doble pared, este vaso mantiene tus bebidas fr\u00edas durante horas y calientes hasta por 6 horas. Perfecto para personalizar con tu logotipo o mensaje, es una excelente opci\u00f3n para regalos corporativos, eventos o detalles personales. Hecho con acero inoxidable de alta calidad, es duradero y ecol\u00f3gico. \u00a1Haz tu pedido al por mayor hoy mismo y personaliza tus vasos para tu pr\u00f3xima gran promoci\u00f3n!<\/p>\n<p class=\"\" data-start=\"5305\" data-end=\"5582\">\n","protected":false},"featured_media":19649,"template":"","meta":{"om_disable_all_campaigns":false},"product_brand":[],"product_cat":[325],"product_tag":[],"class_list":{"0":"post-19704","1":"product","2":"type-product","3":"status-publish","4":"has-post-thumbnail","6":"product_cat-vaso","8":"first","9":"instock","10":"shipping-taxable","11":"product-type-simple"},"_links":{"self":[{"href":"https:\/\/www.cupssupplier.com\/es\/wp-json\/wp\/v2\/product\/19704","targetHints":{"allow":["GET"]}}],"collection":[{"href":"https:\/\/www.cupssupplier.com\/es\/wp-json\/wp\/v2\/product"}],"about":[{"href":"https:\/\/www.cupssupplier.com\/es\/wp-json\/wp\/v2\/types\/product"}],"wp:featuredmedia":[{"embeddable":true,"href":"https:\/\/www.cupssupplier.com\/es\/wp-json\/wp\/v2\/media\/19649"}],"wp:attachment":[{"href":"https:\/\/www.cupssupplier.com\/es\/wp-json\/wp\/v2\/media?parent=19704"}],"wp:term":[{"taxonomy":"product_brand","embeddable":true,"href":"https:\/\/www.cupssupplier.com\/es\/wp-json\/wp\/v2\/product_brand?post=19704"},{"taxonomy":"product_cat","embeddable":true,"href":"https:\/\/www.cupssupplier.com\/es\/wp-json\/wp\/v2\/product_cat?post=19704"},{"taxonomy":"product_tag","embeddable":true,"href":"https:\/\/www.cupssupplier.com\/es\/wp-json\/wp\/v2\/product_tag?post=19704"}],"curies":[{"name":"wp","href":"https:\/\/api.w.org\/{rel}","templated":true}]}}