{"id":19579,"date":"2025-02-17T02:53:43","date_gmt":"2025-02-17T07:53:43","guid":{"rendered":"https:\/\/www.cupssupplier.com\/product\/custom-sport-bottles\/"},"modified":"2025-05-04T04:51:59","modified_gmt":"2025-05-04T08:51:59","slug":"custom-sport-bottles","status":"publish","type":"product","link":"https:\/\/www.cupssupplier.com\/es\/custom-sport-bottles\/","title":{"rendered":"Botellas Deportivas Personalizadas"},"content":{"rendered":"<p class=\"\" data-start=\"1679\" data-end=\"1935\"><strong data-start=\"1679\" data-end=\"1763\">Botellas Deportivas Personalizadas \u2013 Botellas para Bebidas con Logo al por Mayor<\/strong><br data-start=\"1763\" data-end=\"1766\" \/>Nuestras botellas deportivas personalizadas combinan funcionalidad, estilo y personalizaci\u00f3n \u2013 \u00a1la elecci\u00f3n perfecta para estilos de vida activos y promociones de marca!<\/p>\n<p class=\"\" data-start=\"1937\" data-end=\"2710\"><strong data-start=\"1937\" data-end=\"1961\">Duraderas y Ligeras:<\/strong> Fabricadas con pl\u00e1stico de alta calidad sin BPA o acero inoxidable, ideales para deportes, fitness y actividades al aire libre.<br data-start=\"2089\" data-end=\"2092\" \/><strong data-start=\"2092\" data-end=\"2116\">Dise\u00f1o Antiderrames:<\/strong> Tapa segura y a prueba de fugas para usar sin preocupaciones est\u00e9s donde est\u00e9s.<br data-start=\"2196\" data-end=\"2199\" \/><strong data-start=\"2199\" data-end=\"2219\">Personalizables:<\/strong> Agrega tu logotipo, nombre de marca o dise\u00f1o para crear botellas \u00fanicas para equipos, gimnasios o eventos.<br data-start=\"2326\" data-end=\"2329\" \/><strong data-start=\"2329\" data-end=\"2356\">F\u00e1ciles de Transportar:<\/strong> Con asa c\u00f3moda o correa incorporada para llevarlas f\u00e1cilmente a cualquier lugar.<br data-start=\"2437\" data-end=\"2440\" \/><strong data-start=\"2440\" data-end=\"2471\">Ecol\u00f3gicas y Reutilizables:<\/strong> Alternativa sostenible y reutilizable a las botellas desechables, ideal para reducir residuos y promocionar tu marca.<br data-start=\"2589\" data-end=\"2592\" \/><strong data-start=\"2592\" data-end=\"2635\">Perfectas para Estilos de Vida Activos:<\/strong> Dise\u00f1adas para atletas, aficionados al ejercicio y amantes del aire libre.<\/p>\n<p><img loading=\"lazy\" decoding=\"async\" class=\"wp-image-19565 size-large\" src=\"https:\/\/www.cupssupplier.com\/wp-content\/uploads\/2025\/02\/2-42-1024x1024.webp\" alt=\"custom sport bottles\" width=\"1024\" height=\"1024\" srcset=\"https:\/\/www.cupssupplier.com\/wp-content\/uploads\/2025\/02\/2-42-1024x1024.webp 1024w, https:\/\/www.cupssupplier.com\/wp-content\/uploads\/2025\/02\/2-42-300x300.webp 300w, https:\/\/www.cupssupplier.com\/wp-content\/uploads\/2025\/02\/2-42-150x150.webp 150w, https:\/\/www.cupssupplier.com\/wp-content\/uploads\/2025\/02\/2-42-768x768.webp 768w, https:\/\/www.cupssupplier.com\/wp-content\/uploads\/2025\/02\/2-42-600x600.webp 600w, https:\/\/www.cupssupplier.com\/wp-content\/uploads\/2025\/02\/2-42-100x100.webp 100w, https:\/\/www.cupssupplier.com\/wp-content\/uploads\/2025\/02\/2-42.webp 1500w\" sizes=\"auto, (max-width: 1024px) 100vw, 1024px\" title=\"\"><\/p>\n<p><img loading=\"lazy\" decoding=\"async\" class=\"wp-image-19509 size-large aligncenter\" src=\"https:\/\/www.cupssupplier.com\/wp-content\/uploads\/2025\/02\/2-19-1024x1024.webp\" alt=\"custom sport bottles\" width=\"1024\" height=\"1024\" srcset=\"https:\/\/www.cupssupplier.com\/wp-content\/uploads\/2025\/02\/2-19-1024x1024.webp 1024w, https:\/\/www.cupssupplier.com\/wp-content\/uploads\/2025\/02\/2-19-300x300.webp 300w, https:\/\/www.cupssupplier.com\/wp-content\/uploads\/2025\/02\/2-19-150x150.webp 150w, https:\/\/www.cupssupplier.com\/wp-content\/uploads\/2025\/02\/2-19-768x768.webp 768w, https:\/\/www.cupssupplier.com\/wp-content\/uploads\/2025\/02\/2-19-1536x1536.webp 1536w, https:\/\/www.cupssupplier.com\/wp-content\/uploads\/2025\/02\/2-19-2048x2048.webp 2048w, https:\/\/www.cupssupplier.com\/wp-content\/uploads\/2025\/02\/2-19-600x600.webp 600w, https:\/\/www.cupssupplier.com\/wp-content\/uploads\/2025\/02\/2-19-100x100.webp 100w\" sizes=\"auto, (max-width: 1024px) 100vw, 1024px\" title=\"\"><\/p>\n<p><img loading=\"lazy\" decoding=\"async\" class=\"wp-image-19485 size-large aligncenter\" src=\"https:\/\/www.cupssupplier.com\/wp-content\/uploads\/2025\/02\/4-16-1024x1024.webp\" alt=\"custom sport bottles\" width=\"1024\" height=\"1024\" srcset=\"https:\/\/www.cupssupplier.com\/wp-content\/uploads\/2025\/02\/4-16-1024x1024.webp 1024w, https:\/\/www.cupssupplier.com\/wp-content\/uploads\/2025\/02\/4-16-300x300.webp 300w, https:\/\/www.cupssupplier.com\/wp-content\/uploads\/2025\/02\/4-16-150x150.webp 150w, https:\/\/www.cupssupplier.com\/wp-content\/uploads\/2025\/02\/4-16-768x768.webp 768w, https:\/\/www.cupssupplier.com\/wp-content\/uploads\/2025\/02\/4-16-600x600.webp 600w, https:\/\/www.cupssupplier.com\/wp-content\/uploads\/2025\/02\/4-16-100x100.webp 100w, https:\/\/www.cupssupplier.com\/wp-content\/uploads\/2025\/02\/4-16.webp 1200w\" sizes=\"auto, (max-width: 1024px) 100vw, 1024px\" title=\"\"><\/p>\n<p><img loading=\"lazy\" decoding=\"async\" class=\"wp-image-19493 size-large aligncenter\" src=\"https:\/\/www.cupssupplier.com\/wp-content\/uploads\/2025\/02\/5-14-1024x1024.webp\" alt=\"custom sport bottles\" width=\"1024\" height=\"1024\" srcset=\"https:\/\/www.cupssupplier.com\/wp-content\/uploads\/2025\/02\/5-14-1024x1024.webp 1024w, https:\/\/www.cupssupplier.com\/wp-content\/uploads\/2025\/02\/5-14-300x300.webp 300w, https:\/\/www.cupssupplier.com\/wp-content\/uploads\/2025\/02\/5-14-150x150.webp 150w, https:\/\/www.cupssupplier.com\/wp-content\/uploads\/2025\/02\/5-14-768x768.webp 768w, https:\/\/www.cupssupplier.com\/wp-content\/uploads\/2025\/02\/5-14-1536x1536.webp 1536w, https:\/\/www.cupssupplier.com\/wp-content\/uploads\/2025\/02\/5-14-2048x2048.webp 2048w, https:\/\/www.cupssupplier.com\/wp-content\/uploads\/2025\/02\/5-14-600x600.webp 600w, https:\/\/www.cupssupplier.com\/wp-content\/uploads\/2025\/02\/5-14-100x100.webp 100w\" sizes=\"auto, (max-width: 1024px) 100vw, 1024px\" title=\"\"><\/p>\n<p><img loading=\"lazy\" decoding=\"async\" class=\"wp-image-19541 size-large aligncenter\" src=\"https:\/\/www.cupssupplier.com\/wp-content\/uploads\/2025\/02\/5-15-1024x1024.webp\" alt=\"custom sport bottles\" width=\"1024\" height=\"1024\" srcset=\"https:\/\/www.cupssupplier.com\/wp-content\/uploads\/2025\/02\/5-15-1024x1024.webp 1024w, https:\/\/www.cupssupplier.com\/wp-content\/uploads\/2025\/02\/5-15-300x300.webp 300w, https:\/\/www.cupssupplier.com\/wp-content\/uploads\/2025\/02\/5-15-150x150.webp 150w, https:\/\/www.cupssupplier.com\/wp-content\/uploads\/2025\/02\/5-15-768x768.webp 768w, https:\/\/www.cupssupplier.com\/wp-content\/uploads\/2025\/02\/5-15-1536x1536.webp 1536w, https:\/\/www.cupssupplier.com\/wp-content\/uploads\/2025\/02\/5-15-2048x2048.webp 2048w, https:\/\/www.cupssupplier.com\/wp-content\/uploads\/2025\/02\/5-15-600x600.webp 600w, https:\/\/www.cupssupplier.com\/wp-content\/uploads\/2025\/02\/5-15-100x100.webp 100w\" sizes=\"auto, (max-width: 1024px) 100vw, 1024px\" title=\"\"><\/p>\n<p class=\"\" data-start=\"2712\" data-end=\"2942\">Perfectas para empresas, gimnasios, equipos deportivos o eventos, nuestras botellas deportivas personalizadas est\u00e1n disponibles al por mayor con opciones de marca personalizadas. \u00a1Haz tu pedido hoy y mantente hidratado con estilo!<\/p>\n","protected":false},"excerpt":{"rendered":"<p class=\"\" data-start=\"6426\" data-end=\"6993\">Ideales para atletas, entusiastas del fitness y aventureros al aire libre, estas botellas duraderas est\u00e1n dise\u00f1adas para mantener tus bebidas frescas y f\u00e1cilmente accesibles. Fabricadas con materiales de alta calidad y libres de BPA, son perfectas para personalizarlas con tu logotipo o dise\u00f1o. Ideales para regalos corporativos, promociones en gimnasios o eventos de equipo. \u00a1Haz tu pedido al por mayor hoy y consigue tus botellas deportivas personalizadas para tu pr\u00f3ximo evento!<\/p>\n<p class=\"\" data-start=\"6995\" data-end=\"7293\">\n","protected":false},"featured_media":19468,"template":"","meta":{"om_disable_all_campaigns":false},"product_brand":[],"product_cat":[324],"product_tag":[],"class_list":{"0":"post-19579","1":"product","2":"type-product","3":"status-publish","4":"has-post-thumbnail","6":"product_cat-botella-de-agua-de-acero-inoxidable","8":"first","9":"instock","10":"shipping-taxable","11":"product-type-simple"},"_links":{"self":[{"href":"https:\/\/www.cupssupplier.com\/es\/wp-json\/wp\/v2\/product\/19579","targetHints":{"allow":["GET"]}}],"collection":[{"href":"https:\/\/www.cupssupplier.com\/es\/wp-json\/wp\/v2\/product"}],"about":[{"href":"https:\/\/www.cupssupplier.com\/es\/wp-json\/wp\/v2\/types\/product"}],"wp:featuredmedia":[{"embeddable":true,"href":"https:\/\/www.cupssupplier.com\/es\/wp-json\/wp\/v2\/media\/19468"}],"wp:attachment":[{"href":"https:\/\/www.cupssupplier.com\/es\/wp-json\/wp\/v2\/media?parent=19579"}],"wp:term":[{"taxonomy":"product_brand","embeddable":true,"href":"https:\/\/www.cupssupplier.com\/es\/wp-json\/wp\/v2\/product_brand?post=19579"},{"taxonomy":"product_cat","embeddable":true,"href":"https:\/\/www.cupssupplier.com\/es\/wp-json\/wp\/v2\/product_cat?post=19579"},{"taxonomy":"product_tag","embeddable":true,"href":"https:\/\/www.cupssupplier.com\/es\/wp-json\/wp\/v2\/product_tag?post=19579"}],"curies":[{"name":"wp","href":"https:\/\/api.w.org\/{rel}","templated":true}]}}