{"id":19335,"date":"2025-02-13T11:19:58","date_gmt":"2025-02-13T16:19:58","guid":{"rendered":"https:\/\/www.cupssupplier.com\/product\/personalized-tumbler-with-straw-bulk\/"},"modified":"2025-05-03T22:25:02","modified_gmt":"2025-05-04T02:25:02","slug":"personalized-tumbler-with-straw-bulk","status":"publish","type":"product","link":"https:\/\/www.cupssupplier.com\/es\/personalized-tumbler-with-straw-bulk\/","title":{"rendered":"Vaso Personalizado con Popote al por Mayor"},"content":{"rendered":"<h3 class=\"\" data-start=\"8304\" data-end=\"8408\"><strong data-start=\"8313\" data-end=\"8408\">Vaso Personalizado con Popote al por Mayor \u2013 Vasos Reutilizables Personalizables y Aislados<\/strong><\/h3>\n<p class=\"\" data-start=\"8410\" data-end=\"8583\">El vaso personalizado con popote al por mayor es la mejor opci\u00f3n para compras a granel, ofreciendo vasos de alta calidad y totalmente personalizables para cualquier ocasi\u00f3n:<\/p>\n<p class=\"\" data-start=\"8585\" data-end=\"9178\"><strong data-start=\"8585\" data-end=\"8621\">Acero Inoxidable de Alta Calidad<\/strong>: Resistente, anticorrosivo y duradero.<br data-start=\"8660\" data-end=\"8663\" \/><strong data-start=\"8663\" data-end=\"8693\">Aislamiento de Doble Pared<\/strong>: Mantiene las bebidas calientes hasta 6 horas o fr\u00edas hasta 12 horas.<br data-start=\"8763\" data-end=\"8766\" \/><strong data-start=\"8766\" data-end=\"8791\">Dise\u00f1o Personalizable<\/strong>: A\u00f1ade tu logotipo, eslogan o arte \u00fanico \u2013 perfecto para promociones, eventos y regalos.<br data-start=\"8880\" data-end=\"8883\" \/><strong data-start=\"8883\" data-end=\"8907\">A Prueba de Derrames<\/strong>: Tapa segura con popote integrado para evitar fugas.<br data-start=\"8960\" data-end=\"8963\" \/><strong data-start=\"8963\" data-end=\"8991\">Ecol\u00f3gico y Reutilizable<\/strong>: Alternativa sostenible a los vasos desechables, ayudando al medio ambiente mientras promueves tu marca.<br data-start=\"9096\" data-end=\"9099\" \/><strong data-start=\"9099\" data-end=\"9120\">C\u00f3modo y Port\u00e1til<\/strong>: Asa ergon\u00f3mica y popote para beber f\u00e1cilmente donde sea.<\/p>\n<p><img loading=\"lazy\" decoding=\"async\" class=\"wp-image-2656 size-full aligncenter\" src=\"https:\/\/www.cupssupplier.com\/wp-content\/uploads\/2025\/02\/2-17.webp\" alt=\"personalized tumbler with straw bulk\" width=\"750\" height=\"3966\" srcset=\"https:\/\/www.cupssupplier.com\/wp-content\/uploads\/2025\/02\/2-17.webp 750w, https:\/\/www.cupssupplier.com\/wp-content\/uploads\/2025\/02\/2-17-57x300.webp 57w, https:\/\/www.cupssupplier.com\/wp-content\/uploads\/2025\/02\/2-17-300x1586.webp 300w, https:\/\/www.cupssupplier.com\/wp-content\/uploads\/2025\/02\/2-17-600x3173.webp 600w\" sizes=\"auto, (max-width: 750px) 100vw, 750px\" title=\"\"><\/p>\n<p><img loading=\"lazy\" decoding=\"async\" class=\"wp-image-2657 size-full aligncenter\" src=\"https:\/\/www.cupssupplier.com\/wp-content\/uploads\/2025\/02\/3-18.webp\" alt=\"personalized tumbler with straw bulk\" width=\"750\" height=\"5344\" srcset=\"https:\/\/www.cupssupplier.com\/wp-content\/uploads\/2025\/02\/3-18.webp 750w, https:\/\/www.cupssupplier.com\/wp-content\/uploads\/2025\/02\/3-18-42x300.webp 42w, https:\/\/www.cupssupplier.com\/wp-content\/uploads\/2025\/02\/3-18-300x2138.webp 300w, https:\/\/www.cupssupplier.com\/wp-content\/uploads\/2025\/02\/3-18-600x4275.webp 600w\" sizes=\"auto, (max-width: 750px) 100vw, 750px\" title=\"\"><\/p>\n<p>&nbsp;<\/p>\n<p class=\"\" data-start=\"9180\" data-end=\"9406\">Ya sea para regalos corporativos, eventos o ventas al por menor, el vaso personalizado con popote al por mayor es una opci\u00f3n promocional funcional y rentable. <strong data-start=\"9339\" data-end=\"9406\">\u00a1Haz tu pedido al por mayor hoy y haz que tu marca se destaque!<\/strong><\/p>\n<p class=\"\" data-start=\"9408\" data-end=\"9701\">\n","protected":false},"excerpt":{"rendered":"<p class=\"\" data-start=\"5150\" data-end=\"5663\">Nuestro vaso personalizado con pajita al por mayor ofrece una soluci\u00f3n pr\u00e1ctica y con estilo para mantener tus bebidas fr\u00edas o calientes mientras te desplazas. Perfectos para eventos, regalos corporativos o ventas al por menor, estos vasos personalizados est\u00e1n fabricados con acero inoxidable de alta calidad, libre de BPA y con un dise\u00f1o duradero. A\u00f1ade tu logotipo, nombre o dise\u00f1o exclusivo para que sean totalmente tuyos. \u00a1Haz tu pedido al por mayor hoy mismo y personaliza para tu pr\u00f3xima promoci\u00f3n o evento!<\/p>\n<p class=\"\" data-start=\"5665\" data-end=\"5925\">\n","protected":false},"featured_media":15480,"template":"","meta":{"om_disable_all_campaigns":false},"product_brand":[],"product_cat":[325],"product_tag":[],"class_list":{"0":"post-19335","1":"product","2":"type-product","3":"status-publish","4":"has-post-thumbnail","6":"product_cat-vaso","8":"first","9":"instock","10":"shipping-taxable","11":"product-type-simple"},"_links":{"self":[{"href":"https:\/\/www.cupssupplier.com\/es\/wp-json\/wp\/v2\/product\/19335","targetHints":{"allow":["GET"]}}],"collection":[{"href":"https:\/\/www.cupssupplier.com\/es\/wp-json\/wp\/v2\/product"}],"about":[{"href":"https:\/\/www.cupssupplier.com\/es\/wp-json\/wp\/v2\/types\/product"}],"wp:featuredmedia":[{"embeddable":true,"href":"https:\/\/www.cupssupplier.com\/es\/wp-json\/wp\/v2\/media\/15480"}],"wp:attachment":[{"href":"https:\/\/www.cupssupplier.com\/es\/wp-json\/wp\/v2\/media?parent=19335"}],"wp:term":[{"taxonomy":"product_brand","embeddable":true,"href":"https:\/\/www.cupssupplier.com\/es\/wp-json\/wp\/v2\/product_brand?post=19335"},{"taxonomy":"product_cat","embeddable":true,"href":"https:\/\/www.cupssupplier.com\/es\/wp-json\/wp\/v2\/product_cat?post=19335"},{"taxonomy":"product_tag","embeddable":true,"href":"https:\/\/www.cupssupplier.com\/es\/wp-json\/wp\/v2\/product_tag?post=19335"}],"curies":[{"name":"wp","href":"https:\/\/api.w.org\/{rel}","templated":true}]}}