{"id":18827,"date":"2025-02-26T03:40:37","date_gmt":"2025-02-26T08:40:37","guid":{"rendered":"https:\/\/www.cupssupplier.com\/product\/coffee-tumbler-with-straw\/"},"modified":"2025-04-24T02:08:39","modified_gmt":"2025-04-24T06:08:39","slug":"coffee-tumbler-with-straw","status":"publish","type":"product","link":"https:\/\/www.cupssupplier.com\/es\/coffee-tumbler-with-straw\/","title":{"rendered":"Vaso de Caf\u00e9 con Pajita"},"content":{"rendered":"<h3 class=\"\" data-start=\"6003\" data-end=\"6078\"><strong data-start=\"6012\" data-end=\"6078\">Vaso de Caf\u00e9 con Pajita \u2013 Aislado y Personalizado al por Mayor<\/strong><\/h3>\n<p class=\"\" data-start=\"6080\" data-end=\"6378\">Renueva tu colecci\u00f3n con nuestro vaso de caf\u00e9 con pajita, una soluci\u00f3n elegante, reutilizable y sostenible para los amantes del caf\u00e9 y las empresas. Perfecto para el d\u00eda a d\u00eda, el trabajo o aventuras al aire libre, mantiene la temperatura de tus bebidas mientras ayuda a reducir residuos pl\u00e1sticos.<\/p>\n<p class=\"\" data-start=\"6380\" data-end=\"6411\"><strong data-start=\"6380\" data-end=\"6411\">Caracter\u00edsticas destacadas:<\/strong><\/p>\n<p class=\"\" data-start=\"6413\" data-end=\"6875\">\u2705 <strong data-start=\"6415\" data-end=\"6454\">Aislamiento al vac\u00edo de doble pared<\/strong> \u2013 Mantiene las bebidas calientes durante 6 h y fr\u00edas durante 12 h.<br data-start=\"6521\" data-end=\"6524\" \/>\u2705 <strong data-start=\"6526\" data-end=\"6562\">Acero inoxidable de alta calidad<\/strong> \u2013 Sin BPA, resistente a la oxidaci\u00f3n y duradero.<br data-start=\"6611\" data-end=\"6614\" \/>\u2705 <strong data-start=\"6616\" data-end=\"6664\">Tapa a prueba de fugas &amp; pajita reutilizable<\/strong> \u2013 Ideal para beber sin derrames.<br data-start=\"6697\" data-end=\"6700\" \/>\u2705 <strong data-start=\"6702\" data-end=\"6725\">Marca personalizada<\/strong> \u2013 Agrega logotipos, textos o dise\u00f1os para promoci\u00f3n o venta.<br data-start=\"6786\" data-end=\"6789\" \/>\u2705 <strong data-start=\"6791\" data-end=\"6817\">Ecol\u00f3gico &amp; sostenible<\/strong> \u2013 Alternativa reutilizable a vasos y pajitas desechables.<\/p>\n<p><img loading=\"lazy\" decoding=\"async\" class=\"aligncenter wp-image-16249 size-full\" src=\"https:\/\/www.cupssupplier.com\/wp-content\/uploads\/2025\/02\/2-30.webp\" alt=\"coffee tumbler with straw\" width=\"800\" height=\"800\" srcset=\"https:\/\/www.cupssupplier.com\/wp-content\/uploads\/2025\/02\/2-30.webp 800w, https:\/\/www.cupssupplier.com\/wp-content\/uploads\/2025\/02\/2-30-300x300.webp 300w, https:\/\/www.cupssupplier.com\/wp-content\/uploads\/2025\/02\/2-30-150x150.webp 150w, https:\/\/www.cupssupplier.com\/wp-content\/uploads\/2025\/02\/2-30-768x768.webp 768w, https:\/\/www.cupssupplier.com\/wp-content\/uploads\/2025\/02\/2-30-600x600.webp 600w, https:\/\/www.cupssupplier.com\/wp-content\/uploads\/2025\/02\/2-30-100x100.webp 100w\" sizes=\"auto, (max-width: 800px) 100vw, 800px\" title=\"\"><img loading=\"lazy\" decoding=\"async\" class=\"aligncenter wp-image-16251 size-full\" src=\"https:\/\/www.cupssupplier.com\/wp-content\/uploads\/2025\/02\/4-26.webp\" alt=\"coffee tumbler with straw\" width=\"800\" height=\"800\" srcset=\"https:\/\/www.cupssupplier.com\/wp-content\/uploads\/2025\/02\/4-26.webp 800w, https:\/\/www.cupssupplier.com\/wp-content\/uploads\/2025\/02\/4-26-300x300.webp 300w, https:\/\/www.cupssupplier.com\/wp-content\/uploads\/2025\/02\/4-26-150x150.webp 150w, https:\/\/www.cupssupplier.com\/wp-content\/uploads\/2025\/02\/4-26-768x768.webp 768w, https:\/\/www.cupssupplier.com\/wp-content\/uploads\/2025\/02\/4-26-600x600.webp 600w, https:\/\/www.cupssupplier.com\/wp-content\/uploads\/2025\/02\/4-26-100x100.webp 100w\" sizes=\"auto, (max-width: 800px) 100vw, 800px\" title=\"\"><img loading=\"lazy\" decoding=\"async\" class=\"aligncenter wp-image-16253 size-full\" src=\"https:\/\/www.cupssupplier.com\/wp-content\/uploads\/2025\/02\/6-22.webp\" alt=\"coffee tumbler with straw\" width=\"800\" height=\"800\" srcset=\"https:\/\/www.cupssupplier.com\/wp-content\/uploads\/2025\/02\/6-22.webp 800w, https:\/\/www.cupssupplier.com\/wp-content\/uploads\/2025\/02\/6-22-300x300.webp 300w, https:\/\/www.cupssupplier.com\/wp-content\/uploads\/2025\/02\/6-22-150x150.webp 150w, https:\/\/www.cupssupplier.com\/wp-content\/uploads\/2025\/02\/6-22-768x768.webp 768w, https:\/\/www.cupssupplier.com\/wp-content\/uploads\/2025\/02\/6-22-600x600.webp 600w, https:\/\/www.cupssupplier.com\/wp-content\/uploads\/2025\/02\/6-22-100x100.webp 100w\" sizes=\"auto, (max-width: 800px) 100vw, 800px\" title=\"\"><img loading=\"lazy\" decoding=\"async\" class=\"aligncenter wp-image-16252 size-full\" src=\"https:\/\/www.cupssupplier.com\/wp-content\/uploads\/2025\/02\/5-24.webp\" alt=\"coffee tumbler with straw\" width=\"800\" height=\"800\" srcset=\"https:\/\/www.cupssupplier.com\/wp-content\/uploads\/2025\/02\/5-24.webp 800w, https:\/\/www.cupssupplier.com\/wp-content\/uploads\/2025\/02\/5-24-300x300.webp 300w, https:\/\/www.cupssupplier.com\/wp-content\/uploads\/2025\/02\/5-24-150x150.webp 150w, https:\/\/www.cupssupplier.com\/wp-content\/uploads\/2025\/02\/5-24-768x768.webp 768w, https:\/\/www.cupssupplier.com\/wp-content\/uploads\/2025\/02\/5-24-600x600.webp 600w, https:\/\/www.cupssupplier.com\/wp-content\/uploads\/2025\/02\/5-24-100x100.webp 100w\" sizes=\"auto, (max-width: 800px) 100vw, 800px\" title=\"\"><\/p>\n<p class=\"\" data-start=\"6877\" data-end=\"6957\">Perfecto para cafeter\u00edas, marcas deportivas, regalos corporativos y promociones.<\/p>\n<p class=\"\" data-start=\"6959\" data-end=\"7060\">\ud83d\ude80 <strong data-start=\"6962\" data-end=\"7057\">Disponible al por mayor y con personalizaci\u00f3n \u2013 \u00a1Haz tu pedido de vasos personalizados hoy!<\/strong> \ud83d\ude80<\/p>\n","protected":false},"excerpt":{"rendered":"<p>Disfruta tus bebidas favoritas con estilo con nuestro vaso de caf\u00e9 con pajita. Dise\u00f1ado para ofrecer comodidad y sostenibilidad, su aislamiento de doble pared mantiene las bebidas calientes durante 6 horas y fr\u00edas durante 12. Su cuerpo de acero inoxidable garantiza larga duraci\u00f3n, y la tapa a prueba de derrames junto con la pajita reutilizable lo hacen perfecto para llevar. Personal\u00edzalo con tu logo, nombre de marca o dise\u00f1o \u2013 ideal para regalos corporativos, promociones y ventas minoristas. \u00a1Haz tu pedido al por mayor hoy mismo!<\/p>\n","protected":false},"featured_media":18828,"template":"","meta":{"om_disable_all_campaigns":false},"product_brand":[],"product_cat":[325],"product_tag":[],"class_list":{"0":"post-18827","1":"product","2":"type-product","3":"status-publish","4":"has-post-thumbnail","6":"product_cat-vaso","8":"first","9":"instock","10":"shipping-taxable","11":"product-type-simple"},"_links":{"self":[{"href":"https:\/\/www.cupssupplier.com\/es\/wp-json\/wp\/v2\/product\/18827","targetHints":{"allow":["GET"]}}],"collection":[{"href":"https:\/\/www.cupssupplier.com\/es\/wp-json\/wp\/v2\/product"}],"about":[{"href":"https:\/\/www.cupssupplier.com\/es\/wp-json\/wp\/v2\/types\/product"}],"wp:featuredmedia":[{"embeddable":true,"href":"https:\/\/www.cupssupplier.com\/es\/wp-json\/wp\/v2\/media\/18828"}],"wp:attachment":[{"href":"https:\/\/www.cupssupplier.com\/es\/wp-json\/wp\/v2\/media?parent=18827"}],"wp:term":[{"taxonomy":"product_brand","embeddable":true,"href":"https:\/\/www.cupssupplier.com\/es\/wp-json\/wp\/v2\/product_brand?post=18827"},{"taxonomy":"product_cat","embeddable":true,"href":"https:\/\/www.cupssupplier.com\/es\/wp-json\/wp\/v2\/product_cat?post=18827"},{"taxonomy":"product_tag","embeddable":true,"href":"https:\/\/www.cupssupplier.com\/es\/wp-json\/wp\/v2\/product_tag?post=18827"}],"curies":[{"name":"wp","href":"https:\/\/api.w.org\/{rel}","templated":true}]}}