{"id":17777,"date":"2025-03-03T00:24:10","date_gmt":"2025-03-03T05:24:10","guid":{"rendered":"https:\/\/www.cupssupplier.com\/product\/cute-stainless-steel-tumbler-with-straw\/"},"modified":"2025-04-20T03:17:06","modified_gmt":"2025-04-20T07:17:06","slug":"cute-stainless-steel-tumbler-with-straw","status":"publish","type":"product","link":"https:\/\/www.cupssupplier.com\/es\/cute-stainless-steel-tumbler-with-straw\/","title":{"rendered":"Vaso T\u00e9rmico de Acero Inoxidable con Sorbete \u2013 Dise\u00f1o Adorable"},"content":{"rendered":"<h3 class=\"\" data-start=\"6875\" data-end=\"6952\"><strong data-start=\"6884\" data-end=\"6950\">Vaso T\u00e9rmico de Acero Inoxidable con Sorbete \u2013 Dise\u00f1o Adorable<\/strong><\/h3>\n<p class=\"\" data-start=\"6953\" data-end=\"6996\"><strong data-start=\"6953\" data-end=\"6996\">Calidad Premium e Incre\u00edble Aislamiento<\/strong><\/p>\n<p class=\"\" data-start=\"6998\" data-end=\"7233\">Fabricado con acero inoxidable 18\/8 de alta calidad, este vaso garantiza durabilidad y una retenci\u00f3n t\u00e9rmica superior. Gracias a su dise\u00f1o de triple pared con aislamiento al vac\u00edo, tus bebidas se mantendr\u00e1n calientes o fr\u00edas por horas.<\/p>\n<p class=\"\" data-start=\"7235\" data-end=\"7272\"><strong data-start=\"7235\" data-end=\"7272\">Dise\u00f1o Pensado para el Uso Diario<\/strong><\/p>\n<p class=\"\" data-start=\"7274\" data-end=\"7591\">\u2705 <strong data-start=\"7276\" data-end=\"7294\">Asa Ergon\u00f3mica<\/strong>: F\u00e1cil de sostener y transportar\u2014perfecto para hidratarte donde est\u00e9s.<br data-start=\"7365\" data-end=\"7368\" \/>\u2705 <strong data-start=\"7370\" data-end=\"7400\">Tapa Antiderrame &amp; Sorbete<\/strong>: La tapa con apertura abatible evita fugas, y el sorbete removible permite beber con suavidad.<br data-start=\"7495\" data-end=\"7498\" \/>\u2705 <strong data-start=\"7500\" data-end=\"7520\">F\u00e1cil de Limpiar<\/strong>: Incluye cepillo de limpieza para un mantenimiento sin complicaciones.<\/p>\n<p class=\"\" data-start=\"7593\" data-end=\"7632\"><strong data-start=\"7593\" data-end=\"7632\">Seguro, Sostenible y Personalizable<\/strong><\/p>\n<p class=\"\" data-start=\"7634\" data-end=\"7942\">\ud83d\udd39 Libre de BPA y plomo, con certificaci\u00f3n CA65 para beber con tranquilidad.<br data-start=\"7710\" data-end=\"7713\" \/>\ud83d\udd39 Fabricaci\u00f3n responsable con auditor\u00eda (BSCI, SEDEX, ISO9001, ISO14001, OHSAS18001).<br data-start=\"7799\" data-end=\"7802\" \/>\ud83d\udd39 Disponible en todos los colores personalizados con opciones de impresi\u00f3n de logo (pintura en polvo, impresi\u00f3n UV, transferencia t\u00e9rmica).<\/p>\n<p><img loading=\"lazy\" decoding=\"async\" class=\"aligncenter wp-image-16435 size-full\" src=\"https:\/\/www.cupssupplier.com\/wp-content\/uploads\/2025\/03\/1-4.webp\" alt=\"cute stainless steel tumbler with straw\" width=\"750\" height=\"2068\" srcset=\"https:\/\/www.cupssupplier.com\/wp-content\/uploads\/2025\/03\/1-4.webp 750w, https:\/\/www.cupssupplier.com\/wp-content\/uploads\/2025\/03\/1-4-109x300.webp 109w, https:\/\/www.cupssupplier.com\/wp-content\/uploads\/2025\/03\/1-4-371x1024.webp 371w, https:\/\/www.cupssupplier.com\/wp-content\/uploads\/2025\/03\/1-4-557x1536.webp 557w, https:\/\/www.cupssupplier.com\/wp-content\/uploads\/2025\/03\/1-4-743x2048.webp 743w, https:\/\/www.cupssupplier.com\/wp-content\/uploads\/2025\/03\/1-4-300x827.webp 300w, https:\/\/www.cupssupplier.com\/wp-content\/uploads\/2025\/03\/1-4-600x1654.webp 600w\" sizes=\"auto, (max-width: 750px) 100vw, 750px\" title=\"\"><\/p>\n<p><img loading=\"lazy\" decoding=\"async\" class=\"aligncenter wp-image-16436 size-full\" src=\"https:\/\/www.cupssupplier.com\/wp-content\/uploads\/2025\/03\/2-4.webp\" alt=\"cute stainless steel tumbler with straw\" width=\"750\" height=\"2424\" srcset=\"https:\/\/www.cupssupplier.com\/wp-content\/uploads\/2025\/03\/2-4.webp 750w, https:\/\/www.cupssupplier.com\/wp-content\/uploads\/2025\/03\/2-4-93x300.webp 93w, https:\/\/www.cupssupplier.com\/wp-content\/uploads\/2025\/03\/2-4-317x1024.webp 317w, https:\/\/www.cupssupplier.com\/wp-content\/uploads\/2025\/03\/2-4-475x1536.webp 475w, https:\/\/www.cupssupplier.com\/wp-content\/uploads\/2025\/03\/2-4-634x2048.webp 634w, https:\/\/www.cupssupplier.com\/wp-content\/uploads\/2025\/03\/2-4-300x970.webp 300w, https:\/\/www.cupssupplier.com\/wp-content\/uploads\/2025\/03\/2-4-600x1939.webp 600w\" sizes=\"auto, (max-width: 750px) 100vw, 750px\" title=\"\"><\/p>\n<p><img loading=\"lazy\" decoding=\"async\" class=\"wp-image-16437 size-full aligncenter\" src=\"https:\/\/www.cupssupplier.com\/wp-content\/uploads\/2025\/03\/3-5-e1740982899561.webp\" alt=\"cute stainless steel tumbler with straw\" width=\"748\" height=\"2466\" srcset=\"https:\/\/www.cupssupplier.com\/wp-content\/uploads\/2025\/03\/3-5-e1740982899561.webp 748w, https:\/\/www.cupssupplier.com\/wp-content\/uploads\/2025\/03\/3-5-e1740982899561-91x300.webp 91w, https:\/\/www.cupssupplier.com\/wp-content\/uploads\/2025\/03\/3-5-e1740982899561-311x1024.webp 311w, https:\/\/www.cupssupplier.com\/wp-content\/uploads\/2025\/03\/3-5-e1740982899561-466x1536.webp 466w, https:\/\/www.cupssupplier.com\/wp-content\/uploads\/2025\/03\/3-5-e1740982899561-621x2048.webp 621w, https:\/\/www.cupssupplier.com\/wp-content\/uploads\/2025\/03\/3-5-e1740982899561-300x989.webp 300w, https:\/\/www.cupssupplier.com\/wp-content\/uploads\/2025\/03\/3-5-e1740982899561-600x1978.webp 600w\" sizes=\"auto, (max-width: 748px) 100vw, 748px\" title=\"\"><\/p>\n<p class=\"\" data-start=\"7944\" data-end=\"7996\"><strong data-start=\"7944\" data-end=\"7996\">Ideal para Mayoristas y Personalizaci\u00f3n de Marca<\/strong><\/p>\n<p class=\"\" data-start=\"7998\" data-end=\"8137\">\u00bfBuscas el vaso promocional perfecto? Este vaso personalizado es ideal para regalos corporativos, tiendas minoristas, cafeter\u00edas y eventos.<\/p>\n<p class=\"\" data-start=\"8139\" data-end=\"8225\">\ud83d\udce9 <strong data-start=\"8142\" data-end=\"8225\">\u00a1Cont\u00e1ctanos hoy mismo para pedidos al por mayor y opciones de personalizaci\u00f3n!<\/strong><\/p>\n","protected":false},"excerpt":{"rendered":"<p>\u00a1Luce con estilo mientras te mantienes hidratado con este adorable vaso de acero inoxidable! Gracias a su triple aislamiento, mantiene las bebidas calientes por 12 horas y fr\u00edas por 24. El asa ergon\u00f3mica, tapa a prueba de fugas y sorbete reutilizable lo hacen perfecto para el d\u00eda a d\u00eda. Personal\u00edzalo con los colores y el logo de tu marca\u2014\u00a1ideal para regalos promocionales y ventas al por mayor!<\/p>\n","protected":false},"featured_media":17779,"template":"","meta":{"om_disable_all_campaigns":false},"product_brand":[],"product_cat":[325],"product_tag":[],"class_list":{"0":"post-17777","1":"product","2":"type-product","3":"status-publish","4":"has-post-thumbnail","6":"product_cat-vaso","8":"first","9":"instock","10":"shipping-taxable","11":"product-type-simple"},"_links":{"self":[{"href":"https:\/\/www.cupssupplier.com\/es\/wp-json\/wp\/v2\/product\/17777","targetHints":{"allow":["GET"]}}],"collection":[{"href":"https:\/\/www.cupssupplier.com\/es\/wp-json\/wp\/v2\/product"}],"about":[{"href":"https:\/\/www.cupssupplier.com\/es\/wp-json\/wp\/v2\/types\/product"}],"wp:featuredmedia":[{"embeddable":true,"href":"https:\/\/www.cupssupplier.com\/es\/wp-json\/wp\/v2\/media\/17779"}],"wp:attachment":[{"href":"https:\/\/www.cupssupplier.com\/es\/wp-json\/wp\/v2\/media?parent=17777"}],"wp:term":[{"taxonomy":"product_brand","embeddable":true,"href":"https:\/\/www.cupssupplier.com\/es\/wp-json\/wp\/v2\/product_brand?post=17777"},{"taxonomy":"product_cat","embeddable":true,"href":"https:\/\/www.cupssupplier.com\/es\/wp-json\/wp\/v2\/product_cat?post=17777"},{"taxonomy":"product_tag","embeddable":true,"href":"https:\/\/www.cupssupplier.com\/es\/wp-json\/wp\/v2\/product_tag?post=17777"}],"curies":[{"name":"wp","href":"https:\/\/api.w.org\/{rel}","templated":true}]}}