{"id":17125,"date":"2025-03-08T01:27:56","date_gmt":"2025-03-08T06:27:56","guid":{"rendered":"https:\/\/www.cupssupplier.com\/product\/wholesale-stainless-steel-vacuum-insulated-bottle\/"},"modified":"2025-04-16T02:00:34","modified_gmt":"2025-04-16T06:00:34","slug":"wholesale-stainless-steel-vacuum-insulated-bottle","status":"publish","type":"product","link":"https:\/\/www.cupssupplier.com\/es\/wholesale-stainless-steel-vacuum-insulated-bottle\/","title":{"rendered":"Botella T\u00e9rmica de Acero Inoxidable al por Mayor"},"content":{"rendered":"<p data-start=\"2081\" data-end=\"2472\"><strong>Botella T\u00e9rmica de Acero Inoxidable al por Mayor<\/strong><\/p>\n<p class=\"\" data-start=\"7755\" data-end=\"8045\">Esta botella tiene un dise\u00f1o cil\u00edndrico estilizado con agarre ergon\u00f3mico. Disponible en m\u00faltiples acabados llamativos: mate moderno, gradiente brillante o textura martillada para m\u00e1xima durabilidad. La personalizaci\u00f3n con logo impreso o grabado la hace ideal para promociones empresariales.<\/p>\n<p class=\"\" data-start=\"8047\" data-end=\"8234\">Mejora tu hidrataci\u00f3n con nuestra botella t\u00e9rmica de acero inoxidable, dise\u00f1ada para ofrecer durabilidad, control t\u00e9rmico y estilo. Perfecta para deportistas, profesionales y aventureros.<\/p>\n<p class=\"\" data-start=\"8236\" data-end=\"8264\"><strong data-start=\"8236\" data-end=\"8264\">Caracter\u00edsticas Premium:<\/strong><\/p>\n<p class=\"\" data-start=\"8266\" data-end=\"8729\">\u2714 <strong data-start=\"8268\" data-end=\"8298\">Acero Inoxidable 304 o 316<\/strong> \u2013 Resistente al \u00f3xido, sin BPA y de larga duraci\u00f3n<br data-start=\"8349\" data-end=\"8352\" \/>\u2714 <strong data-start=\"8354\" data-end=\"8387\">Aislamiento al Vac\u00edo Avanzado<\/strong> \u2013 Mantiene bebidas calientes 12h y fr\u00edas 24h<br data-start=\"8432\" data-end=\"8435\" \/>\u2714 <strong data-start=\"8437\" data-end=\"8465\">Acabados Personalizables<\/strong> \u2013 Mate, goma, gradiente, brillante o martillado<br data-start=\"8513\" data-end=\"8516\" \/>\u2714 <strong data-start=\"8518\" data-end=\"8541\">Marca Personalizada<\/strong> \u2013 Serigraf\u00eda, grabado l\u00e1ser o impresi\u00f3n 3D<br data-start=\"8584\" data-end=\"8587\" \/>\u2714 <strong data-start=\"8589\" data-end=\"8607\">Tapa Herm\u00e9tica<\/strong> \u2013 A prueba de fugas para transporte seguro<br data-start=\"8650\" data-end=\"8653\" \/>\u2714 <strong data-start=\"8655\" data-end=\"8679\">Precios al por Mayor<\/strong> \u2013 Para promociones, regalos corporativos y retail<\/p>\n<p><img loading=\"lazy\" decoding=\"async\" class=\"aligncenter wp-image-16550 size-full\" src=\"https:\/\/www.cupssupplier.com\/wp-content\/uploads\/2025\/03\/1-15.webp\" alt=\"wholesale stainless steel vacuum insulated bottle\" width=\"750\" height=\"2160\" srcset=\"https:\/\/www.cupssupplier.com\/wp-content\/uploads\/2025\/03\/1-15.webp 750w, https:\/\/www.cupssupplier.com\/wp-content\/uploads\/2025\/03\/1-15-104x300.webp 104w, https:\/\/www.cupssupplier.com\/wp-content\/uploads\/2025\/03\/1-15-356x1024.webp 356w, https:\/\/www.cupssupplier.com\/wp-content\/uploads\/2025\/03\/1-15-533x1536.webp 533w, https:\/\/www.cupssupplier.com\/wp-content\/uploads\/2025\/03\/1-15-711x2048.webp 711w, https:\/\/www.cupssupplier.com\/wp-content\/uploads\/2025\/03\/1-15-300x864.webp 300w, https:\/\/www.cupssupplier.com\/wp-content\/uploads\/2025\/03\/1-15-600x1728.webp 600w\" sizes=\"auto, (max-width: 750px) 100vw, 750px\" title=\"\"><\/p>\n<p><img loading=\"lazy\" decoding=\"async\" class=\"aligncenter wp-image-16551 size-full\" src=\"https:\/\/www.cupssupplier.com\/wp-content\/uploads\/2025\/03\/2-19.webp\" alt=\"wholesale stainless steel vacuum insulated bottle\" width=\"750\" height=\"2200\" srcset=\"https:\/\/www.cupssupplier.com\/wp-content\/uploads\/2025\/03\/2-19.webp 750w, https:\/\/www.cupssupplier.com\/wp-content\/uploads\/2025\/03\/2-19-102x300.webp 102w, https:\/\/www.cupssupplier.com\/wp-content\/uploads\/2025\/03\/2-19-349x1024.webp 349w, https:\/\/www.cupssupplier.com\/wp-content\/uploads\/2025\/03\/2-19-524x1536.webp 524w, https:\/\/www.cupssupplier.com\/wp-content\/uploads\/2025\/03\/2-19-698x2048.webp 698w, https:\/\/www.cupssupplier.com\/wp-content\/uploads\/2025\/03\/2-19-300x880.webp 300w, https:\/\/www.cupssupplier.com\/wp-content\/uploads\/2025\/03\/2-19-600x1760.webp 600w\" sizes=\"auto, (max-width: 750px) 100vw, 750px\" title=\"\"><\/p>\n<p><img loading=\"lazy\" decoding=\"async\" class=\"aligncenter wp-image-16552 size-full\" src=\"https:\/\/www.cupssupplier.com\/wp-content\/uploads\/2025\/03\/3-19-e1741416401210.webp\" alt=\"wholesale stainless steel vacuum insulated bottle\" width=\"750\" height=\"918\" srcset=\"https:\/\/www.cupssupplier.com\/wp-content\/uploads\/2025\/03\/3-19-e1741416401210.webp 750w, https:\/\/www.cupssupplier.com\/wp-content\/uploads\/2025\/03\/3-19-e1741416401210-245x300.webp 245w, https:\/\/www.cupssupplier.com\/wp-content\/uploads\/2025\/03\/3-19-e1741416401210-300x367.webp 300w, https:\/\/www.cupssupplier.com\/wp-content\/uploads\/2025\/03\/3-19-e1741416401210-600x734.webp 600w\" sizes=\"auto, (max-width: 750px) 100vw, 750px\" title=\"\"><\/p>\n<p><img loading=\"lazy\" decoding=\"async\" class=\"aligncenter wp-image-16553 size-full\" src=\"https:\/\/www.cupssupplier.com\/wp-content\/uploads\/2025\/03\/4-16.webp\" alt=\"wholesale stainless steel vacuum insulated bottle\" width=\"750\" height=\"1360\" srcset=\"https:\/\/www.cupssupplier.com\/wp-content\/uploads\/2025\/03\/4-16.webp 750w, https:\/\/www.cupssupplier.com\/wp-content\/uploads\/2025\/03\/4-16-165x300.webp 165w, https:\/\/www.cupssupplier.com\/wp-content\/uploads\/2025\/03\/4-16-565x1024.webp 565w, https:\/\/www.cupssupplier.com\/wp-content\/uploads\/2025\/03\/4-16-300x544.webp 300w, https:\/\/www.cupssupplier.com\/wp-content\/uploads\/2025\/03\/4-16-600x1088.webp 600w\" sizes=\"auto, (max-width: 750px) 100vw, 750px\" title=\"\"><\/p>\n<p data-start=\"1101\" data-end=\"2049\">\u00bfBusca botellas de acero inoxidable de alta calidad al por mayor? Nos especializamos en colores personalizados, grabado de logotipos y precios al por mayor para ayudar a las empresas a crear art\u00edculos de bebida premium con su marca. \u00a1Cont\u00e1ctenos hoy para obtener una cotizaci\u00f3n y comenzar a personalizar su pedido!<\/p>\n","protected":false},"excerpt":{"rendered":"<p data-start=\"178\" data-end=\"735\">Mant\u00e9ngase hidratado todo el d\u00eda con nuestra botella t\u00e9rmica de acero inoxidable al por mayor. Fabricada con acero inoxidable 304 o 316 de primera calidad, cuenta con aislamiento al vac\u00edo de doble pared que mantiene las bebidas calientes hasta 12 horas y fr\u00edas durante 24 horas. Su dise\u00f1o ergon\u00f3mico y elegante est\u00e1 disponible en acabados personalizados como mate, goma, degradado, brillante o martillado. Perfecta para negocios, regalos corporativos y venta al por menor, con logotipos personalizados mediante serigraf\u00eda, grabado l\u00e1ser o impresi\u00f3n 3D.<\/p>\n","protected":false},"featured_media":17127,"template":"","meta":{"om_disable_all_campaigns":false},"product_brand":[],"product_cat":[324],"product_tag":[],"class_list":{"0":"post-17125","1":"product","2":"type-product","3":"status-publish","4":"has-post-thumbnail","6":"product_cat-botella-de-agua-de-acero-inoxidable","8":"first","9":"instock","10":"shipping-taxable","11":"product-type-simple"},"_links":{"self":[{"href":"https:\/\/www.cupssupplier.com\/es\/wp-json\/wp\/v2\/product\/17125","targetHints":{"allow":["GET"]}}],"collection":[{"href":"https:\/\/www.cupssupplier.com\/es\/wp-json\/wp\/v2\/product"}],"about":[{"href":"https:\/\/www.cupssupplier.com\/es\/wp-json\/wp\/v2\/types\/product"}],"wp:featuredmedia":[{"embeddable":true,"href":"https:\/\/www.cupssupplier.com\/es\/wp-json\/wp\/v2\/media\/17127"}],"wp:attachment":[{"href":"https:\/\/www.cupssupplier.com\/es\/wp-json\/wp\/v2\/media?parent=17125"}],"wp:term":[{"taxonomy":"product_brand","embeddable":true,"href":"https:\/\/www.cupssupplier.com\/es\/wp-json\/wp\/v2\/product_brand?post=17125"},{"taxonomy":"product_cat","embeddable":true,"href":"https:\/\/www.cupssupplier.com\/es\/wp-json\/wp\/v2\/product_cat?post=17125"},{"taxonomy":"product_tag","embeddable":true,"href":"https:\/\/www.cupssupplier.com\/es\/wp-json\/wp\/v2\/product_tag?post=17125"}],"curies":[{"name":"wp","href":"https:\/\/api.w.org\/{rel}","templated":true}]}}