{"id":17042,"date":"2025-03-14T01:02:34","date_gmt":"2025-03-14T05:02:34","guid":{"rendered":"https:\/\/www.cupssupplier.com\/product\/wholesale-double-wall-vacuum-insulated-stainless-steel-sport-water-bottle\/"},"modified":"2025-04-16T01:17:36","modified_gmt":"2025-04-16T05:17:36","slug":"wholesale-double-wall-vacuum-insulated-stainless-steel-sport-water-bottle","status":"publish","type":"product","link":"https:\/\/www.cupssupplier.com\/es\/wholesale-double-wall-vacuum-insulated-stainless-steel-sport-water-bottle\/","title":{"rendered":"Botella Deportiva de Acero Inoxidable con Aislamiento al Vac\u00edo de Doble Pared \u2013 Venta al por Mayor"},"content":{"rendered":"<p>Botella Deportiva de Acero Inoxidable con Aislamiento al Vac\u00edo de Doble Pared \u2013 Venta al por Mayor<\/p>\n<p class=\"\" data-start=\"4992\" data-end=\"5232\">Mantente hidratado con estilo con nuestra botella deportiva de acero inoxidable. Aislamiento de doble pared que mantiene las bebidas fr\u00edas por 24 horas y calientes por 12. Dise\u00f1o ergon\u00f3mico con acabado mate y tapa a prueba de fugas con asa.<\/p>\n<p class=\"\" data-start=\"5234\" data-end=\"5633\"><strong data-start=\"5234\" data-end=\"5260\">Caracter\u00edsticas clave:<\/strong><br data-start=\"5260\" data-end=\"5263\" \/>\u2705 Acero inoxidable 304 y 316 \u2013 duradero y resistente al \u00f3xido<br data-start=\"5324\" data-end=\"5327\" \/>\u2705 Aislamiento al vac\u00edo de doble pared \u2013 sin condensaci\u00f3n externa<br data-start=\"5391\" data-end=\"5394\" \/>\u2705 Tapa herm\u00e9tica y antifugas<br data-start=\"5422\" data-end=\"5425\" \/>\u2705 Dise\u00f1o ergon\u00f3mico y port\u00e1til<br data-start=\"5455\" data-end=\"5458\" \/>\u2705 Personalizaci\u00f3n: serigraf\u00eda, grabado l\u00e1ser, impresi\u00f3n 3D de logotipo<br data-start=\"5528\" data-end=\"5531\" \/>\u2705 Acabados: mate, pintura de goma, degradado, texturizado tipo martillo<br data-start=\"5602\" data-end=\"5605\" \/>\u2705 Ecol\u00f3gica y libre de BPA<\/p>\n<p class=\"\" data-start=\"5635\" data-end=\"5757\">Haz tu pedido al por mayor con colores personalizados y logotipo. \u00a1Cont\u00e1ctanos para precios al por mayor y entrega r\u00e1pida!<\/p>\n<p><img loading=\"lazy\" decoding=\"async\" class=\"aligncenter wp-image-16570 size-large\" src=\"https:\/\/www.cupssupplier.com\/wp-content\/uploads\/2025\/03\/3-22-1024x1024.webp\" alt=\"wholesale double wall vacuum insulated stainless steel sport water bottle\" width=\"1024\" height=\"1024\" srcset=\"https:\/\/www.cupssupplier.com\/wp-content\/uploads\/2025\/03\/3-22-1024x1024.webp 1024w, https:\/\/www.cupssupplier.com\/wp-content\/uploads\/2025\/03\/3-22-300x300.webp 300w, https:\/\/www.cupssupplier.com\/wp-content\/uploads\/2025\/03\/3-22-150x150.webp 150w, https:\/\/www.cupssupplier.com\/wp-content\/uploads\/2025\/03\/3-22-768x768.webp 768w, https:\/\/www.cupssupplier.com\/wp-content\/uploads\/2025\/03\/3-22-1536x1536.webp 1536w, https:\/\/www.cupssupplier.com\/wp-content\/uploads\/2025\/03\/3-22-600x600.webp 600w, https:\/\/www.cupssupplier.com\/wp-content\/uploads\/2025\/03\/3-22-100x100.webp 100w, https:\/\/www.cupssupplier.com\/wp-content\/uploads\/2025\/03\/3-22.webp 1920w\" sizes=\"auto, (max-width: 1024px) 100vw, 1024px\" title=\"\"><\/p>\n<p><img loading=\"lazy\" decoding=\"async\" class=\"wp-image-16571 size-large aligncenter\" src=\"https:\/\/www.cupssupplier.com\/wp-content\/uploads\/2025\/03\/4-19-1024x1024.webp\" alt=\"wholesale double wall vacuum insulated stainless steel sport water bottle\" width=\"1024\" height=\"1024\" srcset=\"https:\/\/www.cupssupplier.com\/wp-content\/uploads\/2025\/03\/4-19-1024x1024.webp 1024w, https:\/\/www.cupssupplier.com\/wp-content\/uploads\/2025\/03\/4-19-300x300.webp 300w, https:\/\/www.cupssupplier.com\/wp-content\/uploads\/2025\/03\/4-19-150x150.webp 150w, https:\/\/www.cupssupplier.com\/wp-content\/uploads\/2025\/03\/4-19-768x768.webp 768w, https:\/\/www.cupssupplier.com\/wp-content\/uploads\/2025\/03\/4-19-1536x1536.webp 1536w, https:\/\/www.cupssupplier.com\/wp-content\/uploads\/2025\/03\/4-19-600x600.webp 600w, https:\/\/www.cupssupplier.com\/wp-content\/uploads\/2025\/03\/4-19-100x100.webp 100w, https:\/\/www.cupssupplier.com\/wp-content\/uploads\/2025\/03\/4-19.webp 1920w\" sizes=\"auto, (max-width: 1024px) 100vw, 1024px\" title=\"\"><\/p>\n<p><img loading=\"lazy\" decoding=\"async\" class=\"wp-image-16569 aligncenter\" src=\"https:\/\/www.cupssupplier.com\/wp-content\/uploads\/2025\/03\/2-22.webp\" alt=\"wholesale double wall vacuum insulated stainless steel sport water bottle\" width=\"1025\" height=\"1025\" srcset=\"https:\/\/www.cupssupplier.com\/wp-content\/uploads\/2025\/03\/2-22.webp 800w, https:\/\/www.cupssupplier.com\/wp-content\/uploads\/2025\/03\/2-22-300x300.webp 300w, https:\/\/www.cupssupplier.com\/wp-content\/uploads\/2025\/03\/2-22-150x150.webp 150w, https:\/\/www.cupssupplier.com\/wp-content\/uploads\/2025\/03\/2-22-768x768.webp 768w, https:\/\/www.cupssupplier.com\/wp-content\/uploads\/2025\/03\/2-22-600x600.webp 600w, https:\/\/www.cupssupplier.com\/wp-content\/uploads\/2025\/03\/2-22-100x100.webp 100w\" sizes=\"auto, (max-width: 1025px) 100vw, 1025px\" title=\"\"><\/p>\n<p><img loading=\"lazy\" decoding=\"async\" class=\"aligncenter wp-image-16568 size-large\" src=\"https:\/\/www.cupssupplier.com\/wp-content\/uploads\/2025\/03\/1-18-1024x1024.webp\" alt=\"wholesale double wall vacuum insulated stainless steel sport water bottle\" width=\"1024\" height=\"1024\" srcset=\"https:\/\/www.cupssupplier.com\/wp-content\/uploads\/2025\/03\/1-18-1024x1024.webp 1024w, https:\/\/www.cupssupplier.com\/wp-content\/uploads\/2025\/03\/1-18-300x300.webp 300w, https:\/\/www.cupssupplier.com\/wp-content\/uploads\/2025\/03\/1-18-150x150.webp 150w, https:\/\/www.cupssupplier.com\/wp-content\/uploads\/2025\/03\/1-18-768x768.webp 768w, https:\/\/www.cupssupplier.com\/wp-content\/uploads\/2025\/03\/1-18-600x600.webp 600w, https:\/\/www.cupssupplier.com\/wp-content\/uploads\/2025\/03\/1-18-100x100.webp 100w, https:\/\/www.cupssupplier.com\/wp-content\/uploads\/2025\/03\/1-18.webp 1280w\" sizes=\"auto, (max-width: 1024px) 100vw, 1024px\" title=\"\"><\/p>\n<p data-start=\"1074\" data-end=\"1985\">\u00bfBuscas botellas deportivas de acero inoxidable premium y personalizables para tu marca o empresa? Haz tu pedido al por mayor y personaliza tus botellas con tu logo, colores y acabado \u00fanico. \u00a1Cont\u00e1ctanos hoy mismo para precios al por mayor, personalizaci\u00f3n OEM y entrega r\u00e1pida!<\/p>\n","protected":false},"excerpt":{"rendered":"<p>Mantente hidratado con estilo con nuestra botella deportiva de acero inoxidable con aislamiento al vac\u00edo de doble pared. Dise\u00f1ada para rendimiento y durabilidad, mantiene las bebidas fr\u00edas hasta por 24 horas y calientes por 12. Dise\u00f1o a prueba de fugas y forma ergon\u00f3mica, perfecta para entrenamientos, viajes y el d\u00eda a d\u00eda. Disponible en colores personalizados y opciones de logotipo: serigraf\u00eda, grabado l\u00e1ser o impresi\u00f3n 3D.<\/p>\n","protected":false},"featured_media":17043,"template":"","meta":{"om_disable_all_campaigns":false},"product_brand":[],"product_cat":[324],"product_tag":[],"class_list":{"0":"post-17042","1":"product","2":"type-product","3":"status-publish","4":"has-post-thumbnail","6":"product_cat-botella-de-agua-de-acero-inoxidable","8":"first","9":"instock","10":"shipping-taxable","11":"product-type-simple"},"_links":{"self":[{"href":"https:\/\/www.cupssupplier.com\/es\/wp-json\/wp\/v2\/product\/17042","targetHints":{"allow":["GET"]}}],"collection":[{"href":"https:\/\/www.cupssupplier.com\/es\/wp-json\/wp\/v2\/product"}],"about":[{"href":"https:\/\/www.cupssupplier.com\/es\/wp-json\/wp\/v2\/types\/product"}],"wp:featuredmedia":[{"embeddable":true,"href":"https:\/\/www.cupssupplier.com\/es\/wp-json\/wp\/v2\/media\/17043"}],"wp:attachment":[{"href":"https:\/\/www.cupssupplier.com\/es\/wp-json\/wp\/v2\/media?parent=17042"}],"wp:term":[{"taxonomy":"product_brand","embeddable":true,"href":"https:\/\/www.cupssupplier.com\/es\/wp-json\/wp\/v2\/product_brand?post=17042"},{"taxonomy":"product_cat","embeddable":true,"href":"https:\/\/www.cupssupplier.com\/es\/wp-json\/wp\/v2\/product_cat?post=17042"},{"taxonomy":"product_tag","embeddable":true,"href":"https:\/\/www.cupssupplier.com\/es\/wp-json\/wp\/v2\/product_tag?post=17042"}],"curies":[{"name":"wp","href":"https:\/\/api.w.org\/{rel}","templated":true}]}}