{"id":16992,"date":"2025-03-14T01:15:56","date_gmt":"2025-03-14T05:15:56","guid":{"rendered":"https:\/\/www.cupssupplier.com\/product\/wholesale-outdoor-stainless-steel-water-bottle\/"},"modified":"2025-04-16T00:12:27","modified_gmt":"2025-04-16T04:12:27","slug":"wholesale-outdoor-stainless-steel-water-bottle","status":"publish","type":"product","link":"https:\/\/www.cupssupplier.com\/es\/wholesale-outdoor-stainless-steel-water-bottle\/","title":{"rendered":"Botella de agua de acero inoxidable para exteriores al por mayor"},"content":{"rendered":"<p data-start=\"1642\" data-end=\"2031\">Botella de agua de acero inoxidable para exteriores al por mayor\uff1a<\/p>\n<p class=\"\" data-start=\"9077\" data-end=\"9306\">Hidrataci\u00f3n superior con nuestra botella de acero inoxidable, dise\u00f1ada para estilos de vida activos y condiciones extremas. Ideal para monta\u00f1a o ciudad, gracias al aislamiento de doble pared al vac\u00edo.<\/p>\n<p class=\"\" data-start=\"9308\" data-end=\"9567\"><strong data-start=\"9308\" data-end=\"9334\">Caracter\u00edsticas clave:<\/strong><br data-start=\"9334\" data-end=\"9337\" \/>\u2705 Acero inoxidable 304 de grado alimenticio<br data-start=\"9380\" data-end=\"9383\" \/>\u2705 Aislamiento al vac\u00edo \u2013 fr\u00edo 24h \/ caliente 12h<br data-start=\"9431\" data-end=\"9434\" \/>\u2705 Tapa a prueba de fugas<br data-start=\"9458\" data-end=\"9461\" \/>\u2705 Acabado resistente a ara\u00f1azos<br data-start=\"9492\" data-end=\"9495\" \/>\u2705 Logotipo personalizado \u2013 impresi\u00f3n, l\u00e1ser o 3D<br data-start=\"9543\" data-end=\"9546\" \/>\u2705 Sin BPA y ecol\u00f3gica<\/p>\n<p><img loading=\"lazy\" decoding=\"async\" class=\"wp-image-16579 size-full aligncenter\" src=\"https:\/\/www.cupssupplier.com\/wp-content\/uploads\/2025\/03\/4-20.webp\" alt=\"wholesale outdoor stainless steel water bottle\" width=\"800\" height=\"800\" srcset=\"https:\/\/www.cupssupplier.com\/wp-content\/uploads\/2025\/03\/4-20.webp 800w, https:\/\/www.cupssupplier.com\/wp-content\/uploads\/2025\/03\/4-20-300x300.webp 300w, https:\/\/www.cupssupplier.com\/wp-content\/uploads\/2025\/03\/4-20-150x150.webp 150w, https:\/\/www.cupssupplier.com\/wp-content\/uploads\/2025\/03\/4-20-768x768.webp 768w, https:\/\/www.cupssupplier.com\/wp-content\/uploads\/2025\/03\/4-20-600x600.webp 600w, https:\/\/www.cupssupplier.com\/wp-content\/uploads\/2025\/03\/4-20-100x100.webp 100w\" sizes=\"auto, (max-width: 800px) 100vw, 800px\" title=\"\"><\/p>\n<p><img loading=\"lazy\" decoding=\"async\" class=\"wp-image-16576 size-full aligncenter\" src=\"https:\/\/www.cupssupplier.com\/wp-content\/uploads\/2025\/03\/1-19.webp\" alt=\"wholesale outdoor stainless steel water bottle\" width=\"800\" height=\"800\" srcset=\"https:\/\/www.cupssupplier.com\/wp-content\/uploads\/2025\/03\/1-19.webp 800w, https:\/\/www.cupssupplier.com\/wp-content\/uploads\/2025\/03\/1-19-300x300.webp 300w, https:\/\/www.cupssupplier.com\/wp-content\/uploads\/2025\/03\/1-19-150x150.webp 150w, https:\/\/www.cupssupplier.com\/wp-content\/uploads\/2025\/03\/1-19-768x768.webp 768w, https:\/\/www.cupssupplier.com\/wp-content\/uploads\/2025\/03\/1-19-600x600.webp 600w, https:\/\/www.cupssupplier.com\/wp-content\/uploads\/2025\/03\/1-19-100x100.webp 100w\" sizes=\"auto, (max-width: 800px) 100vw, 800px\" title=\"\"><\/p>\n<p><img loading=\"lazy\" decoding=\"async\" class=\"wp-image-16578 size-full aligncenter\" src=\"https:\/\/www.cupssupplier.com\/wp-content\/uploads\/2025\/03\/3-23.webp\" alt=\"wholesale outdoor stainless steel water bottle\" width=\"800\" height=\"800\" srcset=\"https:\/\/www.cupssupplier.com\/wp-content\/uploads\/2025\/03\/3-23.webp 800w, https:\/\/www.cupssupplier.com\/wp-content\/uploads\/2025\/03\/3-23-300x300.webp 300w, https:\/\/www.cupssupplier.com\/wp-content\/uploads\/2025\/03\/3-23-150x150.webp 150w, https:\/\/www.cupssupplier.com\/wp-content\/uploads\/2025\/03\/3-23-768x768.webp 768w, https:\/\/www.cupssupplier.com\/wp-content\/uploads\/2025\/03\/3-23-600x600.webp 600w, https:\/\/www.cupssupplier.com\/wp-content\/uploads\/2025\/03\/3-23-100x100.webp 100w\" sizes=\"auto, (max-width: 800px) 100vw, 800px\" title=\"\"><\/p>\n<p><img loading=\"lazy\" decoding=\"async\" class=\"wp-image-16577 size-full aligncenter\" src=\"https:\/\/www.cupssupplier.com\/wp-content\/uploads\/2025\/03\/2-23.webp\" alt=\"wholesale outdoor stainless steel water bottle\" width=\"800\" height=\"800\" srcset=\"https:\/\/www.cupssupplier.com\/wp-content\/uploads\/2025\/03\/2-23.webp 800w, https:\/\/www.cupssupplier.com\/wp-content\/uploads\/2025\/03\/2-23-300x300.webp 300w, https:\/\/www.cupssupplier.com\/wp-content\/uploads\/2025\/03\/2-23-150x150.webp 150w, https:\/\/www.cupssupplier.com\/wp-content\/uploads\/2025\/03\/2-23-768x768.webp 768w, https:\/\/www.cupssupplier.com\/wp-content\/uploads\/2025\/03\/2-23-600x600.webp 600w, https:\/\/www.cupssupplier.com\/wp-content\/uploads\/2025\/03\/2-23-100x100.webp 100w\" sizes=\"auto, (max-width: 800px) 100vw, 800px\" title=\"\"><\/p>\n<p data-start=\"2514\" data-end=\"2851\">Dise\u00f1o robusto y elegante con acabados mate, brillante o texturizado. Agarre ergon\u00f3mico y tapa segura con asa para transportar.<\/p>\n<p class=\"\" data-start=\"10019\" data-end=\"10214\">\u00bfBuscas botellas duraderas y personalizables para tu negocio? Ofrecemos pedidos al por mayor, logotipos personalizados y env\u00edo internacional r\u00e1pido. \u00a1Cont\u00e1ctanos ahora!<\/p>\n","protected":false},"excerpt":{"rendered":"<p data-start=\"37\" data-end=\"497\">Mantente hidratado donde sea que te lleve la aventura con nuestra botella de agua de acero inoxidable para exteriores al por mayor. Aislada, resistente y sin fugas, mantiene las bebidas fr\u00edas por 24h y calientes por 12h. Perfecta para senderismo, camping, deportes y viajes. Personalizable con colores y logotipos (impresi\u00f3n, grabado l\u00e1ser o 3D).<\/p>\n","protected":false},"featured_media":16994,"template":"","meta":{"om_disable_all_campaigns":false},"product_brand":[],"product_cat":[324],"product_tag":[],"class_list":{"0":"post-16992","1":"product","2":"type-product","3":"status-publish","4":"has-post-thumbnail","6":"product_cat-botella-de-agua-de-acero-inoxidable","8":"first","9":"instock","10":"shipping-taxable","11":"product-type-simple"},"_links":{"self":[{"href":"https:\/\/www.cupssupplier.com\/es\/wp-json\/wp\/v2\/product\/16992","targetHints":{"allow":["GET"]}}],"collection":[{"href":"https:\/\/www.cupssupplier.com\/es\/wp-json\/wp\/v2\/product"}],"about":[{"href":"https:\/\/www.cupssupplier.com\/es\/wp-json\/wp\/v2\/types\/product"}],"wp:featuredmedia":[{"embeddable":true,"href":"https:\/\/www.cupssupplier.com\/es\/wp-json\/wp\/v2\/media\/16994"}],"wp:attachment":[{"href":"https:\/\/www.cupssupplier.com\/es\/wp-json\/wp\/v2\/media?parent=16992"}],"wp:term":[{"taxonomy":"product_brand","embeddable":true,"href":"https:\/\/www.cupssupplier.com\/es\/wp-json\/wp\/v2\/product_brand?post=16992"},{"taxonomy":"product_cat","embeddable":true,"href":"https:\/\/www.cupssupplier.com\/es\/wp-json\/wp\/v2\/product_cat?post=16992"},{"taxonomy":"product_tag","embeddable":true,"href":"https:\/\/www.cupssupplier.com\/es\/wp-json\/wp\/v2\/product_tag?post=16992"}],"curies":[{"name":"wp","href":"https:\/\/api.w.org\/{rel}","templated":true}]}}