{"id":20691,"date":"2024-09-19T04:40:52","date_gmt":"2024-09-19T08:40:52","guid":{"rendered":"https:\/\/www.cupssupplier.com\/product\/500ml-stainless-steel-water-bottle\/"},"modified":"2025-05-29T02:08:59","modified_gmt":"2025-05-29T06:08:59","slug":"500ml-stainless-steel-water-bottle","status":"publish","type":"product","link":"https:\/\/www.cupssupplier.com\/de\/500ml-stainless-steel-water-bottle\/","title":{"rendered":"500 ml Edelstahl-Wasserflasche im Gro\u00dfhandel"},"content":{"rendered":"<p class=\"\" data-start=\"1449\" data-end=\"1547\"><strong data-start=\"1449\" data-end=\"1547\">500 ml Edelstahl-Wasserflasche im Gro\u00dfhandel \u2013 Langlebig &amp; Umweltfreundlich f\u00fcr Ihre Hydration<\/strong><\/p>\n<p class=\"\" data-start=\"1549\" data-end=\"1701\">Erleben Sie die perfekte Kombination aus Funktionalit\u00e4t und Stil mit der 500 ml Edelstahl-Wasserflasche im Gro\u00dfhandel. Diese hochwertige Flasche bietet:<\/p>\n<ul data-start=\"1703\" data-end=\"2249\">\n<li class=\"\" data-start=\"1703\" data-end=\"1802\">\n<p class=\"\" data-start=\"1705\" data-end=\"1802\"><strong data-start=\"1705\" data-end=\"1733\">Hervorragende Isolierung<\/strong>: H\u00e4lt Getr\u00e4nke bis zu 12 Stunden hei\u00df oder bis zu 24 Stunden kalt.<\/p>\n<\/li>\n<li class=\"\" data-start=\"1803\" data-end=\"1921\">\n<p class=\"\" data-start=\"1805\" data-end=\"1921\"><strong data-start=\"1805\" data-end=\"1844\">Umweltfreundlich &amp; Wiederverwendbar<\/strong>: Hergestellt aus BPA-freiem, hochwertigem Edelstahl zur Abfallreduzierung.<\/p>\n<\/li>\n<li class=\"\" data-start=\"1922\" data-end=\"2031\">\n<p class=\"\" data-start=\"1924\" data-end=\"2031\"><strong data-start=\"1924\" data-end=\"1958\">Schlankes und tragbares Design<\/strong>: Kompaktes 500 ml-Format passt in Taschen, Becherhalter und Rucks\u00e4cke.<\/p>\n<\/li>\n<li class=\"\" data-start=\"2032\" data-end=\"2137\">\n<p class=\"\" data-start=\"2034\" data-end=\"2137\"><strong data-start=\"2034\" data-end=\"2060\">Auslaufsicher &amp; Robust<\/strong>: F\u00fcr einen aktiven Lebensstil entwickelt \u2013 ohne Versch\u00fctten oder Kleckern.<\/p>\n<\/li>\n<li class=\"\" data-start=\"2138\" data-end=\"2249\">\n<p class=\"\" data-start=\"2140\" data-end=\"2249\"><strong data-start=\"2140\" data-end=\"2165\">Vielseitig einsetzbar<\/strong>: Ideal f\u00fcr Fitnessstudio, B\u00fcro, Outdoor-Aktivit\u00e4ten oder als durchdachtes Geschenk.<\/p>\n<\/li>\n<\/ul>\n<p class=\"\" data-start=\"2251\" data-end=\"2400\">Bleiben Sie \u00fcberall erfrischt mit der 500 ml Edelstahl-Wasserflasche im Gro\u00dfhandel \u2013 die perfekte Kombination aus Praktikabilit\u00e4t und Nachhaltigkeit.<\/p>\n<p class=\"\" data-start=\"2402\" data-end=\"2679\"><strong data-start=\"2402\" data-end=\"2679\">Bleiben Sie stilvoll hydriert mit unserer 500 ml Edelstahl-Wasserflasche im Gro\u00dfhandel. Langlebig, umweltfreundlich und komfortabel \u2013 h\u00e4lt Ihre Getr\u00e4nke stundenlang hei\u00df oder kalt. Perfekt f\u00fcr Sport, Reisen oder den Alltag \u2013 Ihr idealer Begleiter f\u00fcr nachhaltige Hydration.<\/strong><\/p>\n<p><img loading=\"lazy\" decoding=\"async\" class=\"aligncenter wp-image-1481 size-full\" src=\"https:\/\/www.cupssupplier.com\/wp-content\/uploads\/2024\/09\/2-1.webp\" alt=\"500ml stainless steel water bottle\" width=\"750\" height=\"602\" srcset=\"https:\/\/www.cupssupplier.com\/wp-content\/uploads\/2024\/09\/2-1.webp 750w, https:\/\/www.cupssupplier.com\/wp-content\/uploads\/2024\/09\/2-1-300x241.webp 300w, https:\/\/www.cupssupplier.com\/wp-content\/uploads\/2024\/09\/2-1-600x482.webp 600w, https:\/\/www.cupssupplier.com\/wp-content\/uploads\/2024\/09\/2-1-15x12.webp 15w\" sizes=\"auto, (max-width: 750px) 100vw, 750px\" title=\"\"><img loading=\"lazy\" decoding=\"async\" class=\"aligncenter wp-image-1482 size-full\" src=\"https:\/\/www.cupssupplier.com\/wp-content\/uploads\/2024\/09\/3-1.webp\" alt=\"500ml Stainless Steel Water Bottle\" width=\"750\" height=\"602\" srcset=\"https:\/\/www.cupssupplier.com\/wp-content\/uploads\/2024\/09\/3-1.webp 750w, https:\/\/www.cupssupplier.com\/wp-content\/uploads\/2024\/09\/3-1-300x241.webp 300w, https:\/\/www.cupssupplier.com\/wp-content\/uploads\/2024\/09\/3-1-600x482.webp 600w, https:\/\/www.cupssupplier.com\/wp-content\/uploads\/2024\/09\/3-1-15x12.webp 15w\" sizes=\"auto, (max-width: 750px) 100vw, 750px\" title=\"\"><\/p>\n<p><img loading=\"lazy\" decoding=\"async\" class=\"aligncenter wp-image-1480 size-full\" src=\"https:\/\/www.cupssupplier.com\/wp-content\/uploads\/2024\/09\/1-1.webp\" alt=\"500ml Stainless Steel Water Bottle\" width=\"750\" height=\"602\" srcset=\"https:\/\/www.cupssupplier.com\/wp-content\/uploads\/2024\/09\/1-1.webp 750w, https:\/\/www.cupssupplier.com\/wp-content\/uploads\/2024\/09\/1-1-300x241.webp 300w, https:\/\/www.cupssupplier.com\/wp-content\/uploads\/2024\/09\/1-1-600x482.webp 600w, https:\/\/www.cupssupplier.com\/wp-content\/uploads\/2024\/09\/1-1-15x12.webp 15w\" sizes=\"auto, (max-width: 750px) 100vw, 750px\" title=\"\"><img loading=\"lazy\" decoding=\"async\" class=\"aligncenter wp-image-1483 size-full\" src=\"https:\/\/www.cupssupplier.com\/wp-content\/uploads\/2024\/09\/4-1.webp\" alt=\"500ml Stainless Steel Water Bottle\" width=\"750\" height=\"602\" srcset=\"https:\/\/www.cupssupplier.com\/wp-content\/uploads\/2024\/09\/4-1.webp 750w, https:\/\/www.cupssupplier.com\/wp-content\/uploads\/2024\/09\/4-1-300x241.webp 300w, https:\/\/www.cupssupplier.com\/wp-content\/uploads\/2024\/09\/4-1-600x482.webp 600w, https:\/\/www.cupssupplier.com\/wp-content\/uploads\/2024\/09\/4-1-15x12.webp 15w\" sizes=\"auto, (max-width: 750px) 100vw, 750px\" title=\"\"><\/p>\n","protected":false},"excerpt":{"rendered":"<p><strong data-start=\"911\" data-end=\"1001\">Bleiben Sie stilvoll hydriert mit unserer 500ml Edelstahl-Wasserflasche im Gro\u00dfhandel.<\/strong><br data-start=\"1001\" data-end=\"1004\" \/>Diese elegante, langlebige und umweltfreundliche Flasche ist auf Komfort ausgelegt und h\u00e4lt Ihre Getr\u00e4nke \u00fcber Stunden hei\u00df oder kalt. Perfekt f\u00fcr Workouts, Reisen oder den Alltag \u2013 Ihr idealer Begleiter f\u00fcr unterwegs.<\/p>\n","protected":false},"featured_media":3291,"template":"","meta":{"om_disable_all_campaigns":false},"product_brand":[],"product_cat":[289],"product_tag":[],"class_list":{"0":"post-20691","1":"product","2":"type-product","3":"status-publish","4":"has-post-thumbnail","6":"product_cat-edelstahl-trinkflasche","8":"first","9":"instock","10":"shipping-taxable","11":"product-type-simple"},"_links":{"self":[{"href":"https:\/\/www.cupssupplier.com\/de\/wp-json\/wp\/v2\/product\/20691","targetHints":{"allow":["GET"]}}],"collection":[{"href":"https:\/\/www.cupssupplier.com\/de\/wp-json\/wp\/v2\/product"}],"about":[{"href":"https:\/\/www.cupssupplier.com\/de\/wp-json\/wp\/v2\/types\/product"}],"wp:featuredmedia":[{"embeddable":true,"href":"https:\/\/www.cupssupplier.com\/de\/wp-json\/wp\/v2\/media\/3291"}],"wp:attachment":[{"href":"https:\/\/www.cupssupplier.com\/de\/wp-json\/wp\/v2\/media?parent=20691"}],"wp:term":[{"taxonomy":"product_brand","embeddable":true,"href":"https:\/\/www.cupssupplier.com\/de\/wp-json\/wp\/v2\/product_brand?post=20691"},{"taxonomy":"product_cat","embeddable":true,"href":"https:\/\/www.cupssupplier.com\/de\/wp-json\/wp\/v2\/product_cat?post=20691"},{"taxonomy":"product_tag","embeddable":true,"href":"https:\/\/www.cupssupplier.com\/de\/wp-json\/wp\/v2\/product_tag?post=20691"}],"curies":[{"name":"wp","href":"https:\/\/api.w.org\/{rel}","templated":true}]}}