{"id":20677,"date":"2024-09-19T07:21:14","date_gmt":"2024-09-19T11:21:14","guid":{"rendered":"https:\/\/www.cupssupplier.com\/product\/500ml-water-thermos-for-outdoor\/"},"modified":"2025-05-29T01:49:36","modified_gmt":"2025-05-29T05:49:36","slug":"500ml-water-thermos-for-outdoor","status":"publish","type":"product","link":"https:\/\/www.cupssupplier.com\/de\/500ml-water-thermos-for-outdoor\/","title":{"rendered":"500ml Outdoor-Wasserthermosflasche"},"content":{"rendered":"<div class=\"flex-1 overflow-hidden @container\/thread\">\n<div class=\"h-full\">\n<div class=\"react-scroll-to-bottom--css-datha-79elbk h-full\">\n<div class=\"react-scroll-to-bottom--css-datha-1n7m0yu\">\n<div class=\"flex flex-col text-sm md:pb-9\">\n<article class=\"w-full scroll-mb-[var(--thread-trailing-height,150px)] text-token-text-primary focus-visible:outline-2 focus-visible:outline-offset-[-4px]\" dir=\"auto\" data-testid=\"conversation-turn-29\" data-scroll-anchor=\"true\">\n<div class=\"m-auto text-base py-[18px] px-3 md:px-4 w-full md:px-5 lg:px-4 xl:px-5\">\n<div class=\"mx-auto flex flex-1 gap-4 text-base md:gap-5 lg:gap-6 md:max-w-3xl lg:max-w-[40rem] xl:max-w-[48rem]\">\n<div class=\"group\/conversation-turn relative flex w-full min-w-0 flex-col agent-turn\">\n<div class=\"flex-col gap-1 md:gap-3\">\n<div class=\"flex max-w-full flex-col flex-grow\">\n<div class=\"min-h-8 text-message flex w-full flex-col items-end gap-2 whitespace-normal break-words text-start [.text-message+&amp;]:mt-5\" dir=\"auto\" data-message-author-role=\"assistant\" data-message-id=\"8c01a3e2-6bac-4eae-ab3a-c8296d634b63\" data-message-model-slug=\"gpt-4o\">\n<div class=\"flex w-full flex-col gap-1 empty:hidden first:pt-[3px]\">\n<div class=\"markdown prose w-full break-words dark:prose-invert light\">\n<p class=\"\" data-start=\"1749\" data-end=\"1817\"><strong data-start=\"1749\" data-end=\"1817\">500ml Outdoor-Wasserthermosflasche \u2013 Robuste &amp; Isolierte Flasche<\/strong><\/p>\n<p class=\"\" data-start=\"1819\" data-end=\"1963\">R\u00fcsten Sie sich f\u00fcr Ihr n\u00e4chstes Abenteuer mit der 500ml Wasserthermosflasche f\u00fcr den Au\u00dfenbereich. Diese leistungsstarke Thermosflasche bietet:<\/p>\n<ul data-start=\"1965\" data-end=\"2463\">\n<li class=\"\" data-start=\"1965\" data-end=\"2056\">\n<p class=\"\" data-start=\"1967\" data-end=\"2056\"><strong data-start=\"1967\" data-end=\"1987\">Temperaturerhalt<\/strong>: H\u00e4lt Getr\u00e4nke bis zu 12 Stunden hei\u00df oder bis zu 24 Stunden kalt.<\/p>\n<\/li>\n<li class=\"\" data-start=\"2057\" data-end=\"2176\">\n<p class=\"\" data-start=\"2059\" data-end=\"2176\"><strong data-start=\"2059\" data-end=\"2092\">Robustes Design aus Edelstahl<\/strong>: Hergestellt aus hochwertigen, BPA-freien Materialien f\u00fcr eine lange Lebensdauer.<\/p>\n<\/li>\n<li class=\"\" data-start=\"2177\" data-end=\"2290\">\n<p class=\"\" data-start=\"2179\" data-end=\"2290\"><strong data-start=\"2179\" data-end=\"2201\">Kompakt und leicht<\/strong>: Mit 500ml Fassungsverm\u00f6gen ideal f\u00fcr Reisen, Camping, Wandern oder das Fitnessstudio.<\/p>\n<\/li>\n<li class=\"\" data-start=\"2291\" data-end=\"2368\">\n<p class=\"\" data-start=\"2293\" data-end=\"2368\"><strong data-start=\"2293\" data-end=\"2319\">Auslaufsicherer Deckel<\/strong>: Sorgt f\u00fcr sicheren Transport, auch unterwegs.<\/p>\n<\/li>\n<li class=\"\" data-start=\"2369\" data-end=\"2463\">\n<p class=\"\" data-start=\"2371\" data-end=\"2463\"><strong data-start=\"2371\" data-end=\"2412\">Umweltfreundlich und wiederverwendbar<\/strong>: Eine nachhaltige Alternative zu Einwegflaschen.<\/p>\n<\/li>\n<\/ul>\n<p class=\"\" data-start=\"2465\" data-end=\"2599\">Ob auf dem Trail oder im B\u00fcro \u2013 die 500ml Outdoor-Thermosflasche ist eine zuverl\u00e4ssige, stilvolle und praktische L\u00f6sung zur Hydration.<\/p>\n<\/div>\n<p><img loading=\"lazy\" decoding=\"async\" class=\"aligncenter wp-image-1505 size-full\" src=\"https:\/\/www.cupssupplier.com\/wp-content\/uploads\/2024\/09\/11.webp\" alt=\"500ml water thermos for outdoor\" width=\"750\" height=\"602\" srcset=\"https:\/\/www.cupssupplier.com\/wp-content\/uploads\/2024\/09\/11.webp 750w, https:\/\/www.cupssupplier.com\/wp-content\/uploads\/2024\/09\/11-300x241.webp 300w, https:\/\/www.cupssupplier.com\/wp-content\/uploads\/2024\/09\/11-600x482.webp 600w, https:\/\/www.cupssupplier.com\/wp-content\/uploads\/2024\/09\/11-15x12.webp 15w\" sizes=\"auto, (max-width: 750px) 100vw, 750px\" title=\"\"> <img loading=\"lazy\" decoding=\"async\" class=\"aligncenter wp-image-1504 size-full\" src=\"https:\/\/www.cupssupplier.com\/wp-content\/uploads\/2024\/09\/10.webp\" alt=\"500ml water thermos for outdoor\" width=\"750\" height=\"602\" srcset=\"https:\/\/www.cupssupplier.com\/wp-content\/uploads\/2024\/09\/10.webp 750w, https:\/\/www.cupssupplier.com\/wp-content\/uploads\/2024\/09\/10-300x241.webp 300w, https:\/\/www.cupssupplier.com\/wp-content\/uploads\/2024\/09\/10-600x482.webp 600w, https:\/\/www.cupssupplier.com\/wp-content\/uploads\/2024\/09\/10-15x12.webp 15w\" sizes=\"auto, (max-width: 750px) 100vw, 750px\" title=\"\"> <img loading=\"lazy\" decoding=\"async\" class=\"aligncenter wp-image-1503 size-full\" src=\"https:\/\/www.cupssupplier.com\/wp-content\/uploads\/2024\/09\/9.webp\" alt=\"500ml water thermos for outdoor\" width=\"750\" height=\"602\" srcset=\"https:\/\/www.cupssupplier.com\/wp-content\/uploads\/2024\/09\/9.webp 750w, https:\/\/www.cupssupplier.com\/wp-content\/uploads\/2024\/09\/9-300x241.png 300w, https:\/\/www.cupssupplier.com\/wp-content\/uploads\/2024\/09\/9-600x482.png 600w, https:\/\/www.cupssupplier.com\/wp-content\/uploads\/2024\/09\/9-15x12.png 15w\" sizes=\"auto, (max-width: 750px) 100vw, 750px\" title=\"\"> <img loading=\"lazy\" decoding=\"async\" class=\"aligncenter wp-image-1502 size-full\" src=\"https:\/\/www.cupssupplier.com\/wp-content\/uploads\/2024\/09\/8.webp\" alt=\"500ml water thermos for outdoor\" width=\"750\" height=\"602\" srcset=\"https:\/\/www.cupssupplier.com\/wp-content\/uploads\/2024\/09\/8.webp 750w, https:\/\/www.cupssupplier.com\/wp-content\/uploads\/2024\/09\/8-300x241.webp 300w, https:\/\/www.cupssupplier.com\/wp-content\/uploads\/2024\/09\/8-600x482.webp 600w, https:\/\/www.cupssupplier.com\/wp-content\/uploads\/2024\/09\/8-15x12.webp 15w\" sizes=\"auto, (max-width: 750px) 100vw, 750px\" title=\"\"> <img loading=\"lazy\" decoding=\"async\" class=\"aligncenter wp-image-1501 size-full\" src=\"https:\/\/www.cupssupplier.com\/wp-content\/uploads\/2024\/09\/7-1.webp\" alt=\"500ml water thermos for outdoor\" width=\"750\" height=\"602\" srcset=\"https:\/\/www.cupssupplier.com\/wp-content\/uploads\/2024\/09\/7-1.webp 750w, https:\/\/www.cupssupplier.com\/wp-content\/uploads\/2024\/09\/7-1-300x241.webp 300w, https:\/\/www.cupssupplier.com\/wp-content\/uploads\/2024\/09\/7-1-600x482.webp 600w, https:\/\/www.cupssupplier.com\/wp-content\/uploads\/2024\/09\/7-1-15x12.webp 15w\" sizes=\"auto, (max-width: 750px) 100vw, 750px\" title=\"\"> <img loading=\"lazy\" decoding=\"async\" class=\"aligncenter wp-image-1499 size-full\" src=\"https:\/\/www.cupssupplier.com\/wp-content\/uploads\/2024\/09\/5-3-e1735783276524.webp\" alt=\"500ml water thermos for outdoor\" width=\"740\" height=\"602\" srcset=\"https:\/\/www.cupssupplier.com\/wp-content\/uploads\/2024\/09\/5-3-e1735783276524.webp 740w, https:\/\/www.cupssupplier.com\/wp-content\/uploads\/2024\/09\/5-3-e1735783276524-300x244.webp 300w, https:\/\/www.cupssupplier.com\/wp-content\/uploads\/2024\/09\/5-3-e1735783276524-600x488.webp 600w\" sizes=\"auto, (max-width: 740px) 100vw, 740px\" title=\"\"><\/p>\n<\/div>\n<\/div>\n<\/div>\n<\/div>\n<\/div>\n<\/div>\n<\/div>\n<\/article>\n<\/div>\n<\/div>\n<\/div>\n<\/div>\n<\/div>\n","protected":false},"excerpt":{"rendered":"<p class=\"\" data-start=\"2601\" data-end=\"2897\"><strong data-start=\"2601\" data-end=\"2897\">Bleiben Sie auf Ihren Abenteuern hydriert mit unserer 500ml Thermosflasche f\u00fcr den Outdoor-Einsatz. Entwickelt f\u00fcr Langlebigkeit und Tragbarkeit, h\u00e4lt sie Ihre Getr\u00e4nke stundenlang hei\u00df oder kalt. Perfekt f\u00fcr Camping, Wandern oder den t\u00e4glichen Weg zur Arbeit \u2013 Ihr idealer Outdoor-Begleiter.<\/strong><\/p>\n<p class=\"\" data-start=\"2899\" data-end=\"3187\">\n","protected":false},"featured_media":3390,"template":"","meta":{"om_disable_all_campaigns":false},"product_brand":[],"product_cat":[289],"product_tag":[],"class_list":{"0":"post-20677","1":"product","2":"type-product","3":"status-publish","4":"has-post-thumbnail","6":"product_cat-edelstahl-trinkflasche","8":"first","9":"instock","10":"shipping-taxable","11":"product-type-simple"},"_links":{"self":[{"href":"https:\/\/www.cupssupplier.com\/de\/wp-json\/wp\/v2\/product\/20677","targetHints":{"allow":["GET"]}}],"collection":[{"href":"https:\/\/www.cupssupplier.com\/de\/wp-json\/wp\/v2\/product"}],"about":[{"href":"https:\/\/www.cupssupplier.com\/de\/wp-json\/wp\/v2\/types\/product"}],"wp:featuredmedia":[{"embeddable":true,"href":"https:\/\/www.cupssupplier.com\/de\/wp-json\/wp\/v2\/media\/3390"}],"wp:attachment":[{"href":"https:\/\/www.cupssupplier.com\/de\/wp-json\/wp\/v2\/media?parent=20677"}],"wp:term":[{"taxonomy":"product_brand","embeddable":true,"href":"https:\/\/www.cupssupplier.com\/de\/wp-json\/wp\/v2\/product_brand?post=20677"},{"taxonomy":"product_cat","embeddable":true,"href":"https:\/\/www.cupssupplier.com\/de\/wp-json\/wp\/v2\/product_cat?post=20677"},{"taxonomy":"product_tag","embeddable":true,"href":"https:\/\/www.cupssupplier.com\/de\/wp-json\/wp\/v2\/product_tag?post=20677"}],"curies":[{"name":"wp","href":"https:\/\/api.w.org\/{rel}","templated":true}]}}