{"id":20663,"date":"2024-12-30T02:29:40","date_gmt":"2024-12-30T07:29:40","guid":{"rendered":"https:\/\/www.cupssupplier.com\/product\/personalised-tumbler-with-straw\/"},"modified":"2025-05-29T01:29:30","modified_gmt":"2025-05-29T05:29:30","slug":"personalised-tumbler-with-straw","status":"publish","type":"product","link":"https:\/\/www.cupssupplier.com\/de\/personalised-tumbler-with-straw\/","title":{"rendered":"Personalisierter Becher mit Strohhalm"},"content":{"rendered":"<h3 class=\"\" data-start=\"1673\" data-end=\"1768\"><strong data-start=\"1682\" data-end=\"1768\">Personalisierter Becher mit Strohhalm \u2013 Umweltfreundliches &amp; Stylisches Trinkgef\u00e4\u00df<\/strong><\/h3>\n<p class=\"\" data-start=\"1770\" data-end=\"1951\">Werten Sie Ihre Trinkgewohnheiten auf mit unserem <strong data-start=\"1820\" data-end=\"1861\">Personalisierten Becher mit Strohhalm<\/strong> \u2013 die perfekte Kombination aus Funktionalit\u00e4t und Stil. Dieser hochwertige Becher bietet:<\/p>\n<ul data-start=\"1953\" data-end=\"2404\">\n<li class=\"\" data-start=\"1953\" data-end=\"2059\">\n<p class=\"\" data-start=\"1955\" data-end=\"2059\"><strong data-start=\"1955\" data-end=\"1979\">Individuelles Design<\/strong>: F\u00fcgen Sie Ihren Namen, Ihre Initialen oder eine pers\u00f6nliche Botschaft hinzu.<\/p>\n<\/li>\n<li class=\"\" data-start=\"2060\" data-end=\"2148\">\n<p class=\"\" data-start=\"2062\" data-end=\"2148\"><strong data-start=\"2062\" data-end=\"2095\">Umweltfreundliche Materialien<\/strong>: Hergestellt aus BPA-freien, nachhaltigen Stoffen.<\/p>\n<\/li>\n<li class=\"\" data-start=\"2149\" data-end=\"2256\">\n<p class=\"\" data-start=\"2151\" data-end=\"2256\"><strong data-start=\"2151\" data-end=\"2181\">Ideal f\u00fcr jede Gelegenheit<\/strong>: Perfekt f\u00fcr Reisen, das Fitnessstudio oder entspannte Momente zu Hause.<\/p>\n<\/li>\n<li class=\"\" data-start=\"2257\" data-end=\"2333\">\n<p class=\"\" data-start=\"2259\" data-end=\"2333\"><strong data-start=\"2259\" data-end=\"2299\">Auslaufsicherer Deckel mit Strohhalm<\/strong>: Kein Versch\u00fctten beim Trinken.<\/p>\n<\/li>\n<li class=\"\" data-start=\"2334\" data-end=\"2404\">\n<p class=\"\" data-start=\"2336\" data-end=\"2404\"><strong data-start=\"2336\" data-end=\"2359\">Temperaturkontrolle<\/strong>: H\u00e4lt Getr\u00e4nke stundenlang hei\u00df oder kalt.<\/p>\n<\/li>\n<\/ul>\n<p class=\"\" data-start=\"2406\" data-end=\"2604\">Ob Geburtstag, Feiertag oder einfach als pers\u00f6nliches Geschenk \u2013 dieser Becher ist praktisch, einzigartig und stilvoll. Gestalten Sie Ihren Becher individuell und machen Sie jeden Schluck besonders!<\/p>\n<p class=\"\" data-start=\"2606\" data-end=\"2859\">Bleiben Sie unterwegs stylisch und hydriert mit unserem <strong data-start=\"2662\" data-end=\"2703\">Personalisierten Becher mit Strohhalm<\/strong>. Perfekt f\u00fcr Eiskaffee, Smoothies oder Ihr Lieblingsgetr\u00e4nk \u2013 dieser Becher ist langlebig, leicht und BPA-frei. Ideal f\u00fcr zu Hause, im B\u00fcro oder unterwegs.<\/p>\n<p><img loading=\"lazy\" decoding=\"async\" class=\"aligncenter wp-image-1713 size-full\" src=\"https:\/\/www.cupssupplier.com\/wp-content\/uploads\/2024\/12\/1.webp\" alt=\"personalised tumbler with straw\" width=\"900\" height=\"900\" srcset=\"https:\/\/www.cupssupplier.com\/wp-content\/uploads\/2024\/12\/1.webp 900w, https:\/\/www.cupssupplier.com\/wp-content\/uploads\/2024\/12\/1-300x300.png 300w, https:\/\/www.cupssupplier.com\/wp-content\/uploads\/2024\/12\/1-100x100.png 100w, https:\/\/www.cupssupplier.com\/wp-content\/uploads\/2024\/12\/1-600x600.png 600w, https:\/\/www.cupssupplier.com\/wp-content\/uploads\/2024\/12\/1-150x150.png 150w, https:\/\/www.cupssupplier.com\/wp-content\/uploads\/2024\/12\/1-768x768.png 768w\" sizes=\"auto, (max-width: 900px) 100vw, 900px\" title=\"\"><\/p>\n<p><img loading=\"lazy\" decoding=\"async\" class=\"aligncenter wp-image-1716 size-full\" src=\"https:\/\/www.cupssupplier.com\/wp-content\/uploads\/2024\/12\/4.webp\" alt=\"personalised tumbler with straw\" width=\"874\" height=\"900\" srcset=\"https:\/\/www.cupssupplier.com\/wp-content\/uploads\/2024\/12\/4.webp 874w, https:\/\/www.cupssupplier.com\/wp-content\/uploads\/2024\/12\/4-300x309.png 300w, https:\/\/www.cupssupplier.com\/wp-content\/uploads\/2024\/12\/4-600x618.png 600w, https:\/\/www.cupssupplier.com\/wp-content\/uploads\/2024\/12\/4-291x300.png 291w, https:\/\/www.cupssupplier.com\/wp-content\/uploads\/2024\/12\/4-768x791.png 768w\" sizes=\"auto, (max-width: 874px) 100vw, 874px\" title=\"\"> <img loading=\"lazy\" decoding=\"async\" class=\"aligncenter wp-image-1717 size-full\" src=\"https:\/\/www.cupssupplier.com\/wp-content\/uploads\/2024\/12\/6.webp\" alt=\"personalised tumbler with straw\" width=\"800\" height=\"800\" srcset=\"https:\/\/www.cupssupplier.com\/wp-content\/uploads\/2024\/12\/6.webp 800w, https:\/\/www.cupssupplier.com\/wp-content\/uploads\/2024\/12\/6-300x300.webp 300w, https:\/\/www.cupssupplier.com\/wp-content\/uploads\/2024\/12\/6-100x100.webp 100w, https:\/\/www.cupssupplier.com\/wp-content\/uploads\/2024\/12\/6-600x600.webp 600w, https:\/\/www.cupssupplier.com\/wp-content\/uploads\/2024\/12\/6-150x150.webp 150w, https:\/\/www.cupssupplier.com\/wp-content\/uploads\/2024\/12\/6-768x768.webp 768w\" sizes=\"auto, (max-width: 800px) 100vw, 800px\" title=\"\"> <img loading=\"lazy\" decoding=\"async\" class=\"aligncenter wp-image-1714 size-full\" src=\"https:\/\/www.cupssupplier.com\/wp-content\/uploads\/2024\/12\/2.webp\" alt=\"personalised tumbler with straw\" width=\"889\" height=\"900\" srcset=\"https:\/\/www.cupssupplier.com\/wp-content\/uploads\/2024\/12\/2.webp 889w, https:\/\/www.cupssupplier.com\/wp-content\/uploads\/2024\/12\/2-300x304.png 300w, https:\/\/www.cupssupplier.com\/wp-content\/uploads\/2024\/12\/2-100x100.png 100w, https:\/\/www.cupssupplier.com\/wp-content\/uploads\/2024\/12\/2-600x607.png 600w, https:\/\/www.cupssupplier.com\/wp-content\/uploads\/2024\/12\/2-296x300.png 296w, https:\/\/www.cupssupplier.com\/wp-content\/uploads\/2024\/12\/2-768x778.png 768w\" sizes=\"auto, (max-width: 889px) 100vw, 889px\" title=\"\"><\/p>\n","protected":false},"excerpt":{"rendered":"<p><strong data-start=\"978\" data-end=\"1089\">Bleiben Sie stilvoll und gut hydriert mit unserem Personalisierbaren Becher mit Strohhalm \u2013 auch unterwegs.<\/strong> Dieser umweltfreundliche Becher wurde entwickelt, um Ihre Getr\u00e4nke frisch zu halten, und ist ideal f\u00fcr Eiskaffee, Smoothies oder Ihre Lieblingsgetr\u00e4nke. Mit Ihrem Namen oder einer Botschaft personalisierbar \u2013 ein durchdachtes Geschenk oder eine einzigartige M\u00f6glichkeit, Ihre Pers\u00f6nlichkeit zu zeigen. Langlebig, leicht und BPA-frei \u2013 perfekt f\u00fcr den t\u00e4glichen Gebrauch zu Hause, im B\u00fcro oder unterwegs.<\/p>\n","protected":false},"featured_media":3676,"template":"","meta":{"om_disable_all_campaigns":false},"product_brand":[],"product_cat":[290],"product_tag":[],"class_list":{"0":"post-20663","1":"product","2":"type-product","3":"status-publish","4":"has-post-thumbnail","6":"product_cat-trinkbecher","8":"first","9":"instock","10":"shipping-taxable","11":"product-type-simple"},"_links":{"self":[{"href":"https:\/\/www.cupssupplier.com\/de\/wp-json\/wp\/v2\/product\/20663","targetHints":{"allow":["GET"]}}],"collection":[{"href":"https:\/\/www.cupssupplier.com\/de\/wp-json\/wp\/v2\/product"}],"about":[{"href":"https:\/\/www.cupssupplier.com\/de\/wp-json\/wp\/v2\/types\/product"}],"wp:featuredmedia":[{"embeddable":true,"href":"https:\/\/www.cupssupplier.com\/de\/wp-json\/wp\/v2\/media\/3676"}],"wp:attachment":[{"href":"https:\/\/www.cupssupplier.com\/de\/wp-json\/wp\/v2\/media?parent=20663"}],"wp:term":[{"taxonomy":"product_brand","embeddable":true,"href":"https:\/\/www.cupssupplier.com\/de\/wp-json\/wp\/v2\/product_brand?post=20663"},{"taxonomy":"product_cat","embeddable":true,"href":"https:\/\/www.cupssupplier.com\/de\/wp-json\/wp\/v2\/product_cat?post=20663"},{"taxonomy":"product_tag","embeddable":true,"href":"https:\/\/www.cupssupplier.com\/de\/wp-json\/wp\/v2\/product_tag?post=20663"}],"curies":[{"name":"wp","href":"https:\/\/api.w.org\/{rel}","templated":true}]}}