{"id":20579,"date":"2024-12-31T21:31:07","date_gmt":"2025-01-01T02:31:07","guid":{"rendered":"https:\/\/www.cupssupplier.com\/product\/custom-metal-tumblers\/"},"modified":"2025-05-21T04:01:29","modified_gmt":"2025-05-21T08:01:29","slug":"custom-metal-tumblers","status":"publish","type":"product","link":"https:\/\/www.cupssupplier.com\/de\/custom-metal-tumblers\/","title":{"rendered":"Gro\u00dfhandel f\u00fcr Personalisierte Metallbecher"},"content":{"rendered":"<p class=\"\" data-start=\"1531\" data-end=\"1620\"><strong data-start=\"1531\" data-end=\"1620\">Gro\u00dfhandel f\u00fcr Personalisierte Metallbecher \u2013 Stilvoll, Isoliert und Umweltfreundlich<\/strong><\/p>\n<p class=\"\" data-start=\"1622\" data-end=\"1819\">Bleiben Sie stilvoll und hydratisiert mit unseren hochwertigen, personalisierbaren Metallbechern im Gro\u00dfhandel \u2013 die perfekte Kombination aus Funktionalit\u00e4t und Individualit\u00e4t. Diese Becher bieten:<\/p>\n<ul data-start=\"1821\" data-end=\"2307\">\n<li class=\"\" data-start=\"1821\" data-end=\"1911\">\n<p class=\"\" data-start=\"1823\" data-end=\"1911\"><strong data-start=\"1823\" data-end=\"1857\">Hochwertige Metallkonstruktion<\/strong>: Hergestellt aus langlebigem, BPA-freiem Edelstahl.<\/p>\n<\/li>\n<li class=\"\" data-start=\"1912\" data-end=\"2027\">\n<p class=\"\" data-start=\"1914\" data-end=\"2027\"><strong data-start=\"1914\" data-end=\"1941\">Individuelle Gestaltung<\/strong>: Personalisierbar mit Namen, Logos oder Botschaften f\u00fcr Ihren Stil oder Ihre Marke.<\/p>\n<\/li>\n<li class=\"\" data-start=\"2028\" data-end=\"2120\">\n<p class=\"\" data-start=\"2030\" data-end=\"2120\"><strong data-start=\"2030\" data-end=\"2051\">Isoliertes Design<\/strong>: H\u00e4lt Getr\u00e4nke bis zu 12 Stunden hei\u00df oder bis zu 24 Stunden kalt.<\/p>\n<\/li>\n<li class=\"\" data-start=\"2121\" data-end=\"2214\">\n<p class=\"\" data-start=\"2123\" data-end=\"2214\"><strong data-start=\"2123\" data-end=\"2164\">Umweltfreundlich und Wiederverwendbar<\/strong>: Eine nachhaltige Alternative zu Einwegplastik.<\/p>\n<\/li>\n<li class=\"\" data-start=\"2215\" data-end=\"2307\">\n<p class=\"\" data-start=\"2217\" data-end=\"2307\"><strong data-start=\"2217\" data-end=\"2243\">Vielseitig und Tragbar<\/strong>: Perfekt f\u00fcr Arbeit, Reisen, Veranstaltungen oder als Geschenk.<\/p>\n<\/li>\n<\/ul>\n<p class=\"\" data-start=\"2309\" data-end=\"2442\">Ob f\u00fcr den Eigengebrauch oder als durchdachtes, personalisiertes Geschenk \u2013 unsere Metallbecher vereinen Praktikabilit\u00e4t mit Eleganz.<\/p>\n<p><img loading=\"lazy\" decoding=\"async\" class=\"aligncenter wp-image-1810 size-full\" src=\"https:\/\/www.cupssupplier.com\/wp-content\/uploads\/2024\/12\/3-10.webp\" alt=\"custom metal tumblers\" width=\"1563\" height=\"1836\" srcset=\"https:\/\/www.cupssupplier.com\/wp-content\/uploads\/2024\/12\/3-10.webp 1563w, https:\/\/www.cupssupplier.com\/wp-content\/uploads\/2024\/12\/3-10-255x300.webp 255w, https:\/\/www.cupssupplier.com\/wp-content\/uploads\/2024\/12\/3-10-872x1024.webp 872w, https:\/\/www.cupssupplier.com\/wp-content\/uploads\/2024\/12\/3-10-768x902.webp 768w, https:\/\/www.cupssupplier.com\/wp-content\/uploads\/2024\/12\/3-10-1308x1536.webp 1308w, https:\/\/www.cupssupplier.com\/wp-content\/uploads\/2024\/12\/3-10-300x352.webp 300w, https:\/\/www.cupssupplier.com\/wp-content\/uploads\/2024\/12\/3-10-600x705.webp 600w\" sizes=\"auto, (max-width: 1563px) 100vw, 1563px\" title=\"\"> <img loading=\"lazy\" decoding=\"async\" class=\"aligncenter wp-image-1811 size-full\" src=\"https:\/\/www.cupssupplier.com\/wp-content\/uploads\/2024\/12\/4-8.webp\" alt=\"custom metal tumblers\" width=\"1563\" height=\"2156\" srcset=\"https:\/\/www.cupssupplier.com\/wp-content\/uploads\/2024\/12\/4-8.webp 1563w, https:\/\/www.cupssupplier.com\/wp-content\/uploads\/2024\/12\/4-8-217x300.webp 217w, https:\/\/www.cupssupplier.com\/wp-content\/uploads\/2024\/12\/4-8-742x1024.webp 742w, https:\/\/www.cupssupplier.com\/wp-content\/uploads\/2024\/12\/4-8-768x1059.webp 768w, https:\/\/www.cupssupplier.com\/wp-content\/uploads\/2024\/12\/4-8-1114x1536.webp 1114w, https:\/\/www.cupssupplier.com\/wp-content\/uploads\/2024\/12\/4-8-1485x2048.webp 1485w, https:\/\/www.cupssupplier.com\/wp-content\/uploads\/2024\/12\/4-8-300x414.webp 300w, https:\/\/www.cupssupplier.com\/wp-content\/uploads\/2024\/12\/4-8-600x828.webp 600w\" sizes=\"auto, (max-width: 1563px) 100vw, 1563px\" title=\"\"> <img loading=\"lazy\" decoding=\"async\" class=\"aligncenter wp-image-1812 size-full\" src=\"https:\/\/www.cupssupplier.com\/wp-content\/uploads\/2024\/12\/5-10.webp\" alt=\"custom metal tumblers\" width=\"1563\" height=\"1771\" srcset=\"https:\/\/www.cupssupplier.com\/wp-content\/uploads\/2024\/12\/5-10.webp 1563w, https:\/\/www.cupssupplier.com\/wp-content\/uploads\/2024\/12\/5-10-265x300.webp 265w, https:\/\/www.cupssupplier.com\/wp-content\/uploads\/2024\/12\/5-10-904x1024.webp 904w, https:\/\/www.cupssupplier.com\/wp-content\/uploads\/2024\/12\/5-10-768x870.webp 768w, https:\/\/www.cupssupplier.com\/wp-content\/uploads\/2024\/12\/5-10-1356x1536.webp 1356w, https:\/\/www.cupssupplier.com\/wp-content\/uploads\/2024\/12\/5-10-300x340.webp 300w, https:\/\/www.cupssupplier.com\/wp-content\/uploads\/2024\/12\/5-10-600x680.webp 600w\" sizes=\"auto, (max-width: 1563px) 100vw, 1563px\" title=\"\"> <img loading=\"lazy\" decoding=\"async\" class=\"aligncenter wp-image-1808 size-full\" src=\"https:\/\/www.cupssupplier.com\/wp-content\/uploads\/2024\/12\/5-9.webp\" alt=\"custom metal tumblers\" width=\"1200\" height=\"1200\" srcset=\"https:\/\/www.cupssupplier.com\/wp-content\/uploads\/2024\/12\/5-9.webp 1200w, https:\/\/www.cupssupplier.com\/wp-content\/uploads\/2024\/12\/5-9-300x300.webp 300w, https:\/\/www.cupssupplier.com\/wp-content\/uploads\/2024\/12\/5-9-1024x1024.webp 1024w, https:\/\/www.cupssupplier.com\/wp-content\/uploads\/2024\/12\/5-9-150x150.webp 150w, https:\/\/www.cupssupplier.com\/wp-content\/uploads\/2024\/12\/5-9-768x768.webp 768w, https:\/\/www.cupssupplier.com\/wp-content\/uploads\/2024\/12\/5-9-600x600.webp 600w, https:\/\/www.cupssupplier.com\/wp-content\/uploads\/2024\/12\/5-9-100x100.webp 100w\" sizes=\"auto, (max-width: 1200px) 100vw, 1200px\" title=\"\"><\/p>\n","protected":false},"excerpt":{"rendered":"<p class=\"\" data-start=\"1238\" data-end=\"1568\">Entdecken Sie unsere individuell gestaltbaren Metallbecher aus robustem Edelstahl. Dank ihrer Isolierung halten sie Getr\u00e4nke warm oder kalt und sind eine umweltfreundliche Wahl. Perfekt zum Verschenken, f\u00fcr Events oder den Alltag. Jetzt bestellen!<\/p>\n<p class=\"\" data-start=\"1238\" data-end=\"1568\">\n","protected":false},"featured_media":4259,"template":"","meta":{"om_disable_all_campaigns":false},"product_brand":[],"product_cat":[290],"product_tag":[],"class_list":{"0":"post-20579","1":"product","2":"type-product","3":"status-publish","4":"has-post-thumbnail","6":"product_cat-trinkbecher","8":"first","9":"instock","10":"shipping-taxable","11":"product-type-simple"},"_links":{"self":[{"href":"https:\/\/www.cupssupplier.com\/de\/wp-json\/wp\/v2\/product\/20579","targetHints":{"allow":["GET"]}}],"collection":[{"href":"https:\/\/www.cupssupplier.com\/de\/wp-json\/wp\/v2\/product"}],"about":[{"href":"https:\/\/www.cupssupplier.com\/de\/wp-json\/wp\/v2\/types\/product"}],"wp:featuredmedia":[{"embeddable":true,"href":"https:\/\/www.cupssupplier.com\/de\/wp-json\/wp\/v2\/media\/4259"}],"wp:attachment":[{"href":"https:\/\/www.cupssupplier.com\/de\/wp-json\/wp\/v2\/media?parent=20579"}],"wp:term":[{"taxonomy":"product_brand","embeddable":true,"href":"https:\/\/www.cupssupplier.com\/de\/wp-json\/wp\/v2\/product_brand?post=20579"},{"taxonomy":"product_cat","embeddable":true,"href":"https:\/\/www.cupssupplier.com\/de\/wp-json\/wp\/v2\/product_cat?post=20579"},{"taxonomy":"product_tag","embeddable":true,"href":"https:\/\/www.cupssupplier.com\/de\/wp-json\/wp\/v2\/product_tag?post=20579"}],"curies":[{"name":"wp","href":"https:\/\/api.w.org\/{rel}","templated":true}]}}