{"id":20552,"date":"2025-01-01T03:08:57","date_gmt":"2025-01-01T08:08:57","guid":{"rendered":"https:\/\/www.cupssupplier.com\/product\/bulk-tumblers-with-logo\/"},"modified":"2025-05-21T00:55:16","modified_gmt":"2025-05-21T04:55:16","slug":"bulk-tumblers-with-logo","status":"publish","type":"product","link":"https:\/\/www.cupssupplier.com\/de\/bulk-tumblers-with-logo\/","title":{"rendered":"Individuell Bedruckte Thermobecher in Gro\u00dfmengen"},"content":{"rendered":"<h3 class=\"\" data-start=\"1393\" data-end=\"1487\"><strong data-start=\"1402\" data-end=\"1487\">Individuell Bedruckte Thermobecher in Gro\u00dfmengen \u2013 Isolierte Werbebecher mit Logo<\/strong><\/h3>\n<p class=\"\" data-start=\"1489\" data-end=\"1674\">Werben Sie f\u00fcr Ihr Unternehmen oder Event mit unseren <strong data-start=\"1543\" data-end=\"1597\">individuell bedruckten Thermobechern in Gro\u00dfmengen<\/strong>, die Funktionalit\u00e4t mit starker Markenwirkung vereinen. Diese Becher bieten:<\/p>\n<ul data-start=\"1676\" data-end=\"2192\">\n<li class=\"\" data-start=\"1676\" data-end=\"1803\">\n<p class=\"\" data-start=\"1678\" data-end=\"1803\"><strong data-start=\"1678\" data-end=\"1705\">Individuelle Gestaltung<\/strong>: F\u00fcgen Sie Ihr Logo oder Design hinzu \u2013 f\u00fcr einen professionellen und auff\u00e4lligen Werbeartikel.<\/p>\n<\/li>\n<li class=\"\" data-start=\"1804\" data-end=\"1894\">\n<p class=\"\" data-start=\"1806\" data-end=\"1894\"><strong data-start=\"1806\" data-end=\"1825\">Isolierleistung<\/strong>: H\u00e4lt Getr\u00e4nke bis zu 12 Stunden hei\u00df oder bis zu 24 Stunden kalt.<\/p>\n<\/li>\n<li class=\"\" data-start=\"1895\" data-end=\"1991\">\n<p class=\"\" data-start=\"1897\" data-end=\"1991\"><strong data-start=\"1897\" data-end=\"1931\">Langlebig und umweltfreundlich<\/strong>: Aus BPA-freiem Edelstahl \u2013 ideal f\u00fcr nachhaltiges Leben.<\/p>\n<\/li>\n<li class=\"\" data-start=\"1992\" data-end=\"2100\">\n<p class=\"\" data-start=\"1994\" data-end=\"2100\"><strong data-start=\"1994\" data-end=\"2026\">Optimal f\u00fcr Gro\u00dfbestellungen<\/strong>: Perfekt f\u00fcr Firmenevents, Werbegeschenke, Teams oder den Einzelhandel.<\/p>\n<\/li>\n<li class=\"\" data-start=\"2101\" data-end=\"2192\">\n<p class=\"\" data-start=\"2103\" data-end=\"2192\"><strong data-start=\"2103\" data-end=\"2126\">Vielseitiges Design<\/strong>: Geeignet f\u00fcr Kaffee, Tee, Wasser oder andere Getr\u00e4nke unterwegs.<\/p>\n<\/li>\n<\/ul>\n<p class=\"\" data-start=\"2194\" data-end=\"2292\">Hinterlassen Sie einen bleibenden Eindruck mit diesen praktischen und markenstarken Werbeartikeln.<\/p>\n<p class=\"\" data-start=\"2294\" data-end=\"2458\"><strong data-start=\"2294\" data-end=\"2328\">St\u00e4rken Sie Ihre Markenpr\u00e4senz<\/strong> mit langlebigen, isolierten und umweltfreundlichen Bechern mit Logo. Ideal f\u00fcr Promotionen, Firmengeschenke oder Veranstaltungen.<\/p>\n<p><img loading=\"lazy\" decoding=\"async\" class=\"aligncenter wp-image-1840 size-full\" src=\"https:\/\/www.cupssupplier.com\/wp-content\/uploads\/2025\/01\/4-1.webp\" alt=\"bulk tumblers with logo\" width=\"960\" height=\"960\" srcset=\"https:\/\/www.cupssupplier.com\/wp-content\/uploads\/2025\/01\/4-1.webp 960w, https:\/\/www.cupssupplier.com\/wp-content\/uploads\/2025\/01\/4-1-300x300.webp 300w, https:\/\/www.cupssupplier.com\/wp-content\/uploads\/2025\/01\/4-1-150x150.webp 150w, https:\/\/www.cupssupplier.com\/wp-content\/uploads\/2025\/01\/4-1-768x768.webp 768w, https:\/\/www.cupssupplier.com\/wp-content\/uploads\/2025\/01\/4-1-600x600.webp 600w, https:\/\/www.cupssupplier.com\/wp-content\/uploads\/2025\/01\/4-1-100x100.webp 100w\" sizes=\"auto, (max-width: 960px) 100vw, 960px\" title=\"\"> <img loading=\"lazy\" decoding=\"async\" class=\"aligncenter wp-image-1837 size-full\" src=\"https:\/\/www.cupssupplier.com\/wp-content\/uploads\/2025\/01\/1-1.webp\" alt=\"bulk tumblers with logo\" width=\"960\" height=\"960\" srcset=\"https:\/\/www.cupssupplier.com\/wp-content\/uploads\/2025\/01\/1-1.webp 960w, https:\/\/www.cupssupplier.com\/wp-content\/uploads\/2025\/01\/1-1-300x300.webp 300w, https:\/\/www.cupssupplier.com\/wp-content\/uploads\/2025\/01\/1-1-150x150.webp 150w, https:\/\/www.cupssupplier.com\/wp-content\/uploads\/2025\/01\/1-1-768x768.webp 768w, https:\/\/www.cupssupplier.com\/wp-content\/uploads\/2025\/01\/1-1-600x600.webp 600w, https:\/\/www.cupssupplier.com\/wp-content\/uploads\/2025\/01\/1-1-100x100.webp 100w\" sizes=\"auto, (max-width: 960px) 100vw, 960px\" title=\"\"> <img loading=\"lazy\" decoding=\"async\" class=\"aligncenter wp-image-1836 \" src=\"https:\/\/www.cupssupplier.com\/wp-content\/uploads\/2025\/01\/6.webp\" alt=\"bulk tumblers with logo\" width=\"887\" height=\"887\" srcset=\"https:\/\/www.cupssupplier.com\/wp-content\/uploads\/2025\/01\/6.webp 800w, https:\/\/www.cupssupplier.com\/wp-content\/uploads\/2025\/01\/6-300x300.webp 300w, https:\/\/www.cupssupplier.com\/wp-content\/uploads\/2025\/01\/6-150x150.webp 150w, https:\/\/www.cupssupplier.com\/wp-content\/uploads\/2025\/01\/6-768x768.webp 768w, https:\/\/www.cupssupplier.com\/wp-content\/uploads\/2025\/01\/6-600x600.webp 600w, https:\/\/www.cupssupplier.com\/wp-content\/uploads\/2025\/01\/6-100x100.webp 100w\" sizes=\"auto, (max-width: 887px) 100vw, 887px\" title=\"\"> <img loading=\"lazy\" decoding=\"async\" class=\"aligncenter wp-image-1821 size-large\" src=\"https:\/\/www.cupssupplier.com\/wp-content\/uploads\/2024\/12\/4-9-1024x1024.webp\" alt=\"bulk custom 20 oz tumbler\" width=\"1024\" height=\"1024\" srcset=\"https:\/\/www.cupssupplier.com\/wp-content\/uploads\/2024\/12\/4-9-1024x1024.webp 1024w, https:\/\/www.cupssupplier.com\/wp-content\/uploads\/2024\/12\/4-9-300x300.webp 300w, https:\/\/www.cupssupplier.com\/wp-content\/uploads\/2024\/12\/4-9-150x150.webp 150w, https:\/\/www.cupssupplier.com\/wp-content\/uploads\/2024\/12\/4-9-768x768.webp 768w, https:\/\/www.cupssupplier.com\/wp-content\/uploads\/2024\/12\/4-9-600x600.webp 600w, https:\/\/www.cupssupplier.com\/wp-content\/uploads\/2024\/12\/4-9-100x100.webp 100w, https:\/\/www.cupssupplier.com\/wp-content\/uploads\/2024\/12\/4-9.webp 1200w\" sizes=\"auto, (max-width: 1024px) 100vw, 1024px\" title=\"\"><\/p>\n","protected":false},"excerpt":{"rendered":"<p><strong data-start=\"977\" data-end=\"1064\">Steigern Sie Ihre Markenbekanntheit mit unseren Bechern mit Logo in Gro\u00dfbestellung.<\/strong><br data-start=\"1064\" data-end=\"1067\" \/>Diese langlebigen, isolierten und umweltfreundlichen Becher sind individuell anpassbar und ideal f\u00fcr Werbeaktionen, Firmengeschenke oder Veranstaltungen. Pr\u00e4sentieren Sie Ihr Logo stilvoll und halten Sie Getr\u00e4nke stundenlang hei\u00df oder kalt.<\/p>\n","protected":false},"featured_media":4446,"template":"","meta":{"om_disable_all_campaigns":false},"product_brand":[],"product_cat":[290],"product_tag":[],"class_list":{"0":"post-20552","1":"product","2":"type-product","3":"status-publish","4":"has-post-thumbnail","6":"product_cat-trinkbecher","8":"first","9":"instock","10":"shipping-taxable","11":"product-type-simple"},"_links":{"self":[{"href":"https:\/\/www.cupssupplier.com\/de\/wp-json\/wp\/v2\/product\/20552","targetHints":{"allow":["GET"]}}],"collection":[{"href":"https:\/\/www.cupssupplier.com\/de\/wp-json\/wp\/v2\/product"}],"about":[{"href":"https:\/\/www.cupssupplier.com\/de\/wp-json\/wp\/v2\/types\/product"}],"wp:featuredmedia":[{"embeddable":true,"href":"https:\/\/www.cupssupplier.com\/de\/wp-json\/wp\/v2\/media\/4446"}],"wp:attachment":[{"href":"https:\/\/www.cupssupplier.com\/de\/wp-json\/wp\/v2\/media?parent=20552"}],"wp:term":[{"taxonomy":"product_brand","embeddable":true,"href":"https:\/\/www.cupssupplier.com\/de\/wp-json\/wp\/v2\/product_brand?post=20552"},{"taxonomy":"product_cat","embeddable":true,"href":"https:\/\/www.cupssupplier.com\/de\/wp-json\/wp\/v2\/product_cat?post=20552"},{"taxonomy":"product_tag","embeddable":true,"href":"https:\/\/www.cupssupplier.com\/de\/wp-json\/wp\/v2\/product_tag?post=20552"}],"curies":[{"name":"wp","href":"https:\/\/api.w.org\/{rel}","templated":true}]}}