{"id":20541,"date":"2025-01-01T21:29:59","date_gmt":"2025-01-02T02:29:59","guid":{"rendered":"https:\/\/www.cupssupplier.com\/product\/bulk-stainless-steel-water-bottles\/"},"modified":"2025-05-21T00:21:03","modified_gmt":"2025-05-21T04:21:03","slug":"bulk-stainless-steel-water-bottles","status":"publish","type":"product","link":"https:\/\/www.cupssupplier.com\/de\/bulk-stainless-steel-water-bottles\/","title":{"rendered":"Edelstahl-Wasserflaschen im Gro\u00dfhandel"},"content":{"rendered":"<h3 class=\"\" data-start=\"1358\" data-end=\"1451\"><strong data-start=\"1367\" data-end=\"1451\">Edelstahl-Wasserflaschen im Gro\u00dfhandel \u2013 Umweltfreundliche &amp; Isolierte Hydration<\/strong><\/h3>\n<p class=\"\" data-start=\"1453\" data-end=\"1609\">Werten Sie Ihre Gro\u00dfbestellung mit <strong data-start=\"1488\" data-end=\"1529\">hochwertigen Edelstahl-Wasserflaschen<\/strong> auf. Ideal zur Markenwerbung oder zur Unterst\u00fctzung nachhaltiger Trinkl\u00f6sungen.<\/p>\n<p class=\"\" data-start=\"1611\" data-end=\"1631\"><strong data-start=\"1611\" data-end=\"1629\">Hauptmerkmale:<\/strong><\/p>\n<ul data-start=\"1632\" data-end=\"2103\">\n<li class=\"\" data-start=\"1632\" data-end=\"1730\">\n<p class=\"\" data-start=\"1634\" data-end=\"1730\"><strong data-start=\"1634\" data-end=\"1660\">Hochwertiger Edelstahl<\/strong>: Langlebig, BPA-frei und f\u00fcr den langfristigen Gebrauch konzipiert.<\/p>\n<\/li>\n<li class=\"\" data-start=\"1731\" data-end=\"1821\">\n<p class=\"\" data-start=\"1733\" data-end=\"1821\"><strong data-start=\"1733\" data-end=\"1752\">Isolierleistung<\/strong>: H\u00e4lt Getr\u00e4nke bis zu 12 Stunden hei\u00df oder bis zu 24 Stunden kalt.<\/p>\n<\/li>\n<li class=\"\" data-start=\"1822\" data-end=\"1905\">\n<p class=\"\" data-start=\"1824\" data-end=\"1905\"><strong data-start=\"1824\" data-end=\"1851\">Individuelle Gestaltung<\/strong>: Perfekt f\u00fcr Logos, Designs oder Markenbotschaften.<\/p>\n<\/li>\n<li class=\"\" data-start=\"1906\" data-end=\"2005\">\n<p class=\"\" data-start=\"1908\" data-end=\"2005\"><strong data-start=\"1908\" data-end=\"1947\">Umweltfreundlich &amp; wiederverwendbar<\/strong>: Eine nachhaltige Alternative zu Einwegplastikflaschen.<\/p>\n<\/li>\n<li class=\"\" data-start=\"2006\" data-end=\"2103\">\n<p class=\"\" data-start=\"2008\" data-end=\"2103\"><strong data-start=\"2008\" data-end=\"2037\">F\u00fcr jeden Anlass geeignet<\/strong>: Ideal f\u00fcr Events, Firmengeschenke, Teams oder den Weiterverkauf.<\/p>\n<\/li>\n<\/ul>\n<p class=\"\" data-start=\"2105\" data-end=\"2277\">Ob f\u00fcr Veranstaltungen oder zur Abfallvermeidung \u2013 unsere Edelstahl-Wasserflaschen im Gro\u00dfhandel sind eine vielseitige und kosteneffiziente L\u00f6sung f\u00fcr Marken und Hydration.<\/p>\n<p class=\"\" data-start=\"2279\" data-end=\"2388\"><strong data-start=\"2279\" data-end=\"2298\">Jetzt bestellen<\/strong> \u2013 f\u00fcr langlebige, wiederverwendbare Flaschen, die Umwelt und Marke gleicherma\u00dfen schonen.<\/p>\n<figure id=\"attachment_1865\" aria-describedby=\"caption-attachment-1865\" style=\"width: 750px\" class=\"wp-caption aligncenter\"><img loading=\"lazy\" decoding=\"async\" class=\"wp-image-1865 size-full\" src=\"https:\/\/www.cupssupplier.com\/wp-content\/uploads\/2025\/01\/1-4.webp\" alt=\"bulk stainless steel water bottles\" width=\"750\" height=\"602\" srcset=\"https:\/\/www.cupssupplier.com\/wp-content\/uploads\/2025\/01\/1-4.webp 750w, https:\/\/www.cupssupplier.com\/wp-content\/uploads\/2025\/01\/1-4-300x241.webp 300w, https:\/\/www.cupssupplier.com\/wp-content\/uploads\/2025\/01\/1-4-600x482.webp 600w\" sizes=\"auto, (max-width: 750px) 100vw, 750px\" title=\"\"><figcaption id=\"caption-attachment-1865\" class=\"wp-caption-text\">bulk stainless steel water bottles<\/figcaption><\/figure>\n<figure id=\"attachment_1866\" aria-describedby=\"caption-attachment-1866\" style=\"width: 750px\" class=\"wp-caption aligncenter\"><img loading=\"lazy\" decoding=\"async\" class=\"wp-image-1866 size-full\" src=\"https:\/\/www.cupssupplier.com\/wp-content\/uploads\/2025\/01\/2-4.webp\" alt=\"bulk stainless steel water bottles\" width=\"750\" height=\"380\" srcset=\"https:\/\/www.cupssupplier.com\/wp-content\/uploads\/2025\/01\/2-4.webp 750w, https:\/\/www.cupssupplier.com\/wp-content\/uploads\/2025\/01\/2-4-300x152.webp 300w, https:\/\/www.cupssupplier.com\/wp-content\/uploads\/2025\/01\/2-4-600x304.webp 600w\" sizes=\"auto, (max-width: 750px) 100vw, 750px\" title=\"\"><figcaption id=\"caption-attachment-1866\" class=\"wp-caption-text\">bulk stainless steel water bottles<\/figcaption><\/figure>\n<figure id=\"attachment_1863\" aria-describedby=\"caption-attachment-1863\" style=\"width: 750px\" class=\"wp-caption aligncenter\"><img loading=\"lazy\" decoding=\"async\" class=\"wp-image-1863 size-full\" src=\"https:\/\/www.cupssupplier.com\/wp-content\/uploads\/2025\/01\/3-3.webp\" alt=\"bulk stainless steel water bottles\" width=\"750\" height=\"602\" srcset=\"https:\/\/www.cupssupplier.com\/wp-content\/uploads\/2025\/01\/3-3.webp 750w, https:\/\/www.cupssupplier.com\/wp-content\/uploads\/2025\/01\/3-3-300x241.webp 300w, https:\/\/www.cupssupplier.com\/wp-content\/uploads\/2025\/01\/3-3-600x482.webp 600w\" sizes=\"auto, (max-width: 750px) 100vw, 750px\" title=\"\"><figcaption id=\"caption-attachment-1863\" class=\"wp-caption-text\">bulk stainless steel water bottles<\/figcaption><\/figure>\n<figure id=\"attachment_1864\" aria-describedby=\"caption-attachment-1864\" style=\"width: 750px\" class=\"wp-caption aligncenter\"><img loading=\"lazy\" decoding=\"async\" class=\"wp-image-1864 size-full\" src=\"https:\/\/www.cupssupplier.com\/wp-content\/uploads\/2025\/01\/10.webp\" alt=\"bulk stainless steel water bottles\" width=\"750\" height=\"602\" srcset=\"https:\/\/www.cupssupplier.com\/wp-content\/uploads\/2025\/01\/10.webp 750w, https:\/\/www.cupssupplier.com\/wp-content\/uploads\/2025\/01\/10-300x241.webp 300w, https:\/\/www.cupssupplier.com\/wp-content\/uploads\/2025\/01\/10-600x482.webp 600w\" sizes=\"auto, (max-width: 750px) 100vw, 750px\" title=\"\"><figcaption id=\"caption-attachment-1864\" class=\"wp-caption-text\">bulk stainless steel water bottles<\/figcaption><\/figure>\n","protected":false},"excerpt":{"rendered":"<p><strong data-start=\"842\" data-end=\"936\">Sichern Sie sich hochwertige Hydration mit unseren Edelstahl-Wasserflaschen im Gro\u00dfhandel.<\/strong><br data-start=\"936\" data-end=\"939\" \/>Langlebig, umweltfreundlich und wiederverwendbar \u2013 diese Flaschen eignen sich perfekt f\u00fcr Veranstaltungen, Firmengeschenke oder Teamausstattung. Sie halten Getr\u00e4nke hei\u00df oder kalt und vereinen Funktionalit\u00e4t mit Nachhaltigkeit.<\/p>\n","protected":false},"featured_media":4556,"template":"","meta":{"om_disable_all_campaigns":false},"product_brand":[],"product_cat":[289],"product_tag":[],"class_list":{"0":"post-20541","1":"product","2":"type-product","3":"status-publish","4":"has-post-thumbnail","6":"product_cat-edelstahl-trinkflasche","8":"first","9":"instock","10":"shipping-taxable","11":"product-type-simple"},"_links":{"self":[{"href":"https:\/\/www.cupssupplier.com\/de\/wp-json\/wp\/v2\/product\/20541","targetHints":{"allow":["GET"]}}],"collection":[{"href":"https:\/\/www.cupssupplier.com\/de\/wp-json\/wp\/v2\/product"}],"about":[{"href":"https:\/\/www.cupssupplier.com\/de\/wp-json\/wp\/v2\/types\/product"}],"wp:featuredmedia":[{"embeddable":true,"href":"https:\/\/www.cupssupplier.com\/de\/wp-json\/wp\/v2\/media\/4556"}],"wp:attachment":[{"href":"https:\/\/www.cupssupplier.com\/de\/wp-json\/wp\/v2\/media?parent=20541"}],"wp:term":[{"taxonomy":"product_brand","embeddable":true,"href":"https:\/\/www.cupssupplier.com\/de\/wp-json\/wp\/v2\/product_brand?post=20541"},{"taxonomy":"product_cat","embeddable":true,"href":"https:\/\/www.cupssupplier.com\/de\/wp-json\/wp\/v2\/product_cat?post=20541"},{"taxonomy":"product_tag","embeddable":true,"href":"https:\/\/www.cupssupplier.com\/de\/wp-json\/wp\/v2\/product_tag?post=20541"}],"curies":[{"name":"wp","href":"https:\/\/api.w.org\/{rel}","templated":true}]}}