{"id":20528,"date":"2025-01-02T02:04:19","date_gmt":"2025-01-02T07:04:19","guid":{"rendered":"https:\/\/www.cupssupplier.com\/product\/personalized-insulated-stainless-steel-water-bottles\/"},"modified":"2025-05-20T23:54:40","modified_gmt":"2025-05-21T03:54:40","slug":"personalized-insulated-stainless-steel-water-bottles","status":"publish","type":"product","link":"https:\/\/www.cupssupplier.com\/de\/personalized-insulated-stainless-steel-water-bottles\/","title":{"rendered":"Gro\u00dfhandel Personalisierte Isolierte Edelstahl-Wasserflaschen"},"content":{"rendered":"<p class=\"\" data-start=\"1530\" data-end=\"1628\"><strong data-start=\"1530\" data-end=\"1628\">Gro\u00dfhandel Personalisierte Isolierte Edelstahl-Wasserflaschen \u2013 Individuell &amp; Umweltfreundlich<\/strong><\/p>\n<p class=\"\" data-start=\"1630\" data-end=\"1790\">Erweitern Sie Ihre Trinkflaschen-Kollektion mit unseren vielseitigen, personalisierten isolierten Edelstahl-Wasserflaschen im Gro\u00dfhandel. Diese Flaschen bieten:<\/p>\n<ul data-start=\"1792\" data-end=\"2314\">\n<li class=\"\" data-start=\"1792\" data-end=\"1890\">\n<p class=\"\" data-start=\"1794\" data-end=\"1890\"><strong data-start=\"1794\" data-end=\"1818\">Individuelles Design<\/strong>: F\u00fcgen Sie Ihren Namen, Ihr Logo oder eine pers\u00f6nliche Botschaft hinzu.<\/p>\n<\/li>\n<li class=\"\" data-start=\"1891\" data-end=\"1988\">\n<p class=\"\" data-start=\"1893\" data-end=\"1988\"><strong data-start=\"1893\" data-end=\"1921\">Hervorragende Isolierung<\/strong>: H\u00e4lt Getr\u00e4nke bis zu 12 Stunden hei\u00df oder bis zu 24 Stunden kalt.<\/p>\n<\/li>\n<li class=\"\" data-start=\"1989\" data-end=\"2092\">\n<p class=\"\" data-start=\"1991\" data-end=\"2092\"><strong data-start=\"1991\" data-end=\"2016\">Langlebiger Edelstahl<\/strong>: Aus hochwertigem, BPA-freiem Edelstahl f\u00fcr dauerhaften Gebrauch gefertigt.<\/p>\n<\/li>\n<li class=\"\" data-start=\"2093\" data-end=\"2199\">\n<p class=\"\" data-start=\"2095\" data-end=\"2199\"><strong data-start=\"2095\" data-end=\"2134\">Umweltfreundlich &amp; wiederverwendbar<\/strong>: Reduzieren Sie Plastikm\u00fcll mit dieser nachhaltigen Trinkl\u00f6sung.<\/p>\n<\/li>\n<li class=\"\" data-start=\"2200\" data-end=\"2314\">\n<p class=\"\" data-start=\"2202\" data-end=\"2314\"><strong data-start=\"2202\" data-end=\"2231\">F\u00fcr jeden Anlass geeignet<\/strong>: Ideal als Geschenk, f\u00fcr Firmenevents, Team-Giveaways oder den t\u00e4glichen Gebrauch.<\/p>\n<\/li>\n<\/ul>\n<p class=\"\" data-start=\"2316\" data-end=\"2441\">Kombinieren Sie Praktikabilit\u00e4t und Personalisierung \u2013 die perfekte Wahl f\u00fcr Geschenke oder zur nachhaltigen Markenf\u00f6rderung.<\/p>\n<p class=\"\" data-start=\"2443\" data-end=\"2622\">Bleiben Sie stilvoll und hydratisiert mit unseren individuell gestaltbaren Edelstahlflaschen. Perfekt f\u00fcr Events, Geschenke oder den Alltag \u2013 funktional, stilvoll und zuverl\u00e4ssig.<\/p>\n<p><img loading=\"lazy\" decoding=\"async\" class=\"aligncenter wp-image-1872 size-full\" src=\"https:\/\/www.cupssupplier.com\/wp-content\/uploads\/2025\/01\/3-4.webp\" alt=\"personalized insulated stainless steel water bottles\" width=\"800\" height=\"800\" srcset=\"https:\/\/www.cupssupplier.com\/wp-content\/uploads\/2025\/01\/3-4.webp 800w, https:\/\/www.cupssupplier.com\/wp-content\/uploads\/2025\/01\/3-4-300x300.webp 300w, https:\/\/www.cupssupplier.com\/wp-content\/uploads\/2025\/01\/3-4-150x150.webp 150w, https:\/\/www.cupssupplier.com\/wp-content\/uploads\/2025\/01\/3-4-768x768.webp 768w, https:\/\/www.cupssupplier.com\/wp-content\/uploads\/2025\/01\/3-4-600x600.webp 600w, https:\/\/www.cupssupplier.com\/wp-content\/uploads\/2025\/01\/3-4-100x100.webp 100w\" sizes=\"auto, (max-width: 800px) 100vw, 800px\" title=\"\"><\/p>\n<p><img loading=\"lazy\" decoding=\"async\" class=\"aligncenter wp-image-1876 \" src=\"https:\/\/www.cupssupplier.com\/wp-content\/uploads\/2025\/01\/1-6.webp\" alt=\"personalized insulated stainless steel water bottles\" width=\"811\" height=\"651\" srcset=\"https:\/\/www.cupssupplier.com\/wp-content\/uploads\/2025\/01\/1-6.webp 750w, https:\/\/www.cupssupplier.com\/wp-content\/uploads\/2025\/01\/1-6-300x241.webp 300w, https:\/\/www.cupssupplier.com\/wp-content\/uploads\/2025\/01\/1-6-600x482.webp 600w\" sizes=\"auto, (max-width: 811px) 100vw, 811px\" title=\"\"><\/p>\n<p><img loading=\"lazy\" decoding=\"async\" class=\"aligncenter wp-image-1877 \" src=\"https:\/\/www.cupssupplier.com\/wp-content\/uploads\/2025\/01\/2-6.webp\" alt=\"personalized insulated stainless steel water bottles\" width=\"817\" height=\"477\" srcset=\"https:\/\/www.cupssupplier.com\/wp-content\/uploads\/2025\/01\/2-6.webp 750w, https:\/\/www.cupssupplier.com\/wp-content\/uploads\/2025\/01\/2-6-300x175.webp 300w, https:\/\/www.cupssupplier.com\/wp-content\/uploads\/2025\/01\/2-6-600x350.webp 600w\" sizes=\"auto, (max-width: 817px) 100vw, 817px\" title=\"\"><\/p>\n<p><img loading=\"lazy\" decoding=\"async\" class=\"aligncenter wp-image-1878 \" src=\"https:\/\/www.cupssupplier.com\/wp-content\/uploads\/2025\/01\/4-4.webp\" alt=\"personalized insulated stainless steel water bottles\" width=\"809\" height=\"650\" srcset=\"https:\/\/www.cupssupplier.com\/wp-content\/uploads\/2025\/01\/4-4.webp 750w, https:\/\/www.cupssupplier.com\/wp-content\/uploads\/2025\/01\/4-4-300x241.webp 300w, https:\/\/www.cupssupplier.com\/wp-content\/uploads\/2025\/01\/4-4-600x482.webp 600w\" sizes=\"auto, (max-width: 809px) 100vw, 809px\" title=\"\"><\/p>\n<p><img loading=\"lazy\" decoding=\"async\" class=\"wp-image-1879 size-full aligncenter\" src=\"https:\/\/www.cupssupplier.com\/wp-content\/uploads\/2025\/01\/5-4.webp\" alt=\"personalized insulated stainless steel water bottles\" width=\"750\" height=\"602\" srcset=\"https:\/\/www.cupssupplier.com\/wp-content\/uploads\/2025\/01\/5-4.webp 750w, https:\/\/www.cupssupplier.com\/wp-content\/uploads\/2025\/01\/5-4-300x241.webp 300w, https:\/\/www.cupssupplier.com\/wp-content\/uploads\/2025\/01\/5-4-600x482.webp 600w\" sizes=\"auto, (max-width: 750px) 100vw, 750px\" title=\"\"><\/p>\n<p><img loading=\"lazy\" decoding=\"async\" class=\"aligncenter wp-image-1880 size-full\" src=\"https:\/\/www.cupssupplier.com\/wp-content\/uploads\/2025\/01\/6-5.webp\" alt=\"personalized insulated stainless steel water bottles\" width=\"750\" height=\"602\" srcset=\"https:\/\/www.cupssupplier.com\/wp-content\/uploads\/2025\/01\/6-5.webp 750w, https:\/\/www.cupssupplier.com\/wp-content\/uploads\/2025\/01\/6-5-300x241.webp 300w, https:\/\/www.cupssupplier.com\/wp-content\/uploads\/2025\/01\/6-5-600x482.webp 600w\" sizes=\"auto, (max-width: 750px) 100vw, 750px\" title=\"\"><\/p>\n","protected":false},"excerpt":{"rendered":"<p><strong data-start=\"878\" data-end=\"992\">Bleiben Sie stilvoll und gut hydriert mit unseren Gro\u00dfhandels-Thermoflaschen aus personalisierbarem Edelstahl.<\/strong><br data-start=\"992\" data-end=\"995\" \/>Mit Namen, Logos oder Designs individualisierbar, sind diese umweltfreundlichen Flaschen ideal f\u00fcr Geschenke, Events oder den pers\u00f6nlichen Gebrauch. Sie halten Getr\u00e4nke stundenlang hei\u00df oder kalt \u2013 die perfekte Kombination aus Funktionalit\u00e4t und pers\u00f6nlicher Note.<\/p>\n","protected":false},"featured_media":4666,"template":"","meta":{"om_disable_all_campaigns":false},"product_brand":[],"product_cat":[289],"product_tag":[],"class_list":{"0":"post-20528","1":"product","2":"type-product","3":"status-publish","4":"has-post-thumbnail","6":"product_cat-edelstahl-trinkflasche","8":"first","9":"instock","10":"shipping-taxable","11":"product-type-simple"},"_links":{"self":[{"href":"https:\/\/www.cupssupplier.com\/de\/wp-json\/wp\/v2\/product\/20528","targetHints":{"allow":["GET"]}}],"collection":[{"href":"https:\/\/www.cupssupplier.com\/de\/wp-json\/wp\/v2\/product"}],"about":[{"href":"https:\/\/www.cupssupplier.com\/de\/wp-json\/wp\/v2\/types\/product"}],"wp:featuredmedia":[{"embeddable":true,"href":"https:\/\/www.cupssupplier.com\/de\/wp-json\/wp\/v2\/media\/4666"}],"wp:attachment":[{"href":"https:\/\/www.cupssupplier.com\/de\/wp-json\/wp\/v2\/media?parent=20528"}],"wp:term":[{"taxonomy":"product_brand","embeddable":true,"href":"https:\/\/www.cupssupplier.com\/de\/wp-json\/wp\/v2\/product_brand?post=20528"},{"taxonomy":"product_cat","embeddable":true,"href":"https:\/\/www.cupssupplier.com\/de\/wp-json\/wp\/v2\/product_cat?post=20528"},{"taxonomy":"product_tag","embeddable":true,"href":"https:\/\/www.cupssupplier.com\/de\/wp-json\/wp\/v2\/product_tag?post=20528"}],"curies":[{"name":"wp","href":"https:\/\/api.w.org\/{rel}","templated":true}]}}