{"id":20515,"date":"2025-01-02T05:49:35","date_gmt":"2025-01-02T10:49:35","guid":{"rendered":"https:\/\/www.cupssupplier.com\/product\/wide-mouth-stainless-steel-water-bottle\/"},"modified":"2025-05-20T23:20:44","modified_gmt":"2025-05-21T03:20:44","slug":"wide-mouth-stainless-steel-water-bottle","status":"publish","type":"product","link":"https:\/\/www.cupssupplier.com\/de\/wide-mouth-stainless-steel-water-bottle\/","title":{"rendered":"Weithals-Edelstahl-Trinkflasche"},"content":{"rendered":"<p class=\"\" data-start=\"1427\" data-end=\"1494\"><strong data-start=\"1427\" data-end=\"1494\">Weithals-Edelstahl-Trinkflasche \u2013 Robuste &amp; Isolierte Hydration<\/strong><\/p>\n<p class=\"\" data-start=\"1496\" data-end=\"1636\">Bleiben Sie erfrischt mit der vielseitigen Weithals-Edelstahlflasche, die f\u00fcr Langlebigkeit und Komfort entwickelt wurde. Wichtige Merkmale:<\/p>\n<ul data-start=\"1638\" data-end=\"2072\">\n<li class=\"\" data-start=\"1638\" data-end=\"1735\">\n<p class=\"\" data-start=\"1640\" data-end=\"1735\"><strong data-start=\"1640\" data-end=\"1659\">Weithals-Design<\/strong>: Leicht mit Eis zu bef\u00fcllen, gr\u00fcndlich zu reinigen und bequem zu trinken.<\/p>\n<\/li>\n<li class=\"\" data-start=\"1736\" data-end=\"1826\">\n<p class=\"\" data-start=\"1738\" data-end=\"1826\"><strong data-start=\"1738\" data-end=\"1757\">Isolierleistung<\/strong>: H\u00e4lt Getr\u00e4nke bis zu 12 Stunden hei\u00df oder bis zu 24 Stunden kalt.<\/p>\n<\/li>\n<li class=\"\" data-start=\"1827\" data-end=\"1882\">\n<p class=\"\" data-start=\"1829\" data-end=\"1882\"><strong data-start=\"1829\" data-end=\"1855\">Hochwertiger Edelstahl<\/strong>: BPA-frei und langlebig.<\/p>\n<\/li>\n<li class=\"\" data-start=\"1883\" data-end=\"1977\">\n<p class=\"\" data-start=\"1885\" data-end=\"1977\"><strong data-start=\"1885\" data-end=\"1924\">Umweltfreundlich &amp; wiederverwendbar<\/strong>: Nachhaltige Alternative zu Einwegplastikflaschen.<\/p>\n<\/li>\n<li class=\"\" data-start=\"1978\" data-end=\"2072\">\n<p class=\"\" data-start=\"1980\" data-end=\"2072\"><strong data-start=\"1980\" data-end=\"2007\">Auslaufsicher &amp; tragbar<\/strong>: Ideal f\u00fcr Reisen, Outdoor-Aktivit\u00e4ten, Fitnessstudio oder B\u00fcro.<\/p>\n<\/li>\n<\/ul>\n<p class=\"\" data-start=\"2074\" data-end=\"2205\">Die Weithals-Edelstahlflasche vereint Stil, Funktionalit\u00e4t und Nachhaltigkeit \u2013 ein Must-have f\u00fcr Ihre t\u00e4gliche Fl\u00fcssigkeitszufuhr.<\/p>\n<p class=\"\" data-start=\"2207\" data-end=\"2377\">Erleben Sie erstklassige Hydration mit unserer isolierten Weithalsflasche. Einfach zu bef\u00fcllen, reinigen und zu verwenden \u2013 ideal f\u00fcr Abenteuer, Training oder den Alltag.<\/p>\n<p><img loading=\"lazy\" decoding=\"async\" class=\"wp-image-1917 size-full aligncenter\" src=\"https:\/\/www.cupssupplier.com\/wp-content\/uploads\/2025\/01\/1-8.webp\" alt=\"wide mouth stainless steel water bottle\" width=\"750\" height=\"602\" srcset=\"https:\/\/www.cupssupplier.com\/wp-content\/uploads\/2025\/01\/1-8.webp 750w, https:\/\/www.cupssupplier.com\/wp-content\/uploads\/2025\/01\/1-8-300x241.webp 300w, https:\/\/www.cupssupplier.com\/wp-content\/uploads\/2025\/01\/1-8-600x482.webp 600w\" sizes=\"auto, (max-width: 750px) 100vw, 750px\" title=\"\"><\/p>\n<p><img loading=\"lazy\" decoding=\"async\" class=\"wp-image-1918 size-full aligncenter\" src=\"https:\/\/www.cupssupplier.com\/wp-content\/uploads\/2025\/01\/2-8.webp\" alt=\"wide mouth stainless steel water bottle\" width=\"750\" height=\"602\" srcset=\"https:\/\/www.cupssupplier.com\/wp-content\/uploads\/2025\/01\/2-8.webp 750w, https:\/\/www.cupssupplier.com\/wp-content\/uploads\/2025\/01\/2-8-300x241.webp 300w, https:\/\/www.cupssupplier.com\/wp-content\/uploads\/2025\/01\/2-8-600x482.webp 600w\" sizes=\"auto, (max-width: 750px) 100vw, 750px\" title=\"\"><\/p>\n<p><img loading=\"lazy\" decoding=\"async\" class=\"wp-image-1919 size-full aligncenter\" src=\"https:\/\/www.cupssupplier.com\/wp-content\/uploads\/2025\/01\/3-6.webp\" alt=\"wide mouth stainless steel water bottle\" width=\"750\" height=\"602\" srcset=\"https:\/\/www.cupssupplier.com\/wp-content\/uploads\/2025\/01\/3-6.webp 750w, https:\/\/www.cupssupplier.com\/wp-content\/uploads\/2025\/01\/3-6-300x241.webp 300w, https:\/\/www.cupssupplier.com\/wp-content\/uploads\/2025\/01\/3-6-600x482.webp 600w\" sizes=\"auto, (max-width: 750px) 100vw, 750px\" title=\"\"><\/p>\n<p><img loading=\"lazy\" decoding=\"async\" class=\"wp-image-1920 size-full aligncenter\" src=\"https:\/\/www.cupssupplier.com\/wp-content\/uploads\/2025\/01\/4-6.webp\" alt=\"wide mouth stainless steel water bottle\" width=\"800\" height=\"800\" srcset=\"https:\/\/www.cupssupplier.com\/wp-content\/uploads\/2025\/01\/4-6.webp 800w, https:\/\/www.cupssupplier.com\/wp-content\/uploads\/2025\/01\/4-6-300x300.webp 300w, https:\/\/www.cupssupplier.com\/wp-content\/uploads\/2025\/01\/4-6-150x150.webp 150w, https:\/\/www.cupssupplier.com\/wp-content\/uploads\/2025\/01\/4-6-768x768.webp 768w, https:\/\/www.cupssupplier.com\/wp-content\/uploads\/2025\/01\/4-6-600x600.webp 600w, https:\/\/www.cupssupplier.com\/wp-content\/uploads\/2025\/01\/4-6-100x100.webp 100w\" sizes=\"auto, (max-width: 800px) 100vw, 800px\" title=\"\"><\/p>\n<p><img loading=\"lazy\" decoding=\"async\" class=\"wp-image-1921 size-full aligncenter\" src=\"https:\/\/www.cupssupplier.com\/wp-content\/uploads\/2025\/01\/5-6.webp\" alt=\"wide mouth stainless steel water bottle\" width=\"750\" height=\"602\" srcset=\"https:\/\/www.cupssupplier.com\/wp-content\/uploads\/2025\/01\/5-6.webp 750w, https:\/\/www.cupssupplier.com\/wp-content\/uploads\/2025\/01\/5-6-300x241.webp 300w, https:\/\/www.cupssupplier.com\/wp-content\/uploads\/2025\/01\/5-6-600x482.webp 600w\" sizes=\"auto, (max-width: 750px) 100vw, 750px\" title=\"\"><\/p>\n<p><img loading=\"lazy\" decoding=\"async\" class=\"aligncenter wp-image-1922 size-full\" src=\"https:\/\/www.cupssupplier.com\/wp-content\/uploads\/2025\/01\/6-7.webp\" alt=\"wide mouth stainless steel water bottle\" width=\"800\" height=\"800\" srcset=\"https:\/\/www.cupssupplier.com\/wp-content\/uploads\/2025\/01\/6-7.webp 800w, https:\/\/www.cupssupplier.com\/wp-content\/uploads\/2025\/01\/6-7-300x300.webp 300w, https:\/\/www.cupssupplier.com\/wp-content\/uploads\/2025\/01\/6-7-150x150.webp 150w, https:\/\/www.cupssupplier.com\/wp-content\/uploads\/2025\/01\/6-7-768x768.webp 768w, https:\/\/www.cupssupplier.com\/wp-content\/uploads\/2025\/01\/6-7-600x600.webp 600w, https:\/\/www.cupssupplier.com\/wp-content\/uploads\/2025\/01\/6-7-100x100.webp 100w\" sizes=\"auto, (max-width: 800px) 100vw, 800px\" title=\"\"><\/p>\n","protected":false},"excerpt":{"rendered":"<p><strong data-start=\"820\" data-end=\"902\">Erleben Sie ultimative Hydration mit unserer Weithals-Edelstahl-Wasserflasche.<\/strong><br data-start=\"902\" data-end=\"905\" \/>Dank der gro\u00dfen \u00d6ffnung l\u00e4sst sie sich leicht bef\u00fcllen, reinigen und daraus trinken. Diese langlebige, isolierte Flasche h\u00e4lt Getr\u00e4nke stundenlang hei\u00df oder kalt. Ideal f\u00fcr Outdoor-Abenteuer, das Fitnessstudio oder den t\u00e4glichen Gebrauch.<\/p>\n","protected":false},"featured_media":4798,"template":"","meta":{"om_disable_all_campaigns":false},"product_brand":[],"product_cat":[289],"product_tag":[],"class_list":{"0":"post-20515","1":"product","2":"type-product","3":"status-publish","4":"has-post-thumbnail","6":"product_cat-edelstahl-trinkflasche","8":"first","9":"instock","10":"shipping-taxable","11":"product-type-simple"},"_links":{"self":[{"href":"https:\/\/www.cupssupplier.com\/de\/wp-json\/wp\/v2\/product\/20515","targetHints":{"allow":["GET"]}}],"collection":[{"href":"https:\/\/www.cupssupplier.com\/de\/wp-json\/wp\/v2\/product"}],"about":[{"href":"https:\/\/www.cupssupplier.com\/de\/wp-json\/wp\/v2\/types\/product"}],"wp:featuredmedia":[{"embeddable":true,"href":"https:\/\/www.cupssupplier.com\/de\/wp-json\/wp\/v2\/media\/4798"}],"wp:attachment":[{"href":"https:\/\/www.cupssupplier.com\/de\/wp-json\/wp\/v2\/media?parent=20515"}],"wp:term":[{"taxonomy":"product_brand","embeddable":true,"href":"https:\/\/www.cupssupplier.com\/de\/wp-json\/wp\/v2\/product_brand?post=20515"},{"taxonomy":"product_cat","embeddable":true,"href":"https:\/\/www.cupssupplier.com\/de\/wp-json\/wp\/v2\/product_cat?post=20515"},{"taxonomy":"product_tag","embeddable":true,"href":"https:\/\/www.cupssupplier.com\/de\/wp-json\/wp\/v2\/product_tag?post=20515"}],"curies":[{"name":"wp","href":"https:\/\/api.w.org\/{rel}","templated":true}]}}