{"id":20475,"date":"2025-01-04T22:12:33","date_gmt":"2025-01-05T03:12:33","guid":{"rendered":"https:\/\/www.cupssupplier.com\/product\/stainless-steel-water-bottle-for-bike\/"},"modified":"2025-05-20T11:16:33","modified_gmt":"2025-05-20T15:16:33","slug":"stainless-steel-water-bottle-for-bike","status":"publish","type":"product","link":"https:\/\/www.cupssupplier.com\/de\/stainless-steel-water-bottle-for-bike\/","title":{"rendered":"Edelstahl-Wasserflasche f\u00fcr das Fahrrad"},"content":{"rendered":"<p class=\"\" data-start=\"1473\" data-end=\"1539\"><strong data-start=\"1473\" data-end=\"1539\">Edelstahl-Wasserflasche f\u00fcr das Fahrrad \u2013 Isoliert &amp; Langlebig<\/strong><\/p>\n<p class=\"\" data-start=\"1541\" data-end=\"1686\">Verbessern Sie Ihr Fahrraderlebnis mit der Edelstahl-Wasserflasche f\u00fcr das Fahrrad, die f\u00fcr Komfort und Leistung entwickelt wurde. Hauptmerkmale:<\/p>\n<ul data-start=\"1688\" data-end=\"2128\">\n<li class=\"\" data-start=\"1688\" data-end=\"1783\">\n<p class=\"\" data-start=\"1690\" data-end=\"1783\"><strong data-start=\"1690\" data-end=\"1720\">Fahrradfreundliches Design<\/strong>: Schlanke Form passt sicher in Standard-Fahrradflaschenhalter.<\/p>\n<\/li>\n<li class=\"\" data-start=\"1784\" data-end=\"1889\">\n<p class=\"\" data-start=\"1786\" data-end=\"1889\"><strong data-start=\"1786\" data-end=\"1822\">Isoliert zur Temperaturkontrolle<\/strong>: H\u00e4lt Getr\u00e4nke bis zu 12 Stunden warm oder bis zu 24 Stunden kalt.<\/p>\n<\/li>\n<li class=\"\" data-start=\"1890\" data-end=\"1971\">\n<p class=\"\" data-start=\"1892\" data-end=\"1971\"><strong data-start=\"1892\" data-end=\"1917\">Langlehiger Edelstahl<\/strong>: BPA-frei und rostbest\u00e4ndig f\u00fcr dauerhaften Gebrauch.<\/p>\n<\/li>\n<li class=\"\" data-start=\"1972\" data-end=\"2049\">\n<p class=\"\" data-start=\"1974\" data-end=\"2049\"><strong data-start=\"1974\" data-end=\"2000\">Auslaufsicherer Deckel<\/strong>: Kein Versch\u00fctten \u2013 auch auf holprigen Strecken.<\/p>\n<\/li>\n<li class=\"\" data-start=\"2050\" data-end=\"2128\">\n<p class=\"\" data-start=\"2052\" data-end=\"2128\"><strong data-start=\"2052\" data-end=\"2074\">Leicht und tragbar<\/strong>: Einfach zu transportieren ohne zus\u00e4tzliches Gewicht.<\/p>\n<\/li>\n<\/ul>\n<p class=\"\" data-start=\"2130\" data-end=\"2230\">Perfekt f\u00fcr Radfahrer und Outdoor-Enthusiasten \u2013 diese Flasche ist ein Muss f\u00fcr Hydration unterwegs.<\/p>\n<p><img loading=\"lazy\" decoding=\"async\" class=\"aligncenter wp-image-1961 size-full\" src=\"https:\/\/www.cupssupplier.com\/wp-content\/uploads\/2025\/01\/3-12-e1736047493387.webp\" alt=\"stainless steel water bottle for bike\" width=\"750\" height=\"620\" srcset=\"https:\/\/www.cupssupplier.com\/wp-content\/uploads\/2025\/01\/3-12-e1736047493387.webp 750w, https:\/\/www.cupssupplier.com\/wp-content\/uploads\/2025\/01\/3-12-e1736047493387-300x248.webp 300w, https:\/\/www.cupssupplier.com\/wp-content\/uploads\/2025\/01\/3-12-e1736047493387-600x496.webp 600w\" sizes=\"auto, (max-width: 750px) 100vw, 750px\" title=\"\"><\/p>\n<p><img loading=\"lazy\" decoding=\"async\" class=\"wp-image-1962 size-full aligncenter\" src=\"https:\/\/www.cupssupplier.com\/wp-content\/uploads\/2025\/01\/4-11-e1736047545758.webp\" alt=\"stainless steel water bottle for bike\" width=\"750\" height=\"884\" srcset=\"https:\/\/www.cupssupplier.com\/wp-content\/uploads\/2025\/01\/4-11-e1736047545758.webp 750w, https:\/\/www.cupssupplier.com\/wp-content\/uploads\/2025\/01\/4-11-e1736047545758-255x300.webp 255w, https:\/\/www.cupssupplier.com\/wp-content\/uploads\/2025\/01\/4-11-e1736047545758-300x354.webp 300w, https:\/\/www.cupssupplier.com\/wp-content\/uploads\/2025\/01\/4-11-e1736047545758-600x707.webp 600w\" sizes=\"auto, (max-width: 750px) 100vw, 750px\" title=\"\"><\/p>\n<p><img loading=\"lazy\" decoding=\"async\" class=\"wp-image-1964 size-full aligncenter\" src=\"https:\/\/www.cupssupplier.com\/wp-content\/uploads\/2025\/01\/7-1-e1736047683188.webp\" alt=\"stainless steel water bottle for bike\" width=\"750\" height=\"1465\" srcset=\"https:\/\/www.cupssupplier.com\/wp-content\/uploads\/2025\/01\/7-1-e1736047683188.webp 750w, https:\/\/www.cupssupplier.com\/wp-content\/uploads\/2025\/01\/7-1-e1736047683188-154x300.webp 154w, https:\/\/www.cupssupplier.com\/wp-content\/uploads\/2025\/01\/7-1-e1736047683188-524x1024.webp 524w, https:\/\/www.cupssupplier.com\/wp-content\/uploads\/2025\/01\/7-1-e1736047683188-300x586.webp 300w, https:\/\/www.cupssupplier.com\/wp-content\/uploads\/2025\/01\/7-1-e1736047683188-600x1172.webp 600w\" sizes=\"auto, (max-width: 750px) 100vw, 750px\" title=\"\"><\/p>\n<p><img loading=\"lazy\" decoding=\"async\" class=\"wp-image-1965 size-full aligncenter\" src=\"https:\/\/www.cupssupplier.com\/wp-content\/uploads\/2025\/01\/8.webp\" alt=\"stainless steel water bottle for bike\" width=\"750\" height=\"1808\" srcset=\"https:\/\/www.cupssupplier.com\/wp-content\/uploads\/2025\/01\/8.webp 750w, https:\/\/www.cupssupplier.com\/wp-content\/uploads\/2025\/01\/8-124x300.webp 124w, https:\/\/www.cupssupplier.com\/wp-content\/uploads\/2025\/01\/8-425x1024.webp 425w, https:\/\/www.cupssupplier.com\/wp-content\/uploads\/2025\/01\/8-637x1536.webp 637w, https:\/\/www.cupssupplier.com\/wp-content\/uploads\/2025\/01\/8-300x723.webp 300w, https:\/\/www.cupssupplier.com\/wp-content\/uploads\/2025\/01\/8-600x1446.webp 600w\" sizes=\"auto, (max-width: 750px) 100vw, 750px\" title=\"\"><\/p>\n<p><img loading=\"lazy\" decoding=\"async\" class=\"aligncenter wp-image-1966 size-full\" src=\"https:\/\/www.cupssupplier.com\/wp-content\/uploads\/2025\/01\/9.webp\" alt=\"stainless steel water bottle for bike\" width=\"750\" height=\"1454\" srcset=\"https:\/\/www.cupssupplier.com\/wp-content\/uploads\/2025\/01\/9.webp 750w, https:\/\/www.cupssupplier.com\/wp-content\/uploads\/2025\/01\/9-155x300.webp 155w, https:\/\/www.cupssupplier.com\/wp-content\/uploads\/2025\/01\/9-528x1024.webp 528w, https:\/\/www.cupssupplier.com\/wp-content\/uploads\/2025\/01\/9-300x582.webp 300w, https:\/\/www.cupssupplier.com\/wp-content\/uploads\/2025\/01\/9-600x1163.webp 600w\" sizes=\"auto, (max-width: 750px) 100vw, 750px\" title=\"\"><\/p>\n","protected":false},"excerpt":{"rendered":"<p class=\"\" data-start=\"953\" data-end=\"1294\">Fahren Sie stilvoll und bleiben Sie hydriert mit unserer Edelstahl-Wasserflasche f\u00fcr das Fahrrad. Speziell f\u00fcr Radfahrer entwickelt, passt diese robuste und leichte Flasche perfekt in die meisten Fahrradflaschenhalter. Dank hochwertiger Isolierung h\u00e4lt sie Getr\u00e4nke stundenlang hei\u00df oder kalt \u2013 ideal f\u00fcr lange Fahrten und Outdoor-Abenteuer.<\/p>\n<p class=\"\" data-start=\"1296\" data-end=\"1527\">\n","protected":false},"featured_media":5128,"template":"","meta":{"om_disable_all_campaigns":false},"product_brand":[],"product_cat":[289],"product_tag":[],"class_list":{"0":"post-20475","1":"product","2":"type-product","3":"status-publish","4":"has-post-thumbnail","6":"product_cat-edelstahl-trinkflasche","8":"first","9":"instock","10":"shipping-taxable","11":"product-type-simple"},"_links":{"self":[{"href":"https:\/\/www.cupssupplier.com\/de\/wp-json\/wp\/v2\/product\/20475","targetHints":{"allow":["GET"]}}],"collection":[{"href":"https:\/\/www.cupssupplier.com\/de\/wp-json\/wp\/v2\/product"}],"about":[{"href":"https:\/\/www.cupssupplier.com\/de\/wp-json\/wp\/v2\/types\/product"}],"wp:featuredmedia":[{"embeddable":true,"href":"https:\/\/www.cupssupplier.com\/de\/wp-json\/wp\/v2\/media\/5128"}],"wp:attachment":[{"href":"https:\/\/www.cupssupplier.com\/de\/wp-json\/wp\/v2\/media?parent=20475"}],"wp:term":[{"taxonomy":"product_brand","embeddable":true,"href":"https:\/\/www.cupssupplier.com\/de\/wp-json\/wp\/v2\/product_brand?post=20475"},{"taxonomy":"product_cat","embeddable":true,"href":"https:\/\/www.cupssupplier.com\/de\/wp-json\/wp\/v2\/product_cat?post=20475"},{"taxonomy":"product_tag","embeddable":true,"href":"https:\/\/www.cupssupplier.com\/de\/wp-json\/wp\/v2\/product_tag?post=20475"}],"curies":[{"name":"wp","href":"https:\/\/api.w.org\/{rel}","templated":true}]}}