{"id":20449,"date":"2025-01-06T05:59:31","date_gmt":"2025-01-06T10:59:31","guid":{"rendered":"https:\/\/www.cupssupplier.com\/product\/custom-coffee-tumblers-with-logo\/"},"modified":"2025-05-20T01:10:59","modified_gmt":"2025-05-20T05:10:59","slug":"custom-coffee-tumblers-with-logo","status":"publish","type":"product","link":"https:\/\/www.cupssupplier.com\/de\/custom-coffee-tumblers-with-logo\/","title":{"rendered":"Individuell bedruckte Kaffeebecher Gro\u00dfhandel"},"content":{"rendered":"<p class=\"\" data-start=\"1512\" data-end=\"1592\"><strong data-start=\"1512\" data-end=\"1592\">Individuell bedruckte Kaffeebecher Gro\u00dfhandel \u2013 Isolierte Marken-Trinkbecher<\/strong><\/p>\n<p class=\"\" data-start=\"1594\" data-end=\"1743\">St\u00e4rken Sie Ihre Marke mit unseren <strong data-start=\"1629\" data-end=\"1683\">individuell bedruckten Kaffeebechern im Gro\u00dfhandel<\/strong>, die Funktionalit\u00e4t und Stil vereinen.<br data-start=\"1722\" data-end=\"1725\" \/>Wichtige Merkmale:<\/p>\n<ul data-start=\"1745\" data-end=\"2258\">\n<li class=\"\" data-start=\"1745\" data-end=\"1870\">\n<p class=\"\" data-start=\"1747\" data-end=\"1870\"><strong data-start=\"1747\" data-end=\"1773\">Individuelles Branding<\/strong>: F\u00fcgen Sie Ihr Logo oder Design hinzu, um Ihr Unternehmen oder Ihre Botschaft zu pr\u00e4sentieren.<\/p>\n<\/li>\n<li class=\"\" data-start=\"1871\" data-end=\"1973\">\n<p class=\"\" data-start=\"1873\" data-end=\"1973\"><strong data-start=\"1873\" data-end=\"1892\">Isolierfunktion<\/strong>: H\u00e4lt Kaffee bis zu 8 Stunden hei\u00df oder kalte Getr\u00e4nke bis zu 12 Stunden k\u00fchl.<\/p>\n<\/li>\n<li class=\"\" data-start=\"1974\" data-end=\"2072\">\n<p class=\"\" data-start=\"1976\" data-end=\"2072\"><strong data-start=\"1976\" data-end=\"2000\">Robuste Verarbeitung<\/strong>: Hergestellt aus hochwertigen Materialien f\u00fcr eine lange Lebensdauer.<\/p>\n<\/li>\n<li class=\"\" data-start=\"2073\" data-end=\"2164\">\n<p class=\"\" data-start=\"2075\" data-end=\"2164\"><strong data-start=\"2075\" data-end=\"2114\">Umweltfreundlich &amp; wiederverwendbar<\/strong>: Eine nachhaltige Alternative zu Einwegbechern.<\/p>\n<\/li>\n<li class=\"\" data-start=\"2165\" data-end=\"2258\">\n<p class=\"\" data-start=\"2167\" data-end=\"2258\"><strong data-start=\"2167\" data-end=\"2192\">Vielseitig einsetzbar<\/strong>: Ideal f\u00fcr Firmengeschenke, Werbeaktionen oder den Wiederverkauf.<\/p>\n<\/li>\n<\/ul>\n<p class=\"\" data-start=\"2260\" data-end=\"2419\">Unsere <strong data-start=\"2267\" data-end=\"2306\">Kaffeebecher mit Logo im Gro\u00dfhandel<\/strong> sind nicht nur praktische Alltagsbegleiter, sondern auch effektive Werbemittel, um Ihre Marke pr\u00e4sent zu halten.<\/p>\n<p><img loading=\"lazy\" decoding=\"async\" class=\"aligncenter wp-image-1997 size-full\" src=\"https:\/\/www.cupssupplier.com\/wp-content\/uploads\/2025\/01\/3-15-e1736239229454.webp\" alt=\"custom coffee tumblers with logo\" width=\"1560\" height=\"2820\" srcset=\"https:\/\/www.cupssupplier.com\/wp-content\/uploads\/2025\/01\/3-15-e1736239229454.webp 1560w, https:\/\/www.cupssupplier.com\/wp-content\/uploads\/2025\/01\/3-15-e1736239229454-166x300.webp 166w, https:\/\/www.cupssupplier.com\/wp-content\/uploads\/2025\/01\/3-15-e1736239229454-566x1024.webp 566w, https:\/\/www.cupssupplier.com\/wp-content\/uploads\/2025\/01\/3-15-e1736239229454-768x1388.webp 768w, https:\/\/www.cupssupplier.com\/wp-content\/uploads\/2025\/01\/3-15-e1736239229454-850x1536.webp 850w, https:\/\/www.cupssupplier.com\/wp-content\/uploads\/2025\/01\/3-15-e1736239229454-1133x2048.webp 1133w, https:\/\/www.cupssupplier.com\/wp-content\/uploads\/2025\/01\/3-15-e1736239229454-300x542.webp 300w, https:\/\/www.cupssupplier.com\/wp-content\/uploads\/2025\/01\/3-15-e1736239229454-600x1085.webp 600w\" sizes=\"auto, (max-width: 1560px) 100vw, 1560px\" title=\"\"><img loading=\"lazy\" decoding=\"async\" class=\"aligncenter wp-image-1998 size-full\" src=\"https:\/\/www.cupssupplier.com\/wp-content\/uploads\/2025\/01\/4-14.webp\" alt=\"custom coffee tumblers with logo\" width=\"1563\" height=\"2188\" srcset=\"https:\/\/www.cupssupplier.com\/wp-content\/uploads\/2025\/01\/4-14.webp 1563w, https:\/\/www.cupssupplier.com\/wp-content\/uploads\/2025\/01\/4-14-214x300.webp 214w, https:\/\/www.cupssupplier.com\/wp-content\/uploads\/2025\/01\/4-14-731x1024.webp 731w, https:\/\/www.cupssupplier.com\/wp-content\/uploads\/2025\/01\/4-14-768x1075.webp 768w, https:\/\/www.cupssupplier.com\/wp-content\/uploads\/2025\/01\/4-14-1097x1536.webp 1097w, https:\/\/www.cupssupplier.com\/wp-content\/uploads\/2025\/01\/4-14-1463x2048.webp 1463w, https:\/\/www.cupssupplier.com\/wp-content\/uploads\/2025\/01\/4-14-300x420.webp 300w, https:\/\/www.cupssupplier.com\/wp-content\/uploads\/2025\/01\/4-14-600x840.webp 600w\" sizes=\"auto, (max-width: 1563px) 100vw, 1563px\" title=\"\"><img loading=\"lazy\" decoding=\"async\" class=\"aligncenter wp-image-1996 size-full\" src=\"https:\/\/www.cupssupplier.com\/wp-content\/uploads\/2025\/01\/6-10-e1736239482587.webp\" alt=\"custom coffee tumblers with logo\" width=\"1560\" height=\"843\" srcset=\"https:\/\/www.cupssupplier.com\/wp-content\/uploads\/2025\/01\/6-10-e1736239482587.webp 1560w, https:\/\/www.cupssupplier.com\/wp-content\/uploads\/2025\/01\/6-10-e1736239482587-300x162.webp 300w, https:\/\/www.cupssupplier.com\/wp-content\/uploads\/2025\/01\/6-10-e1736239482587-1024x553.webp 1024w, https:\/\/www.cupssupplier.com\/wp-content\/uploads\/2025\/01\/6-10-e1736239482587-768x415.webp 768w, https:\/\/www.cupssupplier.com\/wp-content\/uploads\/2025\/01\/6-10-e1736239482587-1536x830.webp 1536w, https:\/\/www.cupssupplier.com\/wp-content\/uploads\/2025\/01\/6-10-e1736239482587-600x324.webp 600w\" sizes=\"auto, (max-width: 1560px) 100vw, 1560px\" title=\"\"><\/p>\n","protected":false},"excerpt":{"rendered":"<p class=\"\" data-start=\"847\" data-end=\"1174\">Werben Sie f\u00fcr Ihre Marke mit stilvollen <strong data-start=\"888\" data-end=\"947\">kundenspezifischen Kaffeebechern mit Logo im Gro\u00dfhandel<\/strong>. Diese isolierten Becher halten Getr\u00e4nke stundenlang hei\u00df oder kalt und eignen sich perfekt f\u00fcr Firmenveranstaltungen, Werbegeschenke oder den Einzelhandel. Personalisieren Sie sie mit Ihrem Logo f\u00fcr einen bleibenden Eindruck.<\/p>\n<p class=\"\" data-start=\"1176\" data-end=\"1256\">\n","protected":false},"featured_media":5315,"template":"","meta":{"om_disable_all_campaigns":false},"product_brand":[],"product_cat":[290],"product_tag":[],"class_list":{"0":"post-20449","1":"product","2":"type-product","3":"status-publish","4":"has-post-thumbnail","6":"product_cat-trinkbecher","8":"first","9":"instock","10":"shipping-taxable","11":"product-type-simple"},"_links":{"self":[{"href":"https:\/\/www.cupssupplier.com\/de\/wp-json\/wp\/v2\/product\/20449","targetHints":{"allow":["GET"]}}],"collection":[{"href":"https:\/\/www.cupssupplier.com\/de\/wp-json\/wp\/v2\/product"}],"about":[{"href":"https:\/\/www.cupssupplier.com\/de\/wp-json\/wp\/v2\/types\/product"}],"wp:featuredmedia":[{"embeddable":true,"href":"https:\/\/www.cupssupplier.com\/de\/wp-json\/wp\/v2\/media\/5315"}],"wp:attachment":[{"href":"https:\/\/www.cupssupplier.com\/de\/wp-json\/wp\/v2\/media?parent=20449"}],"wp:term":[{"taxonomy":"product_brand","embeddable":true,"href":"https:\/\/www.cupssupplier.com\/de\/wp-json\/wp\/v2\/product_brand?post=20449"},{"taxonomy":"product_cat","embeddable":true,"href":"https:\/\/www.cupssupplier.com\/de\/wp-json\/wp\/v2\/product_cat?post=20449"},{"taxonomy":"product_tag","embeddable":true,"href":"https:\/\/www.cupssupplier.com\/de\/wp-json\/wp\/v2\/product_tag?post=20449"}],"curies":[{"name":"wp","href":"https:\/\/api.w.org\/{rel}","templated":true}]}}