{"id":20424,"date":"2025-01-07T21:46:13","date_gmt":"2025-01-08T02:46:13","guid":{"rendered":"https:\/\/www.cupssupplier.com\/product\/coffee-tumbler-with-logo\/"},"modified":"2025-05-19T02:38:22","modified_gmt":"2025-05-19T06:38:22","slug":"coffee-tumbler-with-logo","status":"publish","type":"product","link":"https:\/\/www.cupssupplier.com\/de\/coffee-tumbler-with-logo\/","title":{"rendered":"Kaffeebecher mit Logo im Gro\u00dfhandel"},"content":{"rendered":"<p class=\"\" data-start=\"1844\" data-end=\"1883\"><strong data-start=\"1844\" data-end=\"1883\">Kaffeebecher mit Logo im Gro\u00dfhandel<\/strong><\/p>\n<p class=\"\" data-start=\"1885\" data-end=\"2088\">St\u00e4rken Sie Ihre Marketingstrategie mit unserem vielseitigen Kaffeebecher mit Logo im Gro\u00dfhandel \u2013 perfekt, um Ihre Marke hervorzuheben und gleichzeitig einen praktischen Nutzen zu bieten. Hauptmerkmale:<\/p>\n<ul data-start=\"2090\" data-end=\"2589\">\n<li class=\"\" data-start=\"2090\" data-end=\"2210\">\n<p class=\"\" data-start=\"2092\" data-end=\"2210\"><strong data-start=\"2092\" data-end=\"2119\">Individueller Logodruck<\/strong>: Versehen Sie den Becher mit Ihrem Logo f\u00fcr einen professionellen und pers\u00f6nlichen Look.<\/p>\n<\/li>\n<li class=\"\" data-start=\"2211\" data-end=\"2315\">\n<p class=\"\" data-start=\"2213\" data-end=\"2315\"><strong data-start=\"2213\" data-end=\"2235\">Isoliertechnologie<\/strong>: H\u00e4lt Kaffee bis zu 8 Stunden hei\u00df und kalte Getr\u00e4nke bis zu 12 Stunden k\u00fchl.<\/p>\n<\/li>\n<li class=\"\" data-start=\"2316\" data-end=\"2400\">\n<p class=\"\" data-start=\"2318\" data-end=\"2400\"><strong data-start=\"2318\" data-end=\"2346\">Hochwertige Verarbeitung<\/strong>: Aus langlebigen, BPA-freien Materialien gefertigt.<\/p>\n<\/li>\n<li class=\"\" data-start=\"2401\" data-end=\"2492\">\n<p class=\"\" data-start=\"2403\" data-end=\"2492\"><strong data-start=\"2403\" data-end=\"2442\">Umweltfreundlich &amp; Wiederverwendbar<\/strong>: Eine nachhaltige Alternative zu Einwegbechern.<\/p>\n<\/li>\n<li class=\"\" data-start=\"2493\" data-end=\"2589\">\n<p class=\"\" data-start=\"2495\" data-end=\"2589\"><strong data-start=\"2495\" data-end=\"2522\">Ideal f\u00fcr Markenbildung<\/strong>: Perfekt f\u00fcr Firmenevents, Werbegeschenke oder den Einzelhandel.<\/p>\n<\/li>\n<\/ul>\n<p class=\"\" data-start=\"2591\" data-end=\"2749\">Der Kaffeebecher mit Logo im Gro\u00dfhandel ist eine hervorragende M\u00f6glichkeit, Ihre Marke im Alltag sichtbar zu machen und gleichzeitig Funktionalit\u00e4t zu bieten.<\/p>\n<p><img loading=\"lazy\" decoding=\"async\" class=\"aligncenter wp-image-2031 size-full\" src=\"https:\/\/www.cupssupplier.com\/wp-content\/uploads\/2025\/01\/2-21.webp\" alt=\"coffee tumbler with logo\" width=\"900\" height=\"3778\" srcset=\"https:\/\/www.cupssupplier.com\/wp-content\/uploads\/2025\/01\/2-21.webp 900w, https:\/\/www.cupssupplier.com\/wp-content\/uploads\/2025\/01\/2-21-244x1024.webp 244w, https:\/\/www.cupssupplier.com\/wp-content\/uploads\/2025\/01\/2-21-768x3224.webp 768w, https:\/\/www.cupssupplier.com\/wp-content\/uploads\/2025\/01\/2-21-366x1536.webp 366w, https:\/\/www.cupssupplier.com\/wp-content\/uploads\/2025\/01\/2-21-488x2048.webp 488w, https:\/\/www.cupssupplier.com\/wp-content\/uploads\/2025\/01\/2-21-300x1259.webp 300w, https:\/\/www.cupssupplier.com\/wp-content\/uploads\/2025\/01\/2-21-600x2519.webp 600w\" sizes=\"auto, (max-width: 900px) 100vw, 900px\" title=\"\"><img loading=\"lazy\" decoding=\"async\" class=\"aligncenter wp-image-2032 size-full\" src=\"https:\/\/www.cupssupplier.com\/wp-content\/uploads\/2025\/01\/3-20.webp\" alt=\"coffee tumbler with logo\" width=\"900\" height=\"3424\" srcset=\"https:\/\/www.cupssupplier.com\/wp-content\/uploads\/2025\/01\/3-20.webp 900w, https:\/\/www.cupssupplier.com\/wp-content\/uploads\/2025\/01\/3-20-79x300.webp 79w, https:\/\/www.cupssupplier.com\/wp-content\/uploads\/2025\/01\/3-20-269x1024.webp 269w, https:\/\/www.cupssupplier.com\/wp-content\/uploads\/2025\/01\/3-20-768x2922.webp 768w, https:\/\/www.cupssupplier.com\/wp-content\/uploads\/2025\/01\/3-20-404x1536.webp 404w, https:\/\/www.cupssupplier.com\/wp-content\/uploads\/2025\/01\/3-20-538x2048.webp 538w, https:\/\/www.cupssupplier.com\/wp-content\/uploads\/2025\/01\/3-20-300x1141.webp 300w, https:\/\/www.cupssupplier.com\/wp-content\/uploads\/2025\/01\/3-20-600x2283.webp 600w\" sizes=\"auto, (max-width: 900px) 100vw, 900px\" title=\"\"><img loading=\"lazy\" decoding=\"async\" class=\"wp-image-2030 size-full aligncenter\" src=\"https:\/\/www.cupssupplier.com\/wp-content\/uploads\/2025\/01\/4-19-e1736304175350.webp\" alt=\"coffee tumbler with logo\" width=\"900\" height=\"3232\" srcset=\"https:\/\/www.cupssupplier.com\/wp-content\/uploads\/2025\/01\/4-19-e1736304175350.webp 900w, https:\/\/www.cupssupplier.com\/wp-content\/uploads\/2025\/01\/4-19-e1736304175350-285x1024.webp 285w, https:\/\/www.cupssupplier.com\/wp-content\/uploads\/2025\/01\/4-19-e1736304175350-768x2758.webp 768w, https:\/\/www.cupssupplier.com\/wp-content\/uploads\/2025\/01\/4-19-e1736304175350-428x1536.webp 428w, https:\/\/www.cupssupplier.com\/wp-content\/uploads\/2025\/01\/4-19-e1736304175350-570x2048.webp 570w, https:\/\/www.cupssupplier.com\/wp-content\/uploads\/2025\/01\/4-19-e1736304175350-300x1077.webp 300w, https:\/\/www.cupssupplier.com\/wp-content\/uploads\/2025\/01\/4-19-e1736304175350-600x2155.webp 600w\" sizes=\"auto, (max-width: 900px) 100vw, 900px\" title=\"\"><\/p>\n","protected":false},"excerpt":{"rendered":"<p class=\"\" data-start=\"2751\" data-end=\"3039\">Pr\u00e4sentieren Sie Ihre Marke stilvoll mit unserem Kaffeebecher mit Logo im Gro\u00dfhandel. Ideal f\u00fcr Werbeaktionen, Firmenpr\u00e4sente oder den Weiterverkauf \u2013 dieser isolierte Becher h\u00e4lt Getr\u00e4nke warm oder kalt und zeigt dabei Ihr individuelles Logo. Langlebig, umweltfreundlich und markenstark.<\/p>\n<p class=\"\" data-start=\"3041\" data-end=\"3105\">\n","protected":false},"featured_media":5612,"template":"","meta":{"om_disable_all_campaigns":false},"product_brand":[],"product_cat":[290],"product_tag":[],"class_list":{"0":"post-20424","1":"product","2":"type-product","3":"status-publish","4":"has-post-thumbnail","6":"product_cat-trinkbecher","8":"first","9":"instock","10":"shipping-taxable","11":"product-type-simple"},"_links":{"self":[{"href":"https:\/\/www.cupssupplier.com\/de\/wp-json\/wp\/v2\/product\/20424","targetHints":{"allow":["GET"]}}],"collection":[{"href":"https:\/\/www.cupssupplier.com\/de\/wp-json\/wp\/v2\/product"}],"about":[{"href":"https:\/\/www.cupssupplier.com\/de\/wp-json\/wp\/v2\/types\/product"}],"wp:featuredmedia":[{"embeddable":true,"href":"https:\/\/www.cupssupplier.com\/de\/wp-json\/wp\/v2\/media\/5612"}],"wp:attachment":[{"href":"https:\/\/www.cupssupplier.com\/de\/wp-json\/wp\/v2\/media?parent=20424"}],"wp:term":[{"taxonomy":"product_brand","embeddable":true,"href":"https:\/\/www.cupssupplier.com\/de\/wp-json\/wp\/v2\/product_brand?post=20424"},{"taxonomy":"product_cat","embeddable":true,"href":"https:\/\/www.cupssupplier.com\/de\/wp-json\/wp\/v2\/product_cat?post=20424"},{"taxonomy":"product_tag","embeddable":true,"href":"https:\/\/www.cupssupplier.com\/de\/wp-json\/wp\/v2\/product_tag?post=20424"}],"curies":[{"name":"wp","href":"https:\/\/api.w.org\/{rel}","templated":true}]}}