{"id":20397,"date":"2025-01-08T03:56:13","date_gmt":"2025-01-08T08:56:13","guid":{"rendered":"https:\/\/www.cupssupplier.com\/product\/custom-logo-coffee-tumbler\/"},"modified":"2025-05-18T00:27:18","modified_gmt":"2025-05-18T04:27:18","slug":"custom-logo-coffee-tumbler","status":"publish","type":"product","link":"https:\/\/www.cupssupplier.com\/de\/custom-logo-coffee-tumbler\/","title":{"rendered":"Kaffeebecher mit Individuellem Logo"},"content":{"rendered":"<p class=\"\" data-start=\"1626\" data-end=\"1678\"><strong data-start=\"1626\" data-end=\"1678\">Kaffeebecher mit Individuellem Logo \u2013 Gro\u00dfhandel<\/strong><\/p>\n<p class=\"\" data-start=\"1680\" data-end=\"1795\">St\u00e4rken Sie Ihre Marke mit dem vielseitigen Kaffeebecher mit individuellem Logo \u2013 praktisch, stilvoll und effektiv.<\/p>\n<p class=\"\" data-start=\"1797\" data-end=\"1817\"><strong data-start=\"1797\" data-end=\"1815\">Hauptmerkmale:<\/strong><\/p>\n<ul data-start=\"1818\" data-end=\"2314\">\n<li class=\"\" data-start=\"1818\" data-end=\"1906\">\n<p class=\"\" data-start=\"1820\" data-end=\"1906\"><strong data-start=\"1820\" data-end=\"1847\">Logo-Druck nach Wunsch:<\/strong> Pr\u00e4sentieren Sie Ihr Logo f\u00fcr einen bleibenden Eindruck.<\/p>\n<\/li>\n<li class=\"\" data-start=\"1907\" data-end=\"2004\">\n<p class=\"\" data-start=\"1909\" data-end=\"2004\"><strong data-start=\"1909\" data-end=\"1938\">Hervorragende Isolierung:<\/strong> H\u00e4lt Getr\u00e4nke bis zu 8 Stunden hei\u00df und bis zu 12 Stunden kalt.<\/p>\n<\/li>\n<li class=\"\" data-start=\"2005\" data-end=\"2112\">\n<p class=\"\" data-start=\"2007\" data-end=\"2112\"><strong data-start=\"2007\" data-end=\"2034\">Erstklassiges Material:<\/strong> Hergestellt aus BPA-freiem, langlebigem Edelstahl f\u00fcr langfristige Nutzung.<\/p>\n<\/li>\n<li class=\"\" data-start=\"2113\" data-end=\"2204\">\n<p class=\"\" data-start=\"2115\" data-end=\"2204\"><strong data-start=\"2115\" data-end=\"2155\">Umweltfreundlich &amp; Wiederverwendbar:<\/strong> Eine nachhaltige Alternative zu Einwegbechern.<\/p>\n<\/li>\n<li class=\"\" data-start=\"2205\" data-end=\"2314\">\n<p class=\"\" data-start=\"2207\" data-end=\"2314\"><strong data-start=\"2207\" data-end=\"2237\">F\u00fcr jeden Anlass geeignet:<\/strong> Perfekt als Firmengeschenk, f\u00fcr Messen, Werbeaktionen oder den Einzelhandel.<\/p>\n<\/li>\n<\/ul>\n<p class=\"\" data-start=\"2316\" data-end=\"2483\">Der Kaffeebecher mit individuellem Logo bietet eine elegante und funktionale M\u00f6glichkeit, Ihre Marke zu pr\u00e4sentieren und gleichzeitig Ihre Kunden zufrieden zu stellen.<\/p>\n<p><img loading=\"lazy\" decoding=\"async\" class=\"aligncenter wp-image-2067 size-full\" src=\"https:\/\/www.cupssupplier.com\/wp-content\/uploads\/2025\/01\/1-22.webp\" alt=\"custom logo coffee tumbler\" width=\"900\" height=\"3504\" srcset=\"https:\/\/www.cupssupplier.com\/wp-content\/uploads\/2025\/01\/1-22.webp 900w, https:\/\/www.cupssupplier.com\/wp-content\/uploads\/2025\/01\/1-22-77x300.webp 77w, https:\/\/www.cupssupplier.com\/wp-content\/uploads\/2025\/01\/1-22-263x1024.webp 263w, https:\/\/www.cupssupplier.com\/wp-content\/uploads\/2025\/01\/1-22-768x2990.webp 768w, https:\/\/www.cupssupplier.com\/wp-content\/uploads\/2025\/01\/1-22-526x2048.webp 526w, https:\/\/www.cupssupplier.com\/wp-content\/uploads\/2025\/01\/1-22-300x1168.webp 300w, https:\/\/www.cupssupplier.com\/wp-content\/uploads\/2025\/01\/1-22-600x2336.webp 600w\" sizes=\"auto, (max-width: 900px) 100vw, 900px\" title=\"\"><img loading=\"lazy\" decoding=\"async\" class=\"aligncenter wp-image-2068 size-full\" src=\"https:\/\/www.cupssupplier.com\/wp-content\/uploads\/2025\/01\/2-27.webp\" alt=\"custom logo coffee tumbler\" width=\"900\" height=\"2343\" srcset=\"https:\/\/www.cupssupplier.com\/wp-content\/uploads\/2025\/01\/2-27.webp 900w, https:\/\/www.cupssupplier.com\/wp-content\/uploads\/2025\/01\/2-27-115x300.webp 115w, https:\/\/www.cupssupplier.com\/wp-content\/uploads\/2025\/01\/2-27-393x1024.webp 393w, https:\/\/www.cupssupplier.com\/wp-content\/uploads\/2025\/01\/2-27-768x1999.webp 768w, https:\/\/www.cupssupplier.com\/wp-content\/uploads\/2025\/01\/2-27-590x1536.webp 590w, https:\/\/www.cupssupplier.com\/wp-content\/uploads\/2025\/01\/2-27-787x2048.webp 787w, https:\/\/www.cupssupplier.com\/wp-content\/uploads\/2025\/01\/2-27-300x781.webp 300w, https:\/\/www.cupssupplier.com\/wp-content\/uploads\/2025\/01\/2-27-600x1562.webp 600w\" sizes=\"auto, (max-width: 900px) 100vw, 900px\" title=\"\"><img loading=\"lazy\" decoding=\"async\" class=\"aligncenter wp-image-2066 size-full\" src=\"https:\/\/www.cupssupplier.com\/wp-content\/uploads\/2025\/01\/3-25-e1736326501667.webp\" alt=\"custom logo coffee tumbler\" width=\"900\" height=\"1448\" srcset=\"https:\/\/www.cupssupplier.com\/wp-content\/uploads\/2025\/01\/3-25-e1736326501667.webp 900w, https:\/\/www.cupssupplier.com\/wp-content\/uploads\/2025\/01\/3-25-e1736326501667-186x300.webp 186w, https:\/\/www.cupssupplier.com\/wp-content\/uploads\/2025\/01\/3-25-e1736326501667-636x1024.webp 636w, https:\/\/www.cupssupplier.com\/wp-content\/uploads\/2025\/01\/3-25-e1736326501667-768x1236.webp 768w, https:\/\/www.cupssupplier.com\/wp-content\/uploads\/2025\/01\/3-25-e1736326501667-300x483.webp 300w, https:\/\/www.cupssupplier.com\/wp-content\/uploads\/2025\/01\/3-25-e1736326501667-600x965.webp 600w\" sizes=\"auto, (max-width: 900px) 100vw, 900px\" title=\"\"><\/p>\n<p>&nbsp;<\/p>\n<p>&nbsp;<\/p>\n","protected":false},"excerpt":{"rendered":"<p class=\"\" data-start=\"946\" data-end=\"1294\">St\u00e4rken Sie Ihre Marke mit unserem <strong data-start=\"981\" data-end=\"1020\">Kaffeebecher mit individuellem Logo<\/strong>. Die Isolierung h\u00e4lt Getr\u00e4nke stundenlang hei\u00df oder kalt, w\u00e4hrend das langlebige und umweltfreundliche Design Ihr Logo stilvoll zur Geltung bringt. Ideal f\u00fcr Firmenevents, Werbegeschenke oder den Einzelhandel \u2013 die perfekte Kombination aus Funktionalit\u00e4t und Markenpr\u00e4senz.<\/p>\n<p class=\"\" data-start=\"1296\" data-end=\"1361\">\n<p class=\"\" data-start=\"1296\" data-end=\"1361\">\n","protected":false},"featured_media":5832,"template":"","meta":{"om_disable_all_campaigns":false},"product_brand":[],"product_cat":[290],"product_tag":[],"class_list":{"0":"post-20397","1":"product","2":"type-product","3":"status-publish","4":"has-post-thumbnail","6":"product_cat-trinkbecher","8":"first","9":"instock","10":"shipping-taxable","11":"product-type-simple"},"_links":{"self":[{"href":"https:\/\/www.cupssupplier.com\/de\/wp-json\/wp\/v2\/product\/20397","targetHints":{"allow":["GET"]}}],"collection":[{"href":"https:\/\/www.cupssupplier.com\/de\/wp-json\/wp\/v2\/product"}],"about":[{"href":"https:\/\/www.cupssupplier.com\/de\/wp-json\/wp\/v2\/types\/product"}],"wp:featuredmedia":[{"embeddable":true,"href":"https:\/\/www.cupssupplier.com\/de\/wp-json\/wp\/v2\/media\/5832"}],"wp:attachment":[{"href":"https:\/\/www.cupssupplier.com\/de\/wp-json\/wp\/v2\/media?parent=20397"}],"wp:term":[{"taxonomy":"product_brand","embeddable":true,"href":"https:\/\/www.cupssupplier.com\/de\/wp-json\/wp\/v2\/product_brand?post=20397"},{"taxonomy":"product_cat","embeddable":true,"href":"https:\/\/www.cupssupplier.com\/de\/wp-json\/wp\/v2\/product_cat?post=20397"},{"taxonomy":"product_tag","embeddable":true,"href":"https:\/\/www.cupssupplier.com\/de\/wp-json\/wp\/v2\/product_tag?post=20397"}],"curies":[{"name":"wp","href":"https:\/\/api.w.org\/{rel}","templated":true}]}}