{"id":20383,"date":"2025-01-08T04:08:52","date_gmt":"2025-01-08T09:08:52","guid":{"rendered":"https:\/\/www.cupssupplier.com\/product\/custom-coffee-tumbler\/"},"modified":"2025-05-17T23:37:25","modified_gmt":"2025-05-18T03:37:25","slug":"custom-coffee-tumbler","status":"publish","type":"product","link":"https:\/\/www.cupssupplier.com\/de\/custom-coffee-tumbler\/","title":{"rendered":"Gro\u00dfhandel Personalisierter Kaffeebecher"},"content":{"rendered":"<p class=\"\" data-start=\"1606\" data-end=\"1672\"><strong data-start=\"1606\" data-end=\"1672\">Gro\u00dfhandel Personalisierter Kaffeebecher \u2013 Stilvoll &amp; Isoliert<\/strong><\/p>\n<p class=\"\" data-start=\"1674\" data-end=\"1807\">Hinterlassen Sie Eindruck mit dem personalisierten Kaffeebecher \u2013 entwickelt f\u00fcr Funktionalit\u00e4t und Markenpr\u00e4senz. Wichtige Merkmale:<\/p>\n<ul data-start=\"1809\" data-end=\"2283\">\n<li class=\"\" data-start=\"1809\" data-end=\"1917\">\n<p class=\"\" data-start=\"1811\" data-end=\"1917\"><strong data-start=\"1811\" data-end=\"1833\">Anpassbares Design<\/strong>: Personalisieren Sie mit Ihrem Logo oder Design f\u00fcr einen professionellen Auftritt.<\/p>\n<\/li>\n<li class=\"\" data-start=\"1918\" data-end=\"2017\">\n<p class=\"\" data-start=\"1920\" data-end=\"2017\"><strong data-start=\"1920\" data-end=\"1939\">Isolierleistung<\/strong>: H\u00e4lt Kaffee bis zu 8 Stunden hei\u00df und kalte Getr\u00e4nke bis zu 12 Stunden k\u00fchl.<\/p>\n<\/li>\n<li class=\"\" data-start=\"2018\" data-end=\"2097\">\n<p class=\"\" data-start=\"2020\" data-end=\"2097\"><strong data-start=\"2020\" data-end=\"2047\">Hochwertige Materialien<\/strong>: Aus BPA-freiem, langlebigem Edelstahl gefertigt.<\/p>\n<\/li>\n<li class=\"\" data-start=\"2098\" data-end=\"2187\">\n<p class=\"\" data-start=\"2100\" data-end=\"2187\"><strong data-start=\"2100\" data-end=\"2139\">Umweltfreundlich &amp; Wiederverwendbar<\/strong>: Eine nachhaltige L\u00f6sung zur Abfallreduzierung.<\/p>\n<\/li>\n<li class=\"\" data-start=\"2188\" data-end=\"2283\">\n<p class=\"\" data-start=\"2190\" data-end=\"2283\"><strong data-start=\"2190\" data-end=\"2214\">Vielseitiger Einsatz<\/strong>: Ideal f\u00fcr Firmenpr\u00e4sente, Werbeaktionen oder pers\u00f6nliche Geschenke.<\/p>\n<\/li>\n<\/ul>\n<p class=\"\" data-start=\"2285\" data-end=\"2456\">Der personalisierte Kaffeebecher verbindet praktische Funktionalit\u00e4t mit stilvollem Design \u2013 die perfekte Wahl als Werbeartikel oder Geschenk zur Pr\u00e4sentation Ihrer Marke.<\/p>\n<p><img loading=\"lazy\" decoding=\"async\" class=\"aligncenter wp-image-2079 \" src=\"https:\/\/www.cupssupplier.com\/wp-content\/uploads\/2025\/01\/4-25.webp\" alt=\"custom coffee tumbler\" width=\"956\" height=\"1353\" srcset=\"https:\/\/www.cupssupplier.com\/wp-content\/uploads\/2025\/01\/4-25.webp 678w, https:\/\/www.cupssupplier.com\/wp-content\/uploads\/2025\/01\/4-25-212x300.webp 212w, https:\/\/www.cupssupplier.com\/wp-content\/uploads\/2025\/01\/4-25-300x425.webp 300w, https:\/\/www.cupssupplier.com\/wp-content\/uploads\/2025\/01\/4-25-600x850.webp 600w\" sizes=\"auto, (max-width: 956px) 100vw, 956px\" title=\"\"><img loading=\"lazy\" decoding=\"async\" class=\"aligncenter wp-image-2080 size-full\" src=\"https:\/\/www.cupssupplier.com\/wp-content\/uploads\/2025\/01\/5-22.webp\" alt=\"custom coffee tumbler\" width=\"960\" height=\"960\" srcset=\"https:\/\/www.cupssupplier.com\/wp-content\/uploads\/2025\/01\/5-22.webp 960w, https:\/\/www.cupssupplier.com\/wp-content\/uploads\/2025\/01\/5-22-300x300.webp 300w, https:\/\/www.cupssupplier.com\/wp-content\/uploads\/2025\/01\/5-22-150x150.webp 150w, https:\/\/www.cupssupplier.com\/wp-content\/uploads\/2025\/01\/5-22-768x768.webp 768w, https:\/\/www.cupssupplier.com\/wp-content\/uploads\/2025\/01\/5-22-600x600.webp 600w, https:\/\/www.cupssupplier.com\/wp-content\/uploads\/2025\/01\/5-22-100x100.webp 100w\" sizes=\"auto, (max-width: 960px) 100vw, 960px\" title=\"\"><img loading=\"lazy\" decoding=\"async\" class=\"aligncenter wp-image-2081\" src=\"https:\/\/www.cupssupplier.com\/wp-content\/uploads\/2025\/01\/6-17.webp\" alt=\"custom coffee tumbler\" width=\"960\" height=\"1120\" srcset=\"https:\/\/www.cupssupplier.com\/wp-content\/uploads\/2025\/01\/6-17.webp 823w, https:\/\/www.cupssupplier.com\/wp-content\/uploads\/2025\/01\/6-17-257x300.webp 257w, https:\/\/www.cupssupplier.com\/wp-content\/uploads\/2025\/01\/6-17-768x896.webp 768w, https:\/\/www.cupssupplier.com\/wp-content\/uploads\/2025\/01\/6-17-300x350.webp 300w, https:\/\/www.cupssupplier.com\/wp-content\/uploads\/2025\/01\/6-17-600x700.webp 600w\" sizes=\"auto, (max-width: 960px) 100vw, 960px\" title=\"\"><img loading=\"lazy\" decoding=\"async\" class=\"wp-image-2082 aligncenter\" src=\"https:\/\/www.cupssupplier.com\/wp-content\/uploads\/2025\/01\/7-2.webp\" alt=\"custom coffee tumbler\" width=\"960\" height=\"1489\" srcset=\"https:\/\/www.cupssupplier.com\/wp-content\/uploads\/2025\/01\/7-2.webp 619w, https:\/\/www.cupssupplier.com\/wp-content\/uploads\/2025\/01\/7-2-193x300.webp 193w, https:\/\/www.cupssupplier.com\/wp-content\/uploads\/2025\/01\/7-2-300x465.webp 300w, https:\/\/www.cupssupplier.com\/wp-content\/uploads\/2025\/01\/7-2-600x931.webp 600w\" sizes=\"auto, (max-width: 960px) 100vw, 960px\" title=\"\"><\/p>\n","protected":false},"excerpt":{"rendered":"<p class=\"\" data-start=\"2458\" data-end=\"2733\">Zeigen Sie Ihre Marke mit unserem personalisierten Kaffeebecher. Dank seiner Isolierung bleiben Getr\u00e4nke perfekt temperiert \u2013 ein langlebiger, umweltfreundlicher Becher, der sich individuell gestalten l\u00e4sst. Ideal f\u00fcr Werbezwecke, Firmengeschenke oder den t\u00e4glichen Gebrauch.<\/p>\n<p class=\"\" data-start=\"2735\" data-end=\"2813\">\n","protected":false},"featured_media":5953,"template":"","meta":{"om_disable_all_campaigns":false},"product_brand":[],"product_cat":[290],"product_tag":[],"class_list":{"0":"post-20383","1":"product","2":"type-product","3":"status-publish","4":"has-post-thumbnail","6":"product_cat-trinkbecher","8":"first","9":"instock","10":"shipping-taxable","11":"product-type-simple"},"_links":{"self":[{"href":"https:\/\/www.cupssupplier.com\/de\/wp-json\/wp\/v2\/product\/20383","targetHints":{"allow":["GET"]}}],"collection":[{"href":"https:\/\/www.cupssupplier.com\/de\/wp-json\/wp\/v2\/product"}],"about":[{"href":"https:\/\/www.cupssupplier.com\/de\/wp-json\/wp\/v2\/types\/product"}],"wp:featuredmedia":[{"embeddable":true,"href":"https:\/\/www.cupssupplier.com\/de\/wp-json\/wp\/v2\/media\/5953"}],"wp:attachment":[{"href":"https:\/\/www.cupssupplier.com\/de\/wp-json\/wp\/v2\/media?parent=20383"}],"wp:term":[{"taxonomy":"product_brand","embeddable":true,"href":"https:\/\/www.cupssupplier.com\/de\/wp-json\/wp\/v2\/product_brand?post=20383"},{"taxonomy":"product_cat","embeddable":true,"href":"https:\/\/www.cupssupplier.com\/de\/wp-json\/wp\/v2\/product_cat?post=20383"},{"taxonomy":"product_tag","embeddable":true,"href":"https:\/\/www.cupssupplier.com\/de\/wp-json\/wp\/v2\/product_tag?post=20383"}],"curies":[{"name":"wp","href":"https:\/\/api.w.org\/{rel}","templated":true}]}}