{"id":20368,"date":"2025-01-09T03:39:31","date_gmt":"2025-01-09T08:39:31","guid":{"rendered":"https:\/\/www.cupssupplier.com\/product\/custom-insulated-coffee-tumbler\/"},"modified":"2025-05-17T06:28:59","modified_gmt":"2025-05-17T10:28:59","slug":"custom-insulated-coffee-tumbler","status":"publish","type":"product","link":"https:\/\/www.cupssupplier.com\/de\/custom-insulated-coffee-tumbler\/","title":{"rendered":"Personalisierter Isolierter Kaffeebecher"},"content":{"rendered":"<h3 class=\"\" data-start=\"1771\" data-end=\"1854\"><strong data-start=\"1780\" data-end=\"1854\">Personalisierter Isolierter Kaffeebecher \u2013 Umweltfreundlich &amp; Stilvoll<\/strong><\/h3>\n<p class=\"\" data-start=\"1856\" data-end=\"1980\">St\u00e4rken Sie Ihre Marke mit dem personalisierten isolierten Kaffeebecher, der Funktionalit\u00e4t und Stil vereint. Hauptmerkmale:<\/p>\n<ul data-start=\"1982\" data-end=\"2499\">\n<li class=\"\" data-start=\"1982\" data-end=\"2102\">\n<p class=\"\" data-start=\"1984\" data-end=\"2102\"><strong data-start=\"1984\" data-end=\"2008\">Individuelles Design<\/strong>: F\u00fcgen Sie Ihr Logo oder eine ma\u00dfgeschneiderte Grafik f\u00fcr einen professionellen Look hinzu.<\/p>\n<\/li>\n<li class=\"\" data-start=\"2103\" data-end=\"2213\">\n<p class=\"\" data-start=\"2105\" data-end=\"2213\"><strong data-start=\"2105\" data-end=\"2133\">Doppelwandige Isolierung<\/strong>: H\u00e4lt Kaffee bis zu 8 Stunden hei\u00df und kalte Getr\u00e4nke bis zu 12 Stunden k\u00fchl.<\/p>\n<\/li>\n<li class=\"\" data-start=\"2214\" data-end=\"2325\">\n<p class=\"\" data-start=\"2216\" data-end=\"2325\"><strong data-start=\"2216\" data-end=\"2243\">Langlebige Konstruktion<\/strong>: Aus hochwertigem, BPA-freiem Edelstahl gefertigt \u2013 f\u00fcr eine lange Lebensdauer.<\/p>\n<\/li>\n<li class=\"\" data-start=\"2326\" data-end=\"2417\">\n<p class=\"\" data-start=\"2328\" data-end=\"2417\"><strong data-start=\"2328\" data-end=\"2367\">Umweltfreundlich &amp; Wiederverwendbar<\/strong>: Eine nachhaltige Alternative zu Einwegbechern.<\/p>\n<\/li>\n<li class=\"\" data-start=\"2418\" data-end=\"2499\">\n<p class=\"\" data-start=\"2420\" data-end=\"2499\"><strong data-start=\"2420\" data-end=\"2444\">Vielseitig &amp; Modisch<\/strong>: Ideal f\u00fcr B\u00fcro, Reisen, Outdoor-Aktivit\u00e4ten und mehr.<\/p>\n<\/li>\n<\/ul>\n<p class=\"\" data-start=\"2501\" data-end=\"2659\">Der personalisierte isolierte Kaffeebecher ist das perfekte Werbegeschenk, um Ihre Marke zu pr\u00e4sentieren und gleichzeitig praktische Alltagsnutzung zu bieten.<\/p>\n<table>\n<tbody>\n<tr data-start=\"1268\" data-end=\"1358\">\n<td data-start=\"1268\" data-end=\"1290\" data-col-size=\"sm\"><strong data-start=\"1270\" data-end=\"1279\">Farbe<\/strong><\/td>\n<td data-col-size=\"md\" data-start=\"1290\" data-end=\"1358\">Anpassbare Farben akzeptiert<\/td>\n<\/tr>\n<\/tbody>\n<\/table>\n<table>\n<tbody>\n<tr data-start=\"1359\" data-end=\"1450\">\n<td data-start=\"1359\" data-end=\"1381\" data-col-size=\"sm\"><strong data-start=\"1361\" data-end=\"1374\">Kapazit\u00e4t<\/strong><\/td>\n<td data-col-size=\"md\" data-start=\"1381\" data-end=\"1450\">16 oz<\/td>\n<\/tr>\n<\/tbody>\n<\/table>\n<table>\n<tbody>\n<tr data-start=\"1451\" data-end=\"1541\">\n<td data-start=\"1451\" data-end=\"1473\" data-col-size=\"sm\"><strong data-start=\"1453\" data-end=\"1461\">Logo<\/strong><\/td>\n<td data-col-size=\"md\" data-start=\"1473\" data-end=\"1541\">Benutzerdefiniertes Logo (Siebdruck \/ Laser \/ Transferdruck)<\/td>\n<\/tr>\n<\/tbody>\n<\/table>\n<table>\n<tbody>\n<tr data-start=\"1542\" data-end=\"1632\">\n<td data-start=\"1542\" data-end=\"1564\" data-col-size=\"sm\"><strong data-start=\"1544\" data-end=\"1558\">Verpackung<\/strong><\/td>\n<td data-col-size=\"md\" data-start=\"1564\" data-end=\"1632\">Farbige Box \/ Wei\u00dfe Box \/ Luftpolsterbeutel<\/td>\n<\/tr>\n<\/tbody>\n<\/table>\n<table>\n<tbody>\n<tr data-start=\"1633\" data-end=\"1723\">\n<td data-start=\"1633\" data-end=\"1655\" data-col-size=\"sm\"><strong data-start=\"1635\" data-end=\"1647\">Funktion<\/strong><\/td>\n<td data-col-size=\"md\" data-start=\"1655\" data-end=\"1723\">Wasser, Milch, Kaffee oder Tee trinken<\/td>\n<\/tr>\n<\/tbody>\n<\/table>\n<table>\n<tbody>\n<tr data-start=\"1724\" data-end=\"1814\">\n<td data-start=\"1724\" data-end=\"1746\" data-col-size=\"sm\"><strong data-start=\"1726\" data-end=\"1738\">Material<\/strong><\/td>\n<td data-col-size=\"md\" data-start=\"1746\" data-end=\"1814\">Edelstahl 304<\/td>\n<\/tr>\n<\/tbody>\n<\/table>\n<table>\n<tbody>\n<tr data-start=\"1815\" data-end=\"1905\">\n<td data-start=\"1815\" data-end=\"1837\" data-col-size=\"sm\"><strong data-start=\"1817\" data-end=\"1835\">Deckelmaterial<\/strong><\/td>\n<td data-col-size=\"md\" data-start=\"1837\" data-end=\"1905\">100 % BPA-freier PP-Deckel<\/td>\n<\/tr>\n<\/tbody>\n<\/table>\n<table>\n<tbody>\n<tr data-start=\"1906\" data-end=\"1996\">\n<td data-start=\"1906\" data-end=\"1928\" data-col-size=\"sm\"><strong data-start=\"1908\" data-end=\"1922\">Verwendung<\/strong><\/td>\n<td data-start=\"1928\" data-end=\"1996\" data-col-size=\"md\">H\u00e4lt Getr\u00e4nke hei\u00df oder kalt<\/td>\n<\/tr>\n<\/tbody>\n<\/table>\n<table>\n<tbody>\n<tr data-start=\"1997\" data-end=\"2086\">\n<td data-start=\"1997\" data-end=\"2019\" data-col-size=\"sm\"><strong data-start=\"1999\" data-end=\"2014\">Technologie<\/strong><\/td>\n<td data-start=\"2019\" data-end=\"2086\" data-col-size=\"md\">Pulverbeschichtung \/ Spr\u00fchfarbe \/ Galvanisierung<\/td>\n<\/tr>\n<\/tbody>\n<\/table>\n<p>&nbsp;<\/p>\n<p>&nbsp;<\/p>\n<p><!--more--><\/p>\n<p><img loading=\"lazy\" decoding=\"async\" class=\"aligncenter wp-image-2098 size-full\" src=\"https:\/\/www.cupssupplier.com\/wp-content\/uploads\/2025\/01\/2-31.webp\" alt=\"\u5b9a\u5236\u9694\u70ed\u5496\u5561\u676f\" width=\"900\" height=\"3003\" srcset=\"https:\/\/www.cupssupplier.com\/wp-content\/uploads\/2025\/01\/2-31.webp 900w, https:\/\/www.cupssupplier.com\/wp-content\/uploads\/2025\/01\/2-31-90x300.webp 90w, https:\/\/www.cupssupplier.com\/wp-content\/uploads\/2025\/01\/2-31-307x1024.webp 307w, https:\/\/www.cupssupplier.com\/wp-content\/uploads\/2025\/01\/2-31-768x2563.webp 768w, https:\/\/www.cupssupplier.com\/wp-content\/uploads\/2025\/01\/2-31-460x1536.webp 460w, https:\/\/www.cupssupplier.com\/wp-content\/uploads\/2025\/01\/2-31-614x2048.webp 614w, https:\/\/www.cupssupplier.com\/wp-content\/uploads\/2025\/01\/2-31-300x1001.webp 300w, https:\/\/www.cupssupplier.com\/wp-content\/uploads\/2025\/01\/2-31-600x2002.webp 600w\" sizes=\"auto, (max-width: 900px) 100vw, 900px\" title=\"\"> <img loading=\"lazy\" decoding=\"async\" class=\"aligncenter wp-image-2099 size-full\" src=\"https:\/\/www.cupssupplier.com\/wp-content\/uploads\/2025\/01\/3-30.webp\" alt=\"\u5b9a\u5236\u9694\u70ed\u5496\u5561\u676f\" width=\"900\" height=\"1814\" srcset=\"https:\/\/www.cupssupplier.com\/wp-content\/uploads\/2025\/01\/3-30.webp 900w, https:\/\/www.cupssupplier.com\/wp-content\/uploads\/2025\/01\/3-30-149x300.webp 149w, https:\/\/www.cupssupplier.com\/wp-content\/uploads\/2025\/01\/3-30-508x1024.webp 508w, https:\/\/www.cupssupplier.com\/wp-content\/uploads\/2025\/01\/3-30-768x1548.webp 768w, https:\/\/www.cupssupplier.com\/wp-content\/uploads\/2025\/01\/3-30-762x1536.webp 762w, https:\/\/www.cupssupplier.com\/wp-content\/uploads\/2025\/01\/3-30-300x605.webp 300w, https:\/\/www.cupssupplier.com\/wp-content\/uploads\/2025\/01\/3-30-600x1209.webp 600w\" sizes=\"auto, (max-width: 900px) 100vw, 900px\" title=\"\"> <img loading=\"lazy\" decoding=\"async\" class=\"aligncenter wp-image-2100 size-full\" src=\"https:\/\/www.cupssupplier.com\/wp-content\/uploads\/2025\/01\/5-24-e1736411684827.webp\" alt=\"\u5b9a\u5236\u9694\u70ed\u5496\u5561\u676f\" width=\"900\" height=\"2810\" srcset=\"https:\/\/www.cupssupplier.com\/wp-content\/uploads\/2025\/01\/5-24-e1736411684827.webp 900w, https:\/\/www.cupssupplier.com\/wp-content\/uploads\/2025\/01\/5-24-e1736411684827-96x300.webp 96w, https:\/\/www.cupssupplier.com\/wp-content\/uploads\/2025\/01\/5-24-e1736411684827-328x1024.webp 328w, https:\/\/www.cupssupplier.com\/wp-content\/uploads\/2025\/01\/5-24-e1736411684827-768x2398.webp 768w, https:\/\/www.cupssupplier.com\/wp-content\/uploads\/2025\/01\/5-24-e1736411684827-492x1536.webp 492w, https:\/\/www.cupssupplier.com\/wp-content\/uploads\/2025\/01\/5-24-e1736411684827-656x2048.webp 656w, https:\/\/www.cupssupplier.com\/wp-content\/uploads\/2025\/01\/5-24-e1736411684827-300x937.webp 300w, https:\/\/www.cupssupplier.com\/wp-content\/uploads\/2025\/01\/5-24-e1736411684827-600x1873.webp 600w\" sizes=\"auto, (max-width: 900px) 100vw, 900px\" title=\"\"><\/p>\n","protected":false},"excerpt":{"rendered":"<p class=\"\" data-start=\"2661\" data-end=\"2949\">Bleiben Sie erfrischt und zeigen Sie Ihre Marke mit unserem personalisierten isolierten Kaffeebecher. Entwickelt, um Getr\u00e4nke stundenlang hei\u00df oder kalt zu halten \u2013 langlebig, umweltfreundlich und individuell gestaltbar. Ideal f\u00fcr Firmengeschenke, Promotionen oder den t\u00e4glichen Gebrauch.<\/p>\n<p class=\"\" data-start=\"2951\" data-end=\"3199\">\n","protected":false},"featured_media":6096,"template":"","meta":{"om_disable_all_campaigns":false},"product_brand":[],"product_cat":[290],"product_tag":[],"class_list":{"0":"post-20368","1":"product","2":"type-product","3":"status-publish","4":"has-post-thumbnail","6":"product_cat-trinkbecher","8":"first","9":"instock","10":"shipping-taxable","11":"product-type-simple"},"_links":{"self":[{"href":"https:\/\/www.cupssupplier.com\/de\/wp-json\/wp\/v2\/product\/20368","targetHints":{"allow":["GET"]}}],"collection":[{"href":"https:\/\/www.cupssupplier.com\/de\/wp-json\/wp\/v2\/product"}],"about":[{"href":"https:\/\/www.cupssupplier.com\/de\/wp-json\/wp\/v2\/types\/product"}],"wp:featuredmedia":[{"embeddable":true,"href":"https:\/\/www.cupssupplier.com\/de\/wp-json\/wp\/v2\/media\/6096"}],"wp:attachment":[{"href":"https:\/\/www.cupssupplier.com\/de\/wp-json\/wp\/v2\/media?parent=20368"}],"wp:term":[{"taxonomy":"product_brand","embeddable":true,"href":"https:\/\/www.cupssupplier.com\/de\/wp-json\/wp\/v2\/product_brand?post=20368"},{"taxonomy":"product_cat","embeddable":true,"href":"https:\/\/www.cupssupplier.com\/de\/wp-json\/wp\/v2\/product_cat?post=20368"},{"taxonomy":"product_tag","embeddable":true,"href":"https:\/\/www.cupssupplier.com\/de\/wp-json\/wp\/v2\/product_tag?post=20368"}],"curies":[{"name":"wp","href":"https:\/\/api.w.org\/{rel}","templated":true}]}}