{"id":20155,"date":"2025-01-14T02:54:11","date_gmt":"2025-01-14T07:54:11","guid":{"rendered":"https:\/\/www.cupssupplier.com\/product\/custom-travel-tumbler\/"},"modified":"2025-05-13T02:54:57","modified_gmt":"2025-05-13T06:54:57","slug":"custom-travel-tumbler","status":"publish","type":"product","link":"https:\/\/www.cupssupplier.com\/de\/custom-travel-tumbler\/","title":{"rendered":"Personalisierter Reisebecher"},"content":{"rendered":"<p class=\"\" data-start=\"2033\" data-end=\"2111\"><strong data-start=\"2033\" data-end=\"2111\">Personalisierter Reisebecher \u2013 Isolierter &amp; Wiederverwendbarer Trinkbecher<\/strong><\/p>\n<p class=\"\" data-start=\"2113\" data-end=\"2333\">Der Personalisierte Reisebecher ist der perfekte Begleiter f\u00fcr hektische Morgen, Roadtrips oder Werbeveranstaltungen. Er kombiniert Langlebigkeit, Funktionalit\u00e4t und individuelle Gestaltung und passt zu jedem Lebensstil:<\/p>\n<ul data-start=\"2335\" data-end=\"3052\">\n<li class=\"\" data-start=\"2335\" data-end=\"2453\">\n<p class=\"\" data-start=\"2337\" data-end=\"2453\"><strong data-start=\"2337\" data-end=\"2363\">Hochwertige Isolierung<\/strong>: H\u00e4lt Getr\u00e4nke bis zu 8 Stunden hei\u00df oder bis zu 12 Stunden kalt \u2013 ideal f\u00fcr unterwegs.<\/p>\n<\/li>\n<li class=\"\" data-start=\"2454\" data-end=\"2621\">\n<p class=\"\" data-start=\"2456\" data-end=\"2621\"><strong data-start=\"2456\" data-end=\"2480\">Individuelles Design<\/strong>: F\u00fcgen Sie Ihr Logo, Ihren Namen oder ein eigenes Design hinzu \u2013 f\u00fcr einzigartige Markenpr\u00e4senz, Geschenke oder den pers\u00f6nlichen Gebrauch.<\/p>\n<\/li>\n<li class=\"\" data-start=\"2622\" data-end=\"2732\">\n<p class=\"\" data-start=\"2624\" data-end=\"2732\"><strong data-start=\"2624\" data-end=\"2646\">Robuster Edelstahl<\/strong>: Hergestellt aus BPA-freien, lebensmittelechten Materialien \u2013 sicher und langlebig.<\/p>\n<\/li>\n<li class=\"\" data-start=\"2733\" data-end=\"2835\">\n<p class=\"\" data-start=\"2735\" data-end=\"2835\"><strong data-start=\"2735\" data-end=\"2754\">Reisefreundlich<\/strong>: Leicht, kompakt und mit einem auslaufsicheren Deckel \u2013 perfekt f\u00fcr unterwegs.<\/p>\n<\/li>\n<li class=\"\" data-start=\"2836\" data-end=\"2927\">\n<p class=\"\" data-start=\"2838\" data-end=\"2927\"><strong data-start=\"2838\" data-end=\"2877\">Umweltfreundlich &amp; Wiederverwendbar<\/strong>: Eine nachhaltige Alternative zu Einwegbechern.<\/p>\n<\/li>\n<li class=\"\" data-start=\"2928\" data-end=\"3052\">\n<p class=\"\" data-start=\"2930\" data-end=\"3052\"><strong data-start=\"2930\" data-end=\"2953\">Vielseitige Nutzung<\/strong>: Ideal f\u00fcr Kaffee, Tee, Smoothies oder andere Getr\u00e4nke \u2013 ob im B\u00fcro, in der Schule oder im Freien.<\/p>\n<\/li>\n<\/ul>\n<p class=\"\" data-start=\"3054\" data-end=\"3187\">Ideal f\u00fcr Unternehmen, Events oder den privaten Gebrauch \u2013 der Personalisierte Reisebecher vereint Stil, Funktion und Nachhaltigkeit.<\/p>\n<p><img loading=\"lazy\" decoding=\"async\" class=\"wp-image-2362 size-full aligncenter\" src=\"https:\/\/www.cupssupplier.com\/wp-content\/uploads\/2025\/01\/2-69-e1736841091878.webp\" alt=\"custom travel tumbler\" width=\"750\" height=\"1280\" srcset=\"https:\/\/www.cupssupplier.com\/wp-content\/uploads\/2025\/01\/2-69-e1736841091878.webp 750w, https:\/\/www.cupssupplier.com\/wp-content\/uploads\/2025\/01\/2-69-e1736841091878-176x300.webp 176w, https:\/\/www.cupssupplier.com\/wp-content\/uploads\/2025\/01\/2-69-e1736841091878-600x1024.webp 600w, https:\/\/www.cupssupplier.com\/wp-content\/uploads\/2025\/01\/2-69-e1736841091878-300x512.webp 300w\" sizes=\"auto, (max-width: 750px) 100vw, 750px\" title=\"\"><\/p>\n<p><img loading=\"lazy\" decoding=\"async\" class=\"wp-image-2363 size-full aligncenter\" src=\"https:\/\/www.cupssupplier.com\/wp-content\/uploads\/2025\/01\/3-69.webp\" alt=\"custom travel tumbler\" width=\"750\" height=\"3138\" srcset=\"https:\/\/www.cupssupplier.com\/wp-content\/uploads\/2025\/01\/3-69.webp 750w, https:\/\/www.cupssupplier.com\/wp-content\/uploads\/2025\/01\/3-69-72x300.webp 72w, https:\/\/www.cupssupplier.com\/wp-content\/uploads\/2025\/01\/3-69-245x1024.webp 245w, https:\/\/www.cupssupplier.com\/wp-content\/uploads\/2025\/01\/3-69-367x1536.webp 367w, https:\/\/www.cupssupplier.com\/wp-content\/uploads\/2025\/01\/3-69-300x1255.webp 300w, https:\/\/www.cupssupplier.com\/wp-content\/uploads\/2025\/01\/3-69-600x2510.webp 600w\" sizes=\"auto, (max-width: 750px) 100vw, 750px\" title=\"\"><\/p>\n<p><img loading=\"lazy\" decoding=\"async\" class=\"wp-image-2364 size-full aligncenter\" src=\"https:\/\/www.cupssupplier.com\/wp-content\/uploads\/2025\/01\/4-60-e1736841164559.webp\" alt=\"custom travel tumbler\" width=\"750\" height=\"1622\" srcset=\"https:\/\/www.cupssupplier.com\/wp-content\/uploads\/2025\/01\/4-60-e1736841164559.webp 750w, https:\/\/www.cupssupplier.com\/wp-content\/uploads\/2025\/01\/4-60-e1736841164559-139x300.webp 139w, https:\/\/www.cupssupplier.com\/wp-content\/uploads\/2025\/01\/4-60-e1736841164559-473x1024.webp 473w, https:\/\/www.cupssupplier.com\/wp-content\/uploads\/2025\/01\/4-60-e1736841164559-710x1536.webp 710w, https:\/\/www.cupssupplier.com\/wp-content\/uploads\/2025\/01\/4-60-e1736841164559-300x649.webp 300w, https:\/\/www.cupssupplier.com\/wp-content\/uploads\/2025\/01\/4-60-e1736841164559-600x1298.webp 600w\" sizes=\"auto, (max-width: 750px) 100vw, 750px\" title=\"\"><\/p>\n","protected":false},"excerpt":{"rendered":"<p class=\"\" data-start=\"3189\" data-end=\"3535\"><strong data-start=\"3189\" data-end=\"3278\">Genie\u00dfen Sie Ihre Getr\u00e4nke unterwegs mit Stil \u2013 mit dem Personalisierten Reisebecher.<\/strong> Dieser Becher wurde f\u00fcr Komfort und Individualit\u00e4t entwickelt und h\u00e4lt Ihre Getr\u00e4nke dank der hochwertigen Isolierung stundenlang hei\u00df oder kalt. F\u00fcgen Sie Ihr individuelles Logo oder Design hinzu \u2013 ideal f\u00fcr Werbung, Geschenke oder den t\u00e4glichen Gebrauch.<\/p>\n<p class=\"\" data-start=\"3537\" data-end=\"3615\">\n","protected":false},"featured_media":11870,"template":"","meta":{"om_disable_all_campaigns":false},"product_brand":[],"product_cat":[290],"product_tag":[],"class_list":{"0":"post-20155","1":"product","2":"type-product","3":"status-publish","4":"has-post-thumbnail","6":"product_cat-trinkbecher","8":"first","9":"instock","10":"shipping-taxable","11":"product-type-simple"},"_links":{"self":[{"href":"https:\/\/www.cupssupplier.com\/de\/wp-json\/wp\/v2\/product\/20155","targetHints":{"allow":["GET"]}}],"collection":[{"href":"https:\/\/www.cupssupplier.com\/de\/wp-json\/wp\/v2\/product"}],"about":[{"href":"https:\/\/www.cupssupplier.com\/de\/wp-json\/wp\/v2\/types\/product"}],"wp:featuredmedia":[{"embeddable":true,"href":"https:\/\/www.cupssupplier.com\/de\/wp-json\/wp\/v2\/media\/11870"}],"wp:attachment":[{"href":"https:\/\/www.cupssupplier.com\/de\/wp-json\/wp\/v2\/media?parent=20155"}],"wp:term":[{"taxonomy":"product_brand","embeddable":true,"href":"https:\/\/www.cupssupplier.com\/de\/wp-json\/wp\/v2\/product_brand?post=20155"},{"taxonomy":"product_cat","embeddable":true,"href":"https:\/\/www.cupssupplier.com\/de\/wp-json\/wp\/v2\/product_cat?post=20155"},{"taxonomy":"product_tag","embeddable":true,"href":"https:\/\/www.cupssupplier.com\/de\/wp-json\/wp\/v2\/product_tag?post=20155"}],"curies":[{"name":"wp","href":"https:\/\/api.w.org\/{rel}","templated":true}]}}