{"id":20089,"date":"2025-01-17T10:16:53","date_gmt":"2025-01-17T15:16:53","guid":{"rendered":"https:\/\/www.cupssupplier.com\/product\/matte-black-stainless-steel-water-bottle\/"},"modified":"2025-05-13T00:54:28","modified_gmt":"2025-05-13T04:54:28","slug":"matte-black-stainless-steel-water-bottle","status":"publish","type":"product","link":"https:\/\/www.cupssupplier.com\/de\/matte-black-stainless-steel-water-bottle\/","title":{"rendered":"Mattschwarze Edelstahl-Wasserflasche"},"content":{"rendered":"<p class=\"\" data-start=\"1537\" data-end=\"1607\"><strong data-start=\"1537\" data-end=\"1607\">Mattschwarze Edelstahl-Wasserflasche \u2013 Isoliert &amp; Umweltfreundlich<\/strong><\/p>\n<p class=\"\" data-start=\"1609\" data-end=\"1843\">Die mattschwarze Edelstahl-Wasserflasche wurde f\u00fcr alle entwickelt, die Wert auf Funktionalit\u00e4t und Stil legen. Ob im Fitnessstudio, auf dem Weg zur Arbeit oder beim Wandern \u2013 diese Flasche ist der ideale Begleiter f\u00fcr Ihre Hydration:<\/p>\n<ul data-start=\"1845\" data-end=\"2507\">\n<li class=\"\" data-start=\"1845\" data-end=\"1963\">\n<p class=\"\" data-start=\"1847\" data-end=\"1963\"><strong data-start=\"1847\" data-end=\"1877\">Hochwertiges mattes Finish<\/strong>: Eine elegante, mattschwarze Oberfl\u00e4che verleiht Ihrem Alltag einen modernen Touch.<\/p>\n<\/li>\n<li class=\"\" data-start=\"1964\" data-end=\"2096\">\n<p class=\"\" data-start=\"1966\" data-end=\"2096\"><strong data-start=\"1966\" data-end=\"1996\">Leistungsstarke Isolierung<\/strong>: Doppelwandige Vakuumisolierung h\u00e4lt Getr\u00e4nke bis zu 24 Stunden kalt oder bis zu 12 Stunden hei\u00df.<\/p>\n<\/li>\n<li class=\"\" data-start=\"2097\" data-end=\"2221\">\n<p class=\"\" data-start=\"2099\" data-end=\"2221\"><strong data-start=\"2099\" data-end=\"2121\">Robuster Edelstahl<\/strong>: Aus BPA-freiem, lebensmittelechtem Edelstahl gefertigt \u2013 langlebig, sicher und geruchsresistent.<\/p>\n<\/li>\n<li class=\"\" data-start=\"2222\" data-end=\"2318\">\n<p class=\"\" data-start=\"2224\" data-end=\"2318\"><strong data-start=\"2224\" data-end=\"2257\">Nachhaltig &amp; wiederverwendbar<\/strong>: Eine umweltfreundliche Wahl, um Plastikm\u00fcll zu vermeiden.<\/p>\n<\/li>\n<li class=\"\" data-start=\"2319\" data-end=\"2426\">\n<p class=\"\" data-start=\"2321\" data-end=\"2426\"><strong data-start=\"2321\" data-end=\"2347\">Auslaufsicheres Design<\/strong>: Der dichte Deckel ist ideal f\u00fcr Reisen, den Alltag und Outdoor-Aktivit\u00e4ten.<\/p>\n<\/li>\n<li class=\"\" data-start=\"2427\" data-end=\"2507\">\n<p class=\"\" data-start=\"2429\" data-end=\"2507\"><strong data-start=\"2429\" data-end=\"2449\">Leicht &amp; tragbar<\/strong>: Passt problemlos in Taschen oder Getr\u00e4nkehalter im Auto.<\/p>\n<\/li>\n<\/ul>\n<p class=\"\" data-start=\"2509\" data-end=\"2613\">Die mattschwarze Edelstahlflasche bietet die perfekte Kombination aus Stil, Leistung und Nachhaltigkeit.<\/p>\n<p>&nbsp;<\/p>\n<p><img loading=\"lazy\" decoding=\"async\" class=\"wp-image-2435 size-full aligncenter\" src=\"https:\/\/www.cupssupplier.com\/wp-content\/uploads\/2025\/01\/1-61.webp\" alt=\"matte black stainless steel water bottle\" width=\"960\" height=\"960\" srcset=\"https:\/\/www.cupssupplier.com\/wp-content\/uploads\/2025\/01\/1-61.webp 960w, https:\/\/www.cupssupplier.com\/wp-content\/uploads\/2025\/01\/1-61-300x300.webp 300w, https:\/\/www.cupssupplier.com\/wp-content\/uploads\/2025\/01\/1-61-150x150.webp 150w, https:\/\/www.cupssupplier.com\/wp-content\/uploads\/2025\/01\/1-61-768x768.webp 768w, https:\/\/www.cupssupplier.com\/wp-content\/uploads\/2025\/01\/1-61-600x600.webp 600w, https:\/\/www.cupssupplier.com\/wp-content\/uploads\/2025\/01\/1-61-100x100.webp 100w\" sizes=\"auto, (max-width: 960px) 100vw, 960px\" title=\"\"><\/p>\n<p><img loading=\"lazy\" decoding=\"async\" class=\"aligncenter wp-image-2438 size-full\" src=\"https:\/\/www.cupssupplier.com\/wp-content\/uploads\/2025\/01\/4-71.webp\" alt=\"matte black stainless steel water bottle\" width=\"960\" height=\"960\" srcset=\"https:\/\/www.cupssupplier.com\/wp-content\/uploads\/2025\/01\/4-71.webp 960w, https:\/\/www.cupssupplier.com\/wp-content\/uploads\/2025\/01\/4-71-300x300.webp 300w, https:\/\/www.cupssupplier.com\/wp-content\/uploads\/2025\/01\/4-71-150x150.webp 150w, https:\/\/www.cupssupplier.com\/wp-content\/uploads\/2025\/01\/4-71-768x768.webp 768w, https:\/\/www.cupssupplier.com\/wp-content\/uploads\/2025\/01\/4-71-600x600.webp 600w, https:\/\/www.cupssupplier.com\/wp-content\/uploads\/2025\/01\/4-71-100x100.webp 100w\" sizes=\"auto, (max-width: 960px) 100vw, 960px\" title=\"\"><\/p>\n<p><img loading=\"lazy\" decoding=\"async\" class=\"wp-image-2437 size-full aligncenter\" src=\"https:\/\/www.cupssupplier.com\/wp-content\/uploads\/2025\/01\/3-81.webp\" alt=\"matte black stainless steel water bottle\" width=\"960\" height=\"960\" srcset=\"https:\/\/www.cupssupplier.com\/wp-content\/uploads\/2025\/01\/3-81.webp 960w, https:\/\/www.cupssupplier.com\/wp-content\/uploads\/2025\/01\/3-81-300x300.webp 300w, https:\/\/www.cupssupplier.com\/wp-content\/uploads\/2025\/01\/3-81-150x150.webp 150w, https:\/\/www.cupssupplier.com\/wp-content\/uploads\/2025\/01\/3-81-768x768.webp 768w, https:\/\/www.cupssupplier.com\/wp-content\/uploads\/2025\/01\/3-81-600x600.webp 600w, https:\/\/www.cupssupplier.com\/wp-content\/uploads\/2025\/01\/3-81-100x100.webp 100w\" sizes=\"auto, (max-width: 960px) 100vw, 960px\" title=\"\"><\/p>\n<p><img loading=\"lazy\" decoding=\"async\" class=\"aligncenter wp-image-2436 size-large\" src=\"https:\/\/www.cupssupplier.com\/wp-content\/uploads\/2025\/01\/2-79-1024x1024.webp\" alt=\"matte black stainless steel water bottle\" width=\"1024\" height=\"1024\" srcset=\"https:\/\/www.cupssupplier.com\/wp-content\/uploads\/2025\/01\/2-79-1024x1024.webp 1024w, https:\/\/www.cupssupplier.com\/wp-content\/uploads\/2025\/01\/2-79-300x300.webp 300w, https:\/\/www.cupssupplier.com\/wp-content\/uploads\/2025\/01\/2-79-150x150.webp 150w, https:\/\/www.cupssupplier.com\/wp-content\/uploads\/2025\/01\/2-79-768x768.webp 768w, https:\/\/www.cupssupplier.com\/wp-content\/uploads\/2025\/01\/2-79-600x600.webp 600w, https:\/\/www.cupssupplier.com\/wp-content\/uploads\/2025\/01\/2-79-100x100.webp 100w, https:\/\/www.cupssupplier.com\/wp-content\/uploads\/2025\/01\/2-79.webp 1200w\" sizes=\"auto, (max-width: 1024px) 100vw, 1024px\" title=\"\"><\/p>\n<p><img loading=\"lazy\" decoding=\"async\" class=\"aligncenter wp-image-2439 size-full\" src=\"https:\/\/www.cupssupplier.com\/wp-content\/uploads\/2025\/01\/5-58.webp\" alt=\"matte black stainless steel water bottle\" width=\"960\" height=\"960\" srcset=\"https:\/\/www.cupssupplier.com\/wp-content\/uploads\/2025\/01\/5-58.webp 960w, https:\/\/www.cupssupplier.com\/wp-content\/uploads\/2025\/01\/5-58-300x300.webp 300w, https:\/\/www.cupssupplier.com\/wp-content\/uploads\/2025\/01\/5-58-150x150.webp 150w, https:\/\/www.cupssupplier.com\/wp-content\/uploads\/2025\/01\/5-58-768x768.webp 768w, https:\/\/www.cupssupplier.com\/wp-content\/uploads\/2025\/01\/5-58-600x600.webp 600w, https:\/\/www.cupssupplier.com\/wp-content\/uploads\/2025\/01\/5-58-100x100.webp 100w\" sizes=\"auto, (max-width: 960px) 100vw, 960px\" title=\"\"><\/p>\n<p><img loading=\"lazy\" decoding=\"async\" class=\"aligncenter wp-image-2440 size-large\" src=\"https:\/\/www.cupssupplier.com\/wp-content\/uploads\/2025\/01\/6-47-1024x895.webp\" alt=\"matte black stainless steel water bottle\" width=\"1024\" height=\"895\" srcset=\"https:\/\/www.cupssupplier.com\/wp-content\/uploads\/2025\/01\/6-47-1024x895.webp 1024w, https:\/\/www.cupssupplier.com\/wp-content\/uploads\/2025\/01\/6-47-300x262.webp 300w, https:\/\/www.cupssupplier.com\/wp-content\/uploads\/2025\/01\/6-47-768x671.webp 768w, https:\/\/www.cupssupplier.com\/wp-content\/uploads\/2025\/01\/6-47-600x525.webp 600w, https:\/\/www.cupssupplier.com\/wp-content\/uploads\/2025\/01\/6-47.webp 1200w\" sizes=\"auto, (max-width: 1024px) 100vw, 1024px\" title=\"\"><\/p>\n","protected":false},"excerpt":{"rendered":"<p class=\"\" data-start=\"830\" data-end=\"1307\">Die mattschwarze Edelstahl-Wasserflasche bietet ein elegantes, modernes Design in Kombination mit au\u00dfergew\u00f6hnlicher Funktionalit\u00e4t. Hergestellt aus hochwertigem Edelstahl, h\u00e4lt diese isolierte Flasche Ihre Getr\u00e4nke bis zu 24 Stunden kalt oder bis zu 12 Stunden hei\u00df. Die matte Oberfl\u00e4che macht sie nicht nur langlebig und umweltfreundlich, sondern auch zu einem stilvollen Begleiter f\u00fcr den ganzen Tag.<\/p>\n<p class=\"\" data-start=\"1311\" data-end=\"1483\">\n","protected":false},"featured_media":12950,"template":"","meta":{"om_disable_all_campaigns":false},"product_brand":[],"product_cat":[289],"product_tag":[],"class_list":{"0":"post-20089","1":"product","2":"type-product","3":"status-publish","4":"has-post-thumbnail","6":"product_cat-edelstahl-trinkflasche","8":"first","9":"instock","10":"shipping-taxable","11":"product-type-simple"},"_links":{"self":[{"href":"https:\/\/www.cupssupplier.com\/de\/wp-json\/wp\/v2\/product\/20089","targetHints":{"allow":["GET"]}}],"collection":[{"href":"https:\/\/www.cupssupplier.com\/de\/wp-json\/wp\/v2\/product"}],"about":[{"href":"https:\/\/www.cupssupplier.com\/de\/wp-json\/wp\/v2\/types\/product"}],"wp:featuredmedia":[{"embeddable":true,"href":"https:\/\/www.cupssupplier.com\/de\/wp-json\/wp\/v2\/media\/12950"}],"wp:attachment":[{"href":"https:\/\/www.cupssupplier.com\/de\/wp-json\/wp\/v2\/media?parent=20089"}],"wp:term":[{"taxonomy":"product_brand","embeddable":true,"href":"https:\/\/www.cupssupplier.com\/de\/wp-json\/wp\/v2\/product_brand?post=20089"},{"taxonomy":"product_cat","embeddable":true,"href":"https:\/\/www.cupssupplier.com\/de\/wp-json\/wp\/v2\/product_cat?post=20089"},{"taxonomy":"product_tag","embeddable":true,"href":"https:\/\/www.cupssupplier.com\/de\/wp-json\/wp\/v2\/product_tag?post=20089"}],"curies":[{"name":"wp","href":"https:\/\/api.w.org\/{rel}","templated":true}]}}