{"id":20075,"date":"2025-01-21T10:28:17","date_gmt":"2025-01-21T15:28:17","guid":{"rendered":"https:\/\/www.cupssupplier.com\/product\/stainless-steel-sports-water-bottle\/"},"modified":"2025-05-11T04:47:04","modified_gmt":"2025-05-11T08:47:04","slug":"stainless-steel-sports-water-bottle","status":"publish","type":"product","link":"https:\/\/www.cupssupplier.com\/de\/stainless-steel-sports-water-bottle\/","title":{"rendered":"Edelstahl-Sport-Wasserflasche"},"content":{"rendered":"<p class=\"\" data-start=\"1574\" data-end=\"1630\"><strong data-start=\"1574\" data-end=\"1630\">Edelstahl-Sport-Wasserflasche \u2013 Isoliert &amp; Langlebig<\/strong><\/p>\n<p class=\"\" data-start=\"1632\" data-end=\"1767\">Die Edelstahl-Sport-Wasserflasche vereint Funktionalit\u00e4t, Langlebigkeit und Stil \u2013 die ideale Wahl f\u00fcr Sportler und Fitnessbegeisterte.<\/p>\n<ul data-start=\"1769\" data-end=\"2456\">\n<li class=\"\" data-start=\"1769\" data-end=\"1875\">\n<p class=\"\" data-start=\"1771\" data-end=\"1875\"><strong data-start=\"1771\" data-end=\"1793\">Robuster Edelstahl<\/strong>: Hergestellt aus hochwertigem, BPA-freiem Edelstahl f\u00fcr eine lange Lebensdauer.<\/p>\n<\/li>\n<li class=\"\" data-start=\"1876\" data-end=\"2038\">\n<p class=\"\" data-start=\"1878\" data-end=\"2038\"><strong data-start=\"1878\" data-end=\"1906\">Doppelwandige Isolierung<\/strong>: H\u00e4lt Getr\u00e4nke bis zu 24 Stunden kalt und bis zu 12 Stunden hei\u00df \u2013 ideal f\u00fcr intensive Trainingseinheiten oder lange Wanderungen.<\/p>\n<\/li>\n<li class=\"\" data-start=\"2039\" data-end=\"2144\">\n<p class=\"\" data-start=\"2041\" data-end=\"2144\"><strong data-start=\"2041\" data-end=\"2065\">Ergonomisches Design<\/strong>: Einfach zu greifen und zu transportieren, mit einem auslaufsicheren Deckel.<\/p>\n<\/li>\n<li class=\"\" data-start=\"2145\" data-end=\"2235\">\n<p class=\"\" data-start=\"2147\" data-end=\"2235\"><strong data-start=\"2147\" data-end=\"2164\">Weite \u00d6ffnung<\/strong>: Erleichtert das Nachf\u00fcllen, Reinigen und Hinzuf\u00fcgen von Eisw\u00fcrfeln.<\/p>\n<\/li>\n<li class=\"\" data-start=\"2236\" data-end=\"2336\">\n<p class=\"\" data-start=\"2238\" data-end=\"2336\"><strong data-start=\"2238\" data-end=\"2277\">Umweltfreundlich &amp; wiederverwendbar<\/strong>: Eine nachhaltige Alternative zu Einweg-Plastikflaschen.<\/p>\n<\/li>\n<li class=\"\" data-start=\"2337\" data-end=\"2456\">\n<p class=\"\" data-start=\"2339\" data-end=\"2456\"><strong data-start=\"2339\" data-end=\"2362\">Vielseitige Nutzung<\/strong>: Geeignet f\u00fcr Wasser, Energydrinks oder Proteinshakes \u2013 unterst\u00fctzt einen aktiven Lebensstil.<\/p>\n<\/li>\n<\/ul>\n<p class=\"\" data-start=\"2458\" data-end=\"2594\">Perfekt f\u00fcr Sportler, Fitnessfans und Outdoor-Enthusiasten \u2013 mit dieser Flasche bleiben Sie \u00fcberall optimal hydriert und leistungsf\u00e4hig.<\/p>\n<p class=\"\" data-start=\"2596\" data-end=\"2755\"><strong data-start=\"2596\" data-end=\"2656\">Bleiben Sie aktiv mit der Edelstahl-Sport-Wasserflasche!<\/strong> Isoliert, BPA-frei und umweltfreundlich \u2013 perfekt f\u00fcr Training und Abenteuer. <strong data-start=\"2735\" data-end=\"2755\">Jetzt bestellen!<\/strong><\/p>\n<p><img loading=\"lazy\" decoding=\"async\" class=\"aligncenter wp-image-2452 size-large\" src=\"https:\/\/www.cupssupplier.com\/wp-content\/uploads\/2025\/01\/2-81-1024x1024.webp\" alt=\"stainless steel sports water bottle\" width=\"1024\" height=\"1024\" srcset=\"https:\/\/www.cupssupplier.com\/wp-content\/uploads\/2025\/01\/2-81-1024x1024.webp 1024w, https:\/\/www.cupssupplier.com\/wp-content\/uploads\/2025\/01\/2-81-300x300.webp 300w, https:\/\/www.cupssupplier.com\/wp-content\/uploads\/2025\/01\/2-81-150x150.webp 150w, https:\/\/www.cupssupplier.com\/wp-content\/uploads\/2025\/01\/2-81-768x768.webp 768w, https:\/\/www.cupssupplier.com\/wp-content\/uploads\/2025\/01\/2-81-1536x1536.webp 1536w, https:\/\/www.cupssupplier.com\/wp-content\/uploads\/2025\/01\/2-81-600x600.webp 600w, https:\/\/www.cupssupplier.com\/wp-content\/uploads\/2025\/01\/2-81-100x100.webp 100w, https:\/\/www.cupssupplier.com\/wp-content\/uploads\/2025\/01\/2-81.webp 2000w\" sizes=\"auto, (max-width: 1024px) 100vw, 1024px\" title=\"\"><\/p>\n<p><img loading=\"lazy\" decoding=\"async\" class=\"aligncenter wp-image-2453 size-full\" src=\"https:\/\/www.cupssupplier.com\/wp-content\/uploads\/2025\/01\/3-83.webp\" alt=\"stainless steel sports water bottle\" width=\"1200\" height=\"1200\" srcset=\"https:\/\/www.cupssupplier.com\/wp-content\/uploads\/2025\/01\/3-83.webp 1200w, https:\/\/www.cupssupplier.com\/wp-content\/uploads\/2025\/01\/3-83-300x300.webp 300w, https:\/\/www.cupssupplier.com\/wp-content\/uploads\/2025\/01\/3-83-1024x1024.webp 1024w, https:\/\/www.cupssupplier.com\/wp-content\/uploads\/2025\/01\/3-83-150x150.webp 150w, https:\/\/www.cupssupplier.com\/wp-content\/uploads\/2025\/01\/3-83-768x768.webp 768w, https:\/\/www.cupssupplier.com\/wp-content\/uploads\/2025\/01\/3-83-600x600.webp 600w, https:\/\/www.cupssupplier.com\/wp-content\/uploads\/2025\/01\/3-83-100x100.webp 100w\" sizes=\"auto, (max-width: 1200px) 100vw, 1200px\" title=\"\"><\/p>\n<p><img loading=\"lazy\" decoding=\"async\" class=\"aligncenter wp-image-2454 size-full\" src=\"https:\/\/www.cupssupplier.com\/wp-content\/uploads\/2025\/01\/4-73.webp\" alt=\"stainless steel sports water bottle\" width=\"1200\" height=\"1200\" srcset=\"https:\/\/www.cupssupplier.com\/wp-content\/uploads\/2025\/01\/4-73.webp 1200w, https:\/\/www.cupssupplier.com\/wp-content\/uploads\/2025\/01\/4-73-300x300.webp 300w, https:\/\/www.cupssupplier.com\/wp-content\/uploads\/2025\/01\/4-73-1024x1024.webp 1024w, https:\/\/www.cupssupplier.com\/wp-content\/uploads\/2025\/01\/4-73-150x150.webp 150w, https:\/\/www.cupssupplier.com\/wp-content\/uploads\/2025\/01\/4-73-768x768.webp 768w, https:\/\/www.cupssupplier.com\/wp-content\/uploads\/2025\/01\/4-73-600x600.webp 600w, https:\/\/www.cupssupplier.com\/wp-content\/uploads\/2025\/01\/4-73-100x100.webp 100w\" sizes=\"auto, (max-width: 1200px) 100vw, 1200px\" title=\"\"><\/p>\n<p><img loading=\"lazy\" decoding=\"async\" class=\"aligncenter wp-image-2455 size-full\" src=\"https:\/\/www.cupssupplier.com\/wp-content\/uploads\/2025\/01\/5-60.webp\" alt=\"stainless steel sports water bottle\" width=\"1200\" height=\"1200\" srcset=\"https:\/\/www.cupssupplier.com\/wp-content\/uploads\/2025\/01\/5-60.webp 1200w, https:\/\/www.cupssupplier.com\/wp-content\/uploads\/2025\/01\/5-60-300x300.webp 300w, https:\/\/www.cupssupplier.com\/wp-content\/uploads\/2025\/01\/5-60-1024x1024.webp 1024w, https:\/\/www.cupssupplier.com\/wp-content\/uploads\/2025\/01\/5-60-150x150.webp 150w, https:\/\/www.cupssupplier.com\/wp-content\/uploads\/2025\/01\/5-60-768x768.webp 768w, https:\/\/www.cupssupplier.com\/wp-content\/uploads\/2025\/01\/5-60-600x600.webp 600w, https:\/\/www.cupssupplier.com\/wp-content\/uploads\/2025\/01\/5-60-100x100.webp 100w\" sizes=\"auto, (max-width: 1200px) 100vw, 1200px\" title=\"\"><\/p>\n<p><img loading=\"lazy\" decoding=\"async\" class=\"aligncenter wp-image-2456 size-full\" src=\"https:\/\/www.cupssupplier.com\/wp-content\/uploads\/2025\/01\/7-9.webp\" alt=\"stainless steel sports water bottle\" width=\"1200\" height=\"1200\" srcset=\"https:\/\/www.cupssupplier.com\/wp-content\/uploads\/2025\/01\/7-9.webp 1200w, https:\/\/www.cupssupplier.com\/wp-content\/uploads\/2025\/01\/7-9-300x300.webp 300w, https:\/\/www.cupssupplier.com\/wp-content\/uploads\/2025\/01\/7-9-1024x1024.webp 1024w, https:\/\/www.cupssupplier.com\/wp-content\/uploads\/2025\/01\/7-9-150x150.webp 150w, https:\/\/www.cupssupplier.com\/wp-content\/uploads\/2025\/01\/7-9-768x768.webp 768w, https:\/\/www.cupssupplier.com\/wp-content\/uploads\/2025\/01\/7-9-600x600.webp 600w, https:\/\/www.cupssupplier.com\/wp-content\/uploads\/2025\/01\/7-9-100x100.webp 100w\" sizes=\"auto, (max-width: 1200px) 100vw, 1200px\" title=\"\"><\/p>\n","protected":false},"excerpt":{"rendered":"<p class=\"\" data-start=\"895\" data-end=\"1255\">Die Edelstahl-Sportflasche ist der ultimative Begleiter f\u00fcr aktive Lebensstile. Entwickelt f\u00fcr Langlebigkeit und Leistung, h\u00e4lt diese BPA-freie Flasche Ihre Getr\u00e4nke bis zu 24 Stunden kalt oder bis zu 12 Stunden hei\u00df \u2013 dank fortschrittlicher Isolierung. Das ergonomische Design sorgt f\u00fcr angenehmen Tragekomfort, ideal f\u00fcr Sport, Fitness und Outdoor-Abenteuer.<\/p>\n<p class=\"\" data-start=\"1257\" data-end=\"1439\">\n<p class=\"\" data-start=\"602\" data-end=\"811\">\n","protected":false},"featured_media":13058,"template":"","meta":{"om_disable_all_campaigns":false},"product_brand":[],"product_cat":[289],"product_tag":[],"class_list":{"0":"post-20075","1":"product","2":"type-product","3":"status-publish","4":"has-post-thumbnail","6":"product_cat-edelstahl-trinkflasche","8":"first","9":"instock","10":"shipping-taxable","11":"product-type-simple"},"_links":{"self":[{"href":"https:\/\/www.cupssupplier.com\/de\/wp-json\/wp\/v2\/product\/20075","targetHints":{"allow":["GET"]}}],"collection":[{"href":"https:\/\/www.cupssupplier.com\/de\/wp-json\/wp\/v2\/product"}],"about":[{"href":"https:\/\/www.cupssupplier.com\/de\/wp-json\/wp\/v2\/types\/product"}],"wp:featuredmedia":[{"embeddable":true,"href":"https:\/\/www.cupssupplier.com\/de\/wp-json\/wp\/v2\/media\/13058"}],"wp:attachment":[{"href":"https:\/\/www.cupssupplier.com\/de\/wp-json\/wp\/v2\/media?parent=20075"}],"wp:term":[{"taxonomy":"product_brand","embeddable":true,"href":"https:\/\/www.cupssupplier.com\/de\/wp-json\/wp\/v2\/product_brand?post=20075"},{"taxonomy":"product_cat","embeddable":true,"href":"https:\/\/www.cupssupplier.com\/de\/wp-json\/wp\/v2\/product_cat?post=20075"},{"taxonomy":"product_tag","embeddable":true,"href":"https:\/\/www.cupssupplier.com\/de\/wp-json\/wp\/v2\/product_tag?post=20075"}],"curies":[{"name":"wp","href":"https:\/\/api.w.org\/{rel}","templated":true}]}}