{"id":19911,"date":"2025-02-13T10:56:39","date_gmt":"2025-02-13T15:56:39","guid":{"rendered":"https:\/\/www.cupssupplier.com\/product\/cold-insulated-mugs\/"},"modified":"2025-05-06T21:47:21","modified_gmt":"2025-05-07T01:47:21","slug":"cold-insulated-mugs","status":"publish","type":"product","link":"https:\/\/www.cupssupplier.com\/de\/cold-insulated-mugs\/","title":{"rendered":"Kalt Isolierte Becher"},"content":{"rendered":"<p class=\"\" data-start=\"1702\" data-end=\"1906\"><strong data-start=\"1702\" data-end=\"1765\">Kalt Isolierte Becher \u2013 Edelstahl, Gro\u00dfhandel &amp; Individuell<\/strong><br data-start=\"1765\" data-end=\"1768\" \/>Erleben Sie langanhaltende Frische mit unseren kalt isolierten Bechern \u2013 entwickelt f\u00fcr maximale Temperaturerhaltung und h\u00f6chsten Komfort:<\/p>\n<ul data-start=\"1908\" data-end=\"2575\">\n<li class=\"\" data-start=\"1908\" data-end=\"2049\">\n<p class=\"\" data-start=\"1910\" data-end=\"2049\"><strong data-start=\"1910\" data-end=\"1938\">Hervorragende Isolierung<\/strong>: Doppelwandige Vakuumisolierung h\u00e4lt Getr\u00e4nke stundenlang kalt \u2013 f\u00fcr erfrischenden Genuss bei jedem Schluck.<\/p>\n<\/li>\n<li class=\"\" data-start=\"2050\" data-end=\"2127\">\n<p class=\"\" data-start=\"2052\" data-end=\"2127\"><strong data-start=\"2052\" data-end=\"2078\">Hochwertiger Edelstahl<\/strong>: BPA-frei, rostbest\u00e4ndig und extrem langlebig.<\/p>\n<\/li>\n<li class=\"\" data-start=\"2128\" data-end=\"2238\">\n<p class=\"\" data-start=\"2130\" data-end=\"2238\"><strong data-start=\"2130\" data-end=\"2161\">Schwei\u00dffrei &amp; Auslaufsicher<\/strong>: Kein Kondenswasser, keine Flecken \u2013 f\u00fcr einen sauberen, angenehmen Griff.<\/p>\n<\/li>\n<li class=\"\" data-start=\"2239\" data-end=\"2352\">\n<p class=\"\" data-start=\"2241\" data-end=\"2352\"><strong data-start=\"2241\" data-end=\"2265\">Ergonomisches Design<\/strong>: Bequem zu halten, leicht zu transportieren und passt in die meisten Getr\u00e4nkehalter.<\/p>\n<\/li>\n<li class=\"\" data-start=\"2353\" data-end=\"2455\">\n<p class=\"\" data-start=\"2355\" data-end=\"2455\"><strong data-start=\"2355\" data-end=\"2394\">Umweltfreundlich &amp; Wiederverwendbar<\/strong>: Eine stilvolle, nachhaltige Alternative zu Einwegplastik.<\/p>\n<\/li>\n<li class=\"\" data-start=\"2456\" data-end=\"2575\">\n<p class=\"\" data-start=\"2458\" data-end=\"2575\"><strong data-start=\"2458\" data-end=\"2490\">Individuelle Markenanpassung<\/strong>: Mit Logo, Namen oder Design \u2013 ideal f\u00fcr Werbegeschenke, Events oder Firmenbranding.<\/p>\n<\/li>\n<\/ul>\n<p><img loading=\"lazy\" decoding=\"async\" class=\"wp-image-2646 aligncenter\" src=\"https:\/\/www.cupssupplier.com\/wp-content\/uploads\/2025\/02\/1-14.webp\" alt=\"cold insulated mugs\" width=\"999\" height=\"9308\" srcset=\"https:\/\/www.cupssupplier.com\/wp-content\/uploads\/2025\/02\/1-14.webp 790w, https:\/\/www.cupssupplier.com\/wp-content\/uploads\/2025\/02\/1-14-110x1024.webp 110w, https:\/\/www.cupssupplier.com\/wp-content\/uploads\/2025\/02\/1-14-768x7156.webp 768w, https:\/\/www.cupssupplier.com\/wp-content\/uploads\/2025\/02\/1-14-165x1536.webp 165w, https:\/\/www.cupssupplier.com\/wp-content\/uploads\/2025\/02\/1-14-300x2795.webp 300w, https:\/\/www.cupssupplier.com\/wp-content\/uploads\/2025\/02\/1-14-600x5591.webp 600w\" sizes=\"auto, (max-width: 999px) 100vw, 999px\" title=\"\"><\/p>\n<p class=\"\" data-start=\"2577\" data-end=\"2770\">Ideal f\u00fcr Caf\u00e9s, Unternehmen und Einzelh\u00e4ndler \u2013 unsere kalt isolierten Becher sind in gro\u00dfen Mengen und mit Personalisierung erh\u00e4ltlich. Jetzt bestellen und Ihre Getr\u00e4nke stilvoll k\u00fchl halten!<\/p>\n","protected":false},"excerpt":{"rendered":"<p><strong data-start=\"963\" data-end=\"1045\">Halten Sie Ihre Getr\u00e4nke stundenlang k\u00fchl mit unseren kalt isolierten Bechern!<\/strong><br data-start=\"1045\" data-end=\"1048\" \/>Dank fortschrittlicher Doppelwand-Isolierung bewahren diese robusten Becher aus Edelstahl eine perfekte K\u00e4lte und verhindern gleichzeitig Kondensation. Ideal f\u00fcr Eiskaffee, Tee oder erfrischende Kaltgetr\u00e4nke \u2013 perfekt f\u00fcr Zuhause, B\u00fcro, Reisen oder den Au\u00dfenbereich.<br data-start=\"1314\" data-end=\"1317\" \/><strong data-start=\"1317\" data-end=\"1422\">Erh\u00e4ltlich im Gro\u00dfhandel und mit individueller Gestaltung \u2013 sichern Sie sich Ihren Becher noch heute!<\/strong><\/p>\n","protected":false},"featured_media":15344,"template":"","meta":{"om_disable_all_campaigns":false},"product_brand":[],"product_cat":[290],"product_tag":[],"class_list":{"0":"post-19911","1":"product","2":"type-product","3":"status-publish","4":"has-post-thumbnail","6":"product_cat-trinkbecher","8":"first","9":"instock","10":"shipping-taxable","11":"product-type-simple"},"_links":{"self":[{"href":"https:\/\/www.cupssupplier.com\/de\/wp-json\/wp\/v2\/product\/19911","targetHints":{"allow":["GET"]}}],"collection":[{"href":"https:\/\/www.cupssupplier.com\/de\/wp-json\/wp\/v2\/product"}],"about":[{"href":"https:\/\/www.cupssupplier.com\/de\/wp-json\/wp\/v2\/types\/product"}],"wp:featuredmedia":[{"embeddable":true,"href":"https:\/\/www.cupssupplier.com\/de\/wp-json\/wp\/v2\/media\/15344"}],"wp:attachment":[{"href":"https:\/\/www.cupssupplier.com\/de\/wp-json\/wp\/v2\/media?parent=19911"}],"wp:term":[{"taxonomy":"product_brand","embeddable":true,"href":"https:\/\/www.cupssupplier.com\/de\/wp-json\/wp\/v2\/product_brand?post=19911"},{"taxonomy":"product_cat","embeddable":true,"href":"https:\/\/www.cupssupplier.com\/de\/wp-json\/wp\/v2\/product_cat?post=19911"},{"taxonomy":"product_tag","embeddable":true,"href":"https:\/\/www.cupssupplier.com\/de\/wp-json\/wp\/v2\/product_tag?post=19911"}],"curies":[{"name":"wp","href":"https:\/\/api.w.org\/{rel}","templated":true}]}}