{"id":19699,"date":"2025-02-16T03:18:02","date_gmt":"2025-02-16T08:18:02","guid":{"rendered":"https:\/\/www.cupssupplier.com\/product\/custom-30-oz-tumbler\/"},"modified":"2025-05-05T01:16:01","modified_gmt":"2025-05-05T05:16:01","slug":"custom-30-oz-tumbler","status":"publish","type":"product","link":"https:\/\/www.cupssupplier.com\/de\/custom-30-oz-tumbler\/","title":{"rendered":"Personalisierter 30 Oz Becher"},"content":{"rendered":"<p class=\"\" data-start=\"1838\" data-end=\"1907\"><strong data-start=\"1838\" data-end=\"1907\">Personalisierter 30 Oz Becher \u2013 Isoliert &amp; Individuell Gestaltbar<\/strong><\/p>\n<p class=\"\" data-start=\"1909\" data-end=\"2002\">Der personalisierte 30 oz Becher kombiniert Stil, Funktionalit\u00e4t und individuelle Gestaltung:<\/p>\n<ul data-start=\"2004\" data-end=\"2774\">\n<li class=\"\" data-start=\"2004\" data-end=\"2132\">\n<p class=\"\" data-start=\"2006\" data-end=\"2132\"><strong data-start=\"2006\" data-end=\"2034\">Doppelwandige Isolierung<\/strong>: H\u00e4lt Getr\u00e4nke 24 Stunden kalt oder bis zu 6 Stunden hei\u00df \u2013 perfekt f\u00fcr ganzt\u00e4gige Erfrischung.<\/p>\n<\/li>\n<li class=\"\" data-start=\"2133\" data-end=\"2210\">\n<p class=\"\" data-start=\"2135\" data-end=\"2210\"><strong data-start=\"2135\" data-end=\"2161\">Hochwertiger Edelstahl<\/strong>: BPA-frei, rostbest\u00e4ndig und extrem langlebig.<\/p>\n<\/li>\n<li class=\"\" data-start=\"2211\" data-end=\"2373\">\n<p class=\"\" data-start=\"2213\" data-end=\"2373\"><strong data-start=\"2213\" data-end=\"2237\">Individuelles Design<\/strong>: F\u00fcgen Sie Ihr Logo, Ihren Slogan oder ein einzigartiges Design hinzu \u2013 ideal f\u00fcr Veranstaltungen, Werbeaktionen oder Firmenpr\u00e4sente.<\/p>\n<\/li>\n<li class=\"\" data-start=\"2374\" data-end=\"2536\">\n<p class=\"\" data-start=\"2376\" data-end=\"2536\"><strong data-start=\"2376\" data-end=\"2411\">Auslaufsicher &amp; Spritzgesch\u00fctzt<\/strong>: Der sichere Deckel verhindert Auslaufen, und das integrierte Strohhalm-Design erm\u00f6glicht einfaches Trinken ohne Kleckern.<\/p>\n<\/li>\n<li class=\"\" data-start=\"2537\" data-end=\"2657\">\n<p class=\"\" data-start=\"2539\" data-end=\"2657\"><strong data-start=\"2539\" data-end=\"2578\">Umweltfreundlich &amp; Wiederverwendbar<\/strong>: Nachhaltige Alternative zu Einwegbechern \u2013 ideal f\u00fcr umweltbewusste Marken.<\/p>\n<\/li>\n<li class=\"\" data-start=\"2658\" data-end=\"2774\">\n<p class=\"\" data-start=\"2660\" data-end=\"2774\"><strong data-start=\"2660\" data-end=\"2697\">Gro\u00dfes Fassungsverm\u00f6gen von 30 Oz<\/strong>: Perfekt f\u00fcr unterwegs, im B\u00fcro, Fitnessstudio oder bei Outdoor-Aktivit\u00e4ten.<\/p>\n<\/li>\n<\/ul>\n<p><img loading=\"lazy\" decoding=\"async\" class=\"aligncenter wp-image-19690 size-full\" src=\"https:\/\/www.cupssupplier.com\/wp-content\/uploads\/2025\/02\/6-36.webp\" alt=\"custom 30 oz tumbler\" width=\"800\" height=\"800\" srcset=\"https:\/\/www.cupssupplier.com\/wp-content\/uploads\/2025\/02\/6-36.webp 800w, https:\/\/www.cupssupplier.com\/wp-content\/uploads\/2025\/02\/6-36-300x300.webp 300w, https:\/\/www.cupssupplier.com\/wp-content\/uploads\/2025\/02\/6-36-150x150.webp 150w, https:\/\/www.cupssupplier.com\/wp-content\/uploads\/2025\/02\/6-36-768x768.webp 768w, https:\/\/www.cupssupplier.com\/wp-content\/uploads\/2025\/02\/6-36-600x600.webp 600w, https:\/\/www.cupssupplier.com\/wp-content\/uploads\/2025\/02\/6-36-100x100.webp 100w\" sizes=\"auto, (max-width: 800px) 100vw, 800px\" title=\"\"><br \/>\n<img loading=\"lazy\" decoding=\"async\" class=\"aligncenter wp-image-19682 size-full\" src=\"https:\/\/www.cupssupplier.com\/wp-content\/uploads\/2025\/02\/5-39.webp\" alt=\"custom 30 oz tumbler\" width=\"800\" height=\"800\" srcset=\"https:\/\/www.cupssupplier.com\/wp-content\/uploads\/2025\/02\/5-39.webp 800w, https:\/\/www.cupssupplier.com\/wp-content\/uploads\/2025\/02\/5-39-300x300.webp 300w, https:\/\/www.cupssupplier.com\/wp-content\/uploads\/2025\/02\/5-39-150x150.webp 150w, https:\/\/www.cupssupplier.com\/wp-content\/uploads\/2025\/02\/5-39-768x768.webp 768w, https:\/\/www.cupssupplier.com\/wp-content\/uploads\/2025\/02\/5-39-600x600.webp 600w, https:\/\/www.cupssupplier.com\/wp-content\/uploads\/2025\/02\/5-39-100x100.webp 100w\" sizes=\"auto, (max-width: 800px) 100vw, 800px\" title=\"\"><img loading=\"lazy\" decoding=\"async\" class=\"wp-image-19634 size-full aligncenter\" src=\"https:\/\/www.cupssupplier.com\/wp-content\/uploads\/2025\/02\/2-43.webp\" alt=\"custom 30 oz tumbler\" width=\"800\" height=\"800\" srcset=\"https:\/\/www.cupssupplier.com\/wp-content\/uploads\/2025\/02\/2-43.webp 800w, https:\/\/www.cupssupplier.com\/wp-content\/uploads\/2025\/02\/2-43-300x300.webp 300w, https:\/\/www.cupssupplier.com\/wp-content\/uploads\/2025\/02\/2-43-150x150.webp 150w, https:\/\/www.cupssupplier.com\/wp-content\/uploads\/2025\/02\/2-43-768x768.webp 768w, https:\/\/www.cupssupplier.com\/wp-content\/uploads\/2025\/02\/2-43-600x600.webp 600w, https:\/\/www.cupssupplier.com\/wp-content\/uploads\/2025\/02\/2-43-100x100.webp 100w\" sizes=\"auto, (max-width: 800px) 100vw, 800px\" title=\"\"><img loading=\"lazy\" decoding=\"async\" class=\"wp-image-19626 size-full aligncenter\" src=\"https:\/\/www.cupssupplier.com\/wp-content\/uploads\/2025\/02\/1-19.webp\" alt=\"custom 30 oz tumbler\" width=\"800\" height=\"800\" srcset=\"https:\/\/www.cupssupplier.com\/wp-content\/uploads\/2025\/02\/1-19.webp 800w, https:\/\/www.cupssupplier.com\/wp-content\/uploads\/2025\/02\/1-19-300x300.webp 300w, https:\/\/www.cupssupplier.com\/wp-content\/uploads\/2025\/02\/1-19-150x150.webp 150w, https:\/\/www.cupssupplier.com\/wp-content\/uploads\/2025\/02\/1-19-768x768.webp 768w, https:\/\/www.cupssupplier.com\/wp-content\/uploads\/2025\/02\/1-19-600x600.webp 600w, https:\/\/www.cupssupplier.com\/wp-content\/uploads\/2025\/02\/1-19-100x100.webp 100w\" sizes=\"auto, (max-width: 800px) 100vw, 800px\" title=\"\"><\/p>\n<p data-start=\"1378\" data-end=\"1589\">Ideal f\u00fcr Unternehmen, Werbekampagnen oder Veranstaltungen. Der personalisierte 30 oz Becher ist in Gro\u00dfmengen mit individuellem Branding erh\u00e4ltlich.<br data-start=\"2925\" data-end=\"2928\" \/><strong data-start=\"2928\" data-end=\"3008\">Jetzt bestellen und mit personalisierten Bechern Ihre Marke in Szene setzen!<\/strong><\/p>\n<p>&nbsp;<\/p>\n","protected":false},"excerpt":{"rendered":"<p class=\"\" data-start=\"1062\" data-end=\"1552\">Bleiben Sie unterwegs erfrischt mit unserem personalisierten 30 Oz Tumbler! Die doppelwandige Isolierung h\u00e4lt Ihre Getr\u00e4nke stundenlang kalt und bis zu 6 Stunden warm. Ideal zur Personalisierung mit Ihrem Logo oder Ihrer Botschaft \u2013 perfekt f\u00fcr Firmengeschenke, Veranstaltungen oder pers\u00f6nliche Geschenke. Hergestellt aus hochwertigem Edelstahl ist er langlebig und umweltfreundlich. Bestellen Sie noch heute in gro\u00dfen Mengen und gestalten Sie Ihre Tumbler f\u00fcr Ihre n\u00e4chste gro\u00dfe Promotion!<\/p>\n<p class=\"\" data-start=\"1554\" data-end=\"1835\">\n","protected":false},"featured_media":19644,"template":"","meta":{"om_disable_all_campaigns":false},"product_brand":[],"product_cat":[290],"product_tag":[],"class_list":{"0":"post-19699","1":"product","2":"type-product","3":"status-publish","4":"has-post-thumbnail","6":"product_cat-trinkbecher","8":"first","9":"instock","10":"shipping-taxable","11":"product-type-simple"},"_links":{"self":[{"href":"https:\/\/www.cupssupplier.com\/de\/wp-json\/wp\/v2\/product\/19699","targetHints":{"allow":["GET"]}}],"collection":[{"href":"https:\/\/www.cupssupplier.com\/de\/wp-json\/wp\/v2\/product"}],"about":[{"href":"https:\/\/www.cupssupplier.com\/de\/wp-json\/wp\/v2\/types\/product"}],"wp:featuredmedia":[{"embeddable":true,"href":"https:\/\/www.cupssupplier.com\/de\/wp-json\/wp\/v2\/media\/19644"}],"wp:attachment":[{"href":"https:\/\/www.cupssupplier.com\/de\/wp-json\/wp\/v2\/media?parent=19699"}],"wp:term":[{"taxonomy":"product_brand","embeddable":true,"href":"https:\/\/www.cupssupplier.com\/de\/wp-json\/wp\/v2\/product_brand?post=19699"},{"taxonomy":"product_cat","embeddable":true,"href":"https:\/\/www.cupssupplier.com\/de\/wp-json\/wp\/v2\/product_cat?post=19699"},{"taxonomy":"product_tag","embeddable":true,"href":"https:\/\/www.cupssupplier.com\/de\/wp-json\/wp\/v2\/product_tag?post=19699"}],"curies":[{"name":"wp","href":"https:\/\/api.w.org\/{rel}","templated":true}]}}