{"id":17762,"date":"2025-03-03T00:24:10","date_gmt":"2025-03-03T05:24:10","guid":{"rendered":"https:\/\/www.cupssupplier.com\/product\/cute-stainless-steel-tumbler-with-straw\/"},"modified":"2025-04-20T03:02:22","modified_gmt":"2025-04-20T07:02:22","slug":"cute-stainless-steel-tumbler-with-straw","status":"publish","type":"product","link":"https:\/\/www.cupssupplier.com\/de\/cute-stainless-steel-tumbler-with-straw\/","title":{"rendered":"Niedlicher Edelstahlbecher mit Strohhalm"},"content":{"rendered":"<h3 class=\"\" data-start=\"2346\" data-end=\"2401\"><strong data-start=\"2355\" data-end=\"2399\">Niedlicher Edelstahlbecher mit Strohhalm<\/strong><\/h3>\n<p class=\"\" data-start=\"2402\" data-end=\"2452\"><strong data-start=\"2402\" data-end=\"2452\">Premium-Qualit\u00e4t &amp; Unvergleichliche Isolierung<\/strong><\/p>\n<p class=\"\" data-start=\"2454\" data-end=\"2686\">Hergestellt aus hochwertigem 18\/8-Edelstahl, bietet dieser Becher Langlebigkeit und hervorragende Temperaturbest\u00e4ndigkeit. Dank seiner dreifach isolierten, vakuumversiegelten Konstruktion bleiben Getr\u00e4nke stundenlang hei\u00df oder kalt.<\/p>\n<p class=\"\" data-start=\"2688\" data-end=\"2726\"><strong data-start=\"2688\" data-end=\"2726\">Durchdachtes Design f\u00fcr den Alltag<\/strong><\/p>\n<p class=\"\" data-start=\"2728\" data-end=\"3037\">\u2705 <strong data-start=\"2730\" data-end=\"2753\">Ergonomischer Griff<\/strong>: Leicht zu greifen und zu tragen\u2014perfekt f\u00fcr unterwegs.<br data-start=\"2809\" data-end=\"2812\" \/>\u2705 <strong data-start=\"2814\" data-end=\"2852\">Auslaufsicherer Deckel &amp; Strohhalm<\/strong>: Der Flip-Top-Deckel verhindert Versch\u00fctten und der herausnehmbare Strohhalm sorgt f\u00fcr komfortables Trinken.<br data-start=\"2961\" data-end=\"2964\" \/>\u2705 <strong data-start=\"2966\" data-end=\"2988\">Einfache Reinigung<\/strong>: Inklusive Reinigungsb\u00fcrste f\u00fcr m\u00fchelose Pflege.<\/p>\n<p class=\"\" data-start=\"3039\" data-end=\"3073\"><strong data-start=\"3039\" data-end=\"3073\">Sicher, Nachhaltig &amp; Anpassbar<\/strong><\/p>\n<p class=\"\" data-start=\"3075\" data-end=\"3340\">\ud83d\udd39 BPA-frei, bleifrei und CA65-zertifiziert f\u00fcr sicheres Trinken.<br data-start=\"3140\" data-end=\"3143\" \/>\ud83d\udd39 Fabrik gepr\u00fcft (BSCI, SEDEX, ISO9001, ISO14001, OHSAS18001) f\u00fcr verantwortungsvolle Produktion.<br data-start=\"3241\" data-end=\"3244\" \/>\ud83d\udd39 Erh\u00e4ltlich in allen Wunschfarben mit Logodruck (Pulverbeschichtung, UV-Druck, Transferdruck).<\/p>\n<p><img loading=\"lazy\" decoding=\"async\" class=\"aligncenter wp-image-16435 size-full\" src=\"https:\/\/www.cupssupplier.com\/wp-content\/uploads\/2025\/03\/1-4.webp\" alt=\"cute stainless steel tumbler with straw\" width=\"750\" height=\"2068\" srcset=\"https:\/\/www.cupssupplier.com\/wp-content\/uploads\/2025\/03\/1-4.webp 750w, https:\/\/www.cupssupplier.com\/wp-content\/uploads\/2025\/03\/1-4-109x300.webp 109w, https:\/\/www.cupssupplier.com\/wp-content\/uploads\/2025\/03\/1-4-371x1024.webp 371w, https:\/\/www.cupssupplier.com\/wp-content\/uploads\/2025\/03\/1-4-557x1536.webp 557w, https:\/\/www.cupssupplier.com\/wp-content\/uploads\/2025\/03\/1-4-743x2048.webp 743w, https:\/\/www.cupssupplier.com\/wp-content\/uploads\/2025\/03\/1-4-300x827.webp 300w, https:\/\/www.cupssupplier.com\/wp-content\/uploads\/2025\/03\/1-4-600x1654.webp 600w\" sizes=\"auto, (max-width: 750px) 100vw, 750px\" title=\"\"><\/p>\n<p><img loading=\"lazy\" decoding=\"async\" class=\"aligncenter wp-image-16436 size-full\" src=\"https:\/\/www.cupssupplier.com\/wp-content\/uploads\/2025\/03\/2-4.webp\" alt=\"cute stainless steel tumbler with straw\" width=\"750\" height=\"2424\" srcset=\"https:\/\/www.cupssupplier.com\/wp-content\/uploads\/2025\/03\/2-4.webp 750w, https:\/\/www.cupssupplier.com\/wp-content\/uploads\/2025\/03\/2-4-93x300.webp 93w, https:\/\/www.cupssupplier.com\/wp-content\/uploads\/2025\/03\/2-4-317x1024.webp 317w, https:\/\/www.cupssupplier.com\/wp-content\/uploads\/2025\/03\/2-4-475x1536.webp 475w, https:\/\/www.cupssupplier.com\/wp-content\/uploads\/2025\/03\/2-4-634x2048.webp 634w, https:\/\/www.cupssupplier.com\/wp-content\/uploads\/2025\/03\/2-4-300x970.webp 300w, https:\/\/www.cupssupplier.com\/wp-content\/uploads\/2025\/03\/2-4-600x1939.webp 600w\" sizes=\"auto, (max-width: 750px) 100vw, 750px\" title=\"\"><\/p>\n<p><img loading=\"lazy\" decoding=\"async\" class=\"wp-image-16437 size-full aligncenter\" src=\"https:\/\/www.cupssupplier.com\/wp-content\/uploads\/2025\/03\/3-5-e1740982899561.webp\" alt=\"cute stainless steel tumbler with straw\" width=\"748\" height=\"2466\" srcset=\"https:\/\/www.cupssupplier.com\/wp-content\/uploads\/2025\/03\/3-5-e1740982899561.webp 748w, https:\/\/www.cupssupplier.com\/wp-content\/uploads\/2025\/03\/3-5-e1740982899561-91x300.webp 91w, https:\/\/www.cupssupplier.com\/wp-content\/uploads\/2025\/03\/3-5-e1740982899561-311x1024.webp 311w, https:\/\/www.cupssupplier.com\/wp-content\/uploads\/2025\/03\/3-5-e1740982899561-466x1536.webp 466w, https:\/\/www.cupssupplier.com\/wp-content\/uploads\/2025\/03\/3-5-e1740982899561-621x2048.webp 621w, https:\/\/www.cupssupplier.com\/wp-content\/uploads\/2025\/03\/3-5-e1740982899561-300x989.webp 300w, https:\/\/www.cupssupplier.com\/wp-content\/uploads\/2025\/03\/3-5-e1740982899561-600x1978.webp 600w\" sizes=\"auto, (max-width: 748px) 100vw, 748px\" title=\"\"><\/p>\n<p class=\"\" data-start=\"3342\" data-end=\"3384\"><strong data-start=\"3342\" data-end=\"3384\">Ideal f\u00fcr Gro\u00dfhandel &amp; Markenanpassung<\/strong><\/p>\n<p class=\"\" data-start=\"3386\" data-end=\"3549\">Auf der Suche nach einem perfekten Werbebecher? Dieser individuell gestaltbare Edelstahlbecher ist ideal f\u00fcr Firmenpr\u00e4sente, Einzelhandel, Caf\u00e9s und Werbeaktionen.<\/p>\n<p class=\"\" data-start=\"3551\" data-end=\"3641\">\ud83d\udce9 <strong data-start=\"3554\" data-end=\"3641\">Kontaktieren Sie uns jetzt f\u00fcr Gro\u00dfbestellungen und individuelle Branding-Optionen!<\/strong><\/p>\n","protected":false},"excerpt":{"rendered":"<p>Bleiben Sie stilvoll und hydriert mit diesem niedlichen Edelstahlbecher! Mit dreifacher Vakuumisolierung h\u00e4lt er Getr\u00e4nke 12 Stunden hei\u00df und 24 Stunden kalt. Der ergonomische Griff, der auslaufsichere Deckel und der wiederverwendbare Strohhalm machen ihn zum perfekten Alltagsbegleiter. Jetzt in Ihren Markenfarben und mit Logo anpassbar\u2014ideal f\u00fcr Werbegeschenke und Gro\u00dfbestellungen!<\/p>\n","protected":false},"featured_media":17764,"template":"","meta":{"om_disable_all_campaigns":false},"product_brand":[],"product_cat":[290],"product_tag":[],"class_list":{"0":"post-17762","1":"product","2":"type-product","3":"status-publish","4":"has-post-thumbnail","6":"product_cat-trinkbecher","8":"first","9":"instock","10":"shipping-taxable","11":"product-type-simple"},"_links":{"self":[{"href":"https:\/\/www.cupssupplier.com\/de\/wp-json\/wp\/v2\/product\/17762","targetHints":{"allow":["GET"]}}],"collection":[{"href":"https:\/\/www.cupssupplier.com\/de\/wp-json\/wp\/v2\/product"}],"about":[{"href":"https:\/\/www.cupssupplier.com\/de\/wp-json\/wp\/v2\/types\/product"}],"wp:featuredmedia":[{"embeddable":true,"href":"https:\/\/www.cupssupplier.com\/de\/wp-json\/wp\/v2\/media\/17764"}],"wp:attachment":[{"href":"https:\/\/www.cupssupplier.com\/de\/wp-json\/wp\/v2\/media?parent=17762"}],"wp:term":[{"taxonomy":"product_brand","embeddable":true,"href":"https:\/\/www.cupssupplier.com\/de\/wp-json\/wp\/v2\/product_brand?post=17762"},{"taxonomy":"product_cat","embeddable":true,"href":"https:\/\/www.cupssupplier.com\/de\/wp-json\/wp\/v2\/product_cat?post=17762"},{"taxonomy":"product_tag","embeddable":true,"href":"https:\/\/www.cupssupplier.com\/de\/wp-json\/wp\/v2\/product_tag?post=17762"}],"curies":[{"name":"wp","href":"https:\/\/api.w.org\/{rel}","templated":true}]}}