{"id":17684,"date":"2025-03-03T02:14:19","date_gmt":"2025-03-03T07:14:19","guid":{"rendered":"https:\/\/www.cupssupplier.com\/product\/custom-12-oz-stainless-steel-tumblers\/"},"modified":"2025-04-20T01:44:59","modified_gmt":"2025-04-20T05:44:59","slug":"custom-12-oz-stainless-steel-tumblers","status":"publish","type":"product","link":"https:\/\/www.cupssupplier.com\/de\/custom-12-oz-stainless-steel-tumblers\/","title":{"rendered":"Individuell gestaltbare 12 oz Edelstahl-Thermobecher"},"content":{"rendered":"<h3 class=\"\" data-start=\"27\" data-end=\"126\"><strong data-start=\"36\" data-end=\"126\">Individuell gestaltbare 12 oz Edelstahl-Thermobecher \u2013 Dreifachwandig &amp; Vakuumisoliert<\/strong><\/h3>\n<p class=\"\" data-start=\"128\" data-end=\"596\">Unser 12 oz Edelstahl-Thermobecher \u00fcberzeugt durch ein modernes, elegantes Design mit matter Soft-Touch-Oberfl\u00e4che und einem stilvollen zweifarbigen Zierband am Deckel. Der Deckel bietet eine Doppelfunktion mit einem sicheren Tragegriff f\u00fcr einfache Mobilit\u00e4t und einer auslaufsicheren Trink\u00f6ffnung. Das Innere besteht aus poliertem Edelstahl f\u00fcr Langlebigkeit und einfache Reinigung. Verpackt in einer eleganten wei\u00dfen Box \u2013 ideal f\u00fcr Geschenke oder den Einzelhandel.<\/p>\n<p class=\"\" data-start=\"598\" data-end=\"861\">Erweitern Sie Ihre Trinkwarensammlung mit unseren hochwertigen 12 oz Edelstahlbechern, die au\u00dfergew\u00f6hnliche Thermoleistung und stilvolle Optik bieten. Hergestellt aus hochwertigem 18\/8 Edelstahl, sind diese Becher rostfrei, korrosionsbest\u00e4ndig und geruchsneutral.<\/p>\n<p class=\"\" data-start=\"863\" data-end=\"895\"><strong data-start=\"863\" data-end=\"893\">Design &amp; Personalisierung:<\/strong><\/p>\n<ul data-start=\"896\" data-end=\"1322\">\n<li class=\"\" data-start=\"896\" data-end=\"979\">\n<p class=\"\" data-start=\"898\" data-end=\"979\">Fassungsverm\u00f6gen: 350 ml \/ 12 oz \u2013 ideal f\u00fcr Kaffee, Tee, Smoothies oder Wasser<\/p>\n<\/li>\n<li class=\"\" data-start=\"980\" data-end=\"1066\">\n<p class=\"\" data-start=\"982\" data-end=\"1066\">Material: Lebensmittelgeeigneter 18\/8 Edelstahl (BPA-frei, bleifrei, CA65-konform)<\/p>\n<\/li>\n<li class=\"\" data-start=\"1067\" data-end=\"1143\">\n<p class=\"\" data-start=\"1069\" data-end=\"1143\">Deckel: Auslaufsicher mit ergonomischem Griff und integriertem Trinkloch<\/p>\n<\/li>\n<li class=\"\" data-start=\"1144\" data-end=\"1253\">\n<p class=\"\" data-start=\"1146\" data-end=\"1253\">Veredelung &amp; Logo: Papiertransferdruck, Wassertransferdruck oder UV-Druck f\u00fcr hochwertigen Markenauftritt<\/p>\n<\/li>\n<li class=\"\" data-start=\"1254\" data-end=\"1322\">\n<p class=\"\" data-start=\"1256\" data-end=\"1322\">Farben: Anpassbar in allen Farben passend zu Ihrer Markenidentit\u00e4t<\/p>\n<\/li>\n<\/ul>\n<p class=\"\" data-start=\"1324\" data-end=\"1370\"><strong data-start=\"1324\" data-end=\"1368\">Zertifizierungen &amp; Produktionsstandards:<\/strong><\/p>\n<ul data-start=\"1371\" data-end=\"1489\">\n<li class=\"\" data-start=\"1371\" data-end=\"1434\">\n<p class=\"\" data-start=\"1373\" data-end=\"1434\">Hergestellt nach BSCI, SEDEX, ISO9001, ISO14001, OHSAS18001<\/p>\n<\/li>\n<li class=\"\" data-start=\"1435\" data-end=\"1489\">\n<p class=\"\" data-start=\"1437\" data-end=\"1489\">Zertifiziert: LFGB, BPA-frei, bleifrei, CA65-konform<\/p>\n<\/li>\n<\/ul>\n<p class=\"\" data-start=\"1491\" data-end=\"1624\">Perfekt f\u00fcr Unternehmen, Werbeaktionen oder den Einzelhandel \u2013 unsere Thermobecher vereinen Funktionalit\u00e4t mit starker Markenpr\u00e4senz.<\/p>\n<div class=\"attribute-item\"><\/div>\n<div class=\"attribute-item\">\n<div class=\"right\" data-spm-anchor-id=\"a2700.details.0.i86.3fd03ca5BSHr37\">\n<table style=\"border-collapse: collapse; width: 1128px; height: 569px;\" border=\"0\" width=\"837\" cellspacing=\"0\" cellpadding=\"0\">\n<tbody>\n<tr style=\"height: 44.00pt;\">\n<td class=\"et2\" style=\"height: 44.00pt; width: 134.25pt;\" width=\"179\" height=\"58\">Material:<\/td>\n<td class=\"et2\" style=\"width: 493.50pt;\" width=\"658\">Edelstahl 304 18\/8, Deckel aus PP<\/td>\n<\/tr>\n<tr style=\"height: 44.00pt;\">\n<td class=\"et2\" style=\"height: 44.00pt; width: 134.25pt;\" width=\"179\" height=\"58\">Zubeh\u00f6r:<\/td>\n<td class=\"et2\" style=\"width: 493.50pt;\" width=\"658\">Deckel, Griff, Knopf, Schlaufe, Bodenschutz, H\u00fclle<\/td>\n<\/tr>\n<tr style=\"height: 44.00pt;\">\n<td class=\"et2\" style=\"height: 44.00pt; width: 134.25pt;\" width=\"179\" height=\"58\">Verpackung:<\/td>\n<td class=\"et2\" style=\"width: 493.50pt;\" width=\"658\">Individuell gestaltbare Farbbox, Sichtfensterbox, Displayverpackung<\/td>\n<\/tr>\n<tr style=\"height: 44.00pt;\">\n<td class=\"et2\" style=\"height: 44.00pt; width: 134.25pt;\" width=\"179\" height=\"58\">OEM\/ODM:<\/td>\n<td class=\"et2\" style=\"width: 493.50pt;\" width=\"658\">Willkommen \u2013 \u00fcber 30 Designer<\/td>\n<\/tr>\n<tr style=\"height: 44.00pt;\">\n<td class=\"et2\" style=\"height: 44.00pt; width: 134.25pt;\" width=\"179\" height=\"58\">Verwendungszweck:<\/td>\n<td class=\"et2\" style=\"width: 493.50pt;\" width=\"658\">\n<p class=\"\" data-start=\"1889\" data-end=\"1957\">Wasser, Wein, Bier, Tee, Kaffee \u2013 vakuumisoliert<\/p>\n<\/td>\n<\/tr>\n<tr style=\"height: 44.00pt;\">\n<td class=\"et2\" style=\"height: 44.00pt; width: 134.25pt;\" width=\"179\" height=\"58\">Sicherheit:<\/td>\n<td class=\"et2\" style=\"width: 493.50pt;\" width=\"658\">BPA-frei, lebensmittelecht, ungiftig, geruchslos<\/td>\n<\/tr>\n<tr style=\"height: 44.00pt;\">\n<td class=\"et2\" style=\"height: 44.00pt; width: 134.25pt;\" width=\"179\" height=\"58\">Form:<\/td>\n<td class=\"et2\" style=\"width: 493.50pt;\" width=\"658\">Ergonomische Griffzone<\/td>\n<\/tr>\n<tr style=\"height: 44.00pt;\">\n<td class=\"et2\" style=\"height: 44.00pt; width: 134.25pt;\" width=\"179\" height=\"58\">Eigenschaften:<\/td>\n<td class=\"et2\" style=\"width: 493.50pt;\" width=\"658\">Isolierend, thermisch, wiederverwendbar, auslaufsicher, umweltfreundlich<\/td>\n<\/tr>\n<\/tbody>\n<\/table>\n<\/div>\n<\/div>\n<p>&nbsp;<\/p>\n<p><img loading=\"lazy\" decoding=\"async\" class=\"aligncenter wp-image-16452 size-full\" src=\"https:\/\/www.cupssupplier.com\/wp-content\/uploads\/2025\/03\/2-7.webp\" alt=\"custom 12 oz stainless steel tumblers\" width=\"750\" height=\"2817\" srcset=\"https:\/\/www.cupssupplier.com\/wp-content\/uploads\/2025\/03\/2-7.webp 750w, https:\/\/www.cupssupplier.com\/wp-content\/uploads\/2025\/03\/2-7-80x300.webp 80w, https:\/\/www.cupssupplier.com\/wp-content\/uploads\/2025\/03\/2-7-273x1024.webp 273w, https:\/\/www.cupssupplier.com\/wp-content\/uploads\/2025\/03\/2-7-409x1536.webp 409w, https:\/\/www.cupssupplier.com\/wp-content\/uploads\/2025\/03\/2-7-545x2048.webp 545w, https:\/\/www.cupssupplier.com\/wp-content\/uploads\/2025\/03\/2-7-300x1127.webp 300w, https:\/\/www.cupssupplier.com\/wp-content\/uploads\/2025\/03\/2-7-600x2254.webp 600w\" sizes=\"auto, (max-width: 750px) 100vw, 750px\" title=\"\"><\/p>\n<p><img loading=\"lazy\" decoding=\"async\" class=\"wp-image-16453 size-full aligncenter\" src=\"https:\/\/www.cupssupplier.com\/wp-content\/uploads\/2025\/03\/3-7.webp\" alt=\"custom 12 oz stainless steel tumblers\" width=\"750\" height=\"2994\" srcset=\"https:\/\/www.cupssupplier.com\/wp-content\/uploads\/2025\/03\/3-7.webp 750w, https:\/\/www.cupssupplier.com\/wp-content\/uploads\/2025\/03\/3-7-75x300.webp 75w, https:\/\/www.cupssupplier.com\/wp-content\/uploads\/2025\/03\/3-7-385x1536.webp 385w, https:\/\/www.cupssupplier.com\/wp-content\/uploads\/2025\/03\/3-7-513x2048.webp 513w, https:\/\/www.cupssupplier.com\/wp-content\/uploads\/2025\/03\/3-7-300x1198.webp 300w, https:\/\/www.cupssupplier.com\/wp-content\/uploads\/2025\/03\/3-7-600x2395.webp 600w\" sizes=\"auto, (max-width: 750px) 100vw, 750px\" title=\"\"> <img loading=\"lazy\" decoding=\"async\" class=\"wp-image-16454 size-full aligncenter\" src=\"https:\/\/www.cupssupplier.com\/wp-content\/uploads\/2025\/03\/4-6-e1740985762187.webp\" alt=\"custom 12 oz stainless steel tumblers\" width=\"750\" height=\"2924\" srcset=\"https:\/\/www.cupssupplier.com\/wp-content\/uploads\/2025\/03\/4-6-e1740985762187.webp 750w, https:\/\/www.cupssupplier.com\/wp-content\/uploads\/2025\/03\/4-6-e1740985762187-77x300.webp 77w, https:\/\/www.cupssupplier.com\/wp-content\/uploads\/2025\/03\/4-6-e1740985762187-263x1024.webp 263w, https:\/\/www.cupssupplier.com\/wp-content\/uploads\/2025\/03\/4-6-e1740985762187-394x1536.webp 394w, https:\/\/www.cupssupplier.com\/wp-content\/uploads\/2025\/03\/4-6-e1740985762187-525x2048.webp 525w, https:\/\/www.cupssupplier.com\/wp-content\/uploads\/2025\/03\/4-6-e1740985762187-300x1170.webp 300w, https:\/\/www.cupssupplier.com\/wp-content\/uploads\/2025\/03\/4-6-e1740985762187-600x2339.webp 600w\" sizes=\"auto, (max-width: 750px) 100vw, 750px\" title=\"\"><\/p>\n<p data-pm-slice=\"1 1 []\">Sie suchen hochwertiges Trinkgeschirr f\u00fcr Ihr Unternehmen oder Ihre Marke? Gro\u00dfhandels- &amp; Sonderanfertigungen verf\u00fcgbar! Kontaktieren Sie uns noch heute, um Ihre eigenen Edelstahlbecher mit Logo zu gestalten und Ihre Kunden mit Qualit\u00e4t und Stil zu beeindrucken.<\/p>\n","protected":false},"excerpt":{"rendered":"<p data-pm-slice=\"1 1 []\">Erleben Sie die perfekte Kombination aus Stil und Funktionalit\u00e4t mit unseren personalisierten 12 oz Edelstahlbechern. Sie sind besonders langlebig und hervorragend isoliert \u2013 mit dreifacher Wandstruktur und Vakuumisolierung halten sie Getr\u00e4nke bis zu 12 Stunden hei\u00df und 24 Stunden kalt. Erh\u00e4ltlich in vielen Farben und individuell mit Ihrem Logo gestaltbar \u2013 ideal f\u00fcr den Alltag, Reisen oder Firmengeschenke.<\/p>\n","protected":false},"featured_media":17685,"template":"","meta":{"om_disable_all_campaigns":false},"product_brand":[],"product_cat":[290],"product_tag":[],"class_list":{"0":"post-17684","1":"product","2":"type-product","3":"status-publish","4":"has-post-thumbnail","6":"product_cat-trinkbecher","8":"first","9":"instock","10":"shipping-taxable","11":"product-type-simple"},"_links":{"self":[{"href":"https:\/\/www.cupssupplier.com\/de\/wp-json\/wp\/v2\/product\/17684","targetHints":{"allow":["GET"]}}],"collection":[{"href":"https:\/\/www.cupssupplier.com\/de\/wp-json\/wp\/v2\/product"}],"about":[{"href":"https:\/\/www.cupssupplier.com\/de\/wp-json\/wp\/v2\/types\/product"}],"wp:featuredmedia":[{"embeddable":true,"href":"https:\/\/www.cupssupplier.com\/de\/wp-json\/wp\/v2\/media\/17685"}],"wp:attachment":[{"href":"https:\/\/www.cupssupplier.com\/de\/wp-json\/wp\/v2\/media?parent=17684"}],"wp:term":[{"taxonomy":"product_brand","embeddable":true,"href":"https:\/\/www.cupssupplier.com\/de\/wp-json\/wp\/v2\/product_brand?post=17684"},{"taxonomy":"product_cat","embeddable":true,"href":"https:\/\/www.cupssupplier.com\/de\/wp-json\/wp\/v2\/product_cat?post=17684"},{"taxonomy":"product_tag","embeddable":true,"href":"https:\/\/www.cupssupplier.com\/de\/wp-json\/wp\/v2\/product_tag?post=17684"}],"curies":[{"name":"wp","href":"https:\/\/api.w.org\/{rel}","templated":true}]}}